{"id":345,"date":"2025-01-18T16:26:32","date_gmt":"2025-01-18T15:26:32","guid":{"rendered":"https:\/\/ellypara.com\/?post_type=product&#038;p=345"},"modified":"2025-01-18T16:26:33","modified_gmt":"2025-01-18T15:26:33","slug":"svr-xerial-peel-masque-exfoliant-pieds","status":"publish","type":"product","link":"https:\/\/ellypara.com\/index.php\/produit\/svr-xerial-peel-masque-exfoliant-pieds\/","title":{"rendered":"SVR X\u00e9rial Peel Masque Exfoliant Pieds"},"content":{"rendered":"<p>SVR X\u00e9rial Peel Masque Exfoliant Pieds est un masque exfoliant sous forme de chaussettes pour un effet peau neuve en une seule application.<\/p>\n<p>Sa formule associe des actifs dermatologiques \u00e0 haute dose : Ur\u00e9e + Complexe peeling 15% pour une double action intensive : exfolie et hydrate la peau.<br \/>\nEn une application, les pieds sont transform\u00e9s, lisses et doux, les callosit\u00e9s \u00e9limin\u00e9es.<\/p>\n<p>Une boite contient 2 chaussettes taille 36-43.<\/p>\n<p><strong>CONSEIL D\u2019UTILISATION<\/strong><\/p>\n<p>Lire les pr\u00e9cautions d\u2019emploi.<\/p>\n<p>Porter les chaussettes pendant 1 heure puis rincer.<\/p>\n<p>4 \u00e0 5 jours apr\u00e8s, les peaux mortes commencent \u00e0 se d\u00e9tacher naturellement.<br \/>\nNe pas utiliser d\u2019autres produits jusqu\u2019\u00e0 ce que toute la peau morte se soit retir\u00e9e.<\/p>\n<p>Indication : R\u00e9parer les pieds secs, ab\u00eem\u00e9s, avec callosit\u00e9s et rugosit\u00e9s.<\/p>\n<p><strong>COMPOSITION<\/strong><\/p>\n<p>Aqua (Purified Water), Alcohol, Lactic Acid, Isopentyldiol, Isopropyl Alcohol, Peg-60 Hydrogenated Castor Oil, Urea, Butylene Glycol, Glycolic Acid, Ammonium Acryloyldimethyl Taurate\/VP Copolymer, Potassium Hydroxide, Squalane, Glycerin, Hydrogenated Lecithin, Camellia Sinensis Leaf Extract, Clematis Vitalba Leaf Extract, Equisetum Arvense Extract, Fucus Vesiculosus Extract, Hedera Helix (Ivy) Extract, Spiraea Ulmaria Flower Extract, Hydroxypropyl Methylcellulose Stearoxy Ether, Sodium Methyl Stearoyl Taurate.<\/p>\n","protected":false},"excerpt":{"rendered":"<p>Xerial Peel de SVR est une gamme d\u00e9di\u00e9e aux pieds souffrant de callosit\u00e9s. Le masque exfoliant de cette gamme propose un concept novateur pour adoucir et rendre plus belle la peau souvent oubli\u00e9e du dessous du pied.<\/p>\n","protected":false},"featured_media":346,"comment_status":"open","ping_status":"closed","template":"","meta":{"ocean_post_layout":"","ocean_both_sidebars_style":"","ocean_both_sidebars_content_width":0,"ocean_both_sidebars_sidebars_width":0,"ocean_sidebar":"0","ocean_second_sidebar":"0","ocean_disable_margins":"enable","ocean_add_body_class":"","ocean_shortcode_before_top_bar":"","ocean_shortcode_after_top_bar":"","ocean_shortcode_before_header":"","ocean_shortcode_after_header":"","ocean_has_shortcode":"","ocean_shortcode_after_title":"","ocean_shortcode_before_footer_widgets":"","ocean_shortcode_after_footer_widgets":"","ocean_shortcode_before_footer_bottom":"","ocean_shortcode_after_footer_bottom":"","ocean_display_top_bar":"default","ocean_display_header":"default","ocean_header_style":"","ocean_center_header_left_menu":"0","ocean_custom_header_template":"0","ocean_custom_logo":0,"ocean_custom_retina_logo":0,"ocean_custom_logo_max_width":0,"ocean_custom_logo_tablet_max_width":0,"ocean_custom_logo_mobile_max_width":0,"ocean_custom_logo_max_height":0,"ocean_custom_logo_tablet_max_height":0,"ocean_custom_logo_mobile_max_height":0,"ocean_header_custom_menu":"0","ocean_menu_typo_font_family":"0","ocean_menu_typo_font_subset":"","ocean_menu_typo_font_size":0,"ocean_menu_typo_font_size_tablet":0,"ocean_menu_typo_font_size_mobile":0,"ocean_menu_typo_font_size_unit":"px","ocean_menu_typo_font_weight":"","ocean_menu_typo_font_weight_tablet":"","ocean_menu_typo_font_weight_mobile":"","ocean_menu_typo_transform":"","ocean_menu_typo_transform_tablet":"","ocean_menu_typo_transform_mobile":"","ocean_menu_typo_line_height":0,"ocean_menu_typo_line_height_tablet":0,"ocean_menu_typo_line_height_mobile":0,"ocean_menu_typo_line_height_unit":"","ocean_menu_typo_spacing":0,"ocean_menu_typo_spacing_tablet":0,"ocean_menu_typo_spacing_mobile":0,"ocean_menu_typo_spacing_unit":"","ocean_menu_link_color":"","ocean_menu_link_color_hover":"","ocean_menu_link_color_active":"","ocean_menu_link_background":"","ocean_menu_link_hover_background":"","ocean_menu_link_active_background":"","ocean_menu_social_links_bg":"","ocean_menu_social_hover_links_bg":"","ocean_menu_social_links_color":"","ocean_menu_social_hover_links_color":"","ocean_disable_title":"default","ocean_disable_heading":"default","ocean_post_title":"","ocean_post_subheading":"","ocean_post_title_style":"","ocean_post_title_background_color":"","ocean_post_title_background":0,"ocean_post_title_bg_image_position":"","ocean_post_title_bg_image_attachment":"","ocean_post_title_bg_image_repeat":"","ocean_post_title_bg_image_size":"","ocean_post_title_height":0,"ocean_post_title_bg_overlay":0.5,"ocean_post_title_bg_overlay_color":"","ocean_disable_breadcrumbs":"default","ocean_breadcrumbs_color":"","ocean_breadcrumbs_separator_color":"","ocean_breadcrumbs_links_color":"","ocean_breadcrumbs_links_hover_color":"","ocean_display_footer_widgets":"default","ocean_display_footer_bottom":"default","ocean_custom_footer_template":"0"},"product_brand":[],"product_cat":[22,47,49,35],"product_tag":[],"class_list":{"0":"post-345","1":"product","2":"type-product","3":"status-publish","4":"has-post-thumbnail","6":"product_cat-corps","7":"product_cat-soins-corps","8":"product_cat-soins-des-pieds","9":"product_cat-soins-hydratants-et-nourrissants","11":"entry","12":"has-media","14":"first","15":"instock","16":"taxable","17":"shipping-taxable","18":"purchasable","19":"product-type-simple","20":"has-product-nav","21":"col","22":"span_1_of_3","23":"owp-content-center","24":"owp-thumbs-layout-horizontal","25":"owp-btn-normal","26":"owp-tabs-layout-horizontal","27":"has-no-thumbnails"},"_links":{"self":[{"href":"https:\/\/ellypara.com\/index.php\/wp-json\/wp\/v2\/product\/345","targetHints":{"allow":["GET"]}}],"collection":[{"href":"https:\/\/ellypara.com\/index.php\/wp-json\/wp\/v2\/product"}],"about":[{"href":"https:\/\/ellypara.com\/index.php\/wp-json\/wp\/v2\/types\/product"}],"replies":[{"embeddable":true,"href":"https:\/\/ellypara.com\/index.php\/wp-json\/wp\/v2\/comments?post=345"}],"wp:featuredmedia":[{"embeddable":true,"href":"https:\/\/ellypara.com\/index.php\/wp-json\/wp\/v2\/media\/346"}],"wp:attachment":[{"href":"https:\/\/ellypara.com\/index.php\/wp-json\/wp\/v2\/media?parent=345"}],"wp:term":[{"taxonomy":"product_brand","embeddable":true,"href":"https:\/\/ellypara.com\/index.php\/wp-json\/wp\/v2\/product_brand?post=345"},{"taxonomy":"product_cat","embeddable":true,"href":"https:\/\/ellypara.com\/index.php\/wp-json\/wp\/v2\/product_cat?post=345"},{"taxonomy":"product_tag","embeddable":true,"href":"https:\/\/ellypara.com\/index.php\/wp-json\/wp\/v2\/product_tag?post=345"}],"curies":[{"name":"wp","href":"https:\/\/api.w.org\/{rel}","templated":true}]}}