{"id":347,"date":"2025-01-18T16:34:57","date_gmt":"2025-01-18T15:34:57","guid":{"rendered":"https:\/\/ellypara.com\/?post_type=product&#038;p=347"},"modified":"2025-02-01T17:06:49","modified_gmt":"2025-02-01T16:06:49","slug":"svr-xerial-30-creme-pieds-50ml","status":"publish","type":"product","link":"https:\/\/ellypara.com\/index.php\/produit\/svr-xerial-30-creme-pieds-50ml\/","title":{"rendered":"SVR X\u00e9rial 30 Cr\u00e8me Pieds 50ml"},"content":{"rendered":"<p>Les Laboratoires SVR ont sp\u00e9cialement formul\u00e9\u00a0<strong>X\u00e9rial 30 Cr\u00e8me Pieds 50ml<\/strong>\u00a0pour nourrir et hydrater les pieds secs et tr\u00e8s secs.<\/p>\n<p>Gr\u00e2ce \u00e0 l\u2019ur\u00e9e 30% l\u2019aspect sec et ab\u00eem\u00e9 du pied est r\u00e9duit, le pied est intens\u00e9ment hydrat\u00e9 et l\u2019apparition des callosit\u00e9s diminu\u00e9s.<\/p>\n<p>La vitamine B permet de prot\u00e9ger et soulager les couches sup\u00e9rieures de l\u2019\u00e9piderme.<\/p>\n<p>&nbsp;<\/p>\n<p>En cas de callosit\u00e9s importantes, orientez-vous vers la cr\u00e8me\u00a0Xerial 50 Extr\u00eame pieds.<\/p>\n<p><strong>Indications :<\/strong><\/p>\n<p>Soin pour les pieds tr\u00e8s secs et ab\u00eemes.<\/p>\n<p><strong>Conseils d\u2019utilisation :<\/strong><\/p>\n<p>Appliquer quotidiennement sur l\u2019ensemble du pied pr\u00e9alablement nettoy\u00e9 et sec. Faire p\u00e9n\u00e9trer et masser d\u00e9licatement par massages circulaires.<\/p>\n<p><strong>Composition :<\/strong><\/p>\n<p>Aqua (purified water), urea, glycerin, butyrospermum parkii butter (shea butter), octyldodecanol, cetearyl ethylhexanoate, isohexadecane, polyacrylate-13, silica dimethyl silylate, triethanolamine, panthenol, salicylic acid, serine, allantoin, bacillus ferment, histidine, polyisobutene, octyldodecyl xyloside, peg-30 dipolyhydroxystearate, polysorbate 20, sorbitan isostearate, propylene glycol, citric acid, disodium edta, potassium sorbate.<\/p>\n","protected":false},"excerpt":{"rendered":"<p>SVR X\u00e9rial 30 Cr\u00e8me Pieds 50 ml est une cr\u00e8me nourrissante adapt\u00e9e aux pieds tr\u00e8s secs et ab\u00eem\u00e9s.<br \/>\nSa formule associe des actifs dermatologiques \u00e0 haute dose.<\/p>\n","protected":false},"featured_media":348,"comment_status":"open","ping_status":"closed","template":"","meta":{"ocean_post_layout":"","ocean_both_sidebars_style":"","ocean_both_sidebars_content_width":0,"ocean_both_sidebars_sidebars_width":0,"ocean_sidebar":"0","ocean_second_sidebar":"0","ocean_disable_margins":"enable","ocean_add_body_class":"","ocean_shortcode_before_top_bar":"","ocean_shortcode_after_top_bar":"","ocean_shortcode_before_header":"","ocean_shortcode_after_header":"","ocean_has_shortcode":"","ocean_shortcode_after_title":"","ocean_shortcode_before_footer_widgets":"","ocean_shortcode_after_footer_widgets":"","ocean_shortcode_before_footer_bottom":"","ocean_shortcode_after_footer_bottom":"","ocean_display_top_bar":"default","ocean_display_header":"default","ocean_header_style":"","ocean_center_header_left_menu":"0","ocean_custom_header_template":"0","ocean_custom_logo":0,"ocean_custom_retina_logo":0,"ocean_custom_logo_max_width":0,"ocean_custom_logo_tablet_max_width":0,"ocean_custom_logo_mobile_max_width":0,"ocean_custom_logo_max_height":0,"ocean_custom_logo_tablet_max_height":0,"ocean_custom_logo_mobile_max_height":0,"ocean_header_custom_menu":"0","ocean_menu_typo_font_family":"0","ocean_menu_typo_font_subset":"","ocean_menu_typo_font_size":0,"ocean_menu_typo_font_size_tablet":0,"ocean_menu_typo_font_size_mobile":0,"ocean_menu_typo_font_size_unit":"px","ocean_menu_typo_font_weight":"","ocean_menu_typo_font_weight_tablet":"","ocean_menu_typo_font_weight_mobile":"","ocean_menu_typo_transform":"","ocean_menu_typo_transform_tablet":"","ocean_menu_typo_transform_mobile":"","ocean_menu_typo_line_height":0,"ocean_menu_typo_line_height_tablet":0,"ocean_menu_typo_line_height_mobile":0,"ocean_menu_typo_line_height_unit":"","ocean_menu_typo_spacing":0,"ocean_menu_typo_spacing_tablet":0,"ocean_menu_typo_spacing_mobile":0,"ocean_menu_typo_spacing_unit":"","ocean_menu_link_color":"","ocean_menu_link_color_hover":"","ocean_menu_link_color_active":"","ocean_menu_link_background":"","ocean_menu_link_hover_background":"","ocean_menu_link_active_background":"","ocean_menu_social_links_bg":"","ocean_menu_social_hover_links_bg":"","ocean_menu_social_links_color":"","ocean_menu_social_hover_links_color":"","ocean_disable_title":"default","ocean_disable_heading":"default","ocean_post_title":"","ocean_post_subheading":"","ocean_post_title_style":"","ocean_post_title_background_color":"","ocean_post_title_background":0,"ocean_post_title_bg_image_position":"","ocean_post_title_bg_image_attachment":"","ocean_post_title_bg_image_repeat":"","ocean_post_title_bg_image_size":"","ocean_post_title_height":0,"ocean_post_title_bg_overlay":0.5,"ocean_post_title_bg_overlay_color":"","ocean_disable_breadcrumbs":"default","ocean_breadcrumbs_color":"","ocean_breadcrumbs_separator_color":"","ocean_breadcrumbs_links_color":"","ocean_breadcrumbs_links_hover_color":"","ocean_display_footer_widgets":"default","ocean_display_footer_bottom":"default","ocean_custom_footer_template":"0"},"product_brand":[],"product_cat":[26,22,47,49,35],"product_tag":[],"class_list":{"0":"post-347","1":"product","2":"type-product","3":"status-publish","4":"has-post-thumbnail","6":"product_cat-promo","7":"product_cat-corps","8":"product_cat-soins-corps","9":"product_cat-soins-des-pieds","10":"product_cat-soins-hydratants-et-nourrissants","12":"entry","13":"has-media","15":"first","16":"instock","17":"sale","18":"taxable","19":"shipping-taxable","20":"purchasable","21":"product-type-simple","22":"has-product-nav","23":"col","24":"span_1_of_3","25":"owp-content-center","26":"owp-thumbs-layout-horizontal","27":"owp-btn-normal","28":"owp-tabs-layout-horizontal","29":"has-no-thumbnails"},"_links":{"self":[{"href":"https:\/\/ellypara.com\/index.php\/wp-json\/wp\/v2\/product\/347","targetHints":{"allow":["GET"]}}],"collection":[{"href":"https:\/\/ellypara.com\/index.php\/wp-json\/wp\/v2\/product"}],"about":[{"href":"https:\/\/ellypara.com\/index.php\/wp-json\/wp\/v2\/types\/product"}],"replies":[{"embeddable":true,"href":"https:\/\/ellypara.com\/index.php\/wp-json\/wp\/v2\/comments?post=347"}],"wp:featuredmedia":[{"embeddable":true,"href":"https:\/\/ellypara.com\/index.php\/wp-json\/wp\/v2\/media\/348"}],"wp:attachment":[{"href":"https:\/\/ellypara.com\/index.php\/wp-json\/wp\/v2\/media?parent=347"}],"wp:term":[{"taxonomy":"product_brand","embeddable":true,"href":"https:\/\/ellypara.com\/index.php\/wp-json\/wp\/v2\/product_brand?post=347"},{"taxonomy":"product_cat","embeddable":true,"href":"https:\/\/ellypara.com\/index.php\/wp-json\/wp\/v2\/product_cat?post=347"},{"taxonomy":"product_tag","embeddable":true,"href":"https:\/\/ellypara.com\/index.php\/wp-json\/wp\/v2\/product_tag?post=347"}],"curies":[{"name":"wp","href":"https:\/\/api.w.org\/{rel}","templated":true}]}}