{"id":352,"date":"2025-01-18T17:04:50","date_gmt":"2025-01-18T16:04:50","guid":{"rendered":"https:\/\/ellypara.com\/?post_type=product&#038;p=352"},"modified":"2025-01-18T17:04:50","modified_gmt":"2025-01-18T16:04:50","slug":"nuxe-reve-de-miel-eau-savoureuse-parfumante-100ml","status":"publish","type":"product","link":"https:\/\/ellypara.com\/index.php\/produit\/nuxe-reve-de-miel-eau-savoureuse-parfumante-100ml\/","title":{"rendered":"NUXE R\u00eave De Miel Eau Savoureuse Parfumante 100ml"},"content":{"rendered":"<p>Laissez-vous envelopper par la fragrance gourmande de l\u2019Eau Savoureuse Parfumante: une immersion olfactive dans l\u2019univers addictif de R\u00eave de Miel. Un parfum miell\u00e9 sublim\u00e9 par la Fleur d\u2019Oranger et un fond doux bois\u00e9 de Santal et F\u00e8ve Tonka.<\/p>\n<p>Un d\u00e9lice parfum\u00e9 aux notes de miel qui ne vous laissera pas indiff\u00e9rente.<\/p>\n<p>Eau de toilette formul\u00e9e et fabriqu\u00e9e en France.<\/p>\n<p><strong>Conseils beaut\u00e9<\/strong><\/p>\n<p>Pour profiter de cette d\u00e9licieuse fragrance, vaporisez le parfum \u00e0 quelques centim\u00e8tres de votre peau en privil\u00e9giant les points de pulsation, tel que le cou et l\u2019int\u00e9rieur des poignets.<\/p>\n<p>Eviter le contact avec les yeux.<\/p>\n<p><strong>Formule<\/strong><\/p>\n<p>*Selon la norme ISO 16128, les % restants contribuent \u00e0 l\u2019int\u00e9grit\u00e9 et la sensorialit\u00e9 de la formule<br \/>\nles Listes D\u2019ingr\u00e9dients Entrant Dans La Composition Des Produits De Notre Marque Sont R\u00e9guli\u00e8rement Mises \u00c0 Jour. Avant D\u2019utiliser Un Produit De Notre Marque, Veuillez Lire La Liste D\u2019ingr\u00e9dients Situ\u00e9e Sur Son Emballage Afin De Vous Assurer Que Les Ingr\u00e9dients Sont Adapt\u00e9s \u00c0 Votre Utilisation Personnelle.<\/p>\n<p>Alcohol Denat., Aqua\/water, Parfum\/fragrance, Limonene, Linalool, Coumarin, Citral [n4904\/a].<\/p>\n","protected":false},"excerpt":{"rendered":"<p>Parfum Fleur d\u2019Oranger et Miel.<br \/>\nToutes les peaux.<\/p>\n<p><strong>96% d\u2019ingr\u00e9dients d\u2019origine naturelle.<\/strong><\/p>\n","protected":false},"featured_media":353,"comment_status":"open","ping_status":"closed","template":"","meta":{"ocean_post_layout":"","ocean_both_sidebars_style":"","ocean_both_sidebars_content_width":0,"ocean_both_sidebars_sidebars_width":0,"ocean_sidebar":"0","ocean_second_sidebar":"0","ocean_disable_margins":"enable","ocean_add_body_class":"","ocean_shortcode_before_top_bar":"","ocean_shortcode_after_top_bar":"","ocean_shortcode_before_header":"","ocean_shortcode_after_header":"","ocean_has_shortcode":"","ocean_shortcode_after_title":"","ocean_shortcode_before_footer_widgets":"","ocean_shortcode_after_footer_widgets":"","ocean_shortcode_before_footer_bottom":"","ocean_shortcode_after_footer_bottom":"","ocean_display_top_bar":"default","ocean_display_header":"default","ocean_header_style":"","ocean_center_header_left_menu":"0","ocean_custom_header_template":"0","ocean_custom_logo":0,"ocean_custom_retina_logo":0,"ocean_custom_logo_max_width":0,"ocean_custom_logo_tablet_max_width":0,"ocean_custom_logo_mobile_max_width":0,"ocean_custom_logo_max_height":0,"ocean_custom_logo_tablet_max_height":0,"ocean_custom_logo_mobile_max_height":0,"ocean_header_custom_menu":"0","ocean_menu_typo_font_family":"0","ocean_menu_typo_font_subset":"","ocean_menu_typo_font_size":0,"ocean_menu_typo_font_size_tablet":0,"ocean_menu_typo_font_size_mobile":0,"ocean_menu_typo_font_size_unit":"px","ocean_menu_typo_font_weight":"","ocean_menu_typo_font_weight_tablet":"","ocean_menu_typo_font_weight_mobile":"","ocean_menu_typo_transform":"","ocean_menu_typo_transform_tablet":"","ocean_menu_typo_transform_mobile":"","ocean_menu_typo_line_height":0,"ocean_menu_typo_line_height_tablet":0,"ocean_menu_typo_line_height_mobile":0,"ocean_menu_typo_line_height_unit":"","ocean_menu_typo_spacing":0,"ocean_menu_typo_spacing_tablet":0,"ocean_menu_typo_spacing_mobile":0,"ocean_menu_typo_spacing_unit":"","ocean_menu_link_color":"","ocean_menu_link_color_hover":"","ocean_menu_link_color_active":"","ocean_menu_link_background":"","ocean_menu_link_hover_background":"","ocean_menu_link_active_background":"","ocean_menu_social_links_bg":"","ocean_menu_social_hover_links_bg":"","ocean_menu_social_links_color":"","ocean_menu_social_hover_links_color":"","ocean_disable_title":"default","ocean_disable_heading":"default","ocean_post_title":"","ocean_post_subheading":"","ocean_post_title_style":"","ocean_post_title_background_color":"","ocean_post_title_background":0,"ocean_post_title_bg_image_position":"","ocean_post_title_bg_image_attachment":"","ocean_post_title_bg_image_repeat":"","ocean_post_title_bg_image_size":"","ocean_post_title_height":0,"ocean_post_title_bg_overlay":0.5,"ocean_post_title_bg_overlay_color":"","ocean_disable_breadcrumbs":"default","ocean_breadcrumbs_color":"","ocean_breadcrumbs_separator_color":"","ocean_breadcrumbs_links_color":"","ocean_breadcrumbs_links_hover_color":"","ocean_display_footer_widgets":"default","ocean_display_footer_bottom":"default","ocean_custom_footer_template":"0"},"product_brand":[],"product_cat":[26,22,52],"product_tag":[],"class_list":{"0":"post-352","1":"product","2":"type-product","3":"status-publish","4":"has-post-thumbnail","6":"product_cat-promo","7":"product_cat-corps","8":"product_cat-parfum","10":"entry","11":"has-media","13":"first","14":"instock","15":"sale","16":"taxable","17":"shipping-taxable","18":"purchasable","19":"product-type-simple","20":"has-product-nav","21":"col","22":"span_1_of_3","23":"owp-content-center","24":"owp-thumbs-layout-horizontal","25":"owp-btn-normal","26":"owp-tabs-layout-horizontal","27":"has-no-thumbnails"},"_links":{"self":[{"href":"https:\/\/ellypara.com\/index.php\/wp-json\/wp\/v2\/product\/352","targetHints":{"allow":["GET"]}}],"collection":[{"href":"https:\/\/ellypara.com\/index.php\/wp-json\/wp\/v2\/product"}],"about":[{"href":"https:\/\/ellypara.com\/index.php\/wp-json\/wp\/v2\/types\/product"}],"replies":[{"embeddable":true,"href":"https:\/\/ellypara.com\/index.php\/wp-json\/wp\/v2\/comments?post=352"}],"wp:featuredmedia":[{"embeddable":true,"href":"https:\/\/ellypara.com\/index.php\/wp-json\/wp\/v2\/media\/353"}],"wp:attachment":[{"href":"https:\/\/ellypara.com\/index.php\/wp-json\/wp\/v2\/media?parent=352"}],"wp:term":[{"taxonomy":"product_brand","embeddable":true,"href":"https:\/\/ellypara.com\/index.php\/wp-json\/wp\/v2\/product_brand?post=352"},{"taxonomy":"product_cat","embeddable":true,"href":"https:\/\/ellypara.com\/index.php\/wp-json\/wp\/v2\/product_cat?post=352"},{"taxonomy":"product_tag","embeddable":true,"href":"https:\/\/ellypara.com\/index.php\/wp-json\/wp\/v2\/product_tag?post=352"}],"curies":[{"name":"wp","href":"https:\/\/api.w.org\/{rel}","templated":true}]}}