{"id":354,"date":"2025-01-18T17:10:01","date_gmt":"2025-01-18T16:10:01","guid":{"rendered":"https:\/\/ellypara.com\/?post_type=product&#038;p=354"},"modified":"2025-01-18T17:10:02","modified_gmt":"2025-01-18T16:10:02","slug":"nuxe-body-reve-de-the-eau-exaltante-parfumante-100-ml","status":"publish","type":"product","link":"https:\/\/ellypara.com\/index.php\/produit\/nuxe-body-reve-de-the-eau-exaltante-parfumante-100-ml\/","title":{"rendered":"NUXE Body R\u00eave De Th\u00e9 Eau Exaltante Parfumante 100 ML"},"content":{"rendered":"<p>Cette eau parfumante, condens\u00e9 de bonne humeur aux vertus vivifiantes et ressour\u00e7antes, booste les sens gr\u00e2ce \u00e0 sa fragrance addictive mariant des notes de Rhubarbe, Th\u00e9 Vert et Herbes fra\u00eeches. Son sillage p\u00e9tillant procure une sensation de fra\u00eecheur, enveloppant la peau tel un halo de bien-\u00eatre.<\/p>\n<p>91%* des femmes ressentent la sensation de fra\u00eecheur et trouvent leur peau douce.<\/p>\n<p>Formul\u00e9e et fabriqu\u00e9e en France.<\/p>\n<p>A l\u2019envie, vaporisez quelques pschitts d\u2019eau parfum\u00e9e sur la peau pour l\u2019envelopper d\u2019un voile de bien-\u00eatre parfum\u00e9.<\/p>\n<p>&nbsp;<\/p>\n<h3>Formule<\/h3>\n<p>Extrait de th\u00e9 vert : ingr\u00e9dient mill\u00e9naire qui contribue \u00e0 adoucir la peau. Cet extrait d\u2019origine naturelle est obtenu par un proc\u00e9d\u00e9 biotechnologique 100% Made in France, respectueux de l\u2019environnement ; \u00e0 partir d\u2019un tout petit fragment de plante, des cellules v\u00e9g\u00e9tales de th\u00e9 enrichies en mol\u00e9cules actives sont d\u00e9multipli\u00e9es.<\/p>\n<p>Formule vegan sans ingr\u00e9dients ni d\u00e9riv\u00e9s d\u2019origine animale.93 % du total des ingr\u00e9dients sont d\u2019origine naturelle.<\/p>\n<h3>Conseils d\u2019utilisation<\/h3>\n<p>Il est recommand\u00e9 de vaporiser quelques pschitts d\u2019eau parfum\u00e9e sur la peau pour l\u2019envelopper d\u2019un voile de bien-\u00eatre parfum\u00e9.<\/p>\n","protected":false},"excerpt":{"rendered":"<p>Eau Parfum th\u00e9 vert.<br \/>\nEveille les sens, ressource l\u2019esprit.<\/p>\n<p><strong>93% d\u2019ingr\u00e9dients d\u2019origine naturelle.<\/strong><\/p>\n","protected":false},"featured_media":355,"comment_status":"open","ping_status":"closed","template":"","meta":{"ocean_post_layout":"","ocean_both_sidebars_style":"","ocean_both_sidebars_content_width":0,"ocean_both_sidebars_sidebars_width":0,"ocean_sidebar":"0","ocean_second_sidebar":"0","ocean_disable_margins":"enable","ocean_add_body_class":"","ocean_shortcode_before_top_bar":"","ocean_shortcode_after_top_bar":"","ocean_shortcode_before_header":"","ocean_shortcode_after_header":"","ocean_has_shortcode":"","ocean_shortcode_after_title":"","ocean_shortcode_before_footer_widgets":"","ocean_shortcode_after_footer_widgets":"","ocean_shortcode_before_footer_bottom":"","ocean_shortcode_after_footer_bottom":"","ocean_display_top_bar":"default","ocean_display_header":"default","ocean_header_style":"","ocean_center_header_left_menu":"0","ocean_custom_header_template":"0","ocean_custom_logo":0,"ocean_custom_retina_logo":0,"ocean_custom_logo_max_width":0,"ocean_custom_logo_tablet_max_width":0,"ocean_custom_logo_mobile_max_width":0,"ocean_custom_logo_max_height":0,"ocean_custom_logo_tablet_max_height":0,"ocean_custom_logo_mobile_max_height":0,"ocean_header_custom_menu":"0","ocean_menu_typo_font_family":"0","ocean_menu_typo_font_subset":"","ocean_menu_typo_font_size":0,"ocean_menu_typo_font_size_tablet":0,"ocean_menu_typo_font_size_mobile":0,"ocean_menu_typo_font_size_unit":"px","ocean_menu_typo_font_weight":"","ocean_menu_typo_font_weight_tablet":"","ocean_menu_typo_font_weight_mobile":"","ocean_menu_typo_transform":"","ocean_menu_typo_transform_tablet":"","ocean_menu_typo_transform_mobile":"","ocean_menu_typo_line_height":0,"ocean_menu_typo_line_height_tablet":0,"ocean_menu_typo_line_height_mobile":0,"ocean_menu_typo_line_height_unit":"","ocean_menu_typo_spacing":0,"ocean_menu_typo_spacing_tablet":0,"ocean_menu_typo_spacing_mobile":0,"ocean_menu_typo_spacing_unit":"","ocean_menu_link_color":"","ocean_menu_link_color_hover":"","ocean_menu_link_color_active":"","ocean_menu_link_background":"","ocean_menu_link_hover_background":"","ocean_menu_link_active_background":"","ocean_menu_social_links_bg":"","ocean_menu_social_hover_links_bg":"","ocean_menu_social_links_color":"","ocean_menu_social_hover_links_color":"","ocean_disable_title":"default","ocean_disable_heading":"default","ocean_post_title":"","ocean_post_subheading":"","ocean_post_title_style":"","ocean_post_title_background_color":"","ocean_post_title_background":0,"ocean_post_title_bg_image_position":"","ocean_post_title_bg_image_attachment":"","ocean_post_title_bg_image_repeat":"","ocean_post_title_bg_image_size":"","ocean_post_title_height":0,"ocean_post_title_bg_overlay":0.5,"ocean_post_title_bg_overlay_color":"","ocean_disable_breadcrumbs":"default","ocean_breadcrumbs_color":"","ocean_breadcrumbs_separator_color":"","ocean_breadcrumbs_links_color":"","ocean_breadcrumbs_links_hover_color":"","ocean_display_footer_widgets":"default","ocean_display_footer_bottom":"default","ocean_custom_footer_template":"0"},"product_brand":[],"product_cat":[26,22,52,47],"product_tag":[],"class_list":{"0":"post-354","1":"product","2":"type-product","3":"status-publish","4":"has-post-thumbnail","6":"product_cat-promo","7":"product_cat-corps","8":"product_cat-parfum","9":"product_cat-soins-corps","11":"entry","12":"has-media","14":"first","15":"instock","16":"sale","17":"taxable","18":"shipping-taxable","19":"purchasable","20":"product-type-simple","21":"has-product-nav","22":"col","23":"span_1_of_3","24":"owp-content-center","25":"owp-thumbs-layout-horizontal","26":"owp-btn-normal","27":"owp-tabs-layout-horizontal","28":"has-no-thumbnails"},"_links":{"self":[{"href":"https:\/\/ellypara.com\/index.php\/wp-json\/wp\/v2\/product\/354","targetHints":{"allow":["GET"]}}],"collection":[{"href":"https:\/\/ellypara.com\/index.php\/wp-json\/wp\/v2\/product"}],"about":[{"href":"https:\/\/ellypara.com\/index.php\/wp-json\/wp\/v2\/types\/product"}],"replies":[{"embeddable":true,"href":"https:\/\/ellypara.com\/index.php\/wp-json\/wp\/v2\/comments?post=354"}],"wp:featuredmedia":[{"embeddable":true,"href":"https:\/\/ellypara.com\/index.php\/wp-json\/wp\/v2\/media\/355"}],"wp:attachment":[{"href":"https:\/\/ellypara.com\/index.php\/wp-json\/wp\/v2\/media?parent=354"}],"wp:term":[{"taxonomy":"product_brand","embeddable":true,"href":"https:\/\/ellypara.com\/index.php\/wp-json\/wp\/v2\/product_brand?post=354"},{"taxonomy":"product_cat","embeddable":true,"href":"https:\/\/ellypara.com\/index.php\/wp-json\/wp\/v2\/product_cat?post=354"},{"taxonomy":"product_tag","embeddable":true,"href":"https:\/\/ellypara.com\/index.php\/wp-json\/wp\/v2\/product_tag?post=354"}],"curies":[{"name":"wp","href":"https:\/\/api.w.org\/{rel}","templated":true}]}}