{"id":356,"date":"2025-01-18T17:17:18","date_gmt":"2025-01-18T16:17:18","guid":{"rendered":"https:\/\/ellypara.com\/?post_type=product&#038;p=356"},"modified":"2025-01-18T17:17:19","modified_gmt":"2025-01-18T16:17:19","slug":"nuxe-prodigieux-floral-le-parfum-30ml","status":"publish","type":"product","link":"https:\/\/ellypara.com\/index.php\/produit\/nuxe-prodigieux-floral-le-parfum-30ml\/","title":{"rendered":"Nuxe Prodigieux Floral le Parfum 30ml"},"content":{"rendered":"<p><strong>Le Parfum Prodigieux de Nuxe<\/strong>\u00a0ressemble \u00e0 un \u00e9norme bouquet de fleurs blanches sensuelles de magnolia combin\u00e9 \u00e0 l\u2019onctuosit\u00e9 plus sucr\u00e9e de vanille et aux notes rafra\u00eechissantes et dynamisantes de la fleur d\u2019oranger. Sensoriel et a\u00e9rien, le Parfum Prodigieux de Nuxe p\u00e9n\u00e8tre rapidement la peau pour l\u2019hydrater tout en finesse et lui offrir un toucher satin\u00e9.<\/p>\n<p>&nbsp;<\/p>\n<p>Non photosensibilisante et formul\u00e9e \u00e0 base de 88 % d\u2019ingr\u00e9dients d\u2019origine naturelle, cette huile parfum\u00e9e pour le corps sublime le h\u00e2le et intensifie la douceur de tous les types de peau, m\u00eame sous un soleil estival. Dresser le portrait du Parfum Prodigieux de Nuxe revient avant tout \u00e0 \u00e9voquer la sensualit\u00e9 et la f\u00e9minit\u00e9 d\u2019une douce senteur au c\u0153ur v\u00e9g\u00e9tal rafra\u00eechissant. Le Parfum Prodigieux associe harmonieusement la po\u00e9sie et le romantisme des fleurs blanches et la gourmandise et la g\u00e9n\u00e9rosit\u00e9 r\u00e9confortante de la gousse de vanille. La fleur d\u2019oranger d\u00e9gage la fragrance solaire du bigaradier m\u00e9diterran\u00e9en dont les petites fleurs blanches distillent leurs ar\u00f4mes floraux l\u00e9g\u00e8rement poudr\u00e9s. Le magnolia incarne la fleur myst\u00e9rieuse et \u00e9ph\u00e9m\u00e8re par excellence.<\/p>\n<p>&nbsp;<\/p>\n<p>Son parfum troublant exhale des notes solaires d\u00e9licates et une senteur printani\u00e8re qui rappelle le jasmin. La vanille est un ingr\u00e9dient \u00e9blouissant par son go\u00fbt et ses effluves. Elle r\u00e9v\u00e8le des accents chauds et savoureux subtilement \u00e9pic\u00e9s, mais incontestablement sensuels et f\u00e9minins. Le Parfum Prodigieux de Nuxe dispense une brume huileuse ultra l\u00e9g\u00e8re qui habille le corps d\u2019un \u00e9clat naturel et fait scintiller la peau de douceur. Son bouquet floral \u00e0 la fois vert et suave inspire le bien-\u00eatre et la fra\u00eecheur tout en d\u00e9bordant d\u2019\u00e9nergie.<\/p>\n<p><strong>Composition<\/strong><\/p>\n<p>ALCOHOL DENAT., PARFUM\/FRAGRANCE, AQUA\/WATER, LINALOOL, LIMONENE, CITRONELLOL, GERANIOL, CITRAL, BENZYL ALCOHOL [N2205\/C].<\/p>\n<p><strong>Conseil d\u2019utilisation<\/strong><\/p>\n<p>Vaporiser le Parfum Prodigieux \u00e0 quelques centim\u00e8tres de la peau en insistant sur le cou et sur la face interne des poignets.<\/p>\n","protected":false},"excerpt":{"rendered":"<div class=\"product-short-description\">\n<p>Avec le parfum Prodigieux Floral de Nuxe, retrouvez avec bonheur les notes fra\u00eeches et d\u00e9licates de l\u2019Huile Prodigieuse Florale d\u00e9velopp\u00e9e par la marque. Ce parfum p\u00e9tillant est une invitation \u00e0 l\u2019insouciance et la l\u00e9g\u00e8ret\u00e9.<\/p>\n<\/div>\n<form class=\"cart\" action=\"https:\/\/www.maparatunisie.tn\/produit\/nuxe-prodigieux-floral-le-parfum-30ml\/\" enctype=\"multipart\/form-data\" method=\"post\">\n<div class=\"ux-quantity quantity buttons_added\"><\/div>\n<\/form>\n","protected":false},"featured_media":357,"comment_status":"open","ping_status":"closed","template":"","meta":{"ocean_post_layout":"","ocean_both_sidebars_style":"","ocean_both_sidebars_content_width":0,"ocean_both_sidebars_sidebars_width":0,"ocean_sidebar":"0","ocean_second_sidebar":"0","ocean_disable_margins":"enable","ocean_add_body_class":"","ocean_shortcode_before_top_bar":"","ocean_shortcode_after_top_bar":"","ocean_shortcode_before_header":"","ocean_shortcode_after_header":"","ocean_has_shortcode":"","ocean_shortcode_after_title":"","ocean_shortcode_before_footer_widgets":"","ocean_shortcode_after_footer_widgets":"","ocean_shortcode_before_footer_bottom":"","ocean_shortcode_after_footer_bottom":"","ocean_display_top_bar":"default","ocean_display_header":"default","ocean_header_style":"","ocean_center_header_left_menu":"0","ocean_custom_header_template":"0","ocean_custom_logo":0,"ocean_custom_retina_logo":0,"ocean_custom_logo_max_width":0,"ocean_custom_logo_tablet_max_width":0,"ocean_custom_logo_mobile_max_width":0,"ocean_custom_logo_max_height":0,"ocean_custom_logo_tablet_max_height":0,"ocean_custom_logo_mobile_max_height":0,"ocean_header_custom_menu":"0","ocean_menu_typo_font_family":"0","ocean_menu_typo_font_subset":"","ocean_menu_typo_font_size":0,"ocean_menu_typo_font_size_tablet":0,"ocean_menu_typo_font_size_mobile":0,"ocean_menu_typo_font_size_unit":"px","ocean_menu_typo_font_weight":"","ocean_menu_typo_font_weight_tablet":"","ocean_menu_typo_font_weight_mobile":"","ocean_menu_typo_transform":"","ocean_menu_typo_transform_tablet":"","ocean_menu_typo_transform_mobile":"","ocean_menu_typo_line_height":0,"ocean_menu_typo_line_height_tablet":0,"ocean_menu_typo_line_height_mobile":0,"ocean_menu_typo_line_height_unit":"","ocean_menu_typo_spacing":0,"ocean_menu_typo_spacing_tablet":0,"ocean_menu_typo_spacing_mobile":0,"ocean_menu_typo_spacing_unit":"","ocean_menu_link_color":"","ocean_menu_link_color_hover":"","ocean_menu_link_color_active":"","ocean_menu_link_background":"","ocean_menu_link_hover_background":"","ocean_menu_link_active_background":"","ocean_menu_social_links_bg":"","ocean_menu_social_hover_links_bg":"","ocean_menu_social_links_color":"","ocean_menu_social_hover_links_color":"","ocean_disable_title":"default","ocean_disable_heading":"default","ocean_post_title":"","ocean_post_subheading":"","ocean_post_title_style":"","ocean_post_title_background_color":"","ocean_post_title_background":0,"ocean_post_title_bg_image_position":"","ocean_post_title_bg_image_attachment":"","ocean_post_title_bg_image_repeat":"","ocean_post_title_bg_image_size":"","ocean_post_title_height":0,"ocean_post_title_bg_overlay":0.5,"ocean_post_title_bg_overlay_color":"","ocean_disable_breadcrumbs":"default","ocean_breadcrumbs_color":"","ocean_breadcrumbs_separator_color":"","ocean_breadcrumbs_links_color":"","ocean_breadcrumbs_links_hover_color":"","ocean_display_footer_widgets":"default","ocean_display_footer_bottom":"default","ocean_custom_footer_template":"0"},"product_brand":[],"product_cat":[26,22,52,47],"product_tag":[],"class_list":{"0":"post-356","1":"product","2":"type-product","3":"status-publish","4":"has-post-thumbnail","6":"product_cat-promo","7":"product_cat-corps","8":"product_cat-parfum","9":"product_cat-soins-corps","11":"entry","12":"has-media","14":"first","15":"instock","16":"sale","17":"taxable","18":"shipping-taxable","19":"purchasable","20":"product-type-simple","21":"has-product-nav","22":"col","23":"span_1_of_3","24":"owp-content-center","25":"owp-thumbs-layout-horizontal","26":"owp-btn-normal","27":"owp-tabs-layout-horizontal","28":"has-no-thumbnails"},"_links":{"self":[{"href":"https:\/\/ellypara.com\/index.php\/wp-json\/wp\/v2\/product\/356","targetHints":{"allow":["GET"]}}],"collection":[{"href":"https:\/\/ellypara.com\/index.php\/wp-json\/wp\/v2\/product"}],"about":[{"href":"https:\/\/ellypara.com\/index.php\/wp-json\/wp\/v2\/types\/product"}],"replies":[{"embeddable":true,"href":"https:\/\/ellypara.com\/index.php\/wp-json\/wp\/v2\/comments?post=356"}],"wp:featuredmedia":[{"embeddable":true,"href":"https:\/\/ellypara.com\/index.php\/wp-json\/wp\/v2\/media\/357"}],"wp:attachment":[{"href":"https:\/\/ellypara.com\/index.php\/wp-json\/wp\/v2\/media?parent=356"}],"wp:term":[{"taxonomy":"product_brand","embeddable":true,"href":"https:\/\/ellypara.com\/index.php\/wp-json\/wp\/v2\/product_brand?post=356"},{"taxonomy":"product_cat","embeddable":true,"href":"https:\/\/ellypara.com\/index.php\/wp-json\/wp\/v2\/product_cat?post=356"},{"taxonomy":"product_tag","embeddable":true,"href":"https:\/\/ellypara.com\/index.php\/wp-json\/wp\/v2\/product_tag?post=356"}],"curies":[{"name":"wp","href":"https:\/\/api.w.org\/{rel}","templated":true}]}}