{"id":358,"date":"2025-01-18T17:37:03","date_gmt":"2025-01-18T16:37:03","guid":{"rendered":"https:\/\/ellypara.com\/?post_type=product&#038;p=358"},"modified":"2025-02-01T17:33:51","modified_gmt":"2025-02-01T16:33:51","slug":"beesline-ecran-age-defense-inv-spf50-40ml","status":"publish","type":"product","link":"https:\/\/ellypara.com\/index.php\/produit\/beesline-ecran-age-defense-inv-spf50-40ml\/","title":{"rendered":"BEESLINE ECRAN AGE DEFENSE INV SPF50+ 40ML"},"content":{"rendered":"<p>Une formule 3 en 1 offre une protection \u00e0 large spectre UVA, UVB et IR et prot\u00e8ge la peau de l\u2019apparition des signes de vieillissement pr\u00e9matur\u00e9. Sa formule fluide, l\u00e9g\u00e8re,\u00a0 non grasse matifie la peau et en fait une base de maquillage id\u00e9ale gr\u00e2ce \u00e0 son fini mat invisible.<\/p>\n<p><strong>Avantages :<\/strong><\/p>\n<p>Contient un m\u00e9lange de filtres solaires organiques, d\u2019\u00e9crans solaires\u00a0min\u00e9raux, de Matrixyl et de vitamines C et E<\/p>\n<p>Propri\u00e9t\u00e9s anti-oxydantes et anti-\u00e2ge<\/p>\n<p>Convient \u00e0 tous les types de peau, en particulier les peaux grasses<\/p>\n<p>Sans parab\u00e8ne ni produits chimiques Sans cruaut\u00e9<\/p>\n<p><strong>Conseils d\u2019utilisation :<\/strong><\/p>\n<p>Bien agiter avant utilisation<\/p>\n<p>Appliquer g\u00e9n\u00e9reusement sur le visage et le cou 15 minutes avant l\u2019exposition au soleil<\/p>\n<p>Renouveler toutes les 2 heures lors d\u2019une exposition prolong\u00e9e au soleil et apr\u00e8s la baignade<\/p>\n<p>Peut \u00eatre port\u00e9 sous le maquillage et sur la cr\u00e8me hydratante quotidienne.<\/p>\n","protected":false},"excerpt":{"rendered":"<p>Beesline Age Defense Fluid Invisible SPF50+ 40ml convient \u00e0 tous les types de peau, en particulier les peaux grasses. Protection UVA\/UVB \u00e0 large spectre.<\/p>\n","protected":false},"featured_media":359,"comment_status":"open","ping_status":"closed","template":"","meta":{"ocean_post_layout":"","ocean_both_sidebars_style":"","ocean_both_sidebars_content_width":0,"ocean_both_sidebars_sidebars_width":0,"ocean_sidebar":"0","ocean_second_sidebar":"0","ocean_disable_margins":"enable","ocean_add_body_class":"","ocean_shortcode_before_top_bar":"","ocean_shortcode_after_top_bar":"","ocean_shortcode_before_header":"","ocean_shortcode_after_header":"","ocean_has_shortcode":"","ocean_shortcode_after_title":"","ocean_shortcode_before_footer_widgets":"","ocean_shortcode_after_footer_widgets":"","ocean_shortcode_before_footer_bottom":"","ocean_shortcode_after_footer_bottom":"","ocean_display_top_bar":"default","ocean_display_header":"default","ocean_header_style":"","ocean_center_header_left_menu":"0","ocean_custom_header_template":"0","ocean_custom_logo":0,"ocean_custom_retina_logo":0,"ocean_custom_logo_max_width":0,"ocean_custom_logo_tablet_max_width":0,"ocean_custom_logo_mobile_max_width":0,"ocean_custom_logo_max_height":0,"ocean_custom_logo_tablet_max_height":0,"ocean_custom_logo_mobile_max_height":0,"ocean_header_custom_menu":"0","ocean_menu_typo_font_family":"0","ocean_menu_typo_font_subset":"","ocean_menu_typo_font_size":0,"ocean_menu_typo_font_size_tablet":0,"ocean_menu_typo_font_size_mobile":0,"ocean_menu_typo_font_size_unit":"px","ocean_menu_typo_font_weight":"","ocean_menu_typo_font_weight_tablet":"","ocean_menu_typo_font_weight_mobile":"","ocean_menu_typo_transform":"","ocean_menu_typo_transform_tablet":"","ocean_menu_typo_transform_mobile":"","ocean_menu_typo_line_height":0,"ocean_menu_typo_line_height_tablet":0,"ocean_menu_typo_line_height_mobile":0,"ocean_menu_typo_line_height_unit":"","ocean_menu_typo_spacing":0,"ocean_menu_typo_spacing_tablet":0,"ocean_menu_typo_spacing_mobile":0,"ocean_menu_typo_spacing_unit":"","ocean_menu_link_color":"","ocean_menu_link_color_hover":"","ocean_menu_link_color_active":"","ocean_menu_link_background":"","ocean_menu_link_hover_background":"","ocean_menu_link_active_background":"","ocean_menu_social_links_bg":"","ocean_menu_social_hover_links_bg":"","ocean_menu_social_links_color":"","ocean_menu_social_hover_links_color":"","ocean_disable_title":"default","ocean_disable_heading":"default","ocean_post_title":"","ocean_post_subheading":"","ocean_post_title_style":"","ocean_post_title_background_color":"","ocean_post_title_background":0,"ocean_post_title_bg_image_position":"","ocean_post_title_bg_image_attachment":"","ocean_post_title_bg_image_repeat":"","ocean_post_title_bg_image_size":"","ocean_post_title_height":0,"ocean_post_title_bg_overlay":0.5,"ocean_post_title_bg_overlay_color":"","ocean_disable_breadcrumbs":"default","ocean_breadcrumbs_color":"","ocean_breadcrumbs_separator_color":"","ocean_breadcrumbs_links_color":"","ocean_breadcrumbs_links_hover_color":"","ocean_display_footer_widgets":"default","ocean_display_footer_bottom":"default","ocean_custom_footer_template":"0"},"product_brand":[],"product_cat":[26,78,76,72,20,79],"product_tag":[],"class_list":{"0":"post-358","1":"product","2":"type-product","3":"status-publish","4":"has-post-thumbnail","6":"product_cat-promo","7":"product_cat-anti-rides","8":"product_cat-peaux-mixtes-a-grasses","9":"product_cat-protection-solaire-solaire","10":"product_cat-solaire","11":"product_cat-tout-type-de-peaux","13":"entry","14":"has-media","16":"first","17":"instock","18":"sale","19":"taxable","20":"shipping-taxable","21":"purchasable","22":"product-type-simple","23":"has-product-nav","24":"col","25":"span_1_of_3","26":"owp-content-center","27":"owp-thumbs-layout-horizontal","28":"owp-btn-normal","29":"owp-tabs-layout-horizontal","30":"has-no-thumbnails"},"_links":{"self":[{"href":"https:\/\/ellypara.com\/index.php\/wp-json\/wp\/v2\/product\/358","targetHints":{"allow":["GET"]}}],"collection":[{"href":"https:\/\/ellypara.com\/index.php\/wp-json\/wp\/v2\/product"}],"about":[{"href":"https:\/\/ellypara.com\/index.php\/wp-json\/wp\/v2\/types\/product"}],"replies":[{"embeddable":true,"href":"https:\/\/ellypara.com\/index.php\/wp-json\/wp\/v2\/comments?post=358"}],"wp:featuredmedia":[{"embeddable":true,"href":"https:\/\/ellypara.com\/index.php\/wp-json\/wp\/v2\/media\/359"}],"wp:attachment":[{"href":"https:\/\/ellypara.com\/index.php\/wp-json\/wp\/v2\/media?parent=358"}],"wp:term":[{"taxonomy":"product_brand","embeddable":true,"href":"https:\/\/ellypara.com\/index.php\/wp-json\/wp\/v2\/product_brand?post=358"},{"taxonomy":"product_cat","embeddable":true,"href":"https:\/\/ellypara.com\/index.php\/wp-json\/wp\/v2\/product_cat?post=358"},{"taxonomy":"product_tag","embeddable":true,"href":"https:\/\/ellypara.com\/index.php\/wp-json\/wp\/v2\/product_tag?post=358"}],"curies":[{"name":"wp","href":"https:\/\/api.w.org\/{rel}","templated":true}]}}