{"id":360,"date":"2025-01-18T17:43:55","date_gmt":"2025-01-18T16:43:55","guid":{"rendered":"https:\/\/ellypara.com\/?post_type=product&#038;p=360"},"modified":"2025-02-01T15:56:52","modified_gmt":"2025-02-01T14:56:52","slug":"beesline-creme-de-jour-eclaircissante-spf-30-50ml","status":"publish","type":"product","link":"https:\/\/ellypara.com\/index.php\/produit\/beesline-creme-de-jour-eclaircissante-spf-30-50ml\/","title":{"rendered":"Beesline Cr\u00e8me De Jour \u00c9claircissante SPF 30 50ml"},"content":{"rendered":"<p>Une cr\u00e8me hydratante qui laisse la peau \u00e9clatante, nourrie et souple. Agit tout au long de la journ\u00e9e pour r\u00e9duire l\u2019apparence des imperfections et des rides tout en prot\u00e9geant contre les dommages caus\u00e9s par les UV.<\/p>\n<p><strong>Conseils d\u2019utilisation :<\/strong><\/p>\n<p>Utiliser tous les matins.<\/p>\n<p>Appliquer apr\u00e8s avoir nettoy\u00e9 et tonifi\u00e9 avec les nettoyants et toniques blanchissants Beesline.<\/p>\n<p>Utilisez l\u2019\u00e9lixir blanchissant Beesline sur les taches brunes cibl\u00e9es.<\/p>\n<p>Enfin, appliquez la cr\u00e8me sur le visage et le cou en massant doucement dans un mouvement ascendant jusqu\u2019\u00e0 absorption compl\u00e8te.<\/p>\n<p><strong>Ingr\u00e9dients :<\/strong><\/p>\n<p>Aqua (Eau). M\u00e9thoxycinnamate d\u2019\u00e9thylhexyle. Triglyc\u00e9ride caprylique\/caprique et diac\u00e9tyl-boldine (Lumiskin). L\u2019alcool st\u00e9arylique. St\u00e9arate de glyc\u00e9ryle. Huile de cocos nucifera (noix de coco). Lactate de sodium. Mel (Ch\u00e9rie). Le dioxyde de titane. Extrait de zeste de Citrus Medica Limonum (Citron). Huile de Prunus Amygdalus Dulcis (amande douce). Glyc\u00e9rine v\u00e9g\u00e9tale.\u00a0Glyc\u00e9rine\u00a0\u2013 Aqua \u2013 Hydroxypropyl Cyclodextrine \u2013 Palmitoyl Tripeptide-1 (Matrixyl). Cera Alba (cire d\u2019abeille). Saphir Blanc. Ceteareth-12. Huile de Sesamum Indicum (S\u00e9same). Extrait de feuille d\u2019Olea Europaea (Olivier). Parfum. Huile de ricin hydrog\u00e9n\u00e9e PEG-40. Ac\u00e9tate de tocoph\u00e9ryle (vitamine E). Phosphate d\u2019ascorbyle de magn\u00e9sium (vitamine C). Extrait de Carum Petroselinum (persil). Extrait d\u2019\u00e9corce de Salix Alba (saule). EDTA. Sorbate de potassium. Benzoate de sodium.<\/p>\n<p>Sans colorants, alcool \u00e9thylique, hydroquinone, acide kojique, parab\u00e8nes, produits p\u00e9trochimiques, phtalates, silicones, sulfates et ingr\u00e9dients d\u2019origine animale (\u00e0 l\u2019exception des sous-produits de l\u2019abeille).<\/p>\n","protected":false},"excerpt":{"rendered":"<div class=\"product-short-description\">\n<p>Une cr\u00e8me hydratante qui laisse la peau \u00e9clatante, nourrie et souple. Agit tout au long de la journ\u00e9e pour r\u00e9duire l\u2019apparence des imperfections et des rides tout en prot\u00e9geant contre les dommages caus\u00e9s par les UV.<\/p>\n<\/div>\n<form class=\"cart\" action=\"https:\/\/www.maparatunisie.tn\/produit\/beesline-creme-de-jour-eclaircissante-spf30-50ml\/\" enctype=\"multipart\/form-data\" method=\"post\">\n<div class=\"ux-quantity quantity buttons_added\"><\/div>\n<\/form>\n","protected":false},"featured_media":363,"comment_status":"open","ping_status":"closed","template":"","meta":{"ocean_post_layout":"","ocean_both_sidebars_style":"","ocean_both_sidebars_content_width":0,"ocean_both_sidebars_sidebars_width":0,"ocean_sidebar":"0","ocean_second_sidebar":"0","ocean_disable_margins":"enable","ocean_add_body_class":"","ocean_shortcode_before_top_bar":"","ocean_shortcode_after_top_bar":"","ocean_shortcode_before_header":"","ocean_shortcode_after_header":"","ocean_has_shortcode":"","ocean_shortcode_after_title":"","ocean_shortcode_before_footer_widgets":"","ocean_shortcode_after_footer_widgets":"","ocean_shortcode_before_footer_bottom":"","ocean_shortcode_after_footer_bottom":"","ocean_display_top_bar":"default","ocean_display_header":"default","ocean_header_style":"","ocean_center_header_left_menu":"0","ocean_custom_header_template":"0","ocean_custom_logo":0,"ocean_custom_retina_logo":0,"ocean_custom_logo_max_width":0,"ocean_custom_logo_tablet_max_width":0,"ocean_custom_logo_mobile_max_width":0,"ocean_custom_logo_max_height":0,"ocean_custom_logo_tablet_max_height":0,"ocean_custom_logo_mobile_max_height":0,"ocean_header_custom_menu":"0","ocean_menu_typo_font_family":"0","ocean_menu_typo_font_subset":"","ocean_menu_typo_font_size":0,"ocean_menu_typo_font_size_tablet":0,"ocean_menu_typo_font_size_mobile":0,"ocean_menu_typo_font_size_unit":"px","ocean_menu_typo_font_weight":"","ocean_menu_typo_font_weight_tablet":"","ocean_menu_typo_font_weight_mobile":"","ocean_menu_typo_transform":"","ocean_menu_typo_transform_tablet":"","ocean_menu_typo_transform_mobile":"","ocean_menu_typo_line_height":0,"ocean_menu_typo_line_height_tablet":0,"ocean_menu_typo_line_height_mobile":0,"ocean_menu_typo_line_height_unit":"","ocean_menu_typo_spacing":0,"ocean_menu_typo_spacing_tablet":0,"ocean_menu_typo_spacing_mobile":0,"ocean_menu_typo_spacing_unit":"","ocean_menu_link_color":"","ocean_menu_link_color_hover":"","ocean_menu_link_color_active":"","ocean_menu_link_background":"","ocean_menu_link_hover_background":"","ocean_menu_link_active_background":"","ocean_menu_social_links_bg":"","ocean_menu_social_hover_links_bg":"","ocean_menu_social_links_color":"","ocean_menu_social_hover_links_color":"","ocean_disable_title":"default","ocean_disable_heading":"default","ocean_post_title":"","ocean_post_subheading":"","ocean_post_title_style":"","ocean_post_title_background_color":"","ocean_post_title_background":0,"ocean_post_title_bg_image_position":"","ocean_post_title_bg_image_attachment":"","ocean_post_title_bg_image_repeat":"","ocean_post_title_bg_image_size":"","ocean_post_title_height":0,"ocean_post_title_bg_overlay":0.5,"ocean_post_title_bg_overlay_color":"","ocean_disable_breadcrumbs":"default","ocean_breadcrumbs_color":"","ocean_breadcrumbs_separator_color":"","ocean_breadcrumbs_links_color":"","ocean_breadcrumbs_links_hover_color":"","ocean_display_footer_widgets":"default","ocean_display_footer_bottom":"default","ocean_custom_footer_template":"0"},"product_brand":[],"product_cat":[26,71,37,36,39,35,20,21],"product_tag":[],"class_list":{"0":"post-360","1":"product","2":"type-product","3":"status-publish","4":"has-post-thumbnail","6":"product_cat-promo","7":"product_cat-cremes-solaires","8":"product_cat-soins-peau-grasse","9":"product_cat-soins-anti-age-et-anti-rides","10":"product_cat-soins-anti-taches-et-depigmentants","11":"product_cat-soins-hydratants-et-nourrissants","12":"product_cat-solaire","13":"product_cat-visage","15":"entry","16":"has-media","18":"first","19":"instock","20":"sale","21":"taxable","22":"shipping-taxable","23":"purchasable","24":"product-type-simple","25":"has-product-nav","26":"col","27":"span_1_of_3","28":"owp-content-center","29":"owp-thumbs-layout-horizontal","30":"owp-btn-normal","31":"owp-tabs-layout-horizontal","32":"has-no-thumbnails"},"_links":{"self":[{"href":"https:\/\/ellypara.com\/index.php\/wp-json\/wp\/v2\/product\/360","targetHints":{"allow":["GET"]}}],"collection":[{"href":"https:\/\/ellypara.com\/index.php\/wp-json\/wp\/v2\/product"}],"about":[{"href":"https:\/\/ellypara.com\/index.php\/wp-json\/wp\/v2\/types\/product"}],"replies":[{"embeddable":true,"href":"https:\/\/ellypara.com\/index.php\/wp-json\/wp\/v2\/comments?post=360"}],"wp:featuredmedia":[{"embeddable":true,"href":"https:\/\/ellypara.com\/index.php\/wp-json\/wp\/v2\/media\/363"}],"wp:attachment":[{"href":"https:\/\/ellypara.com\/index.php\/wp-json\/wp\/v2\/media?parent=360"}],"wp:term":[{"taxonomy":"product_brand","embeddable":true,"href":"https:\/\/ellypara.com\/index.php\/wp-json\/wp\/v2\/product_brand?post=360"},{"taxonomy":"product_cat","embeddable":true,"href":"https:\/\/ellypara.com\/index.php\/wp-json\/wp\/v2\/product_cat?post=360"},{"taxonomy":"product_tag","embeddable":true,"href":"https:\/\/ellypara.com\/index.php\/wp-json\/wp\/v2\/product_tag?post=360"}],"curies":[{"name":"wp","href":"https:\/\/api.w.org\/{rel}","templated":true}]}}