{"id":365,"date":"2025-01-18T17:55:41","date_gmt":"2025-01-18T16:55:41","guid":{"rendered":"https:\/\/ellypara.com\/?post_type=product&#038;p=365"},"modified":"2025-01-18T17:55:41","modified_gmt":"2025-01-18T16:55:41","slug":"beesline-gel-nettoyant-eclaircissant-visage-250ml","status":"publish","type":"product","link":"https:\/\/ellypara.com\/index.php\/produit\/beesline-gel-nettoyant-eclaircissant-visage-250ml\/","title":{"rendered":"Beesline Gel Nettoyant \u00c9claircissant Visage 250ml"},"content":{"rendered":"<p>Ce nettoyant doux est formul\u00e9 pour \u00e9liminer la salet\u00e9 et les huiles tout en rajeunissant, \u00e9claircissant et unifiant le teint. Infus\u00e9 d\u2019ingr\u00e9dients naturels, il procure un nettoyage rafra\u00eechissant tout en favorisant un teint plus \u00e9clatant et uniforme. Id\u00e9al pour les peaux grasses \u00e0 mixtes.<\/p>\n<p><strong>Pourquoi est-ce sp\u00e9cial ?<\/strong><\/p>\n<p>Nettoyant doux qui \u00e9limine la salet\u00e9 et l\u2019exc\u00e8s de s\u00e9bum<br \/>\nRajeunit et illumine le teint<br \/>\nId\u00e9al pour les peaux grasses \u00e0 mixtes<br \/>\nFormule \u00e0 98 % d\u2019origine naturelle, enrichie en niacinamide, vitamine C, extrait d\u2019arbre boldo et miel.<\/p>\n<p><strong>Comment utiliser<\/strong><\/p>\n<p>Utiliser deux fois par jour. Faites mousser le nettoyant pour le visage avec de l\u2019eau et massez doucement la mousse sur le visage en \u00e9vitant le contour des yeux.<br \/>\nRincer abondamment \u00e0 l\u2019eau.<\/p>\n<p><strong>Ingr\u00e9dients actifs<\/strong><\/p>\n<p>Le miel \ud83d\udc1d<br \/>\n(Mel) est un humectant naturel qui attire et retient l\u2019humidit\u00e9 de la peau. Il nourrit et hydrate, laissant la peau douce et souple.<\/p>\n<p>La niacinamide\ud83e\uddea<br \/>\nest une forme de vitamine B3 qui am\u00e9liore la texture de la peau et r\u00e9duit l\u2019apparence des taches brunes tout en renfor\u00e7ant la fonction barri\u00e8re de la peau.<\/p>\n<p>Lumiskin\ud83e\uddea<br \/>\n(Diacetyl Boldine) ou extrait d\u2019arbre boldo est un puissant booster d\u2019\u00e9clat qui estompe les taches brunes et unifie le teint.<\/p>\n<p>L\u2019extrait de citron\ud83c\udf31<br \/>\n(extrait de jus de fruit Citrus Medica) contient des antioxydants naturels et des propri\u00e9t\u00e9s \u00e9claircissantes qui att\u00e9nuent les taches brunes.<\/p>\n<p>Le Lactate de Sodium\ud83c\udf31<br \/>\nest un agent hydratant naturel qui aide \u00e0 hydrater la peau et \u00e0 am\u00e9liorer sa texture et son \u00e9lasticit\u00e9.<\/p>\n<p>La vitamine C\ud83e\uddea<br \/>\n(phosphate d\u2019ascorbyle de magn\u00e9sium) est un puissant antioxydant qui \u00e9claircit la peau, unifie le teint et r\u00e9duit l\u2019apparence des taches brunes et de l\u2019hyperpigmentation. Il stimule \u00e9galement la production de collag\u00e8ne pour une peau plus ferme et plus jeune.<\/p>\n<p>L\u2019extrait de rose \ud83c\udf31<br \/>\n(extrait de fleur de Rosa Damascena) est connu pour ses propri\u00e9t\u00e9s apaisantes et rajeunissantes, aidant \u00e0 calmer et \u00e9quilibrer la peau tout en favorisant une apparence rafra\u00eechie.<\/p>\n<p><strong>Ingr\u00e9dients complets<\/strong><\/p>\n<p>Aqua (Eau). D\u00e9cyl Glucoside. Dist\u00e9arate de glycol. Glyc\u00e9rine. Cocamidopropyl B\u00e9ta\u00efne. Ch\u00e9ri. Triglyc\u00e9ride caprylique\/caprique. Diac\u00e9tyl-Boldine. Lactate de sodium. Niacinamide (Vitamine B3). Phosphate d\u2019ascorbyle de magn\u00e9sium (vitamine C). Cocamide DEA. Extrait de jus de fruit Citrus Medica (citron). Parfum (Parfum). Extrait de fleur de Rosa Damascena (rose de Damas). Benzoate de sodium. Sorbate de potassium. EDTA.<\/p>\n<p><strong>S\u00e9curit\u00e9 des formulations<\/strong><\/p>\n<p>Sans : alcool, parab\u00e8nes, sulfates, phtalates, acide kojique, hydroquinone, silicones, produits p\u00e9trochimiques<br \/>\n2 % de mati\u00e8res synth\u00e9tiques s\u00fbres<br \/>\nSans cruaut\u00e9.<\/p>\n","protected":false},"excerpt":{"rendered":"<div class=\"product-short-description\">\n<p>Un nettoyant doux qui \u00e9limine la salet\u00e9 et les huiles tandis que ses propri\u00e9t\u00e9s blanchissantes naturelles rajeunissent, \u00e9claircissent et unifient le teint de la peau. Pour les peaux grasses \u00e0 mixtes.<\/p>\n<\/div>\n<form class=\"cart\" action=\"https:\/\/www.maparatunisie.tn\/produit\/beesline-gel-nettoyant-eclaircissant-visage-250ml\/\" enctype=\"multipart\/form-data\" method=\"post\">\n<div class=\"ux-quantity quantity buttons_added\"><\/div>\n<\/form>\n","protected":false},"featured_media":366,"comment_status":"open","ping_status":"closed","template":"","meta":{"ocean_post_layout":"","ocean_both_sidebars_style":"","ocean_both_sidebars_content_width":0,"ocean_both_sidebars_sidebars_width":0,"ocean_sidebar":"0","ocean_second_sidebar":"0","ocean_disable_margins":"enable","ocean_add_body_class":"","ocean_shortcode_before_top_bar":"","ocean_shortcode_after_top_bar":"","ocean_shortcode_before_header":"","ocean_shortcode_after_header":"","ocean_has_shortcode":"","ocean_shortcode_after_title":"","ocean_shortcode_before_footer_widgets":"","ocean_shortcode_after_footer_widgets":"","ocean_shortcode_before_footer_bottom":"","ocean_shortcode_after_footer_bottom":"","ocean_display_top_bar":"default","ocean_display_header":"default","ocean_header_style":"","ocean_center_header_left_menu":"0","ocean_custom_header_template":"0","ocean_custom_logo":0,"ocean_custom_retina_logo":0,"ocean_custom_logo_max_width":0,"ocean_custom_logo_tablet_max_width":0,"ocean_custom_logo_mobile_max_width":0,"ocean_custom_logo_max_height":0,"ocean_custom_logo_tablet_max_height":0,"ocean_custom_logo_mobile_max_height":0,"ocean_header_custom_menu":"0","ocean_menu_typo_font_family":"0","ocean_menu_typo_font_subset":"","ocean_menu_typo_font_size":0,"ocean_menu_typo_font_size_tablet":0,"ocean_menu_typo_font_size_mobile":0,"ocean_menu_typo_font_size_unit":"px","ocean_menu_typo_font_weight":"","ocean_menu_typo_font_weight_tablet":"","ocean_menu_typo_font_weight_mobile":"","ocean_menu_typo_transform":"","ocean_menu_typo_transform_tablet":"","ocean_menu_typo_transform_mobile":"","ocean_menu_typo_line_height":0,"ocean_menu_typo_line_height_tablet":0,"ocean_menu_typo_line_height_mobile":0,"ocean_menu_typo_line_height_unit":"","ocean_menu_typo_spacing":0,"ocean_menu_typo_spacing_tablet":0,"ocean_menu_typo_spacing_mobile":0,"ocean_menu_typo_spacing_unit":"","ocean_menu_link_color":"","ocean_menu_link_color_hover":"","ocean_menu_link_color_active":"","ocean_menu_link_background":"","ocean_menu_link_hover_background":"","ocean_menu_link_active_background":"","ocean_menu_social_links_bg":"","ocean_menu_social_hover_links_bg":"","ocean_menu_social_links_color":"","ocean_menu_social_hover_links_color":"","ocean_disable_title":"default","ocean_disable_heading":"default","ocean_post_title":"","ocean_post_subheading":"","ocean_post_title_style":"","ocean_post_title_background_color":"","ocean_post_title_background":0,"ocean_post_title_bg_image_position":"","ocean_post_title_bg_image_attachment":"","ocean_post_title_bg_image_repeat":"","ocean_post_title_bg_image_size":"","ocean_post_title_height":0,"ocean_post_title_bg_overlay":0.5,"ocean_post_title_bg_overlay_color":"","ocean_disable_breadcrumbs":"default","ocean_breadcrumbs_color":"","ocean_breadcrumbs_separator_color":"","ocean_breadcrumbs_links_color":"","ocean_breadcrumbs_links_hover_color":"","ocean_display_footer_widgets":"default","ocean_display_footer_bottom":"default","ocean_custom_footer_template":"0"},"product_brand":[],"product_cat":[41,37,39,21],"product_tag":[],"class_list":{"0":"post-365","1":"product","2":"type-product","3":"status-publish","4":"has-post-thumbnail","6":"product_cat-nettoyants-visage","7":"product_cat-soins-peau-grasse","8":"product_cat-soins-anti-taches-et-depigmentants","9":"product_cat-visage","11":"entry","12":"has-media","14":"first","15":"instock","16":"sale","17":"taxable","18":"shipping-taxable","19":"purchasable","20":"product-type-simple","21":"has-product-nav","22":"col","23":"span_1_of_3","24":"owp-content-center","25":"owp-thumbs-layout-horizontal","26":"owp-btn-normal","27":"owp-tabs-layout-horizontal","28":"has-no-thumbnails"},"_links":{"self":[{"href":"https:\/\/ellypara.com\/index.php\/wp-json\/wp\/v2\/product\/365","targetHints":{"allow":["GET"]}}],"collection":[{"href":"https:\/\/ellypara.com\/index.php\/wp-json\/wp\/v2\/product"}],"about":[{"href":"https:\/\/ellypara.com\/index.php\/wp-json\/wp\/v2\/types\/product"}],"replies":[{"embeddable":true,"href":"https:\/\/ellypara.com\/index.php\/wp-json\/wp\/v2\/comments?post=365"}],"wp:featuredmedia":[{"embeddable":true,"href":"https:\/\/ellypara.com\/index.php\/wp-json\/wp\/v2\/media\/366"}],"wp:attachment":[{"href":"https:\/\/ellypara.com\/index.php\/wp-json\/wp\/v2\/media?parent=365"}],"wp:term":[{"taxonomy":"product_brand","embeddable":true,"href":"https:\/\/ellypara.com\/index.php\/wp-json\/wp\/v2\/product_brand?post=365"},{"taxonomy":"product_cat","embeddable":true,"href":"https:\/\/ellypara.com\/index.php\/wp-json\/wp\/v2\/product_cat?post=365"},{"taxonomy":"product_tag","embeddable":true,"href":"https:\/\/ellypara.com\/index.php\/wp-json\/wp\/v2\/product_tag?post=365"}],"curies":[{"name":"wp","href":"https:\/\/api.w.org\/{rel}","templated":true}]}}