{"id":367,"date":"2025-01-18T22:27:12","date_gmt":"2025-01-18T21:27:12","guid":{"rendered":"https:\/\/ellypara.com\/?post_type=product&#038;p=367"},"modified":"2025-02-01T15:54:00","modified_gmt":"2025-02-01T14:54:00","slug":"beesline-instant-bright-creme-yeux-15ml","status":"publish","type":"product","link":"https:\/\/ellypara.com\/index.php\/produit\/beesline-instant-bright-creme-yeux-15ml\/","title":{"rendered":"Beesline Instant Bright Cr\u00e8me Yeux 15ml"},"content":{"rendered":"<p>Cr\u00e8me pour les yeux l\u00e9g\u00e8re et \u00e0 absorption rapide<br \/>\nIllumine instantan\u00e9ment le contour des yeux<br \/>\nCible les poches, les ridules, les rides et les cernes<br \/>\nRiche d\u2019un puissant m\u00e9lange d\u2019actifs : vitamines C et E, acide hyaluronique, extrait d\u2019arbre boldo, Matrixyl et caf\u00e9ine<br \/>\nId\u00e9al pour un usage quotidien, matin et soir<\/p>\n<p><strong>Comment utiliser<\/strong><\/p>\n<p>Utilisez la cr\u00e8me pour les yeux deux fois par jour, matin et soir.<br \/>\nAppliquez-le apr\u00e8s avoir tonifi\u00e9 votre visage avec le tonique pour le visage Beesline Instant Bright.<br \/>\nAppliquez une petite quantit\u00e9 de cr\u00e8me sur le contour des yeux.<br \/>\nTapotez-le doucement sur la peau du bout des doigts jusqu\u2019\u00e0 absorption compl\u00e8te.<\/p>\n<p><strong>Ingr\u00e9dients actifs<\/strong><\/p>\n<p>L\u2019acide hyaluronique\ud83e\uddea<br \/>\n(hyaluronate de sodium) est un ingr\u00e9dient hydratant qui attire et retient l\u2019humidit\u00e9 de la peau, favorisant un teint plus rebondi et plus lisse.<\/p>\n<p>La caf\u00e9ine \ud83e\uddea<br \/>\nest un stimulant qui r\u00e9duit les poches et am\u00e9liore la circulation, att\u00e9nuant les cernes et favorisant une apparence plus \u00e9nergique.<\/p>\n<p>Le Saphir Blanc \ud83e\uddea<br \/>\nest un min\u00e9ral qui procure un effet \u00e9claircissant instantan\u00e9 et un \u00e9clat radieux \u00e0 la peau.<\/p>\n<p>La provitamine B5\u00a0\ud83e\uddea<br \/>\n(Panth\u00e9nol) est un ingr\u00e9dient hydratant et apaisant qui retient l\u2019humidit\u00e9 et renforce l\u2019\u00e9lasticit\u00e9 de la peau. Il soutient \u00e9galement la barri\u00e8re cutan\u00e9e, la gardant saine et prot\u00e9g\u00e9e.<\/p>\n<p>L\u2019Aloe Vera \ud83c\udf31<br \/>\n(Extrait de Feuille d\u2019Aloe Barbadensis) est un ingr\u00e9dient apaisant qui calme et hydrate la peau.<\/p>\n<p>La vitamine C\ud83e\uddea<br \/>\n(phosphate d\u2019ascorbyle de magn\u00e9sium) est un puissant antioxydant qui \u00e9claircit la peau, unifie le teint et r\u00e9duit l\u2019apparence des taches brunes et de l\u2019hyperpigmentation. Il stimule \u00e9galement la production de collag\u00e8ne pour une peau plus ferme et plus jeune.<\/p>\n<p>La vitamine E\ud83c\udf31<br \/>\n(ac\u00e9tate de tocoph\u00e9rol) est un puissant antioxydant qui prot\u00e8ge la peau des radicaux libres, r\u00e9duisant les dommages et favorisant la sant\u00e9 globale de la peau.<\/p>\n<p>La cire d\u2019abeille\ud83d\udc1d<br \/>\n(Cera Apis Mellifera) est une substance riche en nutriments, riche en vitamine A et en acides gras compatibles avec la peau. Il agit comme un \u00e9mollient et un humectant pour r\u00e9g\u00e9n\u00e9rer et adoucir la peau en attirant l\u2019humidit\u00e9 \u00e0 la surface et en la scellant.<\/p>\n<p>Lumiskin \ud83e\uddea<br \/>\n(Diacetyl Boldine) ou extrait d\u2019arbre boldo est un puissant booster d\u2019\u00e9clat qui estompe les taches brunes et unifie le teint.<\/p>\n<p>Matrixyl \ud83e\uddea<br \/>\n(Palmitoyl Tripeptide-38) est un complexe peptidique qui favorise la production de collag\u00e8ne, am\u00e9liorant l\u2019apparence des rides et ridules pour une peau d\u2019apparence plus jeune.<\/p>\n<p><strong>Ingr\u00e9dients complets<\/strong><\/p>\n<p>Aqua (Eau). L\u2019alcool c\u00e9t\u00e9arylique. Triglyc\u00e9ride caprylique\/caprique. Glyc\u00e9rine. Huile de Cocos Nucifera (noix de coco). St\u00e9arate de glyc\u00e9ryle SE. Ceteareth-20. Polysorbate 80. Cire d\u2019abeille. \u00c9thylhexylglyc\u00e9rine. Dim\u00e9thicone. Ceteareth-12. Ph\u00e9noxy\u00e9thanol. Cyclopentasiloxane. Nitrure de bore. Panth\u00e9nol (Provitamine B5). Caf\u00e9ine. Extrait de feuille d\u2019Aloe Barbadensis (Aloe Vera). Huile de ricin hydrog\u00e9n\u00e9e PEG-40. Allanto\u00efne. Mica. Le dioxyde de titane. Gomme Xanthane. Polysilicone-11. Poudre de saphir. Hyaluronate de sodium. Ac\u00e9tate de tocoph\u00e9rol (vitamine E). Huile de fleur de Rosa Damascena (Rose). Cyclodextrine hydroxypropylique. Diac\u00e9tyle Boldine (Lumiskin). Phosphate d\u2019ascorbyle de magn\u00e9sium (vitamine C). Palmitoyl Tripeptide-38 (Matrixyl). Citronellol. G\u00e9raniol.<\/p>\n","protected":false},"excerpt":{"rendered":"<div class=\"product-short-description\">\n<p>Cette cr\u00e8me pour les yeux l\u00e9g\u00e8re et \u00e0 absorption rapide cible les poches, les ridules, les rides et les cernes. Riche en ingr\u00e9dients actifs puissants, il lisse et illumine la peau d\u00e9licate du contour des yeux, vous laissant un regard rafra\u00eechi et illumin\u00e9.<\/p>\n<\/div>\n","protected":false},"featured_media":368,"comment_status":"open","ping_status":"closed","template":"","meta":{"ocean_post_layout":"","ocean_both_sidebars_style":"","ocean_both_sidebars_content_width":0,"ocean_both_sidebars_sidebars_width":0,"ocean_sidebar":"0","ocean_second_sidebar":"0","ocean_disable_margins":"enable","ocean_add_body_class":"","ocean_shortcode_before_top_bar":"","ocean_shortcode_after_top_bar":"","ocean_shortcode_before_header":"","ocean_shortcode_after_header":"","ocean_has_shortcode":"","ocean_shortcode_after_title":"","ocean_shortcode_before_footer_widgets":"","ocean_shortcode_after_footer_widgets":"","ocean_shortcode_before_footer_bottom":"","ocean_shortcode_after_footer_bottom":"","ocean_display_top_bar":"default","ocean_display_header":"default","ocean_header_style":"","ocean_center_header_left_menu":"0","ocean_custom_header_template":"0","ocean_custom_logo":0,"ocean_custom_retina_logo":0,"ocean_custom_logo_max_width":0,"ocean_custom_logo_tablet_max_width":0,"ocean_custom_logo_mobile_max_width":0,"ocean_custom_logo_max_height":0,"ocean_custom_logo_tablet_max_height":0,"ocean_custom_logo_mobile_max_height":0,"ocean_header_custom_menu":"0","ocean_menu_typo_font_family":"0","ocean_menu_typo_font_subset":"","ocean_menu_typo_font_size":0,"ocean_menu_typo_font_size_tablet":0,"ocean_menu_typo_font_size_mobile":0,"ocean_menu_typo_font_size_unit":"px","ocean_menu_typo_font_weight":"","ocean_menu_typo_font_weight_tablet":"","ocean_menu_typo_font_weight_mobile":"","ocean_menu_typo_transform":"","ocean_menu_typo_transform_tablet":"","ocean_menu_typo_transform_mobile":"","ocean_menu_typo_line_height":0,"ocean_menu_typo_line_height_tablet":0,"ocean_menu_typo_line_height_mobile":0,"ocean_menu_typo_line_height_unit":"","ocean_menu_typo_spacing":0,"ocean_menu_typo_spacing_tablet":0,"ocean_menu_typo_spacing_mobile":0,"ocean_menu_typo_spacing_unit":"","ocean_menu_link_color":"","ocean_menu_link_color_hover":"","ocean_menu_link_color_active":"","ocean_menu_link_background":"","ocean_menu_link_hover_background":"","ocean_menu_link_active_background":"","ocean_menu_social_links_bg":"","ocean_menu_social_hover_links_bg":"","ocean_menu_social_links_color":"","ocean_menu_social_hover_links_color":"","ocean_disable_title":"default","ocean_disable_heading":"default","ocean_post_title":"","ocean_post_subheading":"","ocean_post_title_style":"","ocean_post_title_background_color":"","ocean_post_title_background":0,"ocean_post_title_bg_image_position":"","ocean_post_title_bg_image_attachment":"","ocean_post_title_bg_image_repeat":"","ocean_post_title_bg_image_size":"","ocean_post_title_height":0,"ocean_post_title_bg_overlay":0.5,"ocean_post_title_bg_overlay_color":"","ocean_disable_breadcrumbs":"default","ocean_breadcrumbs_color":"","ocean_breadcrumbs_separator_color":"","ocean_breadcrumbs_links_color":"","ocean_breadcrumbs_links_hover_color":"","ocean_display_footer_widgets":"default","ocean_display_footer_bottom":"default","ocean_custom_footer_template":"0"},"product_brand":[],"product_cat":[26,36,110,43,39,35,21],"product_tag":[],"class_list":{"0":"post-367","1":"product","2":"type-product","3":"status-publish","4":"has-post-thumbnail","6":"product_cat-promo","7":"product_cat-soins-anti-age-et-anti-rides","8":"product_cat-soins-anti-poches-et-cernes","9":"product_cat-soins-anti-rougeurs-et-peau-sensible","10":"product_cat-soins-anti-taches-et-depigmentants","11":"product_cat-soins-hydratants-et-nourrissants","12":"product_cat-visage","14":"entry","15":"has-media","17":"first","18":"instock","19":"sale","20":"taxable","21":"shipping-taxable","22":"purchasable","23":"product-type-simple","24":"has-product-nav","25":"col","26":"span_1_of_3","27":"owp-content-center","28":"owp-thumbs-layout-horizontal","29":"owp-btn-normal","30":"owp-tabs-layout-horizontal","31":"has-no-thumbnails"},"_links":{"self":[{"href":"https:\/\/ellypara.com\/index.php\/wp-json\/wp\/v2\/product\/367","targetHints":{"allow":["GET"]}}],"collection":[{"href":"https:\/\/ellypara.com\/index.php\/wp-json\/wp\/v2\/product"}],"about":[{"href":"https:\/\/ellypara.com\/index.php\/wp-json\/wp\/v2\/types\/product"}],"replies":[{"embeddable":true,"href":"https:\/\/ellypara.com\/index.php\/wp-json\/wp\/v2\/comments?post=367"}],"wp:featuredmedia":[{"embeddable":true,"href":"https:\/\/ellypara.com\/index.php\/wp-json\/wp\/v2\/media\/368"}],"wp:attachment":[{"href":"https:\/\/ellypara.com\/index.php\/wp-json\/wp\/v2\/media?parent=367"}],"wp:term":[{"taxonomy":"product_brand","embeddable":true,"href":"https:\/\/ellypara.com\/index.php\/wp-json\/wp\/v2\/product_brand?post=367"},{"taxonomy":"product_cat","embeddable":true,"href":"https:\/\/ellypara.com\/index.php\/wp-json\/wp\/v2\/product_cat?post=367"},{"taxonomy":"product_tag","embeddable":true,"href":"https:\/\/ellypara.com\/index.php\/wp-json\/wp\/v2\/product_tag?post=367"}],"curies":[{"name":"wp","href":"https:\/\/api.w.org\/{rel}","templated":true}]}}