{"id":369,"date":"2025-01-18T22:35:06","date_gmt":"2025-01-18T21:35:06","guid":{"rendered":"https:\/\/ellypara.com\/?post_type=product&#038;p=369"},"modified":"2025-01-18T22:35:06","modified_gmt":"2025-01-18T21:35:06","slug":"beesline-instant-bright-cr-jour-50ml","status":"publish","type":"product","link":"https:\/\/ellypara.com\/index.php\/produit\/beesline-instant-bright-cr-jour-50ml\/","title":{"rendered":"BEESLINE INSTANT BRIGHT CR JOUR 50ML"},"content":{"rendered":"<p>Fournit une hydratation et un \u00e9clat ultimes<br \/>\nIllumine instantan\u00e9ment la peau et cible le teint terne<br \/>\nUnifie le teint et att\u00e9nue l\u2019apparence des taches brunes<br \/>\nR\u00e9sultats prouv\u00e9s en 4 semaines<br \/>\nParfait pour une utilisation quotidienne le matin<\/p>\n<p><strong>Comment utiliser<\/strong><\/p>\n<p>Utilisez-le chaque matin dans le cadre de votre routine de soins de la peau.<br \/>\nPour une efficacit\u00e9 renforc\u00e9e, appliquez le S\u00e9rum Instant Bright Glow avant la cr\u00e8me de jour.<br \/>\nAppliquez la Cr\u00e8me de Jour sur votre visage et massez doucement jusqu\u2019\u00e0 absorption compl\u00e8te.<\/p>\n<p><strong>Ingr\u00e9dients actifs<\/strong><\/p>\n<p>L\u2019acide hyaluronique \ud83e\uddea<br \/>\n(hyaluronate de sodium) est un ingr\u00e9dient hydratant qui attire et retient l\u2019humidit\u00e9 de la peau, favorisant un teint plus rebondi et plus lisse.<\/p>\n<p>Le Saphir Blanc \ud83e\uddea<br \/>\nest un min\u00e9ral qui procure un effet \u00e9claircissant instantan\u00e9 et un \u00e9clat radieux \u00e0 la peau.<\/p>\n<p>La provitamine B5\ud83e\uddea<br \/>\n(panth\u00e9nol) est un ingr\u00e9dient hydratant et apaisant qui retient l\u2019humidit\u00e9 et stimule l\u2019\u00e9lasticit\u00e9 de la peau. Il soutient \u00e9galement la barri\u00e8re cutan\u00e9e, la gardant saine et prot\u00e9g\u00e9e.<\/p>\n<p>L\u2019Aloe Vera \ud83c\udf31<br \/>\n(Aloe Barbadensis Leaf Juice) est un ingr\u00e9dient apaisant qui calme et hydrate la peau.<\/p>\n<p>La vitamine C \ud83e\uddea<br \/>\n(phosphate d\u2019ascorbyle de magn\u00e9sium) est un puissant antioxydant qui \u00e9claircit la peau, unifie le teint et r\u00e9duit l\u2019apparence des taches brunes et de l\u2019hyperpigmentation. Il stimule \u00e9galement la production de collag\u00e8ne pour une peau plus ferme et plus jeune.<\/p>\n<p>La vitamine E \ud83e\uddea<br \/>\n(ac\u00e9tate de tocoph\u00e9rol) est un puissant antioxydant qui prot\u00e8ge la peau des radicaux libres, r\u00e9duisant les dommages et favorisant la sant\u00e9 globale de la peau.<\/p>\n<p>Lumiskin\ud83e\uddea<br \/>\n(Diacetyl Boldine) ou extrait d\u2019arbre boldo est un puissant booster d\u2019\u00e9clat qui estompe les taches brunes et unifie le teint.<\/p>\n<p>Matrixyl \ud83e\uddea<br \/>\n(Palmitoyl Tripeptide-38) est un complexe peptidique qui favorise la production de collag\u00e8ne, am\u00e9liorant l\u2019apparence des rides et ridules pour une peau d\u2019apparence plus jeune.<\/p>\n<p>La cire d\u2019abeille \ud83d\udc1d<br \/>\n(Cera Apis Mellifera) est une substance riche en nutriments, riche en vitamine A et en acides gras compatibles avec la peau. Il agit comme un \u00e9mollient et un humectant pour r\u00e9g\u00e9n\u00e9rer et adoucir la peau en attirant l\u2019humidit\u00e9 \u00e0 la surface et en la scellant.<\/p>\n<p>La caf\u00e9ine \ud83e\uddea<br \/>\nest un ingr\u00e9dient stimulant qui dynamise la peau, r\u00e9duit les poches et am\u00e9liore la circulation pour une apparence rafra\u00eechie et revitalis\u00e9e.<\/p>\n<p><strong>Ingr\u00e9dients complets<\/strong><\/p>\n<p>Aqua (Eau). Triglyc\u00e9ride caprylique\/caprique. L\u2019alcool c\u00e9t\u00e9arylique. St\u00e9arate de glyc\u00e9ryle SE. Glyc\u00e9rine. Polysorbate 80. Cire d\u2019abeille. Dim\u00e9thicone. Ceteareth-12. Ceteareth-20. Cyclopentasiloxane. Nitrure de bore. Ph\u00e9noxy\u00e9thanol. Extrait de feuille d\u2019Aloe Barbadensis (Aloe Vera). Huile de ricin hydrog\u00e9n\u00e9e PEG-40. Caf\u00e9ine. Allanto\u00efne. Panth\u00e9nol (Provitamine B5). Mica. \u00c9thylhexylglyc\u00e9rine. Le dioxyde de titane. Gomme Xanthane. Polysilicone-11. Hyaluronate de sodium. Ac\u00e9tate de tocoph\u00e9rol (vitamine E). Poudre de saphir. Huile de fleur de Rosa Damascena (Rose). Cyclodextrine hydroxypropylique. Diac\u00e9tyle Boldine (Lumiskin). Phosphate d\u2019ascorbyle de magn\u00e9sium (vitamine C). Palmitoyl Tripeptide-38 (Matrixyl). Citronellol. G\u00e9raniol.<\/p>\n","protected":false},"excerpt":{"rendered":"<p>Pour une hydratation et un \u00e9clat ultimes. Cible instantan\u00e9ment le teint terne en \u00e9claircissant la peau d\u00e8s la premi\u00e8re utilisation. Unifie le teint et att\u00e9nue l\u2019apparence des taches brunes, avec des r\u00e9sultats prouv\u00e9s en 4 semaines.<\/p>\n","protected":false},"featured_media":370,"comment_status":"open","ping_status":"closed","template":"","meta":{"ocean_post_layout":"","ocean_both_sidebars_style":"","ocean_both_sidebars_content_width":0,"ocean_both_sidebars_sidebars_width":0,"ocean_sidebar":"0","ocean_second_sidebar":"0","ocean_disable_margins":"enable","ocean_add_body_class":"","ocean_shortcode_before_top_bar":"","ocean_shortcode_after_top_bar":"","ocean_shortcode_before_header":"","ocean_shortcode_after_header":"","ocean_has_shortcode":"","ocean_shortcode_after_title":"","ocean_shortcode_before_footer_widgets":"","ocean_shortcode_after_footer_widgets":"","ocean_shortcode_before_footer_bottom":"","ocean_shortcode_after_footer_bottom":"","ocean_display_top_bar":"default","ocean_display_header":"default","ocean_header_style":"","ocean_center_header_left_menu":"0","ocean_custom_header_template":"0","ocean_custom_logo":0,"ocean_custom_retina_logo":0,"ocean_custom_logo_max_width":0,"ocean_custom_logo_tablet_max_width":0,"ocean_custom_logo_mobile_max_width":0,"ocean_custom_logo_max_height":0,"ocean_custom_logo_tablet_max_height":0,"ocean_custom_logo_mobile_max_height":0,"ocean_header_custom_menu":"0","ocean_menu_typo_font_family":"0","ocean_menu_typo_font_subset":"","ocean_menu_typo_font_size":0,"ocean_menu_typo_font_size_tablet":0,"ocean_menu_typo_font_size_mobile":0,"ocean_menu_typo_font_size_unit":"px","ocean_menu_typo_font_weight":"","ocean_menu_typo_font_weight_tablet":"","ocean_menu_typo_font_weight_mobile":"","ocean_menu_typo_transform":"","ocean_menu_typo_transform_tablet":"","ocean_menu_typo_transform_mobile":"","ocean_menu_typo_line_height":0,"ocean_menu_typo_line_height_tablet":0,"ocean_menu_typo_line_height_mobile":0,"ocean_menu_typo_line_height_unit":"","ocean_menu_typo_spacing":0,"ocean_menu_typo_spacing_tablet":0,"ocean_menu_typo_spacing_mobile":0,"ocean_menu_typo_spacing_unit":"","ocean_menu_link_color":"","ocean_menu_link_color_hover":"","ocean_menu_link_color_active":"","ocean_menu_link_background":"","ocean_menu_link_hover_background":"","ocean_menu_link_active_background":"","ocean_menu_social_links_bg":"","ocean_menu_social_hover_links_bg":"","ocean_menu_social_links_color":"","ocean_menu_social_hover_links_color":"","ocean_disable_title":"default","ocean_disable_heading":"default","ocean_post_title":"","ocean_post_subheading":"","ocean_post_title_style":"","ocean_post_title_background_color":"","ocean_post_title_background":0,"ocean_post_title_bg_image_position":"","ocean_post_title_bg_image_attachment":"","ocean_post_title_bg_image_repeat":"","ocean_post_title_bg_image_size":"","ocean_post_title_height":0,"ocean_post_title_bg_overlay":0.5,"ocean_post_title_bg_overlay_color":"","ocean_disable_breadcrumbs":"default","ocean_breadcrumbs_color":"","ocean_breadcrumbs_separator_color":"","ocean_breadcrumbs_links_color":"","ocean_breadcrumbs_links_hover_color":"","ocean_display_footer_widgets":"default","ocean_display_footer_bottom":"default","ocean_custom_footer_template":"0"},"product_brand":[],"product_cat":[26,37,36,110,43,39,35,21],"product_tag":[],"class_list":{"0":"post-369","1":"product","2":"type-product","3":"status-publish","4":"has-post-thumbnail","6":"product_cat-promo","7":"product_cat-soins-peau-grasse","8":"product_cat-soins-anti-age-et-anti-rides","9":"product_cat-soins-anti-poches-et-cernes","10":"product_cat-soins-anti-rougeurs-et-peau-sensible","11":"product_cat-soins-anti-taches-et-depigmentants","12":"product_cat-soins-hydratants-et-nourrissants","13":"product_cat-visage","15":"entry","16":"has-media","18":"first","19":"instock","20":"sale","21":"taxable","22":"shipping-taxable","23":"purchasable","24":"product-type-simple","25":"has-product-nav","26":"col","27":"span_1_of_3","28":"owp-content-center","29":"owp-thumbs-layout-horizontal","30":"owp-btn-normal","31":"owp-tabs-layout-horizontal","32":"has-no-thumbnails"},"_links":{"self":[{"href":"https:\/\/ellypara.com\/index.php\/wp-json\/wp\/v2\/product\/369","targetHints":{"allow":["GET"]}}],"collection":[{"href":"https:\/\/ellypara.com\/index.php\/wp-json\/wp\/v2\/product"}],"about":[{"href":"https:\/\/ellypara.com\/index.php\/wp-json\/wp\/v2\/types\/product"}],"replies":[{"embeddable":true,"href":"https:\/\/ellypara.com\/index.php\/wp-json\/wp\/v2\/comments?post=369"}],"wp:featuredmedia":[{"embeddable":true,"href":"https:\/\/ellypara.com\/index.php\/wp-json\/wp\/v2\/media\/370"}],"wp:attachment":[{"href":"https:\/\/ellypara.com\/index.php\/wp-json\/wp\/v2\/media?parent=369"}],"wp:term":[{"taxonomy":"product_brand","embeddable":true,"href":"https:\/\/ellypara.com\/index.php\/wp-json\/wp\/v2\/product_brand?post=369"},{"taxonomy":"product_cat","embeddable":true,"href":"https:\/\/ellypara.com\/index.php\/wp-json\/wp\/v2\/product_cat?post=369"},{"taxonomy":"product_tag","embeddable":true,"href":"https:\/\/ellypara.com\/index.php\/wp-json\/wp\/v2\/product_tag?post=369"}],"curies":[{"name":"wp","href":"https:\/\/api.w.org\/{rel}","templated":true}]}}