{"id":375,"date":"2025-01-18T22:54:08","date_gmt":"2025-01-18T21:54:08","guid":{"rendered":"https:\/\/ellypara.com\/?post_type=product&#038;p=375"},"modified":"2025-08-14T14:23:31","modified_gmt":"2025-08-14T12:23:31","slug":"beesline-deo-eclair-invisible-roll-on-50ml-lot2-11-free","status":"publish","type":"product","link":"https:\/\/ellypara.com\/index.php\/produit\/beesline-deo-eclair-invisible-roll-on-50ml-lot2-11-free\/","title":{"rendered":"BEESLINE DEO ECLAIR INVISIBLE ROLL-ON 50ML LOT2 (1+1 Free)"},"content":{"rendered":"<p>Un antisudorifique innovant, s\u00fbr et tr\u00e8s efficace pendant 48 heures, sans chlorhydrate d\u2019aluminium. \u064bNotre formule agit pour combattre les odeurs corporelles, r\u00e9duire la transpiration, apaiser les aisselles et estomper les taches brunes. Avec un parfum tropical rafra\u00eechissant. Ne laisse pas de traces sur les v\u00eatements noirs et blancs.<\/p>\n<p><strong>Pourquoi est-ce sp\u00e9cial ?<\/strong><\/p>\n<p>Formule naturelle \u00e0 base de roche d\u2019alun, de vitamine C, d\u2019extrait d\u2019\u00e9corce d\u2019arbre boldo, de propolis et d\u2019aloe vera<br \/>\nTr\u00e8s efficace avec jusqu\u2019\u00e0 48 heures de protection anti-transpirante<br \/>\nCon\u00e7u pour estomper les taches brunes et unifier le teint<br \/>\n0 % de chlorhydrate d\u2019aluminium, 0 % de parab\u00e8nes et s\u00fbr \u00e0 utiliser<br \/>\nS\u00e9chage rapide, non collant et ne tache pas<\/p>\n<p><strong>Comment utiliser<\/strong><\/p>\n<p>Utiliser quotidiennement.<br \/>\nAppliquer une fine couche sur une peau propre et s\u00e8che.<br \/>\nLaisser s\u00e9cher avant de s\u2019habiller.<br \/>\nR\u00e9appliquer apr\u00e8s une activit\u00e9 physique intense ou un bain.<\/p>\n<p><strong>Ingr\u00e9dients actifs<\/strong><\/p>\n<p>Alum Rock\ud83c\udf31<br \/>\n(potassium alun) est un min\u00e9ral naturel qui poss\u00e8de des propri\u00e9t\u00e9s antimicrobiennes, ce qui le rend efficace pour pr\u00e9venir les odeurs corporelles. Il aide \u00e9galement \u00e0 r\u00e9guler la production de sueur sans obstruer les pores.<\/p>\n<p>L\u2019acide lactique\ud83c\udf31<br \/>\nest un acide alpha-hydroxy (AHA) naturel qui poss\u00e8de des propri\u00e9t\u00e9s anti-inflammatoires qui apaisent et calment la peau irrit\u00e9e, tout en fournissant \u00e9galement une hydratation et des antioxydants pour une peau saine.<\/p>\n<p>La vitamine C \ud83e\uddea<br \/>\n(phosphate d\u2019ascorbyle de magn\u00e9sium) est un puissant antioxydant qui \u00e9claircit et unifie le teint tout en prot\u00e9geant contre les facteurs de stress environnementaux.<\/p>\n<p>Lumiskin \ud83e\uddea<br \/>\n(Diacetyl Boldine) ou extrait d\u2019\u00e9corce d\u2019arbre boldo est un \u00e9claircissant pour la peau qui estompe les taches brunes et unifie le teint.<\/p>\n<p>L\u2019Aloe Vera \ud83c\udf31<br \/>\n(extrait de feuille d\u2019Aloe Barbadensis) contient des compos\u00e9s naturels qui apaisent et hydratent la peau, ce qui en fait un ingr\u00e9dient efficace pour pr\u00e9venir les irritations et les inflammations.<\/p>\n<p>La Propolis \ud83d\udc1d<br \/>\n(Cera Propolis) est une substance r\u00e9sineuse produite par les abeilles qui poss\u00e8de des propri\u00e9t\u00e9s antibact\u00e9riennes et anti-inflammatoires. Il prot\u00e8ge et apaise la peau.<\/p>\n<p><strong>Ingr\u00e9dients complets<\/strong><\/p>\n<p>Aqua (Eau). Alun de potassium (Cristal d\u2019Alun). St\u00e9arate de glyc\u00e9ryle. Alcool c\u00e9tylique. Triglyc\u00e9ride caprylique\/caprique, diac\u00e9tyl-boldine (Lumiskin). Propanediol, Aqua, Rhamnose, Glucose, Acide glucuronique (Teflose). Acide lactique. Huile de germe de Triticum Vulgare (bl\u00e9). Lactate de sodium. Ceteareth-12. Ceteareth-20. Jus de feuilles d\u2019Aloe Barbadensis (Aloe Vera). Huile de ricin hydrog\u00e9n\u00e9e PEG-40. Extrait d\u2019herbe de Carum Petroselinum (persil). Extrait de feuille d\u2019Olea Europaea (Olive). C\u00e9ramique de Propolis. Parfum (Parfum). Sorbate de potassium. Benzoate de sodium.<\/p>\n<p><strong>S\u00e9curit\u00e9 des formulations<\/strong><\/p>\n<p>Sans : chlorhydrate d\u2019aluminium, alcool, parab\u00e8nes, acide kojique, hydroquinone<br \/>\n0,4 % de mati\u00e8res synth\u00e9tiques s\u00fbres<br \/>\nSans cruaut\u00e9<\/p>\n","protected":false},"excerpt":{"rendered":"<div class=\"product-short-description\">\n<p>Un d\u00e9odorant anti-transpirant 48 heures innovant, s\u00fbr et tr\u00e8s efficace qui combat les odeurs corporelles, absorbe l\u2019humidit\u00e9 et apaise la peau tout en \u00e9claircissant et en unifiant le teint pour des aisselles propres et lumineuses.<\/p>\n<\/div>\n","protected":false},"featured_media":376,"comment_status":"open","ping_status":"closed","template":"","meta":{"ocean_post_layout":"","ocean_both_sidebars_style":"","ocean_both_sidebars_content_width":0,"ocean_both_sidebars_sidebars_width":0,"ocean_sidebar":"0","ocean_second_sidebar":"0","ocean_disable_margins":"enable","ocean_add_body_class":"","ocean_shortcode_before_top_bar":"","ocean_shortcode_after_top_bar":"","ocean_shortcode_before_header":"","ocean_shortcode_after_header":"","ocean_has_shortcode":"","ocean_shortcode_after_title":"","ocean_shortcode_before_footer_widgets":"","ocean_shortcode_after_footer_widgets":"","ocean_shortcode_before_footer_bottom":"","ocean_shortcode_after_footer_bottom":"","ocean_display_top_bar":"default","ocean_display_header":"default","ocean_header_style":"","ocean_center_header_left_menu":"0","ocean_custom_header_template":"0","ocean_custom_logo":0,"ocean_custom_retina_logo":0,"ocean_custom_logo_max_width":0,"ocean_custom_logo_tablet_max_width":0,"ocean_custom_logo_mobile_max_width":0,"ocean_custom_logo_max_height":0,"ocean_custom_logo_tablet_max_height":0,"ocean_custom_logo_mobile_max_height":0,"ocean_header_custom_menu":"0","ocean_menu_typo_font_family":"0","ocean_menu_typo_font_subset":"","ocean_menu_typo_font_size":0,"ocean_menu_typo_font_size_tablet":0,"ocean_menu_typo_font_size_mobile":0,"ocean_menu_typo_font_size_unit":"px","ocean_menu_typo_font_weight":"","ocean_menu_typo_font_weight_tablet":"","ocean_menu_typo_font_weight_mobile":"","ocean_menu_typo_transform":"","ocean_menu_typo_transform_tablet":"","ocean_menu_typo_transform_mobile":"","ocean_menu_typo_line_height":0,"ocean_menu_typo_line_height_tablet":0,"ocean_menu_typo_line_height_mobile":0,"ocean_menu_typo_line_height_unit":"","ocean_menu_typo_spacing":0,"ocean_menu_typo_spacing_tablet":0,"ocean_menu_typo_spacing_mobile":0,"ocean_menu_typo_spacing_unit":"","ocean_menu_link_color":"","ocean_menu_link_color_hover":"","ocean_menu_link_color_active":"","ocean_menu_link_background":"","ocean_menu_link_hover_background":"","ocean_menu_link_active_background":"","ocean_menu_social_links_bg":"","ocean_menu_social_hover_links_bg":"","ocean_menu_social_links_color":"","ocean_menu_social_hover_links_color":"","ocean_disable_title":"default","ocean_disable_heading":"default","ocean_post_title":"","ocean_post_subheading":"","ocean_post_title_style":"","ocean_post_title_background_color":"","ocean_post_title_background":0,"ocean_post_title_bg_image_position":"","ocean_post_title_bg_image_attachment":"","ocean_post_title_bg_image_repeat":"","ocean_post_title_bg_image_size":"","ocean_post_title_height":0,"ocean_post_title_bg_overlay":0.5,"ocean_post_title_bg_overlay_color":"","ocean_disable_breadcrumbs":"default","ocean_breadcrumbs_color":"","ocean_breadcrumbs_separator_color":"","ocean_breadcrumbs_links_color":"","ocean_breadcrumbs_links_hover_color":"","ocean_display_footer_widgets":"default","ocean_display_footer_bottom":"default","ocean_custom_footer_template":"0"},"product_brand":[],"product_cat":[26,22,86,44,47],"product_tag":[],"class_list":{"0":"post-375","1":"product","2":"type-product","3":"status-publish","4":"has-post-thumbnail","6":"product_cat-promo","7":"product_cat-corps","8":"product_cat-deodorants-et-anti-transpirants","9":"product_cat-hygiene","10":"product_cat-soins-corps","12":"entry","13":"has-media","15":"first","16":"outofstock","17":"taxable","18":"shipping-taxable","19":"purchasable","20":"product-type-simple","21":"has-product-nav","22":"col","23":"span_1_of_3","24":"owp-content-center","25":"owp-thumbs-layout-horizontal","26":"owp-btn-normal","27":"owp-tabs-layout-horizontal","28":"has-no-thumbnails"},"_links":{"self":[{"href":"https:\/\/ellypara.com\/index.php\/wp-json\/wp\/v2\/product\/375","targetHints":{"allow":["GET"]}}],"collection":[{"href":"https:\/\/ellypara.com\/index.php\/wp-json\/wp\/v2\/product"}],"about":[{"href":"https:\/\/ellypara.com\/index.php\/wp-json\/wp\/v2\/types\/product"}],"replies":[{"embeddable":true,"href":"https:\/\/ellypara.com\/index.php\/wp-json\/wp\/v2\/comments?post=375"}],"wp:featuredmedia":[{"embeddable":true,"href":"https:\/\/ellypara.com\/index.php\/wp-json\/wp\/v2\/media\/376"}],"wp:attachment":[{"href":"https:\/\/ellypara.com\/index.php\/wp-json\/wp\/v2\/media?parent=375"}],"wp:term":[{"taxonomy":"product_brand","embeddable":true,"href":"https:\/\/ellypara.com\/index.php\/wp-json\/wp\/v2\/product_brand?post=375"},{"taxonomy":"product_cat","embeddable":true,"href":"https:\/\/ellypara.com\/index.php\/wp-json\/wp\/v2\/product_cat?post=375"},{"taxonomy":"product_tag","embeddable":true,"href":"https:\/\/ellypara.com\/index.php\/wp-json\/wp\/v2\/product_tag?post=375"}],"curies":[{"name":"wp","href":"https:\/\/api.w.org\/{rel}","templated":true}]}}