{"id":388,"date":"2025-01-19T21:37:33","date_gmt":"2025-01-19T20:37:33","guid":{"rendered":"https:\/\/ellypara.com\/?post_type=product&#038;p=388"},"modified":"2025-02-01T16:38:48","modified_gmt":"2025-02-01T15:38:48","slug":"pharmaceris-s-ecran-spf50-spectrum-protect-50ml-lot2-le-2eme-grat","status":"publish","type":"product","link":"https:\/\/ellypara.com\/index.php\/produit\/pharmaceris-s-ecran-spf50-spectrum-protect-50ml-lot2-le-2eme-grat\/","title":{"rendered":"PHARMACERIS S ECRAN SPF50+ SPECTRUM PROTECT 50ML LOT2 LE 2EME GRAT"},"content":{"rendered":"<p>PHARMACERIS S SPECTRUM-PROTECT\u00a0SPF50+ offre un large spectre de protection\u00a0UVB, UVA, HEV, IR.<\/p>\n<p>Cette cr\u00e8me poss\u00e8de une texture non collante,\u00a0\u00e0 absorption rapide, ne graisse pas la peau, ne cause pas de points noirs et n\u2019obstrue pas les pores.<\/p>\n<p>Cr\u00e8me recommand\u00e9e pour les peaux d\u00e9licates, sensibles et s\u00e8ches du visage avec tendance aux r\u00e9actions allergiques et aux l\u00e9sions pigmentaires qui a besoin de tr\u00e8s haute protection contre la lumi\u00e8re intense du soleil, les coups de soleil et les rayons nocifs UVA\/UVB, la lumi\u00e8re visible et infrarouge, qui constituent un spectre complet de rayonnement atteignant la Terre.<\/p>\n<p>Elle est adapt\u00e9e aux peaux des enfants et des nourrissons de plus de six mois.<\/p>\n<p>La cr\u00e8me de formule ultra l\u00e9g\u00e8re prot\u00e8ge la peau \u00e0 plusieurs niveaux gr\u00e2ce \u00e0 l\u2019utilisation de la technologie moderne de filtres \u00e0 large bande.<\/p>\n<p>Il forme une barri\u00e8re protectrice efficace pour le syst\u00e8me immunitaire de la peau. Il minimise l\u2019apparition de sympt\u00f4mes ind\u00e9sirables caus\u00e9s par l\u2019exposition au soleil tels que: les irritations, les br\u00fblures, les rougeurs, la d\u00e9coloration, les taches solaires, les l\u00e9sions pigmentaires et les r\u00e9actions allergiques<\/p>\n<p>&nbsp;<\/p>\n<p><u><strong>Composition :<\/strong><\/u><\/p>\n<ul>\n<li>AntileuDNAprotector :\u00a0prot\u00e8ge le syst\u00e8me immunitaire de la peau, car il bloque la lib\u00e9ration de facteurs pro-inflammatoires \u00e0 la suite d\u2019une exposition \u00e0 des facteurs externes en minimisant les r\u00e9actions inflammatoires ind\u00e9sirables de la peau r\u00e9sultant d\u2019une exposition au soleil : l\u2019irritation, les d\u00e9mangeaisons, les rougeurs, l\u2019\u00e9ryth\u00e8me, les d\u00e9colorations.<\/li>\n<li>Filtres \u00e0 large bande :\u00a0fournissent une protection contre le rayonnement solaire: UVB, UVA, IR (infrarouge) et HEV (lumi\u00e8re visible).<\/li>\n<li>Beurre de karit\u00e9 :\u00a0imite la structure naturelle lipidique de la peau, apaise et nourrit l\u2019\u00e9piderme.<\/li>\n<li>Vitamine E :\u00a0prot\u00e8ge contre les facteurs externes ind\u00e9sirables, hydrate et acc\u00e9l\u00e8re le processus de r\u00e9g\u00e9n\u00e9ration.<\/li>\n<li>Huile de canola :\u00a0riche en vitamine E naturelle aux propri\u00e9t\u00e9s apaisantes, r\u00e9duit les sympt\u00f4mes de s\u00e9cheresse de l\u2019\u00e9piderme.<\/li>\n<li>Allanto\u00efne :\u00a0apaise les irritations, soigne et r\u00e9g\u00e9n\u00e8re l\u2019\u00e9piderme.<\/li>\n<\/ul>\n<p>&nbsp;<\/p>\n<p>Ingredients: Aqua (Water), Methylene Bis-Benzotriazolyl Tetramethylbutylphenol (nano), Propylene Glycol, Dibutyl Adipate, Diethylamino Hydro- xybenzoyl Hexyl Benzoate, C12-15 Alkyl Benzoate, Glycerin, Phenoxyethyl Caprylate, Potassium Cetyl Phosphate, Cetyl Alcohol, Octocrylene, 1,2-Hexanediol, Bis-Ethylhexyloxyphenol Methoxyphenyl Triazine, Butyrospermum Parkii (Shea) Butter, Ethylhexyl Triazone, VP\/Hexadecene Copolymer, Acrylates\/C12-22 Alkyl Methacrylate Copolymer, Decyl Glucoside, Glyceryl Stearate, Canola (Canola) Oil, Acrylates\/C10-30 Alkyl Acrylate Crosspolymer, Triethanolamine, Chondrus Crispus (Carrageenan), Tocopheryl Acetate, Arginine, Allantoin, Coco-Glucoside, Caprylic\/Capric Triglyceride, Lonicera Caprifolium (Honeysuckle) Flower Extract, Xanthan Gum, BHA, Lonicera Japonica (Honeysuckle) Flower Extract, Disodium Lauryl Sulfosuccinate, Lamina- ria Ochroleuca Extract.<\/p>\n<p><u><strong>Conseils d\u2019utilisation :<\/strong><\/u><\/p>\n<ul>\n<li>Il est conseill\u00e9 d\u2019appliquer\u00a0une quantit\u00e9 appropri\u00e9e de cr\u00e8me sur le visage 20-30 minutes avant toute exposition au soleil.<\/li>\n<li>Renouvelez l\u2019application toutes les 2 heures et chaque fois apr\u00e8s le bain et la natation.<\/li>\n<li>Il est important d\u2019utiliser cette cr\u00e8me\u00a0tous les jours sur la peau pour une protection solaire maximale.<\/li>\n<\/ul>\n","protected":false},"excerpt":{"rendered":"<div class=\"product-short-description\">\n<p>Une tr\u00e8s haute protection contre les rayons solaires.<\/p>\n<\/div>\n","protected":false},"featured_media":389,"comment_status":"open","ping_status":"closed","template":"","meta":{"ocean_post_layout":"","ocean_both_sidebars_style":"","ocean_both_sidebars_content_width":0,"ocean_both_sidebars_sidebars_width":0,"ocean_sidebar":"0","ocean_second_sidebar":"0","ocean_disable_margins":"enable","ocean_add_body_class":"","ocean_shortcode_before_top_bar":"","ocean_shortcode_after_top_bar":"","ocean_shortcode_before_header":"","ocean_shortcode_after_header":"","ocean_has_shortcode":"","ocean_shortcode_after_title":"","ocean_shortcode_before_footer_widgets":"","ocean_shortcode_after_footer_widgets":"","ocean_shortcode_before_footer_bottom":"","ocean_shortcode_after_footer_bottom":"","ocean_display_top_bar":"default","ocean_display_header":"default","ocean_header_style":"","ocean_center_header_left_menu":"0","ocean_custom_header_template":"0","ocean_custom_logo":0,"ocean_custom_retina_logo":0,"ocean_custom_logo_max_width":0,"ocean_custom_logo_tablet_max_width":0,"ocean_custom_logo_mobile_max_width":0,"ocean_custom_logo_max_height":0,"ocean_custom_logo_tablet_max_height":0,"ocean_custom_logo_mobile_max_height":0,"ocean_header_custom_menu":"0","ocean_menu_typo_font_family":"0","ocean_menu_typo_font_subset":"","ocean_menu_typo_font_size":0,"ocean_menu_typo_font_size_tablet":0,"ocean_menu_typo_font_size_mobile":0,"ocean_menu_typo_font_size_unit":"px","ocean_menu_typo_font_weight":"","ocean_menu_typo_font_weight_tablet":"","ocean_menu_typo_font_weight_mobile":"","ocean_menu_typo_transform":"","ocean_menu_typo_transform_tablet":"","ocean_menu_typo_transform_mobile":"","ocean_menu_typo_line_height":0,"ocean_menu_typo_line_height_tablet":0,"ocean_menu_typo_line_height_mobile":0,"ocean_menu_typo_line_height_unit":"","ocean_menu_typo_spacing":0,"ocean_menu_typo_spacing_tablet":0,"ocean_menu_typo_spacing_mobile":0,"ocean_menu_typo_spacing_unit":"","ocean_menu_link_color":"","ocean_menu_link_color_hover":"","ocean_menu_link_color_active":"","ocean_menu_link_background":"","ocean_menu_link_hover_background":"","ocean_menu_link_active_background":"","ocean_menu_social_links_bg":"","ocean_menu_social_hover_links_bg":"","ocean_menu_social_links_color":"","ocean_menu_social_hover_links_color":"","ocean_disable_title":"default","ocean_disable_heading":"default","ocean_post_title":"","ocean_post_subheading":"","ocean_post_title_style":"","ocean_post_title_background_color":"","ocean_post_title_background":0,"ocean_post_title_bg_image_position":"","ocean_post_title_bg_image_attachment":"","ocean_post_title_bg_image_repeat":"","ocean_post_title_bg_image_size":"","ocean_post_title_height":0,"ocean_post_title_bg_overlay":0.5,"ocean_post_title_bg_overlay_color":"","ocean_disable_breadcrumbs":"default","ocean_breadcrumbs_color":"","ocean_breadcrumbs_separator_color":"","ocean_breadcrumbs_links_color":"","ocean_breadcrumbs_links_hover_color":"","ocean_display_footer_widgets":"default","ocean_display_footer_bottom":"default","ocean_custom_footer_template":"0"},"product_brand":[],"product_cat":[26,76,77,72,20,79,21],"product_tag":[],"class_list":{"0":"post-388","1":"product","2":"type-product","3":"status-publish","4":"has-post-thumbnail","6":"product_cat-promo","7":"product_cat-peaux-mixtes-a-grasses","8":"product_cat-peaux-seches-cremes-solaires","9":"product_cat-protection-solaire-solaire","10":"product_cat-solaire","11":"product_cat-tout-type-de-peaux","12":"product_cat-visage","14":"entry","15":"has-media","17":"first","18":"instock","19":"taxable","20":"shipping-taxable","21":"purchasable","22":"product-type-simple","23":"has-product-nav","24":"col","25":"span_1_of_3","26":"owp-content-center","27":"owp-thumbs-layout-horizontal","28":"owp-btn-normal","29":"owp-tabs-layout-horizontal","30":"has-no-thumbnails"},"_links":{"self":[{"href":"https:\/\/ellypara.com\/index.php\/wp-json\/wp\/v2\/product\/388","targetHints":{"allow":["GET"]}}],"collection":[{"href":"https:\/\/ellypara.com\/index.php\/wp-json\/wp\/v2\/product"}],"about":[{"href":"https:\/\/ellypara.com\/index.php\/wp-json\/wp\/v2\/types\/product"}],"replies":[{"embeddable":true,"href":"https:\/\/ellypara.com\/index.php\/wp-json\/wp\/v2\/comments?post=388"}],"wp:featuredmedia":[{"embeddable":true,"href":"https:\/\/ellypara.com\/index.php\/wp-json\/wp\/v2\/media\/389"}],"wp:attachment":[{"href":"https:\/\/ellypara.com\/index.php\/wp-json\/wp\/v2\/media?parent=388"}],"wp:term":[{"taxonomy":"product_brand","embeddable":true,"href":"https:\/\/ellypara.com\/index.php\/wp-json\/wp\/v2\/product_brand?post=388"},{"taxonomy":"product_cat","embeddable":true,"href":"https:\/\/ellypara.com\/index.php\/wp-json\/wp\/v2\/product_cat?post=388"},{"taxonomy":"product_tag","embeddable":true,"href":"https:\/\/ellypara.com\/index.php\/wp-json\/wp\/v2\/product_tag?post=388"}],"curies":[{"name":"wp","href":"https:\/\/api.w.org\/{rel}","templated":true}]}}