{"id":392,"date":"2025-01-19T21:58:13","date_gmt":"2025-01-19T20:58:13","guid":{"rendered":"https:\/\/ellypara.com\/?post_type=product&#038;p=392"},"modified":"2025-02-01T16:14:10","modified_gmt":"2025-02-01T15:14:10","slug":"daylong-extreme-lotion-solaire-spf50-50ml","status":"publish","type":"product","link":"https:\/\/ellypara.com\/index.php\/produit\/daylong-extreme-lotion-solaire-spf50-50ml\/","title":{"rendered":"DAYLONG Extreme Lotion Solaire SPF50+ 50ml"},"content":{"rendered":"<p>La\u00a0<strong>lotion solaire SPF 50+ Daylong Extr\u00eame<\/strong>\u00a0garantit un tr\u00e8s haut niveau de protection solaire. Elle peut \u00eatre appliqu\u00e9e sur le corps et le visage et s\u2019adresse principalement aux peaux qui sont\u00a0<strong>tr\u00e8s sensibles au soleil<\/strong>, aux peaux tr\u00e8s claires,\u00a0<strong>intol\u00e9rantes<\/strong>\u00a0ou sujettes aux\u00a0<strong>allergies solaires<\/strong>. Cette lotion est \u00e9galement indiqu\u00e9e en cas d\u2019ensoleillement intense, en haute montagne ou sous les tropiques par exemple. La caract\u00e9ristique principale de ce produit solaire est sa\u00a0<strong>formulation liposomale<\/strong>\u00a0: la cr\u00e8me est micro-encapsul\u00e9e et p\u00e9n\u00e8tre profond\u00e9ment la peau pour d\u00e9livrer ensuite les actifs de mani\u00e8re progressive et garantir la\u00a0<strong>stabilit\u00e9 des filtres solaires<\/strong>.<\/p>\n<p>La\u00a0<strong>lotion solaire Daylong Extr\u00eame<\/strong>\u00a0permet de\u00a0<strong>prot\u00e9ger la peau<\/strong>\u00a0des effets n\u00e9fastes des rayons UV et de pr\u00e9venir les taches pigmentaires (masque de grossesse, photosensibilisation). Elle peut \u00eatre appliqu\u00e9e sur un tatouage, une cicatrice r\u00e9cente ou apr\u00e8s un acte esth\u00e9tique type laser pour\u00a0<strong>limiter le risque d\u2019hyperpigmentation<\/strong>. Outre la protection solaire, cette lotion\u00a0<strong>maintient les niveaux d\u2019hydratation et de nutrition<\/strong>\u00a0de l\u2019\u00e9piderme et le pr\u00e9serve ainsi du vieillissement cutan\u00e9.<\/p>\n<p>La formule de cette\u00a0<strong>lotion solaire<\/strong>\u00a0est constitu\u00e9e de filtres solaires qui garantissent un\u00a0<strong>large champ d\u2019action<\/strong>\u00a0en bloquant \u00e0 la fois les UVA et les UVB pour les emp\u00eacher de p\u00e9n\u00e9trer au c\u0153ur des cellules et d\u2019y causer des dommages. Ces filtres sont associ\u00e9s \u00e0 de l\u2019aloe vera et \u00e0 de la vitamine E qui vont\u00a0<strong>pr\u00e9server de la d\u00e9shydratation<\/strong>\u00a0et lutter contre les radicaux libres induits par le rayonnement solaire.<\/p>\n<p>Tr\u00e8s agr\u00e9able \u00e0 appliquer sur la peau gr\u00e2ce \u00e0 sa texture velout\u00e9e, la\u00a0<strong>lotion solaire SPF 50+ Daylong Extr\u00eame<\/strong>\u00a0est non grasse et ne laisse\u00a0<strong>ni effet collant ni traces blanches<\/strong>. Elle p\u00e9n\u00e8tre rapidement, r\u00e9siste \u00e0 l\u2019eau et \u00e0 la transpiration, ce qui garantit son\u00a0<strong>efficacit\u00e9 longue dur\u00e9e<\/strong>.<\/p>\n<p><strong>Caract\u00e9ristiques :<\/strong><\/p>\n<ul>\n<li>Hypoallerg\u00e9nique<\/li>\n<li>Sans parfum<\/li>\n<li>Sans paraben<\/li>\n<li>Sans octocryl\u00e8ne<\/li>\n<li>Non com\u00e9dog\u00e8ne<\/li>\n<li>Test\u00e9 sous contr\u00f4le dermatologique<\/li>\n<\/ul>\n<p><strong>CONSEILS D\u2019UTILISATION<\/strong><\/p>\n<p>Appliquer la lotion solaire SPF 50+ Daylong Extr\u00eame environ 20 minutes avant toute exposition au soleil de mani\u00e8re g\u00e9n\u00e9reuse et uniforme sur la peau du corps et du visage. Eviter le contact avec les yeux. Renouveler r\u00e9guli\u00e8rement l\u2019application au cours de la journ\u00e9e, surtout apr\u00e8s s\u2019\u00eatre baign\u00e9, essuy\u00e9 ou avoir transpir\u00e9.<\/p>\n<p><strong>COMPOSITION<\/strong><\/p>\n<p>Eau, salicylate d\u2019\u00e9thylhexyle, m\u00e9thyl\u00e8ne bis-benzotriazolyl t\u00e9tramethylbutylph\u00e9nol (nano), bis-\u00e9thylhexyloxyph\u00e9nol m\u00e9thoxyph\u00e9nyl triazine, di\u00e9thylhexyl butamido triazone, butyl m\u00e9thoxydibenzoylm\u00e9thane, C12-15 alkyl benzoate, dibutyl adipate, pentyl\u00e8ne glycol, alcool, sorbitol, dim\u00e9thicone, phosphate de c\u00e9tyle, alcool c\u00e9tylique, tri\u00e9thanolamine, tocoph\u00e9rol, d\u00e9cyle glucoside, l\u00e9cithine, polym\u00e8re r\u00e9ticul\u00e9 acide acrylique\/VP, propyl\u00e8ne glycol, gomme xanthane, poudre de jus de feuille d\u2019Aloe Barbadensis<\/p>\n","protected":false},"excerpt":{"rendered":"<p><strong>Daylong\u00a0extr\u00eame SPF 50+\u00a0<\/strong>est un lait de protection solaire liposomal qui offre une tr\u00e8s haute protection longue dur\u00e9e aux peaux les plus sensibles au soleil.<\/p>\n","protected":false},"featured_media":393,"comment_status":"open","ping_status":"closed","template":"","meta":{"ocean_post_layout":"","ocean_both_sidebars_style":"","ocean_both_sidebars_content_width":0,"ocean_both_sidebars_sidebars_width":0,"ocean_sidebar":"0","ocean_second_sidebar":"0","ocean_disable_margins":"enable","ocean_add_body_class":"","ocean_shortcode_before_top_bar":"","ocean_shortcode_after_top_bar":"","ocean_shortcode_before_header":"","ocean_shortcode_after_header":"","ocean_has_shortcode":"","ocean_shortcode_after_title":"","ocean_shortcode_before_footer_widgets":"","ocean_shortcode_after_footer_widgets":"","ocean_shortcode_before_footer_bottom":"","ocean_shortcode_after_footer_bottom":"","ocean_display_top_bar":"default","ocean_display_header":"default","ocean_header_style":"","ocean_center_header_left_menu":"0","ocean_custom_header_template":"0","ocean_custom_logo":0,"ocean_custom_retina_logo":0,"ocean_custom_logo_max_width":0,"ocean_custom_logo_tablet_max_width":0,"ocean_custom_logo_mobile_max_width":0,"ocean_custom_logo_max_height":0,"ocean_custom_logo_tablet_max_height":0,"ocean_custom_logo_mobile_max_height":0,"ocean_header_custom_menu":"0","ocean_menu_typo_font_family":"0","ocean_menu_typo_font_subset":"","ocean_menu_typo_font_size":0,"ocean_menu_typo_font_size_tablet":0,"ocean_menu_typo_font_size_mobile":0,"ocean_menu_typo_font_size_unit":"px","ocean_menu_typo_font_weight":"","ocean_menu_typo_font_weight_tablet":"","ocean_menu_typo_font_weight_mobile":"","ocean_menu_typo_transform":"","ocean_menu_typo_transform_tablet":"","ocean_menu_typo_transform_mobile":"","ocean_menu_typo_line_height":0,"ocean_menu_typo_line_height_tablet":0,"ocean_menu_typo_line_height_mobile":0,"ocean_menu_typo_line_height_unit":"","ocean_menu_typo_spacing":0,"ocean_menu_typo_spacing_tablet":0,"ocean_menu_typo_spacing_mobile":0,"ocean_menu_typo_spacing_unit":"","ocean_menu_link_color":"","ocean_menu_link_color_hover":"","ocean_menu_link_color_active":"","ocean_menu_link_background":"","ocean_menu_link_hover_background":"","ocean_menu_link_active_background":"","ocean_menu_social_links_bg":"","ocean_menu_social_hover_links_bg":"","ocean_menu_social_links_color":"","ocean_menu_social_hover_links_color":"","ocean_disable_title":"default","ocean_disable_heading":"default","ocean_post_title":"","ocean_post_subheading":"","ocean_post_title_style":"","ocean_post_title_background_color":"","ocean_post_title_background":0,"ocean_post_title_bg_image_position":"","ocean_post_title_bg_image_attachment":"","ocean_post_title_bg_image_repeat":"","ocean_post_title_bg_image_size":"","ocean_post_title_height":0,"ocean_post_title_bg_overlay":0.5,"ocean_post_title_bg_overlay_color":"","ocean_disable_breadcrumbs":"default","ocean_breadcrumbs_color":"","ocean_breadcrumbs_separator_color":"","ocean_breadcrumbs_links_color":"","ocean_breadcrumbs_links_hover_color":"","ocean_display_footer_widgets":"default","ocean_display_footer_bottom":"default","ocean_custom_footer_template":"0"},"product_brand":[],"product_cat":[26,71,77,72,35,20,21],"product_tag":[],"class_list":{"0":"post-392","1":"product","2":"type-product","3":"status-publish","4":"has-post-thumbnail","6":"product_cat-promo","7":"product_cat-cremes-solaires","8":"product_cat-peaux-seches-cremes-solaires","9":"product_cat-protection-solaire-solaire","10":"product_cat-soins-hydratants-et-nourrissants","11":"product_cat-solaire","12":"product_cat-visage","14":"entry","15":"has-media","17":"first","18":"instock","19":"sale","20":"taxable","21":"shipping-taxable","22":"purchasable","23":"product-type-simple","24":"has-product-nav","25":"col","26":"span_1_of_3","27":"owp-content-center","28":"owp-thumbs-layout-horizontal","29":"owp-btn-normal","30":"owp-tabs-layout-horizontal","31":"has-no-thumbnails"},"_links":{"self":[{"href":"https:\/\/ellypara.com\/index.php\/wp-json\/wp\/v2\/product\/392","targetHints":{"allow":["GET"]}}],"collection":[{"href":"https:\/\/ellypara.com\/index.php\/wp-json\/wp\/v2\/product"}],"about":[{"href":"https:\/\/ellypara.com\/index.php\/wp-json\/wp\/v2\/types\/product"}],"replies":[{"embeddable":true,"href":"https:\/\/ellypara.com\/index.php\/wp-json\/wp\/v2\/comments?post=392"}],"wp:featuredmedia":[{"embeddable":true,"href":"https:\/\/ellypara.com\/index.php\/wp-json\/wp\/v2\/media\/393"}],"wp:attachment":[{"href":"https:\/\/ellypara.com\/index.php\/wp-json\/wp\/v2\/media?parent=392"}],"wp:term":[{"taxonomy":"product_brand","embeddable":true,"href":"https:\/\/ellypara.com\/index.php\/wp-json\/wp\/v2\/product_brand?post=392"},{"taxonomy":"product_cat","embeddable":true,"href":"https:\/\/ellypara.com\/index.php\/wp-json\/wp\/v2\/product_cat?post=392"},{"taxonomy":"product_tag","embeddable":true,"href":"https:\/\/ellypara.com\/index.php\/wp-json\/wp\/v2\/product_tag?post=392"}],"curies":[{"name":"wp","href":"https:\/\/api.w.org\/{rel}","templated":true}]}}