{"id":394,"date":"2025-01-19T22:04:56","date_gmt":"2025-01-19T21:04:56","guid":{"rendered":"https:\/\/ellypara.com\/?post_type=product&#038;p=394"},"modified":"2025-05-09T00:15:08","modified_gmt":"2025-05-08T22:15:08","slug":"vichy-capital-soleil-soin-anti-taches-teinte-3-en-1-spf50-50ml","status":"publish","type":"product","link":"https:\/\/ellypara.com\/index.php\/produit\/vichy-capital-soleil-soin-anti-taches-teinte-3-en-1-spf50-50ml\/","title":{"rendered":"Vichy CAPITAL SOLEIL Soin anti-taches teint\u00e9 3 en 1 SPF50+ 50ml"},"content":{"rendered":"<p><strong>Id\u00e9al Soleil Soin Anti-Taches Teint\u00e9 3-en-1 SPF50+ 50 ml<\/strong><\/p>\n<p>Adapt\u00e9 \u00e0 tous les types de peau, le\u00a0<strong>soin quotidien teint\u00e9 anti-taches SPF 50+ Capital Soleil<\/strong>\u00a0de\u00a0<strong>Vichy\u00a0<\/strong>permet de prot\u00e9ger la peau du soleil, d\u2019unifier le teint, de pr\u00e9venir et corriger les taches brunes.<\/p>\n<p>Vichy Id\u00e9al Soleil Soin Anti-Taches Teint\u00e9 3-en-1 SPF50+ 50 ml est une tr\u00e8s haute protection solaire \u00e0 la triple action contre les taches : unifie, corrige et pr\u00e9vient.<\/p>\n<p><strong>POURQUOI UTILISER LE SOIN ANTI-TACHES TEINT\u00c9 SPF 50+ VICHY CAPITAL SOLEIL ?<\/strong><\/p>\n<p>Ce soin solaire s\u2019adresse aux personnes sujettes aux taches brunes et qui cherchent une protection efficace pour \u00e9viter cette probl\u00e9matique cutan\u00e9e favoris\u00e9e par l\u2019exposition au soleil. Il est dot\u00e9 d\u2019une triple action puisqu\u2019il prot\u00e8ge la peau du soleil, unifie le grain de peau, pr\u00e9vient et att\u00e9nue les taches pigmentaires.<\/p>\n<p>Gr\u00e2ce \u00e0 un syst\u00e8me filtrant ultra performant, le soin anti-taches teint\u00e9 Vichy Capital Soleil offre une tr\u00e8s haute protection anti-UVA et UVB. Il contient des pigments min\u00e9raux universels qui viennent unifier le teint et camoufler les taches d\u00e9j\u00e0 pr\u00e9sentes. Du PhE-resorcinol est ajout\u00e9 pour ses propri\u00e9t\u00e9s anti-taches. On retrouve \u00e9galement de la silice, pour un effet matifiant, et de la glyc\u00e9rine charg\u00e9e de maintenir l\u2019hydratation cutan\u00e9e. De par la pr\u00e9sence de vitamine E, cette cr\u00e8me solaire visage Vichy assure la protection des cellules contre les radicaux libres et le stress oxydatif, qui font partie des facteurs favorisants des taches brunes. Enfin, l\u2019eau min\u00e9ralisante de Vichy est ajout\u00e9e pour ses propri\u00e9t\u00e9s revitalisantes et fortifiantes.<\/p>\n<p>Ce soin anti-taches SPF 50+ poss\u00e8de une texture cr\u00e9meuse rapidement absorb\u00e9e et assurant un toucher sec, mat, et un fini naturel. Il est r\u00e9sistant \u00e0 l\u2019eau et constitue une tr\u00e8s bonne base de maquillage.<\/p>\n<p><strong>Ce soin teint\u00e9 contient :<\/strong><\/p>\n<p>\u2013 du PhE-Resorcinol, un actif innovant qui corrige les taches,<\/p>\n<p>\u2013 un syst\u00e8me filtrant UVA\/UVB qui pr\u00e9vient l\u2019apparition des taches,<\/p>\n<p>\u2013 des pigments min\u00e9raux universels, qui unifie instantan\u00e9ment le teint,<\/p>\n<p>\u2013 de l\u2019Eau Thermale Min\u00e9ralisante de Vichy.<\/p>\n<p>Il est adapt\u00e9 \u00e0 tous les types de peaux, m\u00eame les plus sensibles.<\/p>\n<p>Sa texture cr\u00e9meuse au toucher sec s\u2019absorbe rapidement et laisse un fini mat et naturel.<\/p>\n<p>R\u00e9siste \u00e0 l\u2019eau.<\/p>\n<p>Formule hypoallerg\u00e9nique test\u00e9e sur peaux sensibles et sous contr\u00f4le dermatologique.<\/p>\n<p><strong>\u00a0CONSEIL DU PHARMACIEN SUR VICHY CAPITAL SOLEIL ANTI-TACHES 3-EN-1 SOIN QUOTIDIEN TEINT\u00c9 SPF50+<\/strong><\/p>\n<p>Utilisez le soin anti-taches teint\u00e9 Capital Soleil chaque jour, seul ou apr\u00e8s votre cr\u00e8me habituelle en fonction des besoins de votre peau. Appliquez sur l\u2019ensemble du visage et renouvelez r\u00e9guli\u00e8rement l\u2019application au fil de la journ\u00e9e afin de maintenir le niveau de protection. Il est conseill\u00e9 de r\u00e9appliquer le produit toutes les 2 heures au moins, et syst\u00e9matiquement apr\u00e8s vous \u00eatre baign\u00e9, essuy\u00e9, ou avoir transpir\u00e9. Pour lutter contre les taches, d\u00e9couvrez le\u00a0s\u00e9rum B3 Liftactiv Specialist, \u00e0 base de 5 % de niacinamide.<\/p>\n<p>M\u00eame si vous utilisez une protection solaire, r\u00e9duisez la dur\u00e9e d\u2019exposition et \u00e9vitez les moments de fort ensoleillement (11 h-16 h). Ajoutez des lunettes de soleil et un chapeau \u00e0 larges bords ou une casquette pour renforcer la protection contre les UV. N\u2019exposez jamais les b\u00e9b\u00e9s et les jeunes enfants directement au soleil.<\/p>\n<p><strong>Indication :<\/strong>\u00a0Tr\u00e8s haute protection solaire pour le visage.<\/p>\n<p><strong>COMPOSITION<\/strong><\/p>\n<p>Aqua\/Water, CI77891\/Titanium Dioxide, Homosalate, Silica, Ethylhexyl Salicylate, Ethylhexyl Triazone, C12-15 Triazone, C12-15 Alkyl Benzoate, Bis-Ethylhexyloxyphenol Methoxyphenyl Triazine, Drometrizole Trisiloxane, Butyl Methoxydibenzoylmethane, Glycerin, Aluminium Starch Octenylsuccinate, Octocrylene, Pentylene Glycol, Styrene\/Acrylates Copolymer, CI77891, CI77492, CI77499\/Iron Oxides, Potassium Cetyl Phosphate, Parfum\/Fragrance, Caprylyl Methicone, Acrylates\/C10-30 Alkyl Acrylate Crosspolymer, Aluminium Hydroxide, Butylene Glycol, Caprylyl Glycol, Cinnamomum Cassia Bark Extract, Dimethicone, Disodium Edta, Inulin Lauryl Carbamate, PEG-8 Laurate, Phenoxyethanol, Phenylethyl Resorcinol, Poterium Officinale Root Extract, Stearic Acid, Stearyl Alcohol, Terephthalylidene Dicamphor Sulfonic Acid, Titanium Dioxide [Nano]\/Titanium Dioxide, Tocopherol, Triethanolamine, Xanthan Gum, Zingiber Officinale root Extract\/Ginger Root Extract.<\/p>\n","protected":false},"excerpt":{"rendered":"<p><strong>VICHY IDEAL SOLEIL Soin anti-taches teint\u00e9 3-en-1 SPF50+<\/strong><\/p>\n<p>Gr\u00e2ce aux pigments min\u00e9raux universels VICHY IDEAL SOLEIL ANTI-TACHE ( VICHY ANTI-DARK SPOT ) unifie imm\u00e9diatement,\u00a0corrige les taches jour apr\u00e8s jour et prot\u00e8ge contre les rayons UVB\/UVA.<\/p>\n","protected":false},"featured_media":395,"comment_status":"open","ping_status":"closed","template":"","meta":{"ocean_post_layout":"","ocean_both_sidebars_style":"","ocean_both_sidebars_content_width":0,"ocean_both_sidebars_sidebars_width":0,"ocean_sidebar":"0","ocean_second_sidebar":"0","ocean_disable_margins":"enable","ocean_add_body_class":"","ocean_shortcode_before_top_bar":"","ocean_shortcode_after_top_bar":"","ocean_shortcode_before_header":"","ocean_shortcode_after_header":"","ocean_has_shortcode":"","ocean_shortcode_after_title":"","ocean_shortcode_before_footer_widgets":"","ocean_shortcode_after_footer_widgets":"","ocean_shortcode_before_footer_bottom":"","ocean_shortcode_after_footer_bottom":"","ocean_display_top_bar":"default","ocean_display_header":"default","ocean_header_style":"","ocean_center_header_left_menu":"0","ocean_custom_header_template":"0","ocean_custom_logo":0,"ocean_custom_retina_logo":0,"ocean_custom_logo_max_width":0,"ocean_custom_logo_tablet_max_width":0,"ocean_custom_logo_mobile_max_width":0,"ocean_custom_logo_max_height":0,"ocean_custom_logo_tablet_max_height":0,"ocean_custom_logo_mobile_max_height":0,"ocean_header_custom_menu":"0","ocean_menu_typo_font_family":"0","ocean_menu_typo_font_subset":"","ocean_menu_typo_font_size":0,"ocean_menu_typo_font_size_tablet":0,"ocean_menu_typo_font_size_mobile":0,"ocean_menu_typo_font_size_unit":"px","ocean_menu_typo_font_weight":"","ocean_menu_typo_font_weight_tablet":"","ocean_menu_typo_font_weight_mobile":"","ocean_menu_typo_transform":"","ocean_menu_typo_transform_tablet":"","ocean_menu_typo_transform_mobile":"","ocean_menu_typo_line_height":0,"ocean_menu_typo_line_height_tablet":0,"ocean_menu_typo_line_height_mobile":0,"ocean_menu_typo_line_height_unit":"","ocean_menu_typo_spacing":0,"ocean_menu_typo_spacing_tablet":0,"ocean_menu_typo_spacing_mobile":0,"ocean_menu_typo_spacing_unit":"","ocean_menu_link_color":"","ocean_menu_link_color_hover":"","ocean_menu_link_color_active":"","ocean_menu_link_background":"","ocean_menu_link_hover_background":"","ocean_menu_link_active_background":"","ocean_menu_social_links_bg":"","ocean_menu_social_hover_links_bg":"","ocean_menu_social_links_color":"","ocean_menu_social_hover_links_color":"","ocean_disable_title":"default","ocean_disable_heading":"default","ocean_post_title":"","ocean_post_subheading":"","ocean_post_title_style":"","ocean_post_title_background_color":"","ocean_post_title_background":0,"ocean_post_title_bg_image_position":"","ocean_post_title_bg_image_attachment":"","ocean_post_title_bg_image_repeat":"","ocean_post_title_bg_image_size":"","ocean_post_title_height":0,"ocean_post_title_bg_overlay":0.5,"ocean_post_title_bg_overlay_color":"","ocean_disable_breadcrumbs":"default","ocean_breadcrumbs_color":"","ocean_breadcrumbs_separator_color":"","ocean_breadcrumbs_links_color":"","ocean_breadcrumbs_links_hover_color":"","ocean_display_footer_widgets":"default","ocean_display_footer_bottom":"default","ocean_custom_footer_template":"0"},"product_brand":[],"product_cat":[26,75,76,77,72,110,43,39,20,79,21],"product_tag":[],"class_list":{"0":"post-394","1":"product","2":"type-product","3":"status-publish","4":"has-post-thumbnail","6":"product_cat-promo","7":"product_cat-anti-taches-et-eclaircissant","8":"product_cat-peaux-mixtes-a-grasses","9":"product_cat-peaux-seches-cremes-solaires","10":"product_cat-protection-solaire-solaire","11":"product_cat-soins-anti-poches-et-cernes","12":"product_cat-soins-anti-rougeurs-et-peau-sensible","13":"product_cat-soins-anti-taches-et-depigmentants","14":"product_cat-solaire","15":"product_cat-tout-type-de-peaux","16":"product_cat-visage","18":"entry","19":"has-media","21":"first","22":"instock","23":"sale","24":"taxable","25":"shipping-taxable","26":"purchasable","27":"product-type-simple","28":"has-product-nav","29":"col","30":"span_1_of_3","31":"owp-content-center","32":"owp-thumbs-layout-horizontal","33":"owp-btn-normal","34":"owp-tabs-layout-horizontal","35":"has-no-thumbnails"},"_links":{"self":[{"href":"https:\/\/ellypara.com\/index.php\/wp-json\/wp\/v2\/product\/394","targetHints":{"allow":["GET"]}}],"collection":[{"href":"https:\/\/ellypara.com\/index.php\/wp-json\/wp\/v2\/product"}],"about":[{"href":"https:\/\/ellypara.com\/index.php\/wp-json\/wp\/v2\/types\/product"}],"replies":[{"embeddable":true,"href":"https:\/\/ellypara.com\/index.php\/wp-json\/wp\/v2\/comments?post=394"}],"wp:featuredmedia":[{"embeddable":true,"href":"https:\/\/ellypara.com\/index.php\/wp-json\/wp\/v2\/media\/395"}],"wp:attachment":[{"href":"https:\/\/ellypara.com\/index.php\/wp-json\/wp\/v2\/media?parent=394"}],"wp:term":[{"taxonomy":"product_brand","embeddable":true,"href":"https:\/\/ellypara.com\/index.php\/wp-json\/wp\/v2\/product_brand?post=394"},{"taxonomy":"product_cat","embeddable":true,"href":"https:\/\/ellypara.com\/index.php\/wp-json\/wp\/v2\/product_cat?post=394"},{"taxonomy":"product_tag","embeddable":true,"href":"https:\/\/ellypara.com\/index.php\/wp-json\/wp\/v2\/product_tag?post=394"}],"curies":[{"name":"wp","href":"https:\/\/api.w.org\/{rel}","templated":true}]}}