{"id":397,"date":"2025-01-19T22:18:15","date_gmt":"2025-01-19T21:18:15","guid":{"rendered":"https:\/\/ellypara.com\/?post_type=product&#038;p=397"},"modified":"2025-01-19T22:18:15","modified_gmt":"2025-01-19T21:18:15","slug":"gum-original-white-dentifrice-blancheur-75ml","status":"publish","type":"product","link":"https:\/\/ellypara.com\/index.php\/produit\/gum-original-white-dentifrice-blancheur-75ml\/","title":{"rendered":"Gum Original White Dentifrice Blancheur 75ml"},"content":{"rendered":"<p>Le\u00a0<strong>dentifrice\u00a0Gum\u00a0Original\u00a0White<\/strong>\u00a0est un dentifrice qui aide \u00e0 retrouver la\u00a0<strong>blancheur naturelle des dents<\/strong>\u00a0pour un\u00a0sourire\u00a0\u00e9clatant. Il va \u00e9liminer les colorations de la surface de la dent qui peuvent venir de l\u2019alimentation, les boissons, le tabac\u2026<\/p>\n<p><strong>MODE D\u2019ACTION DU DENTIFRICE ORIGINAL WHITE GUM<\/strong><\/p>\n<p>Pour garder ou retrouver des\u00a0<strong>dents blanches<\/strong>, le\u00a0dentifrice\u00a0Gum\u00a0Original\u00a0White\u00a0est un dentifrice pour des\u00a0<strong>dents naturellement plus blanches<\/strong>\u00a0et des\u00a0gencives plus saines. Il favorise\u00a0l\u2019\u00e9limination des colorations, la\u00a0pr\u00e9vention de leur r\u00e9apparition et\u00a0renforce les gencives et les dents.<\/p>\n<p>En plus d\u2019\u00e9liminer la coloration, ce dentifrice d\u00e9pose une pellicule protectrice pour emp\u00eacher les taches de se d\u00e9poser sur les dents. Il renforce et prot\u00e8ge l\u2019\u00e9mail des dents gr\u00e2ce au fluor et revitalise les gencives gr\u00e2ce \u00e0 la vitamine E et \u00e0 l\u2019allanto\u00efne.\u00a0Le\u00a0dentifrice\u00a0Gum\u00a0Original\u00a0White\u00a0\u00e9limine en douceur les\u00a0colorations en surface\u00a0sans\u00a0ab\u00eemer l\u2019\u00e9mail\u00a0gr\u00e2ce \u00e0 l\u2019action de la\u00a0silice\u00a0hautement nettoyante et faiblement abrasive. Il\u00a0dissout les impuret\u00e9s\u00a0m\u00eame au niveau des asp\u00e9rit\u00e9s de l\u2019\u00e9mail gr\u00e2ce \u00e0 l\u2019actif unique\u00a0<strong>StainClear<\/strong>, de plus il d\u00e9pose une couche protectrice pour pr\u00e9venir la r\u00e9apparition et l\u2019accumulation des colorations.<\/p>\n<p><strong>Le plus du dentifrice Original White Gum :<\/strong>\u00a0Ce dentifrice \u00e0 l\u2019<strong>action blancheur<\/strong>\u00a0ne contient pas d\u2019agents abrasifs ni d\u2019agents blanchissants agressifs.<\/p>\n<p><strong>CONSEIL D\u2019UTILISATION<\/strong><\/p>\n<p>Brosser vos dents 2 \u00e0 3 fois par jour pendant 3 minutes.<\/p>\n<p>Indication : Dents blanches.<\/p>\n<p><strong>COMPOSITION<\/strong><\/p>\n<p>Aqua, Hydrated Silica, Sorbitol, Glycerin, PEG-8, Sodium Lauryl Sulfate, Aroma, Isomalt, Titanium Dioxide, Disodium C12-14 Pareth-2 Sulfosuccinate, Cellulose Gum, Panthenol, PEG-40 Hydrogenated Castor Oil, Xanthan Gum, Sodium Fluoride, Sodium Saccharin, Algin, Stevia Rebaudiana Extract, Tocopheryl Acetate, O-Cymen-5-Ol, Limonene.<\/p>\n","protected":false},"excerpt":{"rendered":"<div class=\"product-short-description\">\n<p>GUM Dentifrice Original White 75 ml est un dentifrice pour les adultes et les enfants de plus de 7 ans, pour des dents naturellement blanches.<\/p>\n<\/div>\n<form class=\"cart\" action=\"https:\/\/www.maparatunisie.tn\/produit\/gum-dentifrice-original-white-75ml\/\" enctype=\"multipart\/form-data\" method=\"post\">\n<div class=\"ux-quantity quantity buttons_added\"><\/div>\n<\/form>\n","protected":false},"featured_media":398,"comment_status":"open","ping_status":"closed","template":"","meta":{"ocean_post_layout":"","ocean_both_sidebars_style":"","ocean_both_sidebars_content_width":0,"ocean_both_sidebars_sidebars_width":0,"ocean_sidebar":"0","ocean_second_sidebar":"0","ocean_disable_margins":"enable","ocean_add_body_class":"","ocean_shortcode_before_top_bar":"","ocean_shortcode_after_top_bar":"","ocean_shortcode_before_header":"","ocean_shortcode_after_header":"","ocean_has_shortcode":"","ocean_shortcode_after_title":"","ocean_shortcode_before_footer_widgets":"","ocean_shortcode_after_footer_widgets":"","ocean_shortcode_before_footer_bottom":"","ocean_shortcode_after_footer_bottom":"","ocean_display_top_bar":"default","ocean_display_header":"default","ocean_header_style":"","ocean_center_header_left_menu":"0","ocean_custom_header_template":"0","ocean_custom_logo":0,"ocean_custom_retina_logo":0,"ocean_custom_logo_max_width":0,"ocean_custom_logo_tablet_max_width":0,"ocean_custom_logo_mobile_max_width":0,"ocean_custom_logo_max_height":0,"ocean_custom_logo_tablet_max_height":0,"ocean_custom_logo_mobile_max_height":0,"ocean_header_custom_menu":"0","ocean_menu_typo_font_family":"0","ocean_menu_typo_font_subset":"","ocean_menu_typo_font_size":0,"ocean_menu_typo_font_size_tablet":0,"ocean_menu_typo_font_size_mobile":0,"ocean_menu_typo_font_size_unit":"px","ocean_menu_typo_font_weight":"","ocean_menu_typo_font_weight_tablet":"","ocean_menu_typo_font_weight_mobile":"","ocean_menu_typo_transform":"","ocean_menu_typo_transform_tablet":"","ocean_menu_typo_transform_mobile":"","ocean_menu_typo_line_height":0,"ocean_menu_typo_line_height_tablet":0,"ocean_menu_typo_line_height_mobile":0,"ocean_menu_typo_line_height_unit":"","ocean_menu_typo_spacing":0,"ocean_menu_typo_spacing_tablet":0,"ocean_menu_typo_spacing_mobile":0,"ocean_menu_typo_spacing_unit":"","ocean_menu_link_color":"","ocean_menu_link_color_hover":"","ocean_menu_link_color_active":"","ocean_menu_link_background":"","ocean_menu_link_hover_background":"","ocean_menu_link_active_background":"","ocean_menu_social_links_bg":"","ocean_menu_social_hover_links_bg":"","ocean_menu_social_links_color":"","ocean_menu_social_hover_links_color":"","ocean_disable_title":"default","ocean_disable_heading":"default","ocean_post_title":"","ocean_post_subheading":"","ocean_post_title_style":"","ocean_post_title_background_color":"","ocean_post_title_background":0,"ocean_post_title_bg_image_position":"","ocean_post_title_bg_image_attachment":"","ocean_post_title_bg_image_repeat":"","ocean_post_title_bg_image_size":"","ocean_post_title_height":0,"ocean_post_title_bg_overlay":0.5,"ocean_post_title_bg_overlay_color":"","ocean_disable_breadcrumbs":"default","ocean_breadcrumbs_color":"","ocean_breadcrumbs_separator_color":"","ocean_breadcrumbs_links_color":"","ocean_breadcrumbs_links_hover_color":"","ocean_display_footer_widgets":"default","ocean_display_footer_bottom":"default","ocean_custom_footer_template":"0"},"product_brand":[],"product_cat":[26,93,44,88],"product_tag":[],"class_list":{"0":"post-397","1":"product","2":"type-product","3":"status-publish","4":"has-post-thumbnail","6":"product_cat-promo","7":"product_cat-dentifrices","8":"product_cat-hygiene","9":"product_cat-soins-buccodentaires","11":"entry","12":"has-media","14":"first","15":"instock","16":"sale","17":"taxable","18":"shipping-taxable","19":"purchasable","20":"product-type-simple","21":"has-product-nav","22":"col","23":"span_1_of_3","24":"owp-content-center","25":"owp-thumbs-layout-horizontal","26":"owp-btn-normal","27":"owp-tabs-layout-horizontal","28":"has-no-thumbnails"},"_links":{"self":[{"href":"https:\/\/ellypara.com\/index.php\/wp-json\/wp\/v2\/product\/397","targetHints":{"allow":["GET"]}}],"collection":[{"href":"https:\/\/ellypara.com\/index.php\/wp-json\/wp\/v2\/product"}],"about":[{"href":"https:\/\/ellypara.com\/index.php\/wp-json\/wp\/v2\/types\/product"}],"replies":[{"embeddable":true,"href":"https:\/\/ellypara.com\/index.php\/wp-json\/wp\/v2\/comments?post=397"}],"wp:featuredmedia":[{"embeddable":true,"href":"https:\/\/ellypara.com\/index.php\/wp-json\/wp\/v2\/media\/398"}],"wp:attachment":[{"href":"https:\/\/ellypara.com\/index.php\/wp-json\/wp\/v2\/media?parent=397"}],"wp:term":[{"taxonomy":"product_brand","embeddable":true,"href":"https:\/\/ellypara.com\/index.php\/wp-json\/wp\/v2\/product_brand?post=397"},{"taxonomy":"product_cat","embeddable":true,"href":"https:\/\/ellypara.com\/index.php\/wp-json\/wp\/v2\/product_cat?post=397"},{"taxonomy":"product_tag","embeddable":true,"href":"https:\/\/ellypara.com\/index.php\/wp-json\/wp\/v2\/product_tag?post=397"}],"curies":[{"name":"wp","href":"https:\/\/api.w.org\/{rel}","templated":true}]}}