{"id":402,"date":"2025-01-20T10:17:41","date_gmt":"2025-01-20T09:17:41","guid":{"rendered":"https:\/\/ellypara.com\/?post_type=product&#038;p=402"},"modified":"2025-02-01T17:49:44","modified_gmt":"2025-02-01T16:49:44","slug":"mustela-creme-change-1-2-3-50ml","status":"publish","type":"product","link":"https:\/\/ellypara.com\/index.php\/produit\/mustela-creme-change-1-2-3-50ml\/","title":{"rendered":"MUSTELA Cr\u00e8me Change  1 2 3 50ml"},"content":{"rendered":"<p>La\u00a0<strong>cr\u00e8me change\u00a01 2 3<\/strong>\u00a0de la marque\u00a0<strong>Mustela B\u00e9b\u00e9<\/strong>\u00a0est un produit con\u00e7u pour le soin de la peau de b\u00e9b\u00e9. Elle s\u2019utilise au moment du change et permet de pr\u00e9venir les rougeurs et l\u2019<strong>\u00e9ryth\u00e8me fessier<\/strong>, deux ph\u00e9nom\u00e8nes tr\u00e8s fr\u00e9quents favoris\u00e9s par les frottements de la couche, la mac\u00e9ration des urines et des selles. Cette cr\u00e8me pour le change\u00a0<strong>prot\u00e8ge et adoucit<\/strong>\u00a0durablement la peau des fesses de b\u00e9b\u00e9, apaise les irritations et\u00a0<strong>r\u00e9pare<\/strong>\u00a0les \u00e9ventuels dommages cutan\u00e9s.<\/p>\n<p>L\u2019action protectrice de la cr\u00e8me change Mustela B\u00e9b\u00e9 est assur\u00e9e par la pr\u00e9sence d\u2019oxyde de zinc dans la composition. Cet ingr\u00e9dient est utilis\u00e9 pour son effet barri\u00e8re ainsi que pour ses\u00a0<strong>propri\u00e9t\u00e9s absorbantes<\/strong>\u00a0qui vont garder les fesses de b\u00e9b\u00e9 bien au sec et limiter la mac\u00e9ration. On retrouve \u00e9galement dans la formule de la cire d\u2019abeille, aux\u00a0<strong>vertus protectrices et r\u00e9paratrices<\/strong>, et des huiles v\u00e9g\u00e9tales d\u2019avocat et de graines de tournesol, connues pour \u00eatre particuli\u00e8rement\u00a0<strong>nourrissantes, assouplissantes et apaisantes<\/strong>.<\/p>\n<p>Utilis\u00e9e quotidiennement, la\u00a0<strong>cr\u00e8me change Mustela B\u00e9b\u00e9<\/strong>\u00a0est une alli\u00e9e pr\u00e9cieuse pour tous les parents. Pr\u00e9sent\u00e9e dans un format tube, elle peut se glisser tr\u00e8s facilement dans un sac \u00e0 langer pour \u00eatre utilis\u00e9e lors des d\u00e9placements ou en voyage.<\/p>\n<p><strong>Caract\u00e9ristiques :<\/strong><\/p>\n<ul>\n<li>Sans parab\u00e8ne<\/li>\n<li>Sans parfum<\/li>\n<li>Sans conservateur<\/li>\n<\/ul>\n<p><strong>Conditionnement :<\/strong>\u00a0Tube de 50 ml ou 100 ml<\/p>\n<p><strong>CONSEILS D\u2019UTILISATION<\/strong><\/p>\n<p>Apr\u00e8s avoir nettoy\u00e9 et bien s\u00e9ch\u00e9 le si\u00e8ge de b\u00e9b\u00e9, appliquer la cr\u00e8me pour le change Mustela B\u00e9b\u00e9 en couche \u00e9paisse puis mettre une nouvelle couche.<\/p>\n<p>&nbsp;<\/p>\n<p><strong>COMPOSITION<\/strong><\/p>\n<p>Aqua (Water), Zinc oxide, Caprylic \/ Capric triglyceride, Coco-caprylate \/ Caprate, Polyglyceryl-2-dipolyhydroxystearate, Glycerin, Cera alba (Beeswax), Persea gratissima (Avocado) oil, Polyglyceryl-3 diisostearate, Ethyl linoleate, Helianthus annuus (sunflower) seed oil unsaponifiables, Magnesium sulfate, Stearalkonium hectorite, Levulinic acid, Caprylyl glycol, Capryloyl glycine, Sodium levulinate, Undecyl dimethyl oxazoline, Propylene carbonate, Persea gratissima (Avocado) fruit extract.<\/p>\n<p><strong>VARIANTES DE L\u2019ARTICLE<\/strong><\/p>\n<p>MUSTELA Creme Change 50ml<\/p>\n","protected":false},"excerpt":{"rendered":"<div class=\"product-short-description\">\n<p>La\u00a0<strong>cr\u00e8me change 1 2 3<\/strong>\u00a0de la marque\u00a0<strong>Mustela B\u00e9b\u00e9<\/strong>\u00a0est un produit con\u00e7u pour le soin de la peau de b\u00e9b\u00e9. Elle s\u2019utilise au moment du change et permet de pr\u00e9venir les rougeurs et l\u2019<strong>\u00e9ryth\u00e8me fessier.<\/strong><\/p>\n<\/div>\n","protected":false},"featured_media":403,"comment_status":"open","ping_status":"closed","template":"","meta":{"ocean_post_layout":"","ocean_both_sidebars_style":"","ocean_both_sidebars_content_width":0,"ocean_both_sidebars_sidebars_width":0,"ocean_sidebar":"0","ocean_second_sidebar":"0","ocean_disable_margins":"enable","ocean_add_body_class":"","ocean_shortcode_before_top_bar":"","ocean_shortcode_after_top_bar":"","ocean_shortcode_before_header":"","ocean_shortcode_after_header":"","ocean_has_shortcode":"","ocean_shortcode_after_title":"","ocean_shortcode_before_footer_widgets":"","ocean_shortcode_after_footer_widgets":"","ocean_shortcode_before_footer_bottom":"","ocean_shortcode_after_footer_bottom":"","ocean_display_top_bar":"default","ocean_display_header":"default","ocean_header_style":"","ocean_center_header_left_menu":"0","ocean_custom_header_template":"0","ocean_custom_logo":0,"ocean_custom_retina_logo":0,"ocean_custom_logo_max_width":0,"ocean_custom_logo_tablet_max_width":0,"ocean_custom_logo_mobile_max_width":0,"ocean_custom_logo_max_height":0,"ocean_custom_logo_tablet_max_height":0,"ocean_custom_logo_mobile_max_height":0,"ocean_header_custom_menu":"0","ocean_menu_typo_font_family":"0","ocean_menu_typo_font_subset":"","ocean_menu_typo_font_size":0,"ocean_menu_typo_font_size_tablet":0,"ocean_menu_typo_font_size_mobile":0,"ocean_menu_typo_font_size_unit":"px","ocean_menu_typo_font_weight":"","ocean_menu_typo_font_weight_tablet":"","ocean_menu_typo_font_weight_mobile":"","ocean_menu_typo_transform":"","ocean_menu_typo_transform_tablet":"","ocean_menu_typo_transform_mobile":"","ocean_menu_typo_line_height":0,"ocean_menu_typo_line_height_tablet":0,"ocean_menu_typo_line_height_mobile":0,"ocean_menu_typo_line_height_unit":"","ocean_menu_typo_spacing":0,"ocean_menu_typo_spacing_tablet":0,"ocean_menu_typo_spacing_mobile":0,"ocean_menu_typo_spacing_unit":"","ocean_menu_link_color":"","ocean_menu_link_color_hover":"","ocean_menu_link_color_active":"","ocean_menu_link_background":"","ocean_menu_link_hover_background":"","ocean_menu_link_active_background":"","ocean_menu_social_links_bg":"","ocean_menu_social_hover_links_bg":"","ocean_menu_social_links_color":"","ocean_menu_social_hover_links_color":"","ocean_disable_title":"default","ocean_disable_heading":"default","ocean_post_title":"","ocean_post_subheading":"","ocean_post_title_style":"","ocean_post_title_background_color":"","ocean_post_title_background":0,"ocean_post_title_bg_image_position":"","ocean_post_title_bg_image_attachment":"","ocean_post_title_bg_image_repeat":"","ocean_post_title_bg_image_size":"","ocean_post_title_height":0,"ocean_post_title_bg_overlay":0.5,"ocean_post_title_bg_overlay_color":"","ocean_disable_breadcrumbs":"default","ocean_breadcrumbs_color":"","ocean_breadcrumbs_separator_color":"","ocean_breadcrumbs_links_color":"","ocean_breadcrumbs_links_hover_color":"","ocean_display_footer_widgets":"default","ocean_display_footer_bottom":"default","ocean_custom_footer_template":"0"},"product_brand":[],"product_cat":[24,58,57],"product_tag":[],"class_list":{"0":"post-402","1":"product","2":"type-product","3":"status-publish","4":"has-post-thumbnail","6":"product_cat-bebe-et-maman","7":"product_cat-change-de-bebe","8":"product_cat-toilette-et-soin-bebe","10":"entry","11":"has-media","13":"first","14":"instock","15":"taxable","16":"shipping-taxable","17":"purchasable","18":"product-type-simple","19":"has-product-nav","20":"col","21":"span_1_of_3","22":"owp-content-center","23":"owp-thumbs-layout-horizontal","24":"owp-btn-normal","25":"owp-tabs-layout-horizontal","26":"has-no-thumbnails"},"_links":{"self":[{"href":"https:\/\/ellypara.com\/index.php\/wp-json\/wp\/v2\/product\/402","targetHints":{"allow":["GET"]}}],"collection":[{"href":"https:\/\/ellypara.com\/index.php\/wp-json\/wp\/v2\/product"}],"about":[{"href":"https:\/\/ellypara.com\/index.php\/wp-json\/wp\/v2\/types\/product"}],"replies":[{"embeddable":true,"href":"https:\/\/ellypara.com\/index.php\/wp-json\/wp\/v2\/comments?post=402"}],"wp:featuredmedia":[{"embeddable":true,"href":"https:\/\/ellypara.com\/index.php\/wp-json\/wp\/v2\/media\/403"}],"wp:attachment":[{"href":"https:\/\/ellypara.com\/index.php\/wp-json\/wp\/v2\/media?parent=402"}],"wp:term":[{"taxonomy":"product_brand","embeddable":true,"href":"https:\/\/ellypara.com\/index.php\/wp-json\/wp\/v2\/product_brand?post=402"},{"taxonomy":"product_cat","embeddable":true,"href":"https:\/\/ellypara.com\/index.php\/wp-json\/wp\/v2\/product_cat?post=402"},{"taxonomy":"product_tag","embeddable":true,"href":"https:\/\/ellypara.com\/index.php\/wp-json\/wp\/v2\/product_tag?post=402"}],"curies":[{"name":"wp","href":"https:\/\/api.w.org\/{rel}","templated":true}]}}