{"id":406,"date":"2025-01-20T10:23:59","date_gmt":"2025-01-20T09:23:59","guid":{"rendered":"https:\/\/ellypara.com\/?post_type=product&#038;p=406"},"modified":"2025-02-01T17:38:38","modified_gmt":"2025-02-01T16:38:38","slug":"biolane-liniment-oleo-calcaire-300ml","status":"publish","type":"product","link":"https:\/\/ellypara.com\/index.php\/produit\/biolane-liniment-oleo-calcaire-300ml\/","title":{"rendered":"Biolane Liniment Ol\u00e9o-Calcaire 300ml"},"content":{"rendered":"<p>Le liniment ol\u00e9o-calcaire Biolane nettoie et prot\u00e8ge en un seul geste le\u00a0si\u00e8ge de votre b\u00e9b\u00e9, en laissant un film protecteur contre les agressions ext\u00e9rieures irritantes (urines, selles, frottement des couches\u2026).<\/p>\n<p>Notre vocation : prot\u00e9ger la peau sensible de votre b\u00e9b\u00e9<br \/>\n\u2013 Une pr\u00e9paration traditionnelle \u00e0 99% d\u2019ingr\u00e9dients d\u2019origine naturelle, \u00e0 base d\u2019huile d\u2019olive et d\u2019eau de chaux qui nourrit l\u2019\u00e9piderme fessier au quotidien.<br \/>\n\u2013 Une formule test\u00e9e cliniquement sous contr\u00f4le m\u00e9dical pour la plus grande s\u00e9curit\u00e9 des nouveau-n\u00e9s.<\/p>\n<p>Notre engagement : participer \u00e0 un avenir durable<br \/>\n\u2013 Fabrication fran\u00e7aise sur notre site vend\u00e9en qui favorise l\u2019emploi local.<br \/>\n\u2013 Flacon d\u2019origine v\u00e9g\u00e9tale.<\/p>\n<p><strong>Conseils d\u2019utilisation<\/strong><\/p>\n<p>Agitez bien avant emploi. Appliquez \u00e0 chaque change \u00e0 l\u2019aide d\u2019un coton.<br \/>\nNe n\u00e9cessite pas de rin\u00e7age.<br \/>\nConvient \u00e9galement aux peaux \u00e0 tendance atopique.<\/p>\n<p>A conserve \u00e0 une temp\u00e9rature comprise entre 15 et 25\u00b0C.<br \/>\nLa pompe-doseuse se d\u00e9verrouille par un simple quart de tour.<\/p>\n<p><strong>Composition<\/strong><\/p>\n<p>AQUA (WATER), OLEA EUROPAEA (OLIVE) FRUIT OIL, POLYGLYCERYL-3 OLEATE, GLUCONOLACTONE, SORBITAN OLEATE, SODIUM BENZOATE, LINUM USITATISSIMUM (LINSEED) SEED OIL, TOCOPHEROL, STEARALKONIUM HECTORITE, PROPYLENE CARBONATE, HELIANTHUS ANNUUS (SUNFLOWER) SEED OIL, CALCIUM HYDROXIDE, CALCIUM GLUCONATE.<\/p>\n","protected":false},"excerpt":{"rendered":"<p>Formul\u00e9 \u00e0 98% d\u2019ingr\u00e9dients d\u2019origine naturelle, le Liniment Ol\u00e9o-calcaire Biolane nettoie et prot\u00e8ge en un seul geste le si\u00e8ge de votre b\u00e9b\u00e9.<\/p>\n<p>Cette pr\u00e9paration traditionnelle, \u00e0 base d\u2019huile d\u2019olive et d\u2019eau de chaux, nourrit l\u2019\u00e9piderme fessier au quotidien.<\/p>\n","protected":false},"featured_media":407,"comment_status":"open","ping_status":"closed","template":"","meta":{"ocean_post_layout":"","ocean_both_sidebars_style":"","ocean_both_sidebars_content_width":0,"ocean_both_sidebars_sidebars_width":0,"ocean_sidebar":"0","ocean_second_sidebar":"0","ocean_disable_margins":"enable","ocean_add_body_class":"","ocean_shortcode_before_top_bar":"","ocean_shortcode_after_top_bar":"","ocean_shortcode_before_header":"","ocean_shortcode_after_header":"","ocean_has_shortcode":"","ocean_shortcode_after_title":"","ocean_shortcode_before_footer_widgets":"","ocean_shortcode_after_footer_widgets":"","ocean_shortcode_before_footer_bottom":"","ocean_shortcode_after_footer_bottom":"","ocean_display_top_bar":"default","ocean_display_header":"default","ocean_header_style":"","ocean_center_header_left_menu":"0","ocean_custom_header_template":"0","ocean_custom_logo":0,"ocean_custom_retina_logo":0,"ocean_custom_logo_max_width":0,"ocean_custom_logo_tablet_max_width":0,"ocean_custom_logo_mobile_max_width":0,"ocean_custom_logo_max_height":0,"ocean_custom_logo_tablet_max_height":0,"ocean_custom_logo_mobile_max_height":0,"ocean_header_custom_menu":"0","ocean_menu_typo_font_family":"0","ocean_menu_typo_font_subset":"","ocean_menu_typo_font_size":0,"ocean_menu_typo_font_size_tablet":0,"ocean_menu_typo_font_size_mobile":0,"ocean_menu_typo_font_size_unit":"px","ocean_menu_typo_font_weight":"","ocean_menu_typo_font_weight_tablet":"","ocean_menu_typo_font_weight_mobile":"","ocean_menu_typo_transform":"","ocean_menu_typo_transform_tablet":"","ocean_menu_typo_transform_mobile":"","ocean_menu_typo_line_height":0,"ocean_menu_typo_line_height_tablet":0,"ocean_menu_typo_line_height_mobile":0,"ocean_menu_typo_line_height_unit":"","ocean_menu_typo_spacing":0,"ocean_menu_typo_spacing_tablet":0,"ocean_menu_typo_spacing_mobile":0,"ocean_menu_typo_spacing_unit":"","ocean_menu_link_color":"","ocean_menu_link_color_hover":"","ocean_menu_link_color_active":"","ocean_menu_link_background":"","ocean_menu_link_hover_background":"","ocean_menu_link_active_background":"","ocean_menu_social_links_bg":"","ocean_menu_social_hover_links_bg":"","ocean_menu_social_links_color":"","ocean_menu_social_hover_links_color":"","ocean_disable_title":"default","ocean_disable_heading":"default","ocean_post_title":"","ocean_post_subheading":"","ocean_post_title_style":"","ocean_post_title_background_color":"","ocean_post_title_background":0,"ocean_post_title_bg_image_position":"","ocean_post_title_bg_image_attachment":"","ocean_post_title_bg_image_repeat":"","ocean_post_title_bg_image_size":"","ocean_post_title_height":0,"ocean_post_title_bg_overlay":0.5,"ocean_post_title_bg_overlay_color":"","ocean_disable_breadcrumbs":"default","ocean_breadcrumbs_color":"","ocean_breadcrumbs_separator_color":"","ocean_breadcrumbs_links_color":"","ocean_breadcrumbs_links_hover_color":"","ocean_display_footer_widgets":"default","ocean_display_footer_bottom":"default","ocean_custom_footer_template":"0"},"product_brand":[],"product_cat":[24,58,57],"product_tag":[],"class_list":{"0":"post-406","1":"product","2":"type-product","3":"status-publish","4":"has-post-thumbnail","6":"product_cat-bebe-et-maman","7":"product_cat-change-de-bebe","8":"product_cat-toilette-et-soin-bebe","10":"entry","11":"has-media","13":"first","14":"instock","15":"taxable","16":"shipping-taxable","17":"purchasable","18":"product-type-simple","19":"has-product-nav","20":"col","21":"span_1_of_3","22":"owp-content-center","23":"owp-thumbs-layout-horizontal","24":"owp-btn-normal","25":"owp-tabs-layout-horizontal","26":"has-no-thumbnails"},"_links":{"self":[{"href":"https:\/\/ellypara.com\/index.php\/wp-json\/wp\/v2\/product\/406","targetHints":{"allow":["GET"]}}],"collection":[{"href":"https:\/\/ellypara.com\/index.php\/wp-json\/wp\/v2\/product"}],"about":[{"href":"https:\/\/ellypara.com\/index.php\/wp-json\/wp\/v2\/types\/product"}],"replies":[{"embeddable":true,"href":"https:\/\/ellypara.com\/index.php\/wp-json\/wp\/v2\/comments?post=406"}],"wp:featuredmedia":[{"embeddable":true,"href":"https:\/\/ellypara.com\/index.php\/wp-json\/wp\/v2\/media\/407"}],"wp:attachment":[{"href":"https:\/\/ellypara.com\/index.php\/wp-json\/wp\/v2\/media?parent=406"}],"wp:term":[{"taxonomy":"product_brand","embeddable":true,"href":"https:\/\/ellypara.com\/index.php\/wp-json\/wp\/v2\/product_brand?post=406"},{"taxonomy":"product_cat","embeddable":true,"href":"https:\/\/ellypara.com\/index.php\/wp-json\/wp\/v2\/product_cat?post=406"},{"taxonomy":"product_tag","embeddable":true,"href":"https:\/\/ellypara.com\/index.php\/wp-json\/wp\/v2\/product_tag?post=406"}],"curies":[{"name":"wp","href":"https:\/\/api.w.org\/{rel}","templated":true}]}}