{"id":408,"date":"2025-01-20T10:32:50","date_gmt":"2025-01-20T09:32:50","guid":{"rendered":"https:\/\/ellypara.com\/?post_type=product&#038;p=408"},"modified":"2025-02-01T17:51:47","modified_gmt":"2025-02-01T16:51:47","slug":"mustela-creme-change-bio-75ml","status":"publish","type":"product","link":"https:\/\/ellypara.com\/index.php\/produit\/mustela-creme-change-bio-75ml\/","title":{"rendered":"Mustela Cr\u00e8me Change Bio 75ml"},"content":{"rendered":"<p>La\u00a0<strong>cr\u00e8me change Bio de Mustela<\/strong>\u00a0est utilisable\u00a0<strong>d\u00e8s la naissance<\/strong>. Elle est formul\u00e9e \u00e0 l\u2019huile d\u2019olive issue de l\u2019agriculture biologique, et provenant d\u2019oliveraies de N\u00eemes. Il est v\u00e9gan.<\/p>\n<p>En raison de sa finesse et de sa fragilit\u00e9, la peau du b\u00e9b\u00e9 est particuli\u00e8re. Elle n\u2019est pas aussi bien prot\u00e9g\u00e9e que celle des adultes, ne disposant pas du m\u00eame film hydro-lipidique. A cela s\u2019ajoute le fait que les b\u00e9b\u00e9s peuvent\u00a0avoir une transpiration tr\u00e8s abondante, susceptible de provoquer des irritations.\u00a0La\u00a0<strong>zone du si\u00e8ge<\/strong>\u00a0est sujette \u00e0 des conditions susceptibles de provoquer des rougeurs et d\u2019ab\u00eemer la peau. En effet, elle est en permanence au contact de la couche, elle subit les\u00a0<strong>agressions<\/strong>\u00a0dues au contact des urines et des selles\u2026 Elle n\u00e9cessite des soins sp\u00e9cifiques.<\/p>\n<p>La\u00a0<strong>cr\u00e8me change Bio de Mustela<\/strong>\u00a0va permettre de\u00a0<strong>r\u00e9parer la peau du si\u00e8ge et de la prot\u00e9ger<\/strong>. Elle contient de l\u2019oxyde de zinc, qui va avoir une action absorbante et ainsi lutter contre l\u2019humidit\u00e9. Elle int\u00e8gre un d\u00e9riv\u00e9 de vitamine F qui va agir contre les irritations. Sa glyc\u00e9rine va prot\u00e9ger la peau. L\u2019aloe vera et l\u2019huile de graine de tournesol vont avoir une action apaisante, r\u00e9g\u00e9n\u00e9ratrice et cicatrisante, en enfin l\u2019huile d\u2019olive, extraite \u00e0 froid, riche en acides gras, va adoucir, nourrir et prot\u00e9ger la peau. La\u00a0<strong>cr\u00e8me change Bio de Mustela<\/strong>\u00a0va d\u00e9poser un film protecteur sur la peau. Elle permet de r\u00e9duire les rougeurs existantes et de pr\u00e9venir leur apparition. Elle est sans odeur, d\u2019application facile et elle ne laisse pas de taches sur les v\u00eatements.<\/p>\n<p><strong>Caract\u00e9ristiques :<\/strong><\/p>\n<ul>\n<li>V\u00e9gan<\/li>\n<li>D\u00e8s la naissance.<\/li>\n<li>Test\u00e9 dermatologiquement.<\/li>\n<\/ul>\n<p>Et pour r\u00e9aliser la toilette de b\u00e9b\u00e9 au quotidien, Mustela vous propose le\u00a0Gel lavant bio Corps et cheveux Mustela.<\/p>\n<p>&nbsp;<\/p>\n<p><strong>CONSEILS D\u2019UTILISATION<\/strong><\/p>\n<p>Appliquer sur les fesses s\u00e8ches et propres de l\u2019enfant.<br \/>\nUtiliser en couche \u00e9paisse.<\/p>\n<p><strong>COMPOSITION<\/strong><\/p>\n<p>Aqua (Water), Helianthus Annuus (Sunflower) Seed oil*, Zinc Oxide, Polyglyceryll-2 Dipolyhydroxystearate, Glycerin, Helianthus Annuus (Sunflower) Seed Oil Unsaponifiables*, Polyglyceryl-3 Diisostearate, Olea Europaea (Olive) Fruit Oil*, Gluconolactone, Magnesium Sulfate, Ethyl Linoleate, Sodium Benzoate, Levulinic Acid, Aloe Barbadensis Leaf Juice Powder*, Sodium Levulinate, Calcium Gluconate.<br \/>\n*Ingr\u00e9dients issus de l\u2019agriculture biologique.<\/p>\n","protected":false},"excerpt":{"rendered":"<div class=\"product-short-description\">\n<p>La\u00a0<strong>cr\u00e8me change Bio de Mustela<\/strong>\u00a0est utilisable\u00a0<strong>d\u00e8s la naissance<\/strong>. Elle est formul\u00e9e \u00e0 l\u2019huile d\u2019olive issue de l\u2019agriculture biologique, et provenant d\u2019oliveraies de N\u00eemes. Il est vegan.<\/p>\n<\/div>\n<form class=\"cart\" action=\"https:\/\/www.maparatunisie.tn\/produit\/mustela-creme-change-bio75ml\/\" enctype=\"multipart\/form-data\" method=\"post\">\n<div class=\"ux-quantity quantity buttons_added\"><\/div>\n<\/form>\n","protected":false},"featured_media":409,"comment_status":"open","ping_status":"closed","template":"","meta":{"ocean_post_layout":"","ocean_both_sidebars_style":"","ocean_both_sidebars_content_width":0,"ocean_both_sidebars_sidebars_width":0,"ocean_sidebar":"0","ocean_second_sidebar":"0","ocean_disable_margins":"enable","ocean_add_body_class":"","ocean_shortcode_before_top_bar":"","ocean_shortcode_after_top_bar":"","ocean_shortcode_before_header":"","ocean_shortcode_after_header":"","ocean_has_shortcode":"","ocean_shortcode_after_title":"","ocean_shortcode_before_footer_widgets":"","ocean_shortcode_after_footer_widgets":"","ocean_shortcode_before_footer_bottom":"","ocean_shortcode_after_footer_bottom":"","ocean_display_top_bar":"default","ocean_display_header":"default","ocean_header_style":"","ocean_center_header_left_menu":"0","ocean_custom_header_template":"0","ocean_custom_logo":0,"ocean_custom_retina_logo":0,"ocean_custom_logo_max_width":0,"ocean_custom_logo_tablet_max_width":0,"ocean_custom_logo_mobile_max_width":0,"ocean_custom_logo_max_height":0,"ocean_custom_logo_tablet_max_height":0,"ocean_custom_logo_mobile_max_height":0,"ocean_header_custom_menu":"0","ocean_menu_typo_font_family":"0","ocean_menu_typo_font_subset":"","ocean_menu_typo_font_size":0,"ocean_menu_typo_font_size_tablet":0,"ocean_menu_typo_font_size_mobile":0,"ocean_menu_typo_font_size_unit":"px","ocean_menu_typo_font_weight":"","ocean_menu_typo_font_weight_tablet":"","ocean_menu_typo_font_weight_mobile":"","ocean_menu_typo_transform":"","ocean_menu_typo_transform_tablet":"","ocean_menu_typo_transform_mobile":"","ocean_menu_typo_line_height":0,"ocean_menu_typo_line_height_tablet":0,"ocean_menu_typo_line_height_mobile":0,"ocean_menu_typo_line_height_unit":"","ocean_menu_typo_spacing":0,"ocean_menu_typo_spacing_tablet":0,"ocean_menu_typo_spacing_mobile":0,"ocean_menu_typo_spacing_unit":"","ocean_menu_link_color":"","ocean_menu_link_color_hover":"","ocean_menu_link_color_active":"","ocean_menu_link_background":"","ocean_menu_link_hover_background":"","ocean_menu_link_active_background":"","ocean_menu_social_links_bg":"","ocean_menu_social_hover_links_bg":"","ocean_menu_social_links_color":"","ocean_menu_social_hover_links_color":"","ocean_disable_title":"default","ocean_disable_heading":"default","ocean_post_title":"","ocean_post_subheading":"","ocean_post_title_style":"","ocean_post_title_background_color":"","ocean_post_title_background":0,"ocean_post_title_bg_image_position":"","ocean_post_title_bg_image_attachment":"","ocean_post_title_bg_image_repeat":"","ocean_post_title_bg_image_size":"","ocean_post_title_height":0,"ocean_post_title_bg_overlay":0.5,"ocean_post_title_bg_overlay_color":"","ocean_disable_breadcrumbs":"default","ocean_breadcrumbs_color":"","ocean_breadcrumbs_separator_color":"","ocean_breadcrumbs_links_color":"","ocean_breadcrumbs_links_hover_color":"","ocean_display_footer_widgets":"default","ocean_display_footer_bottom":"default","ocean_custom_footer_template":"0"},"product_brand":[],"product_cat":[24,58,57],"product_tag":[],"class_list":{"0":"post-408","1":"product","2":"type-product","3":"status-publish","4":"has-post-thumbnail","6":"product_cat-bebe-et-maman","7":"product_cat-change-de-bebe","8":"product_cat-toilette-et-soin-bebe","10":"entry","11":"has-media","13":"first","14":"instock","15":"taxable","16":"shipping-taxable","17":"purchasable","18":"product-type-simple","19":"has-product-nav","20":"col","21":"span_1_of_3","22":"owp-content-center","23":"owp-thumbs-layout-horizontal","24":"owp-btn-normal","25":"owp-tabs-layout-horizontal","26":"has-no-thumbnails"},"_links":{"self":[{"href":"https:\/\/ellypara.com\/index.php\/wp-json\/wp\/v2\/product\/408","targetHints":{"allow":["GET"]}}],"collection":[{"href":"https:\/\/ellypara.com\/index.php\/wp-json\/wp\/v2\/product"}],"about":[{"href":"https:\/\/ellypara.com\/index.php\/wp-json\/wp\/v2\/types\/product"}],"replies":[{"embeddable":true,"href":"https:\/\/ellypara.com\/index.php\/wp-json\/wp\/v2\/comments?post=408"}],"wp:featuredmedia":[{"embeddable":true,"href":"https:\/\/ellypara.com\/index.php\/wp-json\/wp\/v2\/media\/409"}],"wp:attachment":[{"href":"https:\/\/ellypara.com\/index.php\/wp-json\/wp\/v2\/media?parent=408"}],"wp:term":[{"taxonomy":"product_brand","embeddable":true,"href":"https:\/\/ellypara.com\/index.php\/wp-json\/wp\/v2\/product_brand?post=408"},{"taxonomy":"product_cat","embeddable":true,"href":"https:\/\/ellypara.com\/index.php\/wp-json\/wp\/v2\/product_cat?post=408"},{"taxonomy":"product_tag","embeddable":true,"href":"https:\/\/ellypara.com\/index.php\/wp-json\/wp\/v2\/product_tag?post=408"}],"curies":[{"name":"wp","href":"https:\/\/api.w.org\/{rel}","templated":true}]}}