{"id":422,"date":"2025-01-20T11:15:36","date_gmt":"2025-01-20T10:15:36","guid":{"rendered":"https:\/\/ellypara.com\/?post_type=product&#038;p=422"},"modified":"2025-01-20T11:15:36","modified_gmt":"2025-01-20T10:15:36","slug":"nuk-liquide-vaisselle-500ml","status":"publish","type":"product","link":"https:\/\/ellypara.com\/index.php\/produit\/nuk-liquide-vaisselle-500ml\/","title":{"rendered":"NUK Liquide Vaisselle 500ml"},"content":{"rendered":"<p>NUK<br \/>\nLiquide vaisselle<br \/>\nSp\u00e9cial Biberons et T\u00e9tines<br \/>\npH neutre, sans parfum et colorants<br \/>\n500ml<\/p>\n<p>Au cours des premiers mois de sa vie, l\u2019alimentation d\u2019un b\u00e9b\u00e9 est avant tout du lait et de la pur\u00e9e. Apr\u00e8s les repas, des r\u00e9sidus restent sur les biberons, les t\u00e9tines, les tasses et les assiettes. Ainsi, les germes, les bact\u00e9ries et les mauvaises odeurs peuvent s\u2019y accumuler.<\/p>\n<p>Le\u00a0<strong>nettoyant pour biberons NUK<\/strong>\u00a0a \u00e9t\u00e9 sp\u00e9cialement con\u00e7u pour\u00a0<strong>nettoyer les produits pour b\u00e9b\u00e9s<\/strong>. La formulation est compos\u00e9e d\u2019<strong>ingr\u00e9dients naturels<\/strong>\u00a0: des enzymes sp\u00e9cifiques \u00e9liminent de mani\u00e8re fiable les traces de prot\u00e9ines de lait, de pur\u00e9e ou de jus.<\/p>\n<p>Le nettoyant pour biberons NUK a une consistance fine qui lui permet de se disperser rapidement. Les prot\u00e9ines restantes sont ouvertes par les enzymes et peuvent \u00eatre facilement rinc\u00e9es compl\u00e8tement. Le liquide nettoyant biberons 500ml est sans parfums et ni colorants. Cela signifie que vous pouvez nettoyer les tasses et les assiettes de b\u00e9b\u00e9, les jouets lavables et les autres objets qui entrent en contact avec la bouche de votre b\u00e9b\u00e9.<\/p>\n<p><strong>COMPOSITIONS &amp; INGR\u00c9DIENTS<\/strong><\/p>\n<p>La liste des ingr\u00e9dients peut \u00eatre soumise \u00e0 des variations, nous vous conseillons de toujours v\u00e9rifier la liste figurant sur le produit achet\u00e9.<\/p>\n<p>Formule INCI : agents tensioactifs aniotiques, non ioniques inf\u00e9rieurs \u00e0 5%. Contient des enzymes, de l\u2019acide lactique, du benzoate de sodium.<\/p>\n<p><strong>Liquide vaisselle Biberon &amp; T\u00e9tine 500 ml de Nuk<\/strong><\/p>\n<p>Optez pour ce liquide vaisselle Nuk, sp\u00e9cialement con\u00e7u pour les biberons et les t\u00e9tines.<\/p>\n<p><strong>Caract\u00e9ristiques\u00a0<\/strong>:<\/p>\n<ul>\n<li>Sp\u00e9cialement pour les biberons et les t\u00e9tines<\/li>\n<li>Des ingr\u00e9dients naturels, sans parfums ni colorants<\/li>\n<li>Particuli\u00e8rement efficace sur le lait, la pur\u00e9e et les jus<\/li>\n<li>Facile \u00e0 rincer \u2013 pH neutre (test\u00e9 sous contr\u00f4le dermatologique)<\/li>\n<\/ul>\n<p><strong>Contenance\u00a0<\/strong>: 500 ml<\/p>\n<p><strong>Ingr\u00e9dients<\/strong>\u00a0(INCI-\/IUPAC-Names) : Aqua Coco Glucosid Sodium Laureth Sulfate Formic Acid Potassium Sorbate Calcium Chloride Citric Acid Subtilisin Mannanase Pectinase<\/p>\n","protected":false},"excerpt":{"rendered":"<div class=\"product-short-description\">\n<p>Au cours des premiers mois de sa vie, l\u2019alimentation d\u2019un b\u00e9b\u00e9 est avant tout du lait et de la pur\u00e9e. Apr\u00e8s les repas, des r\u00e9sidus restent sur les biberons, les t\u00e9tines, les tasses et les assiettes. Ainsi, les germes, les bact\u00e9ries et les mauvaises odeurs peuvent s\u2019y accumuler.<\/p>\n<\/div>\n<form class=\"cart\" action=\"https:\/\/www.maparatunisie.tn\/produit\/nuk-liquide-vaisselle-500ml\/\" enctype=\"multipart\/form-data\" method=\"post\">\n<div class=\"ux-quantity quantity buttons_added\"><\/div>\n<\/form>\n","protected":false},"featured_media":423,"comment_status":"open","ping_status":"closed","template":"","meta":{"ocean_post_layout":"","ocean_both_sidebars_style":"","ocean_both_sidebars_content_width":0,"ocean_both_sidebars_sidebars_width":0,"ocean_sidebar":"0","ocean_second_sidebar":"0","ocean_disable_margins":"enable","ocean_add_body_class":"","ocean_shortcode_before_top_bar":"","ocean_shortcode_after_top_bar":"","ocean_shortcode_before_header":"","ocean_shortcode_after_header":"","ocean_has_shortcode":"","ocean_shortcode_after_title":"","ocean_shortcode_before_footer_widgets":"","ocean_shortcode_after_footer_widgets":"","ocean_shortcode_before_footer_bottom":"","ocean_shortcode_after_footer_bottom":"","ocean_display_top_bar":"default","ocean_display_header":"default","ocean_header_style":"","ocean_center_header_left_menu":"0","ocean_custom_header_template":"0","ocean_custom_logo":0,"ocean_custom_retina_logo":0,"ocean_custom_logo_max_width":0,"ocean_custom_logo_tablet_max_width":0,"ocean_custom_logo_mobile_max_width":0,"ocean_custom_logo_max_height":0,"ocean_custom_logo_tablet_max_height":0,"ocean_custom_logo_mobile_max_height":0,"ocean_header_custom_menu":"0","ocean_menu_typo_font_family":"0","ocean_menu_typo_font_subset":"","ocean_menu_typo_font_size":0,"ocean_menu_typo_font_size_tablet":0,"ocean_menu_typo_font_size_mobile":0,"ocean_menu_typo_font_size_unit":"px","ocean_menu_typo_font_weight":"","ocean_menu_typo_font_weight_tablet":"","ocean_menu_typo_font_weight_mobile":"","ocean_menu_typo_transform":"","ocean_menu_typo_transform_tablet":"","ocean_menu_typo_transform_mobile":"","ocean_menu_typo_line_height":0,"ocean_menu_typo_line_height_tablet":0,"ocean_menu_typo_line_height_mobile":0,"ocean_menu_typo_line_height_unit":"","ocean_menu_typo_spacing":0,"ocean_menu_typo_spacing_tablet":0,"ocean_menu_typo_spacing_mobile":0,"ocean_menu_typo_spacing_unit":"","ocean_menu_link_color":"","ocean_menu_link_color_hover":"","ocean_menu_link_color_active":"","ocean_menu_link_background":"","ocean_menu_link_hover_background":"","ocean_menu_link_active_background":"","ocean_menu_social_links_bg":"","ocean_menu_social_hover_links_bg":"","ocean_menu_social_links_color":"","ocean_menu_social_hover_links_color":"","ocean_disable_title":"default","ocean_disable_heading":"default","ocean_post_title":"","ocean_post_subheading":"","ocean_post_title_style":"","ocean_post_title_background_color":"","ocean_post_title_background":0,"ocean_post_title_bg_image_position":"","ocean_post_title_bg_image_attachment":"","ocean_post_title_bg_image_repeat":"","ocean_post_title_bg_image_size":"","ocean_post_title_height":0,"ocean_post_title_bg_overlay":0.5,"ocean_post_title_bg_overlay_color":"","ocean_disable_breadcrumbs":"default","ocean_breadcrumbs_color":"","ocean_breadcrumbs_separator_color":"","ocean_breadcrumbs_links_color":"","ocean_breadcrumbs_links_hover_color":"","ocean_display_footer_widgets":"default","ocean_display_footer_bottom":"default","ocean_custom_footer_template":"0"},"product_brand":[],"product_cat":[24,59],"product_tag":[],"class_list":{"0":"post-422","1":"product","2":"type-product","3":"status-publish","4":"has-post-thumbnail","6":"product_cat-bebe-et-maman","7":"product_cat-puericulture","9":"entry","10":"has-media","12":"first","13":"instock","14":"taxable","15":"shipping-taxable","16":"purchasable","17":"product-type-simple","18":"has-product-nav","19":"col","20":"span_1_of_3","21":"owp-content-center","22":"owp-thumbs-layout-horizontal","23":"owp-btn-normal","24":"owp-tabs-layout-horizontal","25":"has-no-thumbnails"},"_links":{"self":[{"href":"https:\/\/ellypara.com\/index.php\/wp-json\/wp\/v2\/product\/422","targetHints":{"allow":["GET"]}}],"collection":[{"href":"https:\/\/ellypara.com\/index.php\/wp-json\/wp\/v2\/product"}],"about":[{"href":"https:\/\/ellypara.com\/index.php\/wp-json\/wp\/v2\/types\/product"}],"replies":[{"embeddable":true,"href":"https:\/\/ellypara.com\/index.php\/wp-json\/wp\/v2\/comments?post=422"}],"wp:featuredmedia":[{"embeddable":true,"href":"https:\/\/ellypara.com\/index.php\/wp-json\/wp\/v2\/media\/423"}],"wp:attachment":[{"href":"https:\/\/ellypara.com\/index.php\/wp-json\/wp\/v2\/media?parent=422"}],"wp:term":[{"taxonomy":"product_brand","embeddable":true,"href":"https:\/\/ellypara.com\/index.php\/wp-json\/wp\/v2\/product_brand?post=422"},{"taxonomy":"product_cat","embeddable":true,"href":"https:\/\/ellypara.com\/index.php\/wp-json\/wp\/v2\/product_cat?post=422"},{"taxonomy":"product_tag","embeddable":true,"href":"https:\/\/ellypara.com\/index.php\/wp-json\/wp\/v2\/product_tag?post=422"}],"curies":[{"name":"wp","href":"https:\/\/api.w.org\/{rel}","templated":true}]}}