{"id":433,"date":"2025-01-20T11:52:29","date_gmt":"2025-01-20T10:52:29","guid":{"rendered":"https:\/\/ellypara.com\/?post_type=product&#038;p=433"},"modified":"2025-02-01T17:37:32","modified_gmt":"2025-02-01T16:37:32","slug":"beurer-tire-lait-electrique-by-40","status":"publish","type":"product","link":"https:\/\/ellypara.com\/index.php\/produit\/beurer-tire-lait-electrique-by-40\/","title":{"rendered":"BEURER Tire Lait Electrique BY 40"},"content":{"rendered":"<p><strong>Ce tire-lait \u00e9lectrique simule le processus naturel de t\u00e9t\u00e9e et rend lutilisation plus agr\u00e9able. Il est \u00e9quip\u00e9 dune fonction m\u00e9moire pour un mode individuel optimal.<\/strong><\/p>\n<p>Ce\u00a0<strong>Tire-lait \u00e9lectrique classique\u00a0Beurer BY40<\/strong>\u00a0est l\u2019outil du quotidien id\u00e9al pour les nouvelles mamans. Dot\u00e9 \u00e0 la fois d\u2019un confort et d\u2019une simplicit\u00e9 d\u2019utilisation, cet appareil vous fera b\u00e9n\u00e9ficier d\u2019une haute technologie d\u2019aspiration sp\u00e9cialement con\u00e7ue pour \u00eatre sans douleurs.<\/p>\n<p>Cet appareil dispose d\u2019un design compact ainsi que de que 10 niveaux de stimulation et 10 niveaux d\u2019aspiration, afin d\u2019adapter chacune de vos s\u00e9ances \u00e0 vos besoins. Gr\u00e2ce \u00e0 des coussins en silicone doux au toucher, ainsi qu\u2019un \u00e9cran \u00e9clair\u00e9 et lisible, ce\u00a0tire-lait\u00a0vous assure une utilisation pratique et simplifi\u00e9e.<\/p>\n<p>Le\u00a0<strong>Tire-lait \u00e9lectrique classique Beurer BY40<\/strong>\u00a0est compatible avec les bouteilles Avent et\u00a0NUK, et il vous est fournit avec une bouteille et ses bouchons correspondants. Gr\u00e2ce \u00e0 des pieds en caoutchouc antid\u00e9rapants et r\u00e9sistants \u00e0 l\u2019abrasion, il vous sera ainsi plus ais\u00e9 de disposer et d\u2019entretenir votre mat\u00e9riel.<\/p>\n<p>Cet appareil novateur dispose d\u2019une fonction m\u00e9moire, vous permettant d\u2019enregistrer vos pr\u00e9c\u00e9dentes donn\u00e9es et ainsi entretenir un usage ainsi qu\u2019un suivi individualis\u00e9.<\/p>\n<ul>\n<li>Simulation du processus naturel de t\u00e9t\u00e9e<\/li>\n<li>Tr\u00e8s confortable gr\u00e2ce \u00e0 10 niveaux de stimulation et 10 niveaux de pompage<\/li>\n<li>Technologie du vide<\/li>\n<li>Fonction m\u00e9moire pour un mode individuel optimal<\/li>\n<li>\u00c9cran \u00e0 \u00e9clairage tr\u00e8s clair<\/li>\n<li>Assemblage des pi\u00e8ces ais\u00e9 lors de lutilisation<\/li>\n<li>Avec affichage de la dur\u00e9e dutilisation<\/li>\n<li>Design compact pour une manipulation ais\u00e9e<\/li>\n<li>Avec biberons et bouchons \u00e0 vis adapt\u00e9s pour biberons<\/li>\n<li>Coussinet en silicone (taille normale) avec surface douce pour une utilisation agr\u00e9able<\/li>\n<li>Pieds en caoutchouc antid\u00e9rapants et anti-abrasion pour une bonne stabilit\u00e9<\/li>\n<li>Accessoires pouvant \u00eatre d\u00e9sinfect\u00e9s<\/li>\n<li>Produit m\u00e9dical<\/li>\n<li>Arr\u00eat automatique apr\u00e8s 30 min<\/li>\n<li>Indicateur de changement des piles<\/li>\n<\/ul>\n<p><strong>Contenu :<\/strong><\/p>\n<ul>\n<li>Tire-lait (moteur)<\/li>\n<li>Tuyau en silicone<\/li>\n<li>Embout de pompe avec membrane et soupape en silicone<\/li>\n<li>Coussinet en silicone (taille normale)<\/li>\n<li>Biberon<\/li>\n<li>Couvercle pour biberon<\/li>\n<li>2 adaptateurs pour biberons Avent et NUK<\/li>\n<li>Prise<\/li>\n<li>4 piles 1,5 V, type AA<\/li>\n<li>Mode d\u2019emploi<\/li>\n<\/ul>\n","protected":false},"excerpt":{"rendered":"<div class=\"product-short-description\">\n<p>Tire-Lait Electrique BY 40 de Beurer Ce tire-lait \u00e9lectrique de Beurer simule le processus naturel de t\u00e9t\u00e9e et rend l&#8217;utilisation plus agr\u00e9able.<\/p>\n<\/div>\n<form class=\"cart\" action=\"https:\/\/www.maparatunisie.tn\/produit\/beurer-tire-lait-electrique-by-40\/\" enctype=\"multipart\/form-data\" method=\"post\">\n<div class=\"ux-quantity quantity buttons_added\"><\/div>\n<\/form>\n","protected":false},"featured_media":434,"comment_status":"open","ping_status":"closed","template":"","meta":{"ocean_post_layout":"","ocean_both_sidebars_style":"","ocean_both_sidebars_content_width":0,"ocean_both_sidebars_sidebars_width":0,"ocean_sidebar":"0","ocean_second_sidebar":"0","ocean_disable_margins":"enable","ocean_add_body_class":"","ocean_shortcode_before_top_bar":"","ocean_shortcode_after_top_bar":"","ocean_shortcode_before_header":"","ocean_shortcode_after_header":"","ocean_has_shortcode":"","ocean_shortcode_after_title":"","ocean_shortcode_before_footer_widgets":"","ocean_shortcode_after_footer_widgets":"","ocean_shortcode_before_footer_bottom":"","ocean_shortcode_after_footer_bottom":"","ocean_display_top_bar":"default","ocean_display_header":"default","ocean_header_style":"","ocean_center_header_left_menu":"0","ocean_custom_header_template":"0","ocean_custom_logo":0,"ocean_custom_retina_logo":0,"ocean_custom_logo_max_width":0,"ocean_custom_logo_tablet_max_width":0,"ocean_custom_logo_mobile_max_width":0,"ocean_custom_logo_max_height":0,"ocean_custom_logo_tablet_max_height":0,"ocean_custom_logo_mobile_max_height":0,"ocean_header_custom_menu":"0","ocean_menu_typo_font_family":"0","ocean_menu_typo_font_subset":"","ocean_menu_typo_font_size":0,"ocean_menu_typo_font_size_tablet":0,"ocean_menu_typo_font_size_mobile":0,"ocean_menu_typo_font_size_unit":"px","ocean_menu_typo_font_weight":"","ocean_menu_typo_font_weight_tablet":"","ocean_menu_typo_font_weight_mobile":"","ocean_menu_typo_transform":"","ocean_menu_typo_transform_tablet":"","ocean_menu_typo_transform_mobile":"","ocean_menu_typo_line_height":0,"ocean_menu_typo_line_height_tablet":0,"ocean_menu_typo_line_height_mobile":0,"ocean_menu_typo_line_height_unit":"","ocean_menu_typo_spacing":0,"ocean_menu_typo_spacing_tablet":0,"ocean_menu_typo_spacing_mobile":0,"ocean_menu_typo_spacing_unit":"","ocean_menu_link_color":"","ocean_menu_link_color_hover":"","ocean_menu_link_color_active":"","ocean_menu_link_background":"","ocean_menu_link_hover_background":"","ocean_menu_link_active_background":"","ocean_menu_social_links_bg":"","ocean_menu_social_hover_links_bg":"","ocean_menu_social_links_color":"","ocean_menu_social_hover_links_color":"","ocean_disable_title":"default","ocean_disable_heading":"default","ocean_post_title":"","ocean_post_subheading":"","ocean_post_title_style":"","ocean_post_title_background_color":"","ocean_post_title_background":0,"ocean_post_title_bg_image_position":"","ocean_post_title_bg_image_attachment":"","ocean_post_title_bg_image_repeat":"","ocean_post_title_bg_image_size":"","ocean_post_title_height":0,"ocean_post_title_bg_overlay":0.5,"ocean_post_title_bg_overlay_color":"","ocean_disable_breadcrumbs":"default","ocean_breadcrumbs_color":"","ocean_breadcrumbs_separator_color":"","ocean_breadcrumbs_links_color":"","ocean_breadcrumbs_links_hover_color":"","ocean_display_footer_widgets":"default","ocean_display_footer_bottom":"default","ocean_custom_footer_template":"0"},"product_brand":[],"product_cat":[26,24,60],"product_tag":[],"class_list":{"0":"post-433","1":"product","2":"type-product","3":"status-publish","4":"has-post-thumbnail","6":"product_cat-promo","7":"product_cat-bebe-et-maman","8":"product_cat-maman-grossesse-et-allaitement","10":"entry","11":"has-media","13":"first","14":"instock","15":"sale","16":"taxable","17":"shipping-taxable","18":"purchasable","19":"product-type-simple","20":"has-product-nav","21":"col","22":"span_1_of_3","23":"owp-content-center","24":"owp-thumbs-layout-horizontal","25":"owp-btn-normal","26":"owp-tabs-layout-horizontal"},"_links":{"self":[{"href":"https:\/\/ellypara.com\/index.php\/wp-json\/wp\/v2\/product\/433","targetHints":{"allow":["GET"]}}],"collection":[{"href":"https:\/\/ellypara.com\/index.php\/wp-json\/wp\/v2\/product"}],"about":[{"href":"https:\/\/ellypara.com\/index.php\/wp-json\/wp\/v2\/types\/product"}],"replies":[{"embeddable":true,"href":"https:\/\/ellypara.com\/index.php\/wp-json\/wp\/v2\/comments?post=433"}],"wp:featuredmedia":[{"embeddable":true,"href":"https:\/\/ellypara.com\/index.php\/wp-json\/wp\/v2\/media\/434"}],"wp:attachment":[{"href":"https:\/\/ellypara.com\/index.php\/wp-json\/wp\/v2\/media?parent=433"}],"wp:term":[{"taxonomy":"product_brand","embeddable":true,"href":"https:\/\/ellypara.com\/index.php\/wp-json\/wp\/v2\/product_brand?post=433"},{"taxonomy":"product_cat","embeddable":true,"href":"https:\/\/ellypara.com\/index.php\/wp-json\/wp\/v2\/product_cat?post=433"},{"taxonomy":"product_tag","embeddable":true,"href":"https:\/\/ellypara.com\/index.php\/wp-json\/wp\/v2\/product_tag?post=433"}],"curies":[{"name":"wp","href":"https:\/\/api.w.org\/{rel}","templated":true}]}}