{"id":445,"date":"2025-01-20T12:19:11","date_gmt":"2025-01-20T11:19:11","guid":{"rendered":"https:\/\/ellypara.com\/?post_type=product&#038;p=445"},"modified":"2025-02-01T19:02:58","modified_gmt":"2025-02-01T18:02:58","slug":"aktiv-immun-junior-multi-vitamine-sirop-200ml","status":"publish","type":"product","link":"https:\/\/ellypara.com\/index.php\/produit\/aktiv-immun-junior-multi-vitamine-sirop-200ml\/","title":{"rendered":"AKTIV Immun Junior Multi Vitamine Sirop 200ML"},"content":{"rendered":"<p><b>AKTIV IMMUN JUNIOR MULTI VITAMINE Sirop 200ML<\/b><\/p>\n<p>AKTIV IMMUN JUNIOR MULTI VITAMINE Sirop pour renforcer les d\u00e9fenses et soutenir le fonctionnement du syst\u00e8me immunitaire. C&#8217;est une solution buvable au d\u00e9licieux go\u00fbt d&#8217;ananas contribue \u00e0 :<\/p>\n<ul>\n<li>La fonction normale du syst\u00e8me immunitaire : vitamines A, C, D ainsi que s\u00e9l\u00e9nium et zinc<\/li>\n<li>La protection des cellules contre le stress oxydatif : vitamines C, E, zinc et s\u00e9l\u00e9nium<\/li>\n<li>Le maintien des muqueuses normales : vitamine A<\/li>\n<li>Le soutien du m\u00e9tabolisme normal de la vitamine A : zinc<\/li>\n<\/ul>\n<p><b><span style=\"color: #000000;\">Composition :\u00a0<\/span><\/b><\/p>\n<p>Palmitate de r\u00e9tinyle, chol\u00e9calcif\u00e9rol, ac\u00e9tate de DL-alpha-tocoph\u00e9ryle, sodium-L-ascorbate, L-acide ascorbique, gluconate de zinc, s\u00e9l\u00e9nate de sodium, saccharose, eau (solvant, 64.37 %), poudre de jus d&#8217;ananas (ar\u00f4me, 2.59 %), ar\u00f4mes (0.39 %), gomme xanthane (\u00e9paississant, 0.17 %), sorbate de potassium (agent de conservation, 0.03 %), benzoate de sodium (agent de conservation, 0.02 %), b\u00eata-carot\u00e8ne (colorant, 0.01 %).<\/p>\n<div><\/div>\n<p><span style=\"color: #000000;\"><b>Conseils d&#8217;utilisation :\u00a0<\/b><\/span><\/p>\n<ul>\n<li>Les enfants \u00e0 partir de 3 ans prennent 10 ml par jour. Utiliser le bouchon-doseur pour mesurer la quantit\u00e9 requise.<\/li>\n<li>Ne pas d\u00e9passer la posologie recommand\u00e9e.<\/li>\n<li>Les compl\u00e9ments alimentaires ne peuvent pas se substituer \u00e0 une alimentation \u00e9quilibr\u00e9e et vari\u00e9e.<\/li>\n<li>Tenir hors de port\u00e9e des enfants.<\/li>\n<li>A conserver \u00e0 une temp\u00e9rature inf\u00e9rieure \u00e0 25 \u00b0C.<\/li>\n<li>A conserver au r\u00e9frig\u00e9rateur et \u00e0 consommer dans les 3 semaines apr\u00e8s ouverture.<\/li>\n<\/ul>\n","protected":false},"excerpt":{"rendered":"<p>AKTIV IMMUN JUNIOR MULTI VITAMINE Sirop pour renforcer les d\u00e9fenses et soutenir le fonctionnement du syst\u00e8me immunitaire. C&#8217;est une solution buvable au d\u00e9licieux go\u00fbt d&#8217;ananas .<\/p>\n","protected":false},"featured_media":805,"comment_status":"open","ping_status":"closed","template":"","meta":{"ocean_post_layout":"","ocean_both_sidebars_style":"","ocean_both_sidebars_content_width":0,"ocean_both_sidebars_sidebars_width":0,"ocean_sidebar":"0","ocean_second_sidebar":"0","ocean_disable_margins":"enable","ocean_add_body_class":"","ocean_shortcode_before_top_bar":"","ocean_shortcode_after_top_bar":"","ocean_shortcode_before_header":"","ocean_shortcode_after_header":"","ocean_has_shortcode":"","ocean_shortcode_after_title":"","ocean_shortcode_before_footer_widgets":"","ocean_shortcode_after_footer_widgets":"","ocean_shortcode_before_footer_bottom":"","ocean_shortcode_after_footer_bottom":"","ocean_display_top_bar":"default","ocean_display_header":"default","ocean_header_style":"","ocean_center_header_left_menu":"0","ocean_custom_header_template":"0","ocean_custom_logo":0,"ocean_custom_retina_logo":0,"ocean_custom_logo_max_width":0,"ocean_custom_logo_tablet_max_width":0,"ocean_custom_logo_mobile_max_width":0,"ocean_custom_logo_max_height":0,"ocean_custom_logo_tablet_max_height":0,"ocean_custom_logo_mobile_max_height":0,"ocean_header_custom_menu":"0","ocean_menu_typo_font_family":"0","ocean_menu_typo_font_subset":"","ocean_menu_typo_font_size":0,"ocean_menu_typo_font_size_tablet":0,"ocean_menu_typo_font_size_mobile":0,"ocean_menu_typo_font_size_unit":"px","ocean_menu_typo_font_weight":"","ocean_menu_typo_font_weight_tablet":"","ocean_menu_typo_font_weight_mobile":"","ocean_menu_typo_transform":"","ocean_menu_typo_transform_tablet":"","ocean_menu_typo_transform_mobile":"","ocean_menu_typo_line_height":0,"ocean_menu_typo_line_height_tablet":0,"ocean_menu_typo_line_height_mobile":0,"ocean_menu_typo_line_height_unit":"","ocean_menu_typo_spacing":0,"ocean_menu_typo_spacing_tablet":0,"ocean_menu_typo_spacing_mobile":0,"ocean_menu_typo_spacing_unit":"","ocean_menu_link_color":"","ocean_menu_link_color_hover":"","ocean_menu_link_color_active":"","ocean_menu_link_background":"","ocean_menu_link_hover_background":"","ocean_menu_link_active_background":"","ocean_menu_social_links_bg":"","ocean_menu_social_hover_links_bg":"","ocean_menu_social_links_color":"","ocean_menu_social_hover_links_color":"","ocean_disable_title":"default","ocean_disable_heading":"default","ocean_post_title":"","ocean_post_subheading":"","ocean_post_title_style":"","ocean_post_title_background_color":"","ocean_post_title_background":0,"ocean_post_title_bg_image_position":"","ocean_post_title_bg_image_attachment":"","ocean_post_title_bg_image_repeat":"","ocean_post_title_bg_image_size":"","ocean_post_title_height":0,"ocean_post_title_bg_overlay":0.5,"ocean_post_title_bg_overlay_color":"","ocean_disable_breadcrumbs":"default","ocean_breadcrumbs_color":"","ocean_breadcrumbs_separator_color":"","ocean_breadcrumbs_links_color":"","ocean_breadcrumbs_links_hover_color":"","ocean_display_footer_widgets":"default","ocean_display_footer_bottom":"default","ocean_custom_footer_template":"0"},"product_brand":[],"product_cat":[70,24,25,62],"product_tag":[],"class_list":{"0":"post-445","1":"product","2":"type-product","3":"status-publish","4":"has-post-thumbnail","6":"product_cat-bebe-enfant","7":"product_cat-bebe-et-maman","8":"product_cat-complements-alimentaires","9":"product_cat-complements-alimentaires-bebes-et-enfants","11":"entry","12":"has-media","14":"first","15":"instock","16":"taxable","17":"shipping-taxable","18":"purchasable","19":"product-type-simple","20":"has-product-nav","21":"col","22":"span_1_of_3","23":"owp-content-center","24":"owp-thumbs-layout-horizontal","25":"owp-btn-normal","26":"owp-tabs-layout-horizontal","27":"has-no-thumbnails"},"_links":{"self":[{"href":"https:\/\/ellypara.com\/index.php\/wp-json\/wp\/v2\/product\/445","targetHints":{"allow":["GET"]}}],"collection":[{"href":"https:\/\/ellypara.com\/index.php\/wp-json\/wp\/v2\/product"}],"about":[{"href":"https:\/\/ellypara.com\/index.php\/wp-json\/wp\/v2\/types\/product"}],"replies":[{"embeddable":true,"href":"https:\/\/ellypara.com\/index.php\/wp-json\/wp\/v2\/comments?post=445"}],"wp:featuredmedia":[{"embeddable":true,"href":"https:\/\/ellypara.com\/index.php\/wp-json\/wp\/v2\/media\/805"}],"wp:attachment":[{"href":"https:\/\/ellypara.com\/index.php\/wp-json\/wp\/v2\/media?parent=445"}],"wp:term":[{"taxonomy":"product_brand","embeddable":true,"href":"https:\/\/ellypara.com\/index.php\/wp-json\/wp\/v2\/product_brand?post=445"},{"taxonomy":"product_cat","embeddable":true,"href":"https:\/\/ellypara.com\/index.php\/wp-json\/wp\/v2\/product_cat?post=445"},{"taxonomy":"product_tag","embeddable":true,"href":"https:\/\/ellypara.com\/index.php\/wp-json\/wp\/v2\/product_tag?post=445"}],"curies":[{"name":"wp","href":"https:\/\/api.w.org\/{rel}","templated":true}]}}