{"id":451,"date":"2025-01-20T12:35:14","date_gmt":"2025-01-20T11:35:14","guid":{"rendered":"https:\/\/ellypara.com\/?post_type=product&#038;p=451"},"modified":"2025-02-01T18:30:04","modified_gmt":"2025-02-01T17:30:04","slug":"aktiv-men-30-gelules","status":"publish","type":"product","link":"https:\/\/ellypara.com\/index.php\/produit\/aktiv-men-30-gelules\/","title":{"rendered":"AKTIV Men 30 G\u00e9lules"},"content":{"rendered":"<p><strong>Doppelherz<\/strong>\u00ae<strong>\u00a0aktiv\u00a0<\/strong>a cr\u00e9\u00e9\u00a0<strong>Men Aktiv<\/strong> \u00e0 partir d\u2019une s\u00e9lection d\u2019extraits\u00a0v\u00e9g\u00e9taux, de vitamines et de min\u00e9raux connus pour leurs effets b\u00e9n\u00e9fiques sur l\u2019appareil reproducteur masculin.<\/p>\n<p><strong>Men Aktiv de Doppelherz<\/strong>\u00ae: pour les hommes souffrant de dysfonc-tionnement\u00a0\u00e9rectile mod\u00e9r\u00e9 et pour ceux qui veulent am\u00e9liorer leur libido.<\/p>\n<p><strong>Men Aktiv de Doppelherz<\/strong>\u00ae agit en deux temps:<\/p>\n<p><strong>A court terme: la caf\u00e9ine et le ginseng<\/strong>\u00a0ont un effet stimulant et \u00e9nergisant.\u00a0<strong>Le Gotu kola<\/strong>\u00a0am\u00e9liore la circulation sanguine p\u00e9riph\u00e9rique qui\u00a0irrigue les organes g\u00e9nitaux.\u00a0<strong>Le Maca<\/strong>\u00a0influence le m\u00e9tabolisme de l\u2019oxyde nitrique lib\u00e9r\u00e9 lors d\u2019une stimulation sexuelle.<\/p>\n<p><strong>A long terme:<\/strong>\u00a0<strong>le Maca<\/strong>\u00a0influence positivement le psych\u00e9. Celui-ci joue\u00a0un r\u00f4le pr\u00e9pond\u00e9rant dans la vie sexuelle en mod\u00e9rant les effets du\u00a0stress. De plus, le Maca contient d\u2019importantes quantit\u00e9s d\u2019arginine, de phytost\u00e9rols, de flavono\u00efdes et de tanins qui favorisent la fonction\u00a0du syst\u00e8me circulatoire, la transmission de l\u2019influx nerveux et la qualit\u00e9\u00a0de l\u2019\u00e9jaculat.\u00a0<strong>Le zinc\u00a0<\/strong>contribue, quant \u00e0 lui, au maintien d\u2019un taux normal de testost\u00e9rone.\u00a0<strong>Le s\u00e9l\u00e9nium<\/strong>\u00a0est important pour la formation\u00a0du sperme<\/p>\n<p><strong>Conseil d\u2019utilisation:<\/strong><\/p>\n<p>Prendre 1 g\u00e9lule par jour au repas avec suffisamment\u00a0de liquide sans m\u00e2cher.<\/p>\n<p><strong>Composition:<\/strong><\/p>\n<p>extrait sec de racine de\u00a0maca, extrait de feuilles de gotu kola, extrait sec de racines de ginseng, caf\u00e9ine, vitamine E, oxyde de zinc, s\u00e9l\u00e9nite de sodium, g\u00e9latine bovine halal, huile de soja, glyc\u00e9rine (humectant, 4.76 %), l\u00e9cithine (\u00e9mulsifiant, 1.96 %), cire d\u2019abeilles (agent de turbidit\u00e9, 1.47 %), oxyde de fer rouge (colorant, 0.59 %), bioxyde de titane 0.29 %)<\/p>\n","protected":false},"excerpt":{"rendered":"<div class=\"product-short-description\">\n<p>Pour les hommes souffrant de dysfonction \u00e9rectile mod\u00e9r\u00e9 et pour ceux qui veulent am\u00e9liorer leur libido .<\/p>\n<\/div>\n<form class=\"cart\" action=\"https:\/\/www.maparatunisie.tn\/produit\/aktiv-men-30-gelules\/\" enctype=\"multipart\/form-data\" method=\"post\">\n<div class=\"ux-quantity quantity buttons_added\"><\/div>\n<\/form>\n","protected":false},"featured_media":452,"comment_status":"open","ping_status":"closed","template":"","meta":{"ocean_post_layout":"","ocean_both_sidebars_style":"","ocean_both_sidebars_content_width":0,"ocean_both_sidebars_sidebars_width":0,"ocean_sidebar":"0","ocean_second_sidebar":"0","ocean_disable_margins":"enable","ocean_add_body_class":"","ocean_shortcode_before_top_bar":"","ocean_shortcode_after_top_bar":"","ocean_shortcode_before_header":"","ocean_shortcode_after_header":"","ocean_has_shortcode":"","ocean_shortcode_after_title":"","ocean_shortcode_before_footer_widgets":"","ocean_shortcode_after_footer_widgets":"","ocean_shortcode_before_footer_bottom":"","ocean_shortcode_after_footer_bottom":"","ocean_display_top_bar":"default","ocean_display_header":"default","ocean_header_style":"","ocean_center_header_left_menu":"0","ocean_custom_header_template":"0","ocean_custom_logo":0,"ocean_custom_retina_logo":0,"ocean_custom_logo_max_width":0,"ocean_custom_logo_tablet_max_width":0,"ocean_custom_logo_mobile_max_width":0,"ocean_custom_logo_max_height":0,"ocean_custom_logo_tablet_max_height":0,"ocean_custom_logo_mobile_max_height":0,"ocean_header_custom_menu":"0","ocean_menu_typo_font_family":"0","ocean_menu_typo_font_subset":"","ocean_menu_typo_font_size":0,"ocean_menu_typo_font_size_tablet":0,"ocean_menu_typo_font_size_mobile":0,"ocean_menu_typo_font_size_unit":"px","ocean_menu_typo_font_weight":"","ocean_menu_typo_font_weight_tablet":"","ocean_menu_typo_font_weight_mobile":"","ocean_menu_typo_transform":"","ocean_menu_typo_transform_tablet":"","ocean_menu_typo_transform_mobile":"","ocean_menu_typo_line_height":0,"ocean_menu_typo_line_height_tablet":0,"ocean_menu_typo_line_height_mobile":0,"ocean_menu_typo_line_height_unit":"","ocean_menu_typo_spacing":0,"ocean_menu_typo_spacing_tablet":0,"ocean_menu_typo_spacing_mobile":0,"ocean_menu_typo_spacing_unit":"","ocean_menu_link_color":"","ocean_menu_link_color_hover":"","ocean_menu_link_color_active":"","ocean_menu_link_background":"","ocean_menu_link_hover_background":"","ocean_menu_link_active_background":"","ocean_menu_social_links_bg":"","ocean_menu_social_hover_links_bg":"","ocean_menu_social_links_color":"","ocean_menu_social_hover_links_color":"","ocean_disable_title":"default","ocean_disable_heading":"default","ocean_post_title":"","ocean_post_subheading":"","ocean_post_title_style":"","ocean_post_title_background_color":"","ocean_post_title_background":0,"ocean_post_title_bg_image_position":"","ocean_post_title_bg_image_attachment":"","ocean_post_title_bg_image_repeat":"","ocean_post_title_bg_image_size":"","ocean_post_title_height":0,"ocean_post_title_bg_overlay":0.5,"ocean_post_title_bg_overlay_color":"","ocean_disable_breadcrumbs":"default","ocean_breadcrumbs_color":"","ocean_breadcrumbs_separator_color":"","ocean_breadcrumbs_links_color":"","ocean_breadcrumbs_links_hover_color":"","ocean_display_footer_widgets":"default","ocean_display_footer_bottom":"default","ocean_custom_footer_template":"0"},"product_brand":[],"product_cat":[25,67,65],"product_tag":[],"class_list":{"0":"post-451","1":"product","2":"type-product","3":"status-publish","4":"has-post-thumbnail","6":"product_cat-complements-alimentaires","7":"product_cat-fertilite-et-menopause","8":"product_cat-forme-et-vitalite","10":"entry","11":"has-media","13":"first","14":"instock","15":"taxable","16":"shipping-taxable","17":"purchasable","18":"product-type-simple","19":"has-product-nav","20":"col","21":"span_1_of_3","22":"owp-content-center","23":"owp-thumbs-layout-horizontal","24":"owp-btn-normal","25":"owp-tabs-layout-horizontal","26":"has-no-thumbnails"},"_links":{"self":[{"href":"https:\/\/ellypara.com\/index.php\/wp-json\/wp\/v2\/product\/451","targetHints":{"allow":["GET"]}}],"collection":[{"href":"https:\/\/ellypara.com\/index.php\/wp-json\/wp\/v2\/product"}],"about":[{"href":"https:\/\/ellypara.com\/index.php\/wp-json\/wp\/v2\/types\/product"}],"replies":[{"embeddable":true,"href":"https:\/\/ellypara.com\/index.php\/wp-json\/wp\/v2\/comments?post=451"}],"wp:featuredmedia":[{"embeddable":true,"href":"https:\/\/ellypara.com\/index.php\/wp-json\/wp\/v2\/media\/452"}],"wp:attachment":[{"href":"https:\/\/ellypara.com\/index.php\/wp-json\/wp\/v2\/media?parent=451"}],"wp:term":[{"taxonomy":"product_brand","embeddable":true,"href":"https:\/\/ellypara.com\/index.php\/wp-json\/wp\/v2\/product_brand?post=451"},{"taxonomy":"product_cat","embeddable":true,"href":"https:\/\/ellypara.com\/index.php\/wp-json\/wp\/v2\/product_cat?post=451"},{"taxonomy":"product_tag","embeddable":true,"href":"https:\/\/ellypara.com\/index.php\/wp-json\/wp\/v2\/product_tag?post=451"}],"curies":[{"name":"wp","href":"https:\/\/api.w.org\/{rel}","templated":true}]}}