{"id":455,"date":"2025-01-20T12:41:37","date_gmt":"2025-01-20T11:41:37","guid":{"rendered":"https:\/\/ellypara.com\/?post_type=product&#038;p=455"},"modified":"2025-01-20T12:41:58","modified_gmt":"2025-01-20T11:41:58","slug":"aktiv-vifertile-pour-elle-30-comprimes","status":"publish","type":"product","link":"https:\/\/ellypara.com\/index.php\/produit\/aktiv-vifertile-pour-elle-30-comprimes\/","title":{"rendered":"AKTIV Vifertile Pour Elle 30 Comprimes"},"content":{"rendered":"<p><strong>Formule sp\u00e9cifique pour soutenir la fertilit\u00e9 et la sant\u00e9 reproductive des homes<\/strong><\/p>\n<p>Lorsqu\u2019un couple essaie de concevoir, ses chances de succ\u00e8s sont d\u2019autant plus \u00e9lev\u00e9es que l\u2019hygi\u00e8ne de vie et le r\u00e9gime alimentaire sont sains.<br \/>\nEn effet, un appro-visionnement correct en nutriments sp\u00e9cifiques est requis pour maintenir la sant\u00e9 de la fonction reproductrice.<\/p>\n<p><strong>Vifertile pour Lui de Doppelherz<\/strong>\u00ae<strong>\u00a0aktiv\u00a0<\/strong>a \u00e9t\u00e9 con\u00e7u pour soutenir la sant\u00e9 reproductive des hommes. Sa formule inclue du\u00a0<strong>zinc\u00a0<\/strong>et du\u00a0<strong>s\u00e9l\u00e9nium\u00a0<\/strong>qui sont requis pour une spermatog\u00e9n\u00e8se normale.\u00a0<strong>La<\/strong>\u00a0<strong>vitamine B6<\/strong>\u00a0aide \u00e0 maintenir des taux optimaux de testost\u00e9rone.<strong>\u00a0L\u2019acide folique<\/strong>, la\u00a0<strong>vitamine B12\u00a0<\/strong>et le\u00a0<strong>fer\u00a0<\/strong>soutiennent la production des spermatozo\u00efdes, alors que la\u00a0<strong>vitamine A<\/strong>\u00a0est essentielle pour leur maturation.<\/p>\n<p><strong>Vifertile pour Lui de Doppelherz<\/strong>\u00ae<strong>\u00a0aktiv\u00a0<\/strong>contient \u00e9galement des antioxydants comme<strong>\u00a0la vitamine C, la vitamine E, la coenzyme Q10, le glutathion et le lycop\u00e8ne<\/strong>, ainsi que des nutriments bioactifs comme\u00a0<strong>la<\/strong>\u00a0<strong>L-arginine<\/strong>,\u00a0<strong>l\u2019extrait de Maca<\/strong>,\u00a0<strong>l\u2019extrait de Ginseng sib\u00e9rien\u00a0<\/strong>et\u00a0<strong>l\u2019extrait d\u2019\u00e9corce\u00a0<\/strong>de\u00a0<strong>pin maritime\u00a0<\/strong>qui ont une influence positive sur la sant\u00e9 reproductive des hommes.<\/p>\n<p><strong>Conseil d\u2019utilisation:<\/strong><\/p>\n<p>Une fois par jour, apr\u00e8s le repas, prendre 1 g\u00e9lule avec un grand verre d\u2019eau. Ne pas croquer la g\u00e9lule.<\/p>\n<p><strong>Composition:<\/strong><\/p>\n<p>tartrate de choline, hydroxypropylm\u00e9thylcellulose (agent d\u2019enrobage), vitamine C, extrait de racine de Ginseng sib\u00e9rien, phosphate de calcium (antiagglom\u00e9rant), oxyde de magn\u00e9sium, vitamine E, fumarate ferreux, L-arginine, inositol, carbonate de zinc, niacine, iodure de potassium, gluconate de mangan\u00e8se, b\u00e9ta-carot\u00e8ne, acide pantoth\u00e9nique, vitamine K, vitamine D3, gluconate de cuivre, vitamine B12, silica (agent de charge), st\u00e9arate de magn\u00e9sium (antiagglom\u00e9rant), vitamine B6, vitamine B2, vitamine B1, oxyde de fer (colorant), acide folique, dioxyde de titane (colorant), chlorure de chrome(III), s\u00e9l\u00e9nite de sodium, biotine.<\/p>\n","protected":false},"excerpt":{"rendered":"<p>Une formule compl\u00e8te pour soutenir la fertilit\u00e9 et la sant\u00e9 de la fonction reproductrice f\u00e9minine<\/p>\n<p>Pour les femmes qui veulent am\u00e9liorer leurs chances de devenir maman<\/p>\n","protected":false},"featured_media":456,"comment_status":"open","ping_status":"closed","template":"","meta":{"ocean_post_layout":"","ocean_both_sidebars_style":"","ocean_both_sidebars_content_width":0,"ocean_both_sidebars_sidebars_width":0,"ocean_sidebar":"0","ocean_second_sidebar":"0","ocean_disable_margins":"enable","ocean_add_body_class":"","ocean_shortcode_before_top_bar":"","ocean_shortcode_after_top_bar":"","ocean_shortcode_before_header":"","ocean_shortcode_after_header":"","ocean_has_shortcode":"","ocean_shortcode_after_title":"","ocean_shortcode_before_footer_widgets":"","ocean_shortcode_after_footer_widgets":"","ocean_shortcode_before_footer_bottom":"","ocean_shortcode_after_footer_bottom":"","ocean_display_top_bar":"default","ocean_display_header":"default","ocean_header_style":"","ocean_center_header_left_menu":"0","ocean_custom_header_template":"0","ocean_custom_logo":0,"ocean_custom_retina_logo":0,"ocean_custom_logo_max_width":0,"ocean_custom_logo_tablet_max_width":0,"ocean_custom_logo_mobile_max_width":0,"ocean_custom_logo_max_height":0,"ocean_custom_logo_tablet_max_height":0,"ocean_custom_logo_mobile_max_height":0,"ocean_header_custom_menu":"0","ocean_menu_typo_font_family":"0","ocean_menu_typo_font_subset":"","ocean_menu_typo_font_size":0,"ocean_menu_typo_font_size_tablet":0,"ocean_menu_typo_font_size_mobile":0,"ocean_menu_typo_font_size_unit":"px","ocean_menu_typo_font_weight":"","ocean_menu_typo_font_weight_tablet":"","ocean_menu_typo_font_weight_mobile":"","ocean_menu_typo_transform":"","ocean_menu_typo_transform_tablet":"","ocean_menu_typo_transform_mobile":"","ocean_menu_typo_line_height":0,"ocean_menu_typo_line_height_tablet":0,"ocean_menu_typo_line_height_mobile":0,"ocean_menu_typo_line_height_unit":"","ocean_menu_typo_spacing":0,"ocean_menu_typo_spacing_tablet":0,"ocean_menu_typo_spacing_mobile":0,"ocean_menu_typo_spacing_unit":"","ocean_menu_link_color":"","ocean_menu_link_color_hover":"","ocean_menu_link_color_active":"","ocean_menu_link_background":"","ocean_menu_link_hover_background":"","ocean_menu_link_active_background":"","ocean_menu_social_links_bg":"","ocean_menu_social_hover_links_bg":"","ocean_menu_social_links_color":"","ocean_menu_social_hover_links_color":"","ocean_disable_title":"default","ocean_disable_heading":"default","ocean_post_title":"","ocean_post_subheading":"","ocean_post_title_style":"","ocean_post_title_background_color":"","ocean_post_title_background":0,"ocean_post_title_bg_image_position":"","ocean_post_title_bg_image_attachment":"","ocean_post_title_bg_image_repeat":"","ocean_post_title_bg_image_size":"","ocean_post_title_height":0,"ocean_post_title_bg_overlay":0.5,"ocean_post_title_bg_overlay_color":"","ocean_disable_breadcrumbs":"default","ocean_breadcrumbs_color":"","ocean_breadcrumbs_separator_color":"","ocean_breadcrumbs_links_color":"","ocean_breadcrumbs_links_hover_color":"","ocean_display_footer_widgets":"default","ocean_display_footer_bottom":"default","ocean_custom_footer_template":"0"},"product_brand":[],"product_cat":[25,67,65],"product_tag":[],"class_list":{"0":"post-455","1":"product","2":"type-product","3":"status-publish","4":"has-post-thumbnail","6":"product_cat-complements-alimentaires","7":"product_cat-fertilite-et-menopause","8":"product_cat-forme-et-vitalite","10":"entry","11":"has-media","13":"first","14":"instock","15":"taxable","16":"shipping-taxable","17":"purchasable","18":"product-type-simple","19":"has-product-nav","20":"col","21":"span_1_of_3","22":"owp-content-center","23":"owp-thumbs-layout-horizontal","24":"owp-btn-normal","25":"owp-tabs-layout-horizontal","26":"has-no-thumbnails"},"_links":{"self":[{"href":"https:\/\/ellypara.com\/index.php\/wp-json\/wp\/v2\/product\/455","targetHints":{"allow":["GET"]}}],"collection":[{"href":"https:\/\/ellypara.com\/index.php\/wp-json\/wp\/v2\/product"}],"about":[{"href":"https:\/\/ellypara.com\/index.php\/wp-json\/wp\/v2\/types\/product"}],"replies":[{"embeddable":true,"href":"https:\/\/ellypara.com\/index.php\/wp-json\/wp\/v2\/comments?post=455"}],"wp:featuredmedia":[{"embeddable":true,"href":"https:\/\/ellypara.com\/index.php\/wp-json\/wp\/v2\/media\/456"}],"wp:attachment":[{"href":"https:\/\/ellypara.com\/index.php\/wp-json\/wp\/v2\/media?parent=455"}],"wp:term":[{"taxonomy":"product_brand","embeddable":true,"href":"https:\/\/ellypara.com\/index.php\/wp-json\/wp\/v2\/product_brand?post=455"},{"taxonomy":"product_cat","embeddable":true,"href":"https:\/\/ellypara.com\/index.php\/wp-json\/wp\/v2\/product_cat?post=455"},{"taxonomy":"product_tag","embeddable":true,"href":"https:\/\/ellypara.com\/index.php\/wp-json\/wp\/v2\/product_tag?post=455"}],"curies":[{"name":"wp","href":"https:\/\/api.w.org\/{rel}","templated":true}]}}