{"id":459,"date":"2025-01-20T12:47:17","date_gmt":"2025-01-20T11:47:17","guid":{"rendered":"https:\/\/ellypara.com\/?post_type=product&#038;p=459"},"modified":"2025-01-20T12:47:18","modified_gmt":"2025-01-20T11:47:18","slug":"aktiv-a-z-action-durable-30-comprimes","status":"publish","type":"product","link":"https:\/\/ellypara.com\/index.php\/produit\/aktiv-a-z-action-durable-30-comprimes\/","title":{"rendered":"AKTIV A-Z Action Durable 30 Comprimes"},"content":{"rendered":"<p><strong>AKTIV A-Z 30 COMPRIMES<\/strong><\/p>\n<p>C\u2019est un compl\u00e9ment alimentaire : 27 vitamines, min\u00e9raux et oligo\u00e9l\u00e9ments. Il est \u00e0 base d\u2019une s\u00e9lection de nutriments, comme la vitamine C, la vitamine E ainsi que certaines vitamines du groupe B, sont sp\u00e9cialement adapt\u00e9s \u00e0 ces besoins nutritionnels de l\u2019organisme.<\/p>\n<p>Les r\u00e9serves de l\u2019organisme en certaines vitamines et certains min\u00e9raux sont limit\u00e9es. Ainsi, lorsqu\u2019une grande quantit\u00e9 de vitamine C est ing\u00e9r\u00e9e au cours d\u2019un repas, l\u2019organisme en \u00e9limine une partie sans pouvoir l\u2019utiliser.<\/p>\n<p>Gr\u00e2ce \u00e0 un proc\u00e9d\u00e9 de fabrication sp\u00e9cial, ces comprim\u00e9s agissent comme de v\u00e9ritables r\u00e9serves nutritionnelles. Durant de longues heures, ces r\u00e9serves nutritionnelles lib\u00e8rent des nutriments essentiels parmi lesquels l\u2019organisme peut puiser continuellement.<\/p>\n<p><strong>Mode d\u2019utilisation :\u00a0<\/strong><\/p>\n<ul>\n<li>Une fois par jour, apr\u00e8s le repas, avaler un comprim\u00e9 avec un grand verre d\u2019eau.<\/li>\n<li>Ne pas croquer le comprim\u00e9.<\/li>\n<li>NB : Ne pas d\u00e9passer la posologie quotidienne recommand\u00e9e.<\/li>\n<\/ul>\n","protected":false},"excerpt":{"rendered":"<div class=\"product-short-description\">\n<p>A-Z Depot. 23 vitamines, min\u00e9raux et oligo\u00e9l\u00e9ments. Pour la sant\u00e9 et le bien-\u00eatre. Comprim\u00e9 DEPOT \u00e0 lib\u00e9ration progressive et durable. 30 comprim\u00e9s.<\/p>\n<\/div>\n","protected":false},"featured_media":460,"comment_status":"open","ping_status":"closed","template":"","meta":{"ocean_post_layout":"","ocean_both_sidebars_style":"","ocean_both_sidebars_content_width":0,"ocean_both_sidebars_sidebars_width":0,"ocean_sidebar":"0","ocean_second_sidebar":"0","ocean_disable_margins":"enable","ocean_add_body_class":"","ocean_shortcode_before_top_bar":"","ocean_shortcode_after_top_bar":"","ocean_shortcode_before_header":"","ocean_shortcode_after_header":"","ocean_has_shortcode":"","ocean_shortcode_after_title":"","ocean_shortcode_before_footer_widgets":"","ocean_shortcode_after_footer_widgets":"","ocean_shortcode_before_footer_bottom":"","ocean_shortcode_after_footer_bottom":"","ocean_display_top_bar":"default","ocean_display_header":"default","ocean_header_style":"","ocean_center_header_left_menu":"0","ocean_custom_header_template":"0","ocean_custom_logo":0,"ocean_custom_retina_logo":0,"ocean_custom_logo_max_width":0,"ocean_custom_logo_tablet_max_width":0,"ocean_custom_logo_mobile_max_width":0,"ocean_custom_logo_max_height":0,"ocean_custom_logo_tablet_max_height":0,"ocean_custom_logo_mobile_max_height":0,"ocean_header_custom_menu":"0","ocean_menu_typo_font_family":"0","ocean_menu_typo_font_subset":"","ocean_menu_typo_font_size":0,"ocean_menu_typo_font_size_tablet":0,"ocean_menu_typo_font_size_mobile":0,"ocean_menu_typo_font_size_unit":"px","ocean_menu_typo_font_weight":"","ocean_menu_typo_font_weight_tablet":"","ocean_menu_typo_font_weight_mobile":"","ocean_menu_typo_transform":"","ocean_menu_typo_transform_tablet":"","ocean_menu_typo_transform_mobile":"","ocean_menu_typo_line_height":0,"ocean_menu_typo_line_height_tablet":0,"ocean_menu_typo_line_height_mobile":0,"ocean_menu_typo_line_height_unit":"","ocean_menu_typo_spacing":0,"ocean_menu_typo_spacing_tablet":0,"ocean_menu_typo_spacing_mobile":0,"ocean_menu_typo_spacing_unit":"","ocean_menu_link_color":"","ocean_menu_link_color_hover":"","ocean_menu_link_color_active":"","ocean_menu_link_background":"","ocean_menu_link_hover_background":"","ocean_menu_link_active_background":"","ocean_menu_social_links_bg":"","ocean_menu_social_hover_links_bg":"","ocean_menu_social_links_color":"","ocean_menu_social_hover_links_color":"","ocean_disable_title":"default","ocean_disable_heading":"default","ocean_post_title":"","ocean_post_subheading":"","ocean_post_title_style":"","ocean_post_title_background_color":"","ocean_post_title_background":0,"ocean_post_title_bg_image_position":"","ocean_post_title_bg_image_attachment":"","ocean_post_title_bg_image_repeat":"","ocean_post_title_bg_image_size":"","ocean_post_title_height":0,"ocean_post_title_bg_overlay":0.5,"ocean_post_title_bg_overlay_color":"","ocean_disable_breadcrumbs":"default","ocean_breadcrumbs_color":"","ocean_breadcrumbs_separator_color":"","ocean_breadcrumbs_links_color":"","ocean_breadcrumbs_links_hover_color":"","ocean_display_footer_widgets":"default","ocean_display_footer_bottom":"default","ocean_custom_footer_template":"0"},"product_brand":[],"product_cat":[25,65,66],"product_tag":[],"class_list":{"0":"post-459","1":"product","2":"type-product","3":"status-publish","4":"has-post-thumbnail","6":"product_cat-complements-alimentaires","7":"product_cat-forme-et-vitalite","8":"product_cat-sante","10":"entry","11":"has-media","13":"first","14":"instock","15":"taxable","16":"shipping-taxable","17":"purchasable","18":"product-type-simple","19":"has-product-nav","20":"col","21":"span_1_of_3","22":"owp-content-center","23":"owp-thumbs-layout-horizontal","24":"owp-btn-normal","25":"owp-tabs-layout-horizontal","26":"has-no-thumbnails"},"_links":{"self":[{"href":"https:\/\/ellypara.com\/index.php\/wp-json\/wp\/v2\/product\/459","targetHints":{"allow":["GET"]}}],"collection":[{"href":"https:\/\/ellypara.com\/index.php\/wp-json\/wp\/v2\/product"}],"about":[{"href":"https:\/\/ellypara.com\/index.php\/wp-json\/wp\/v2\/types\/product"}],"replies":[{"embeddable":true,"href":"https:\/\/ellypara.com\/index.php\/wp-json\/wp\/v2\/comments?post=459"}],"wp:featuredmedia":[{"embeddable":true,"href":"https:\/\/ellypara.com\/index.php\/wp-json\/wp\/v2\/media\/460"}],"wp:attachment":[{"href":"https:\/\/ellypara.com\/index.php\/wp-json\/wp\/v2\/media?parent=459"}],"wp:term":[{"taxonomy":"product_brand","embeddable":true,"href":"https:\/\/ellypara.com\/index.php\/wp-json\/wp\/v2\/product_brand?post=459"},{"taxonomy":"product_cat","embeddable":true,"href":"https:\/\/ellypara.com\/index.php\/wp-json\/wp\/v2\/product_cat?post=459"},{"taxonomy":"product_tag","embeddable":true,"href":"https:\/\/ellypara.com\/index.php\/wp-json\/wp\/v2\/product_tag?post=459"}],"curies":[{"name":"wp","href":"https:\/\/api.w.org\/{rel}","templated":true}]}}