{"id":461,"date":"2025-01-20T15:12:53","date_gmt":"2025-01-20T14:12:53","guid":{"rendered":"https:\/\/ellypara.com\/?post_type=product&#038;p=461"},"modified":"2025-01-20T15:12:53","modified_gmt":"2025-01-20T14:12:53","slug":"aktiv-bifido-germina-20-gelules","status":"publish","type":"product","link":"https:\/\/ellypara.com\/index.php\/produit\/aktiv-bifido-germina-20-gelules\/","title":{"rendered":"Aktiv Bifido Germina 20 Gelules"},"content":{"rendered":"<p><strong>Doppelherz aktiv Bifido Germina<\/strong><\/p>\n<p>2 souches de Bifidobact\u00e9ries et 3 souches de Lactobact\u00e9ries probiotiques<br \/>\nG\u00e9lules gastro-r\u00e9sistantes<br \/>\nAvec de la vitamine B2 qui contribue au maintien d\u2019un \u00e9pith\u00e9lium intestinal normal<\/p>\n<p><strong>Bifido Germina contient 4 milliards de cellules issues de 5 souches de bact\u00e9ries probiotiques, de l\u2019inuline ainsi que de la vitamine B2 et de la vitamine B6<\/strong><\/p>\n<p>Notre flore intestinale est une association complexe et dynamique de bact\u00e9ries symbiotiques qui ont un impact consid\u00e9rable sur la sant\u00e9 du syst\u00e8me digestif, sur la r\u00e9gulation du m\u00e9tabolisme et sur la fonction immunitaire.<br \/>\nUne flore intestinale saine et vari\u00e9e contribue \u00e0 une digestion normale et sert de rempart \u00e0 la prolif\u00e9ration d\u2019autres bact\u00e9ries, pathog\u00e8nes, qui peuvent \u00eatre \u00e0 l\u2019origine de troubles digestifs.<\/p>\n<p>Les g\u00e9lules Doppelherz Bifido Germina contiennent deux souches de Bifidobact\u00e9ries et trois souches de Lactobacilles probiotiques qui ont \u00e9t\u00e9 sp\u00e9cialement choisies pour : aider \u00e0 r\u00e9g\u00e9n\u00e9rer une flore intestinale saine, notamment apr\u00e8s la prise d\u2019antibiotiques, soutenir un transit intestinal normal en cas d\u2019irr\u00e9gularit\u00e9s (constipation ou diarrh\u00e9e), am\u00e9liorer certains sympt\u00f4mes associ\u00e9s au c\u00f4lon irritable.<\/p>\n<p>Bifidobacterium animalis ssp. Lactis Bi1<br \/>\nLactobacillus acidophilus LA1<br \/>\nBifidobacterium breve Bbr8<br \/>\nLactobacillus plantarum 14D<br \/>\nLactobacillus rhamnosus SP1<\/p>\n<p>Ces souches sont prot\u00e9g\u00e9es des sucs gastriques par une g\u00e9lule \u00e0 enrobage ent\u00e9rique et parviennent donc intactes dans l\u2019intestin o\u00f9 elles peuvent exercer leur action b\u00e9n\u00e9fique. Cette action est renforc\u00e9e par la pr\u00e9sence d\u2019inuline, une fibre non digestible pr\u00e9biotique qui stimule leur d\u00e9veloppement et facilite leur implantation dans l\u2019intestin.<\/p>\n<p>Les g\u00e9lules Bifido Germina de Doppelherz contiennent \u00e9galement de la vitamine B2 qui aide \u00e0 maintenir un \u00e9pith\u00e9lium intestinal normal ainsi que de la vitamine B6 qui soutient la fonction normale du syst\u00e8me immunitaire.<\/p>\n","protected":false},"excerpt":{"rendered":"<div class=\"product-short-description\">\n<p>G\u00e9lules gastro-r\u00e9sistantes. Avec de la vitamine B2 qui contribue au maintien d\u2019un \u00e9pith\u00e9lium intestinal normal. 20 capsules. Glutenfree.<\/p>\n<\/div>\n<form class=\"cart\" action=\"https:\/\/www.maparatunisie.tn\/produit\/aktiv-bifido-germina-20-gelules\/\" enctype=\"multipart\/form-data\" method=\"post\">\n<div class=\"ux-quantity quantity buttons_added\"><\/div>\n<\/form>\n","protected":false},"featured_media":462,"comment_status":"open","ping_status":"closed","template":"","meta":{"ocean_post_layout":"","ocean_both_sidebars_style":"","ocean_both_sidebars_content_width":0,"ocean_both_sidebars_sidebars_width":0,"ocean_sidebar":"0","ocean_second_sidebar":"0","ocean_disable_margins":"enable","ocean_add_body_class":"","ocean_shortcode_before_top_bar":"","ocean_shortcode_after_top_bar":"","ocean_shortcode_before_header":"","ocean_shortcode_after_header":"","ocean_has_shortcode":"","ocean_shortcode_after_title":"","ocean_shortcode_before_footer_widgets":"","ocean_shortcode_after_footer_widgets":"","ocean_shortcode_before_footer_bottom":"","ocean_shortcode_after_footer_bottom":"","ocean_display_top_bar":"default","ocean_display_header":"default","ocean_header_style":"","ocean_center_header_left_menu":"0","ocean_custom_header_template":"0","ocean_custom_logo":0,"ocean_custom_retina_logo":0,"ocean_custom_logo_max_width":0,"ocean_custom_logo_tablet_max_width":0,"ocean_custom_logo_mobile_max_width":0,"ocean_custom_logo_max_height":0,"ocean_custom_logo_tablet_max_height":0,"ocean_custom_logo_mobile_max_height":0,"ocean_header_custom_menu":"0","ocean_menu_typo_font_family":"0","ocean_menu_typo_font_subset":"","ocean_menu_typo_font_size":0,"ocean_menu_typo_font_size_tablet":0,"ocean_menu_typo_font_size_mobile":0,"ocean_menu_typo_font_size_unit":"px","ocean_menu_typo_font_weight":"","ocean_menu_typo_font_weight_tablet":"","ocean_menu_typo_font_weight_mobile":"","ocean_menu_typo_transform":"","ocean_menu_typo_transform_tablet":"","ocean_menu_typo_transform_mobile":"","ocean_menu_typo_line_height":0,"ocean_menu_typo_line_height_tablet":0,"ocean_menu_typo_line_height_mobile":0,"ocean_menu_typo_line_height_unit":"","ocean_menu_typo_spacing":0,"ocean_menu_typo_spacing_tablet":0,"ocean_menu_typo_spacing_mobile":0,"ocean_menu_typo_spacing_unit":"","ocean_menu_link_color":"","ocean_menu_link_color_hover":"","ocean_menu_link_color_active":"","ocean_menu_link_background":"","ocean_menu_link_hover_background":"","ocean_menu_link_active_background":"","ocean_menu_social_links_bg":"","ocean_menu_social_hover_links_bg":"","ocean_menu_social_links_color":"","ocean_menu_social_hover_links_color":"","ocean_disable_title":"default","ocean_disable_heading":"default","ocean_post_title":"","ocean_post_subheading":"","ocean_post_title_style":"","ocean_post_title_background_color":"","ocean_post_title_background":0,"ocean_post_title_bg_image_position":"","ocean_post_title_bg_image_attachment":"","ocean_post_title_bg_image_repeat":"","ocean_post_title_bg_image_size":"","ocean_post_title_height":0,"ocean_post_title_bg_overlay":0.5,"ocean_post_title_bg_overlay_color":"","ocean_disable_breadcrumbs":"default","ocean_breadcrumbs_color":"","ocean_breadcrumbs_separator_color":"","ocean_breadcrumbs_links_color":"","ocean_breadcrumbs_links_hover_color":"","ocean_display_footer_widgets":"default","ocean_display_footer_bottom":"default","ocean_custom_footer_template":"0"},"product_brand":[],"product_cat":[25,68,65,66],"product_tag":[],"class_list":{"0":"post-461","1":"product","2":"type-product","3":"status-publish","4":"has-post-thumbnail","6":"product_cat-complements-alimentaires","7":"product_cat-confort","8":"product_cat-forme-et-vitalite","9":"product_cat-sante","11":"entry","12":"has-media","14":"first","15":"instock","16":"taxable","17":"shipping-taxable","18":"purchasable","19":"product-type-simple","20":"has-product-nav","21":"col","22":"span_1_of_3","23":"owp-content-center","24":"owp-thumbs-layout-horizontal","25":"owp-btn-normal","26":"owp-tabs-layout-horizontal","27":"has-no-thumbnails"},"_links":{"self":[{"href":"https:\/\/ellypara.com\/index.php\/wp-json\/wp\/v2\/product\/461","targetHints":{"allow":["GET"]}}],"collection":[{"href":"https:\/\/ellypara.com\/index.php\/wp-json\/wp\/v2\/product"}],"about":[{"href":"https:\/\/ellypara.com\/index.php\/wp-json\/wp\/v2\/types\/product"}],"replies":[{"embeddable":true,"href":"https:\/\/ellypara.com\/index.php\/wp-json\/wp\/v2\/comments?post=461"}],"wp:featuredmedia":[{"embeddable":true,"href":"https:\/\/ellypara.com\/index.php\/wp-json\/wp\/v2\/media\/462"}],"wp:attachment":[{"href":"https:\/\/ellypara.com\/index.php\/wp-json\/wp\/v2\/media?parent=461"}],"wp:term":[{"taxonomy":"product_brand","embeddable":true,"href":"https:\/\/ellypara.com\/index.php\/wp-json\/wp\/v2\/product_brand?post=461"},{"taxonomy":"product_cat","embeddable":true,"href":"https:\/\/ellypara.com\/index.php\/wp-json\/wp\/v2\/product_cat?post=461"},{"taxonomy":"product_tag","embeddable":true,"href":"https:\/\/ellypara.com\/index.php\/wp-json\/wp\/v2\/product_tag?post=461"}],"curies":[{"name":"wp","href":"https:\/\/api.w.org\/{rel}","templated":true}]}}