{"id":465,"date":"2025-01-20T15:22:29","date_gmt":"2025-01-20T14:22:29","guid":{"rendered":"https:\/\/ellypara.com\/?post_type=product&#038;p=465"},"modified":"2025-01-20T15:23:44","modified_gmt":"2025-01-20T14:23:44","slug":"aktiv-meno-30-comprimes","status":"publish","type":"product","link":"https:\/\/ellypara.com\/index.php\/produit\/aktiv-meno-30-comprimes\/","title":{"rendered":"AKTIV Meno 30 Comprimes"},"content":{"rendered":"<p><strong>Isoflavones de soja<\/strong>: phytoestrog\u00e8nes aux effets b\u00e9n\u00e9fiques sur la pr\u00e9vention de l\u2019ost\u00e9oporose pendant et apr\u00e8s la m\u00e9nopause. Les isoflavones r\u00e9duisent \u00e9galement les bouff\u00e9es de chaleur li\u00e9es \u00e0 la m\u00e9nopause, am\u00e9liorent l\u2019humeur et la qualit\u00e9 de vie de la femme aussi bien du point de vue physique que psychique. En effet de r\u00e9centes \u00e9tudes nutritionnelles ont montr\u00e9 que les sympt\u00f4mes li\u00e9s \u00e0 la m\u00e9nopause sont plus rares chez les femmes asiatiques compte tenu de leur alimentation riche en soja qui est une source exceptionnelle d\u2019isoflavones.<\/p>\n<ul>\n<li><strong>Calcium<\/strong>: min\u00e9ral vital, indispensable \u00e0 la formation et la bonne sant\u00e9 des os. C\u2019est en grande partie gr\u00e2ce \u00e0 lui que l\u2019os est rigide et solide. C\u2019est pourquoi, il est indispensable d\u2019avoir un apport suffisant en calcium surtout pendant la m\u00e9nopause o\u00f9 l\u2019on assiste \u00e0 une fuite du calcium des os. Le calcium est \u00e9galement utilis\u00e9 par l\u2018organisme pour l\u2018activation et le maintien d\u2018une \u00e9norme quantit\u00e9 de processus m\u00e9taboliques d\u2019o\u00f9 son action sur la r\u00e9gularisation du\u00a0 rythme cardiaque, le contr\u00f4le du poids et l\u2019am\u00e9lioration de l\u2019endormissement.<\/li>\n<li><strong>Vitamine D3<\/strong>: vitamine produite par le corps gr\u00e2ce \u00e0 la lumi\u00e8re du soleil. Elle est\u00a0 connue pour son action sur les os. Elle participe en effet \u00e0 la fixation du calcium dans le tissu osseux et les dents favorisant ainsi la min\u00e9ralisation du squelette. Ceci est\u00a0 particuli\u00e8rement important pendant la m\u00e9nopause car c\u2019est \u00e0 cette p\u00e9riode de la vie que le calcium est le moins bien assimil\u00e9 par l\u2019organisme. La vitamine D est essentielle au bon fonctionnement neuromusculaire. Elle est indispensable \u00e0 la coagulation\u00a0 sanguine. Elle participe \u00e0 la r\u00e9gulation cardiaque.<\/li>\n<li><strong>Vitamines du groupe B<\/strong>: des acteurs indispensables \u00e0 de nombreux processus\u00a0 m\u00e9taboliques vitaux:<\/li>\n<li><span class=\"list-item\"><strong>Les vitamines B1 et B2\u00a0<\/strong>sont les vitamines de l\u2019\u00e9nergie. En effet, elles interviennent dans le\u00a0 m\u00e9tabolisme des glucides, des lipides et des prot\u00e9ines, permettant ainsi la production d\u2019\u00e9nergie. De plus,\u00a0<strong>les vitamines B1 et B2\u00a0<\/strong>sont indispensables au bon fonctionnement du\u00a0 cerveau et du syst\u00e8me nerveux. La\u00a0<strong>vitamine B2\u00a0<\/strong>a \u00e9galement un r\u00f4le pr\u00e9pond\u00e9rant dans la sant\u00e9 de la peau, des cheveux et des ongles.<\/span><\/li>\n<li><span class=\"list-item\"><strong>La vitamine B6\u00a0<\/strong>permet la construction et l\u2018entretien des tissus, notamment muscu-laires et la formation de l\u2018h\u00e9moglobine. Elle contribue \u00e0 la bonne absorption de la\u00a0<strong>vitamine B12<\/strong>. Elle intervient aussi dans le m\u00e9tabolisme du magn\u00e9sium en permettant son assimilation et son utilisation par les cellules.<\/span><\/li>\n<li><span class=\"list-item\"><strong>La vitamine B12<\/strong>\u00a0est essentielle \u00e0 la croissance, au fonctionnement ad\u00e9quat de toutes les\u00a0 cellules du corps et \u00e0 l\u2019\u00e9quilibre du syst\u00e8me nerveux. Elle intervient dans la synth\u00e8se de l\u2019ADN, des prot\u00e9ines, dans la formation des globules rouges ainsi que dans la\u00a0 production de l\u2018\u00e9nergie cellulaire.<\/span><\/li>\n<li><strong>l\u2019acide folique\u00a0<\/strong>ou\u00a0<strong>vitamine B9\u00a0<\/strong>joue un r\u00f4le essentiel dans la production du mat\u00e9riel\u00a0 g\u00e9n\u00e9tique (ADN et ARN) et des acides amin\u00e9s n\u00e9cessaires \u00e0 la croissance cellulaire.\u00a0 Il est \u00e9galement important pour la formation des globules rouges, le fonctionnement\u00a0 du syst\u00e8me nerveux et du syst\u00e8me immunitaire. Il diminue la douleur, favorise l\u2018\u00e9quilibre \u00e9motionnel (lutte contre la d\u00e9pression) et am\u00e9liore l\u2018app\u00e9tit.<\/li>\n<li><strong>La biotine\u00a0<\/strong>ou\u00a0<strong>vitamine B8\u00a0<\/strong>joue un r\u00f4le important dans l\u2019assimilation et l\u2019utilisation des\u00a0 glucides et des lipides ainsi que dans la sant\u00e9 de la peau, des ongles et des cheveux. Elle favorise l\u2019utilisation des\u00a0<strong>vitamines B9 et B12.<\/strong><\/li>\n<\/ul>\n<p><strong>conseil d\u2019utilisation:<\/strong><\/p>\n<p>Prendre 1 comprim\u00e9 par jour au repas avec suffisamment de\u00a0 liquide, sans m\u00e2cher.<br \/>\nLes comprim\u00e9s peuvent \u00eatre divis\u00e9s en deux si n\u00e9cessaire.<\/p>\n<p><strong>Composition:<\/strong><\/p>\n<p>Carbonate de calcium, concentr\u00e9 de soja, cyanocobalamine, chlorhydrate de pyridoxine, chol\u00e9calcif\u00e9rol, mononitrate de thiamine, riboflavine, acide folique, biotine, amidon,\u00a0 huile d\u2018olive, silice amorphe (antiagglom\u00e9rant, 2.08 %), cellulose en poudre (agent de charge, 1.94 %), hydroxypropyl-m\u00e9thyl-cellulose (\u00e9paississant,\u00a0 1.19 %),\u00a0 mono- et di-glyc\u00e9rides d\u2018acides gras (\u00e9mulsifiant, 0.93 %), sels d\u2019acides st\u00e9arique (antiagglom\u00e9rant, 0.76 %), bioxyde de titane (colorant, 0.71 %), gommelaque (agent d\u2018enrobage, 0.43 %), talc (antiagglom\u00e9rant, 0.32 %), oxyde de fer jaune (colo-rant, 0.05 %), monool\u00e9ate de polyoxy\u00e9thyl\u00e8ne de sorbitane 20 (\u00e9mulsifiant, 0.04%).<\/p>\n","protected":false},"excerpt":{"rendered":"<p>Aktiv-Meno de Doppelherz\u00ae fournit du calcium, des vitamines B, de la vitamine D3, et des isoflavones de soja<\/p>\n<ul>\n<li>Aide les femmes \u00e0 pr\u00e9server leur bien \u00eatre et leur capital osseux pendant la m\u00e9nopause.<\/li>\n<li>des isoflavones de soja, du calcium et de la vitamine D3 pour une meilleure fixation du calcium dans les os.<\/li>\n<li>les isoflavones de soja ont une action positive sur les bouff\u00e9es de chaleur<\/li>\n<\/ul>\n","protected":false},"featured_media":466,"comment_status":"open","ping_status":"closed","template":"","meta":{"ocean_post_layout":"","ocean_both_sidebars_style":"","ocean_both_sidebars_content_width":0,"ocean_both_sidebars_sidebars_width":0,"ocean_sidebar":"0","ocean_second_sidebar":"0","ocean_disable_margins":"enable","ocean_add_body_class":"","ocean_shortcode_before_top_bar":"","ocean_shortcode_after_top_bar":"","ocean_shortcode_before_header":"","ocean_shortcode_after_header":"","ocean_has_shortcode":"","ocean_shortcode_after_title":"","ocean_shortcode_before_footer_widgets":"","ocean_shortcode_after_footer_widgets":"","ocean_shortcode_before_footer_bottom":"","ocean_shortcode_after_footer_bottom":"","ocean_display_top_bar":"default","ocean_display_header":"default","ocean_header_style":"","ocean_center_header_left_menu":"0","ocean_custom_header_template":"0","ocean_custom_logo":0,"ocean_custom_retina_logo":0,"ocean_custom_logo_max_width":0,"ocean_custom_logo_tablet_max_width":0,"ocean_custom_logo_mobile_max_width":0,"ocean_custom_logo_max_height":0,"ocean_custom_logo_tablet_max_height":0,"ocean_custom_logo_mobile_max_height":0,"ocean_header_custom_menu":"0","ocean_menu_typo_font_family":"0","ocean_menu_typo_font_subset":"","ocean_menu_typo_font_size":0,"ocean_menu_typo_font_size_tablet":0,"ocean_menu_typo_font_size_mobile":0,"ocean_menu_typo_font_size_unit":"px","ocean_menu_typo_font_weight":"","ocean_menu_typo_font_weight_tablet":"","ocean_menu_typo_font_weight_mobile":"","ocean_menu_typo_transform":"","ocean_menu_typo_transform_tablet":"","ocean_menu_typo_transform_mobile":"","ocean_menu_typo_line_height":0,"ocean_menu_typo_line_height_tablet":0,"ocean_menu_typo_line_height_mobile":0,"ocean_menu_typo_line_height_unit":"","ocean_menu_typo_spacing":0,"ocean_menu_typo_spacing_tablet":0,"ocean_menu_typo_spacing_mobile":0,"ocean_menu_typo_spacing_unit":"","ocean_menu_link_color":"","ocean_menu_link_color_hover":"","ocean_menu_link_color_active":"","ocean_menu_link_background":"","ocean_menu_link_hover_background":"","ocean_menu_link_active_background":"","ocean_menu_social_links_bg":"","ocean_menu_social_hover_links_bg":"","ocean_menu_social_links_color":"","ocean_menu_social_hover_links_color":"","ocean_disable_title":"default","ocean_disable_heading":"default","ocean_post_title":"","ocean_post_subheading":"","ocean_post_title_style":"","ocean_post_title_background_color":"","ocean_post_title_background":0,"ocean_post_title_bg_image_position":"","ocean_post_title_bg_image_attachment":"","ocean_post_title_bg_image_repeat":"","ocean_post_title_bg_image_size":"","ocean_post_title_height":0,"ocean_post_title_bg_overlay":0.5,"ocean_post_title_bg_overlay_color":"","ocean_disable_breadcrumbs":"default","ocean_breadcrumbs_color":"","ocean_breadcrumbs_separator_color":"","ocean_breadcrumbs_links_color":"","ocean_breadcrumbs_links_hover_color":"","ocean_display_footer_widgets":"default","ocean_display_footer_bottom":"default","ocean_custom_footer_template":"0"},"product_brand":[],"product_cat":[25,68,67,65,66],"product_tag":[],"class_list":{"0":"post-465","1":"product","2":"type-product","3":"status-publish","4":"has-post-thumbnail","6":"product_cat-complements-alimentaires","7":"product_cat-confort","8":"product_cat-fertilite-et-menopause","9":"product_cat-forme-et-vitalite","10":"product_cat-sante","12":"entry","13":"has-media","15":"first","16":"instock","17":"taxable","18":"shipping-taxable","19":"purchasable","20":"product-type-simple","21":"has-product-nav","22":"col","23":"span_1_of_3","24":"owp-content-center","25":"owp-thumbs-layout-horizontal","26":"owp-btn-normal","27":"owp-tabs-layout-horizontal","28":"has-no-thumbnails"},"_links":{"self":[{"href":"https:\/\/ellypara.com\/index.php\/wp-json\/wp\/v2\/product\/465","targetHints":{"allow":["GET"]}}],"collection":[{"href":"https:\/\/ellypara.com\/index.php\/wp-json\/wp\/v2\/product"}],"about":[{"href":"https:\/\/ellypara.com\/index.php\/wp-json\/wp\/v2\/types\/product"}],"replies":[{"embeddable":true,"href":"https:\/\/ellypara.com\/index.php\/wp-json\/wp\/v2\/comments?post=465"}],"wp:featuredmedia":[{"embeddable":true,"href":"https:\/\/ellypara.com\/index.php\/wp-json\/wp\/v2\/media\/466"}],"wp:attachment":[{"href":"https:\/\/ellypara.com\/index.php\/wp-json\/wp\/v2\/media?parent=465"}],"wp:term":[{"taxonomy":"product_brand","embeddable":true,"href":"https:\/\/ellypara.com\/index.php\/wp-json\/wp\/v2\/product_brand?post=465"},{"taxonomy":"product_cat","embeddable":true,"href":"https:\/\/ellypara.com\/index.php\/wp-json\/wp\/v2\/product_cat?post=465"},{"taxonomy":"product_tag","embeddable":true,"href":"https:\/\/ellypara.com\/index.php\/wp-json\/wp\/v2\/product_tag?post=465"}],"curies":[{"name":"wp","href":"https:\/\/api.w.org\/{rel}","templated":true}]}}