{"id":472,"date":"2025-01-20T15:50:16","date_gmt":"2025-01-20T14:50:16","guid":{"rendered":"https:\/\/ellypara.com\/?post_type=product&#038;p=472"},"modified":"2025-01-20T15:50:17","modified_gmt":"2025-01-20T14:50:17","slug":"aktiv-uricalm-30-comprimes","status":"publish","type":"product","link":"https:\/\/ellypara.com\/index.php\/produit\/aktiv-uricalm-30-comprimes\/","title":{"rendered":"AKTIV Uricalm 30 Comprimes"},"content":{"rendered":"<p>Les comprim\u00e9s\u00a0\u00a0<strong>Doppelherz<\/strong>\u00ae<strong>\u00a0aktiv Uricalm\u00a0<\/strong>de marque allemande, uricalm\u00ae contient des extraits de plantes reconnues pour leur efficacit\u00e9 contre les infections urinaires r\u00e9currentes et leurs propri\u00e9t\u00e9s antioxydantes qui renforcent les d\u00e9fenses cellulaires naturelles.<\/p>\n<ul>\n<li><strong>La cranberry\u00a0<\/strong>\u00e9tait d\u00e9j\u00e0 reconnue pour ses propri\u00e9t\u00e9s th\u00e9rapeutiques par les premiers habitants de l\u2018Am\u00e9rique du Nord, d\u2018o\u00f9 cette plante est originaire.<br \/>\nEn plus d\u2018\u00eatre naturellement riche en\u00a0<strong>vitamine C<\/strong>, la\u00a0<strong>cranberry\u00a0<\/strong>contient des\u00a0<strong>flavono\u00efdes\u00a0<\/strong>susceptibles d\u2018agir contre les infections urinaires. Leur principe d\u2018action repose sur l\u2018inhibition de l\u2018adh\u00e9sion des bact\u00e9ries responsables des infections sur les parois internes de l\u2018ur\u00e8tre et de la vessie, ce qui favorise leur \u00e9limination avec le flux d\u2018urine.<\/li>\n<li><strong>Le pissenlit\u00a0<\/strong>est connu pour ses qualit\u00e9s d\u00e9puratives et diur\u00e9tiques. En augmentant le d\u00e9bit urinaire, le pissenlit favorise le nettoyage du syst\u00e8me urinaire et l\u2019\u00e9limination des bact\u00e9ries pathog\u00e8nes. D\u2019une mani\u00e8re plus g\u00e9n\u00e9rale,<br \/>\nil aide \u00e0 d\u00e9toxifier l\u2019organisme et \u00e9liminer plus rapidement les d\u00e9chets m\u00e9taboliques<\/li>\n<\/ul>\n<p><strong>conseil d\u2019utilisation:<\/strong><\/p>\n<p>Prendre 1 comprim\u00e9 par jour au repas avec suffisamment de liquide sans m\u00e2cher<\/p>\n<p><strong>Composition:<\/strong><\/p>\n<p>extrait de cranberry, poudre de pissenlit (feuilles et racines),<br \/>\ncellulose (antiagglom\u00e9rant, 29.30 %), carboxym\u00e9thyl-cellulose sodique<br \/>\n(\u00e9paississant, 2.96 %), silice amorphe (antiagglom\u00e9rant, 1.97 %), gomme<br \/>\nlaque (agent d\u2018enrobage, 1.13 %), sels d\u2019acide st\u00e9arique (antiagglom\u00e9rant,<br \/>\n0.99 %), talc (antiagglom\u00e9rant, 0.16 %), monool\u00e9ate de polyoxy\u00e9thyl\u00e8ne<br \/>\nde sorbitane 20 (\u00e9mulsifiant, 0.12 %).<\/p>\n","protected":false},"excerpt":{"rendered":"<div class=\"product-short-description\">\n<p>uricalm\u00ae est une combinaison d\u2019extraits de cranberry et de poudre de pissenlit ,qui sont reconnues pour leur efficacit\u00e9 contre les infections urinaires r\u00e9currents et leurs propri\u00e9tes anti-oxydantes qui renforcent les d\u00e9fenses cellulaires naturelles.<\/p>\n<\/div>\n<form class=\"cart\" action=\"https:\/\/www.maparatunisie.tn\/produit\/aktiv-uricalm-30-comprimes\/\" enctype=\"multipart\/form-data\" method=\"post\">\n<div class=\"ux-quantity quantity buttons_added\"><\/div>\n<\/form>\n","protected":false},"featured_media":473,"comment_status":"open","ping_status":"closed","template":"","meta":{"ocean_post_layout":"","ocean_both_sidebars_style":"","ocean_both_sidebars_content_width":0,"ocean_both_sidebars_sidebars_width":0,"ocean_sidebar":"0","ocean_second_sidebar":"0","ocean_disable_margins":"enable","ocean_add_body_class":"","ocean_shortcode_before_top_bar":"","ocean_shortcode_after_top_bar":"","ocean_shortcode_before_header":"","ocean_shortcode_after_header":"","ocean_has_shortcode":"","ocean_shortcode_after_title":"","ocean_shortcode_before_footer_widgets":"","ocean_shortcode_after_footer_widgets":"","ocean_shortcode_before_footer_bottom":"","ocean_shortcode_after_footer_bottom":"","ocean_display_top_bar":"default","ocean_display_header":"default","ocean_header_style":"","ocean_center_header_left_menu":"0","ocean_custom_header_template":"0","ocean_custom_logo":0,"ocean_custom_retina_logo":0,"ocean_custom_logo_max_width":0,"ocean_custom_logo_tablet_max_width":0,"ocean_custom_logo_mobile_max_width":0,"ocean_custom_logo_max_height":0,"ocean_custom_logo_tablet_max_height":0,"ocean_custom_logo_mobile_max_height":0,"ocean_header_custom_menu":"0","ocean_menu_typo_font_family":"0","ocean_menu_typo_font_subset":"","ocean_menu_typo_font_size":0,"ocean_menu_typo_font_size_tablet":0,"ocean_menu_typo_font_size_mobile":0,"ocean_menu_typo_font_size_unit":"px","ocean_menu_typo_font_weight":"","ocean_menu_typo_font_weight_tablet":"","ocean_menu_typo_font_weight_mobile":"","ocean_menu_typo_transform":"","ocean_menu_typo_transform_tablet":"","ocean_menu_typo_transform_mobile":"","ocean_menu_typo_line_height":0,"ocean_menu_typo_line_height_tablet":0,"ocean_menu_typo_line_height_mobile":0,"ocean_menu_typo_line_height_unit":"","ocean_menu_typo_spacing":0,"ocean_menu_typo_spacing_tablet":0,"ocean_menu_typo_spacing_mobile":0,"ocean_menu_typo_spacing_unit":"","ocean_menu_link_color":"","ocean_menu_link_color_hover":"","ocean_menu_link_color_active":"","ocean_menu_link_background":"","ocean_menu_link_hover_background":"","ocean_menu_link_active_background":"","ocean_menu_social_links_bg":"","ocean_menu_social_hover_links_bg":"","ocean_menu_social_links_color":"","ocean_menu_social_hover_links_color":"","ocean_disable_title":"default","ocean_disable_heading":"default","ocean_post_title":"","ocean_post_subheading":"","ocean_post_title_style":"","ocean_post_title_background_color":"","ocean_post_title_background":0,"ocean_post_title_bg_image_position":"","ocean_post_title_bg_image_attachment":"","ocean_post_title_bg_image_repeat":"","ocean_post_title_bg_image_size":"","ocean_post_title_height":0,"ocean_post_title_bg_overlay":0.5,"ocean_post_title_bg_overlay_color":"","ocean_disable_breadcrumbs":"default","ocean_breadcrumbs_color":"","ocean_breadcrumbs_separator_color":"","ocean_breadcrumbs_links_color":"","ocean_breadcrumbs_links_hover_color":"","ocean_display_footer_widgets":"default","ocean_display_footer_bottom":"default","ocean_custom_footer_template":"0"},"product_brand":[],"product_cat":[25,65,66],"product_tag":[],"class_list":{"0":"post-472","1":"product","2":"type-product","3":"status-publish","4":"has-post-thumbnail","6":"product_cat-complements-alimentaires","7":"product_cat-forme-et-vitalite","8":"product_cat-sante","10":"entry","11":"has-media","13":"first","14":"instock","15":"taxable","16":"shipping-taxable","17":"purchasable","18":"product-type-simple","19":"has-product-nav","20":"col","21":"span_1_of_3","22":"owp-content-center","23":"owp-thumbs-layout-horizontal","24":"owp-btn-normal","25":"owp-tabs-layout-horizontal","26":"has-no-thumbnails"},"_links":{"self":[{"href":"https:\/\/ellypara.com\/index.php\/wp-json\/wp\/v2\/product\/472","targetHints":{"allow":["GET"]}}],"collection":[{"href":"https:\/\/ellypara.com\/index.php\/wp-json\/wp\/v2\/product"}],"about":[{"href":"https:\/\/ellypara.com\/index.php\/wp-json\/wp\/v2\/types\/product"}],"replies":[{"embeddable":true,"href":"https:\/\/ellypara.com\/index.php\/wp-json\/wp\/v2\/comments?post=472"}],"wp:featuredmedia":[{"embeddable":true,"href":"https:\/\/ellypara.com\/index.php\/wp-json\/wp\/v2\/media\/473"}],"wp:attachment":[{"href":"https:\/\/ellypara.com\/index.php\/wp-json\/wp\/v2\/media?parent=472"}],"wp:term":[{"taxonomy":"product_brand","embeddable":true,"href":"https:\/\/ellypara.com\/index.php\/wp-json\/wp\/v2\/product_brand?post=472"},{"taxonomy":"product_cat","embeddable":true,"href":"https:\/\/ellypara.com\/index.php\/wp-json\/wp\/v2\/product_cat?post=472"},{"taxonomy":"product_tag","embeddable":true,"href":"https:\/\/ellypara.com\/index.php\/wp-json\/wp\/v2\/product_tag?post=472"}],"curies":[{"name":"wp","href":"https:\/\/api.w.org\/{rel}","templated":true}]}}