{"id":476,"date":"2025-01-20T16:00:28","date_gmt":"2025-01-20T15:00:28","guid":{"rendered":"https:\/\/ellypara.com\/?post_type=product&#038;p=476"},"modified":"2025-01-20T16:00:29","modified_gmt":"2025-01-20T15:00:29","slug":"aktiv-capilvit-30-comprimes","status":"publish","type":"product","link":"https:\/\/ellypara.com\/index.php\/produit\/aktiv-capilvit-30-comprimes\/","title":{"rendered":"AKTIV Capilvit 30 Comprimes"},"content":{"rendered":"<p><strong>AKTIV Capilvit pour des cheveux sains, beaux et forts<\/strong><\/p>\n<p>La sant\u00e9 et l\u2019aspect des cheveux sont \u00e9troitement li\u00e9s. Pour conserver des cheveux sains et beaux, les racines capillaires doivent \u00eatre correctement approvisionn\u00e9es en nutriments sp\u00e9cifiques.<\/p>\n<p><strong>Doppelherz\u00ae aktiv Capilvit<\/strong>\u00a0est une combinaison sp\u00e9ciale d\u2019extrait de sorgho, d\u2019huile de germe de bl\u00e9, de biotine, de vitamine B6, d\u2019acide pantoth\u00e9nique, de zinc et de cuivre \u00e9labor\u00e9e pour des cheveux forts et en bonne sant\u00e9.<\/p>\n<p>&nbsp;<\/p>\n<p><strong>Le sorgho<\/strong>\u00a0est une c\u00e9r\u00e9ale \u00e9nerg\u00e9tique et nutritive, riche en prot\u00e9ines, en phosphore, en fer et en vitamines du groupe B.<\/p>\n<p><strong>L\u2019huile de germe de bl\u00e9\u00a0<\/strong>renferme de la vitamine E et des acides gras polyinsatur\u00e9s qui sont importants pour le d\u00e9veloppement des cellules de la racine des cheveux.<\/p>\n<p><strong>La biotine<\/strong>\u00a0joue non seulement un r\u00f4le majeur pour assurer la r\u00e9sistance des cheveux en pleine croissance, mais participe \u00e9galement \u00e0 la synth\u00e8se de la k\u00e9ratine.<\/p>\n<p><strong>L\u2019acide pantoth\u00e9nique et la vitamine B6<\/strong>\u00a0sont n\u00e9cessaires pour produire l\u2019\u00e9nergie n\u00e9cessaire \u00e0 la croissance cellulaire, au niveau de la racine.<\/p>\n<p><strong>Le zinc<\/strong>\u00a0joue un r\u00f4le important pour maintenir les cellules en bonne sant\u00e9 et lutter contre l\u2019apparition de pellicules.<\/p>\n<p><strong>Le cuivre<\/strong>\u00a0est un oligo\u00e9l\u00e9ment requis pour la synth\u00e8se de la m\u00e9lanine, le pigment qui conf\u00e8re aux cheveux leur brillance.<\/p>\n<p>&nbsp;<\/p>\n<p><strong>Conseille d\u2019utilisation :<\/strong><\/p>\n<p>Une fois par jour, apr\u00e8s le repas, prendre une capsule avec un grand verre d\u2019eau. Ne pas croquer la capsule.<\/p>\n<p>&nbsp;<\/p>\n<p><strong>Composition :<\/strong><\/p>\n<p>Huile de germe de bl\u00e9, g\u00e9latine (bovine), extrait de sorgho, huile de soja (solvant), cire d\u2019abeille (antiagglom\u00e9rant), glyc\u00e9rol (humectant), sorbitol (humectant), sulfate de zinc, l\u00e9cithine de soja (\u00e9mulsifiant), pantoth\u00e9nate de calcium, oxyde de fer (colorant), chlorhydrate de pyridoxine (vitamine B6), sulfate de cuivre, biotine.<\/p>\n","protected":false},"excerpt":{"rendered":"<div class=\"product-short-description\">\n<p>Pour des cheveux sains, beaux et forts \u00b7 Doppelherz\u00ae aktiv Capilvit \u00b7 Le sorgho \u00b7 L\u2019huile de germe de bl\u00e9 \u00b7 La biotine \u00b7 L\u2019acide pantoth\u00e9nique et la vitamine B6.<\/p>\n<\/div>\n<form class=\"cart\" action=\"https:\/\/www.maparatunisie.tn\/produit\/aktiv-capilvit-30-comprimes\/\" enctype=\"multipart\/form-data\" method=\"post\">\n<div class=\"ux-quantity quantity buttons_added\"><\/div>\n<\/form>\n","protected":false},"featured_media":477,"comment_status":"open","ping_status":"closed","template":"","meta":{"ocean_post_layout":"","ocean_both_sidebars_style":"","ocean_both_sidebars_content_width":0,"ocean_both_sidebars_sidebars_width":0,"ocean_sidebar":"0","ocean_second_sidebar":"0","ocean_disable_margins":"enable","ocean_add_body_class":"","ocean_shortcode_before_top_bar":"","ocean_shortcode_after_top_bar":"","ocean_shortcode_before_header":"","ocean_shortcode_after_header":"","ocean_has_shortcode":"","ocean_shortcode_after_title":"","ocean_shortcode_before_footer_widgets":"","ocean_shortcode_after_footer_widgets":"","ocean_shortcode_before_footer_bottom":"","ocean_shortcode_after_footer_bottom":"","ocean_display_top_bar":"default","ocean_display_header":"default","ocean_header_style":"","ocean_center_header_left_menu":"0","ocean_custom_header_template":"0","ocean_custom_logo":0,"ocean_custom_retina_logo":0,"ocean_custom_logo_max_width":0,"ocean_custom_logo_tablet_max_width":0,"ocean_custom_logo_mobile_max_width":0,"ocean_custom_logo_max_height":0,"ocean_custom_logo_tablet_max_height":0,"ocean_custom_logo_mobile_max_height":0,"ocean_header_custom_menu":"0","ocean_menu_typo_font_family":"0","ocean_menu_typo_font_subset":"","ocean_menu_typo_font_size":0,"ocean_menu_typo_font_size_tablet":0,"ocean_menu_typo_font_size_mobile":0,"ocean_menu_typo_font_size_unit":"px","ocean_menu_typo_font_weight":"","ocean_menu_typo_font_weight_tablet":"","ocean_menu_typo_font_weight_mobile":"","ocean_menu_typo_transform":"","ocean_menu_typo_transform_tablet":"","ocean_menu_typo_transform_mobile":"","ocean_menu_typo_line_height":0,"ocean_menu_typo_line_height_tablet":0,"ocean_menu_typo_line_height_mobile":0,"ocean_menu_typo_line_height_unit":"","ocean_menu_typo_spacing":0,"ocean_menu_typo_spacing_tablet":0,"ocean_menu_typo_spacing_mobile":0,"ocean_menu_typo_spacing_unit":"","ocean_menu_link_color":"","ocean_menu_link_color_hover":"","ocean_menu_link_color_active":"","ocean_menu_link_background":"","ocean_menu_link_hover_background":"","ocean_menu_link_active_background":"","ocean_menu_social_links_bg":"","ocean_menu_social_hover_links_bg":"","ocean_menu_social_links_color":"","ocean_menu_social_hover_links_color":"","ocean_disable_title":"default","ocean_disable_heading":"default","ocean_post_title":"","ocean_post_subheading":"","ocean_post_title_style":"","ocean_post_title_background_color":"","ocean_post_title_background":0,"ocean_post_title_bg_image_position":"","ocean_post_title_bg_image_attachment":"","ocean_post_title_bg_image_repeat":"","ocean_post_title_bg_image_size":"","ocean_post_title_height":0,"ocean_post_title_bg_overlay":0.5,"ocean_post_title_bg_overlay_color":"","ocean_disable_breadcrumbs":"default","ocean_breadcrumbs_color":"","ocean_breadcrumbs_separator_color":"","ocean_breadcrumbs_links_color":"","ocean_breadcrumbs_links_hover_color":"","ocean_display_footer_widgets":"default","ocean_display_footer_bottom":"default","ocean_custom_footer_template":"0"},"product_brand":[],"product_cat":[23,25,65,66,54,56],"product_tag":[],"class_list":{"0":"post-476","1":"product","2":"type-product","3":"status-publish","4":"has-post-thumbnail","6":"product_cat-cheuveux","7":"product_cat-complements-alimentaires","8":"product_cat-forme-et-vitalite","9":"product_cat-sante","10":"product_cat-soins-capillaires","11":"product_cat-traitements-specifiques","13":"entry","14":"has-media","16":"first","17":"instock","18":"taxable","19":"shipping-taxable","20":"purchasable","21":"product-type-simple","22":"has-product-nav","23":"col","24":"span_1_of_3","25":"owp-content-center","26":"owp-thumbs-layout-horizontal","27":"owp-btn-normal","28":"owp-tabs-layout-horizontal","29":"has-no-thumbnails"},"_links":{"self":[{"href":"https:\/\/ellypara.com\/index.php\/wp-json\/wp\/v2\/product\/476","targetHints":{"allow":["GET"]}}],"collection":[{"href":"https:\/\/ellypara.com\/index.php\/wp-json\/wp\/v2\/product"}],"about":[{"href":"https:\/\/ellypara.com\/index.php\/wp-json\/wp\/v2\/types\/product"}],"replies":[{"embeddable":true,"href":"https:\/\/ellypara.com\/index.php\/wp-json\/wp\/v2\/comments?post=476"}],"wp:featuredmedia":[{"embeddable":true,"href":"https:\/\/ellypara.com\/index.php\/wp-json\/wp\/v2\/media\/477"}],"wp:attachment":[{"href":"https:\/\/ellypara.com\/index.php\/wp-json\/wp\/v2\/media?parent=476"}],"wp:term":[{"taxonomy":"product_brand","embeddable":true,"href":"https:\/\/ellypara.com\/index.php\/wp-json\/wp\/v2\/product_brand?post=476"},{"taxonomy":"product_cat","embeddable":true,"href":"https:\/\/ellypara.com\/index.php\/wp-json\/wp\/v2\/product_cat?post=476"},{"taxonomy":"product_tag","embeddable":true,"href":"https:\/\/ellypara.com\/index.php\/wp-json\/wp\/v2\/product_tag?post=476"}],"curies":[{"name":"wp","href":"https:\/\/api.w.org\/{rel}","templated":true}]}}