{"id":487,"date":"2025-01-20T21:04:58","date_gmt":"2025-01-20T20:04:58","guid":{"rendered":"https:\/\/ellypara.com\/?post_type=product&#038;p=487"},"modified":"2025-01-20T21:04:58","modified_gmt":"2025-01-20T20:04:58","slug":"ultrasun-after-sun-post-laser-gel-75ml","status":"publish","type":"product","link":"https:\/\/ellypara.com\/index.php\/produit\/ultrasun-after-sun-post-laser-gel-75ml\/","title":{"rendered":"ULTRASUN After Sun Post Laser Gel 75ml"},"content":{"rendered":"<p>ULTRASUN After Sun Post Laser Gel apaisant \u00e0 absorption rapide et non gras est formul\u00e9 avec de l\u2019hydrasynol, qui aide \u00e0 am\u00e9liorer le m\u00e9canisme naturel de r\u00e9tention de l\u2019humidit\u00e9 de la peau, aidant la peau \u00e0 se r\u00e9parer et \u00e0 gu\u00e9rir plus efficacement apr\u00e8s une exposition au soleil et des traitements au laser.<\/p>\n<p>Adapt\u00e9 pour une utilisation sur le visage et le corps, le gel apr\u00e8s-soleil et post-laser Ultrasun fournit un coup de pouce d\u2019hydratation bien n\u00e9cessaire apr\u00e8s avoir \u00e9t\u00e9 au soleil ou apr\u00e8s avoir subi des traitements cutan\u00e9s tels que le micro-aiguilletage, l\u2019\u00e9lectrolyse et l\u2019IPL.<\/p>\n<p>Lors de l\u2019utilisation du gel apr\u00e8s-soleil et post-laser Ultrasun, la peau est prot\u00e9g\u00e9e contre les dommages environnementaux gr\u00e2ce \u00e0 l\u2019extrait de Portulaca Oleracea. Cet ingr\u00e9dient antioxydant est une source naturelle de vitamines A, C et E ainsi que la coenzyme Q10.<\/p>\n<p>&nbsp;<\/p>\n<p>La formule Ultrasun After Sun &amp; Post Laser est exempte de parfum, d\u2019huiles min\u00e9rales, d\u2019\u00e9mulsifiants, de silicones, de conservateurs et a une dur\u00e9e de conservation de 2 ans apr\u00e8s ouverture, ce qui la rend id\u00e9ale pour une utilisation en vacances et apr\u00e8s des traitements \u00e0 la maison.<\/p>\n<p>Ultrasun After Sun &amp; Post Laser Gel Caract\u00e9ristiques et avantages:<\/p>\n<p>Convient pour une application apr\u00e8s des traitements cutan\u00e9s, y compris au laser<\/p>\n<p>Hydratation apaisante<\/p>\n<p>Hydratation apaisante<\/p>\n<p>Sans parfum, huile min\u00e9rale, \u00e9mulsifiants, silicones et conservateurs<\/p>\n<p>&nbsp;<\/p>\n<p><strong>Conseil d\u2019utilisation\u00a0:<\/strong><\/p>\n<p>Apr\u00e8s avoir enlev\u00e9 et lav\u00e9 toute protection UV, appliquez g\u00e9n\u00e9reusement le gel apr\u00e8s-soleil et post-laser Ultrasun apr\u00e8s un traitement au laser ou une exposition au soleil.<\/p>\n<p><strong>\u00a0<\/strong><\/p>\n<p><strong>Composition:<\/strong><\/p>\n<p>Aqua, Glyc\u00e9rine, Pentyl\u00e8ne Glycol, Isoamyl Laurate, St\u00e9aryle Heptanoate, Isosorbide Dicaprylate, St\u00e9aryl Caprylate, Carbomer, Allanto\u00efne, Xanthan Gum, Sodium Hydroxide, Bisabolol, Portulaca Oleracea Extract.<\/p>\n","protected":false},"excerpt":{"rendered":"<div class=\"product-short-description\">\n<p>Apaise et rafra\u00eechit la peau irrit\u00e9e \u00e0 son meilleur apr\u00e8s un bain de soleil avec Ultrasun After Sun Post Laser Gel, un gel-lotion facile \u00e0 appliquer.<\/p>\n<\/div>\n","protected":false},"featured_media":488,"comment_status":"open","ping_status":"closed","template":"","meta":{"ocean_post_layout":"","ocean_both_sidebars_style":"","ocean_both_sidebars_content_width":0,"ocean_both_sidebars_sidebars_width":0,"ocean_sidebar":"0","ocean_second_sidebar":"0","ocean_disable_margins":"enable","ocean_add_body_class":"","ocean_shortcode_before_top_bar":"","ocean_shortcode_after_top_bar":"","ocean_shortcode_before_header":"","ocean_shortcode_after_header":"","ocean_has_shortcode":"","ocean_shortcode_after_title":"","ocean_shortcode_before_footer_widgets":"","ocean_shortcode_after_footer_widgets":"","ocean_shortcode_before_footer_bottom":"","ocean_shortcode_after_footer_bottom":"","ocean_display_top_bar":"default","ocean_display_header":"default","ocean_header_style":"","ocean_center_header_left_menu":"0","ocean_custom_header_template":"0","ocean_custom_logo":0,"ocean_custom_retina_logo":0,"ocean_custom_logo_max_width":0,"ocean_custom_logo_tablet_max_width":0,"ocean_custom_logo_mobile_max_width":0,"ocean_custom_logo_max_height":0,"ocean_custom_logo_tablet_max_height":0,"ocean_custom_logo_mobile_max_height":0,"ocean_header_custom_menu":"0","ocean_menu_typo_font_family":"0","ocean_menu_typo_font_subset":"","ocean_menu_typo_font_size":0,"ocean_menu_typo_font_size_tablet":0,"ocean_menu_typo_font_size_mobile":0,"ocean_menu_typo_font_size_unit":"px","ocean_menu_typo_font_weight":"","ocean_menu_typo_font_weight_tablet":"","ocean_menu_typo_font_weight_mobile":"","ocean_menu_typo_transform":"","ocean_menu_typo_transform_tablet":"","ocean_menu_typo_transform_mobile":"","ocean_menu_typo_line_height":0,"ocean_menu_typo_line_height_tablet":0,"ocean_menu_typo_line_height_mobile":0,"ocean_menu_typo_line_height_unit":"","ocean_menu_typo_spacing":0,"ocean_menu_typo_spacing_tablet":0,"ocean_menu_typo_spacing_mobile":0,"ocean_menu_typo_spacing_unit":"","ocean_menu_link_color":"","ocean_menu_link_color_hover":"","ocean_menu_link_color_active":"","ocean_menu_link_background":"","ocean_menu_link_hover_background":"","ocean_menu_link_active_background":"","ocean_menu_social_links_bg":"","ocean_menu_social_hover_links_bg":"","ocean_menu_social_links_color":"","ocean_menu_social_hover_links_color":"","ocean_disable_title":"default","ocean_disable_heading":"default","ocean_post_title":"","ocean_post_subheading":"","ocean_post_title_style":"","ocean_post_title_background_color":"","ocean_post_title_background":0,"ocean_post_title_bg_image_position":"","ocean_post_title_bg_image_attachment":"","ocean_post_title_bg_image_repeat":"","ocean_post_title_bg_image_size":"","ocean_post_title_height":0,"ocean_post_title_bg_overlay":0.5,"ocean_post_title_bg_overlay_color":"","ocean_disable_breadcrumbs":"default","ocean_breadcrumbs_color":"","ocean_breadcrumbs_separator_color":"","ocean_breadcrumbs_links_color":"","ocean_breadcrumbs_links_hover_color":"","ocean_display_footer_widgets":"default","ocean_display_footer_bottom":"default","ocean_custom_footer_template":"0"},"product_brand":[],"product_cat":[26,73,22,47,20],"product_tag":[],"class_list":{"0":"post-487","1":"product","2":"type-product","3":"status-publish","4":"has-post-thumbnail","6":"product_cat-promo","7":"product_cat-apres-solaire","8":"product_cat-corps","9":"product_cat-soins-corps","10":"product_cat-solaire","12":"entry","13":"has-media","15":"first","16":"instock","17":"sale","18":"taxable","19":"shipping-taxable","20":"purchasable","21":"product-type-simple","22":"has-product-nav","23":"col","24":"span_1_of_3","25":"owp-content-center","26":"owp-thumbs-layout-horizontal","27":"owp-btn-normal","28":"owp-tabs-layout-horizontal","29":"has-no-thumbnails"},"_links":{"self":[{"href":"https:\/\/ellypara.com\/index.php\/wp-json\/wp\/v2\/product\/487","targetHints":{"allow":["GET"]}}],"collection":[{"href":"https:\/\/ellypara.com\/index.php\/wp-json\/wp\/v2\/product"}],"about":[{"href":"https:\/\/ellypara.com\/index.php\/wp-json\/wp\/v2\/types\/product"}],"replies":[{"embeddable":true,"href":"https:\/\/ellypara.com\/index.php\/wp-json\/wp\/v2\/comments?post=487"}],"wp:featuredmedia":[{"embeddable":true,"href":"https:\/\/ellypara.com\/index.php\/wp-json\/wp\/v2\/media\/488"}],"wp:attachment":[{"href":"https:\/\/ellypara.com\/index.php\/wp-json\/wp\/v2\/media?parent=487"}],"wp:term":[{"taxonomy":"product_brand","embeddable":true,"href":"https:\/\/ellypara.com\/index.php\/wp-json\/wp\/v2\/product_brand?post=487"},{"taxonomy":"product_cat","embeddable":true,"href":"https:\/\/ellypara.com\/index.php\/wp-json\/wp\/v2\/product_cat?post=487"},{"taxonomy":"product_tag","embeddable":true,"href":"https:\/\/ellypara.com\/index.php\/wp-json\/wp\/v2\/product_tag?post=487"}],"curies":[{"name":"wp","href":"https:\/\/api.w.org\/{rel}","templated":true}]}}