{"id":493,"date":"2025-01-20T21:25:52","date_gmt":"2025-01-20T20:25:52","guid":{"rendered":"https:\/\/ellypara.com\/?post_type=product&#038;p=493"},"modified":"2025-01-20T21:25:52","modified_gmt":"2025-01-20T20:25:52","slug":"inoderma-aloha-huile-au-monoi-de-tahiti-pailletee-pink-150ml-spray","status":"publish","type":"product","link":"https:\/\/ellypara.com\/index.php\/produit\/inoderma-aloha-huile-au-monoi-de-tahiti-pailletee-pink-150ml-spray\/","title":{"rendered":"INODERMA ALOHA Huile au Mono\u00ef de Tahiti Paillet\u00e9e PINK 150ml SPRAY"},"content":{"rendered":"<p><strong>ALOHA BY INODERMA Huile au Mono\u00ef de Tahiti Paillet\u00e9e PINK 150ML<\/strong><\/p>\n<p>Aloha est une huile au Mono\u00ef de Tahiti d\u2019origine Polyn\u00e9sienne, obtenue gr\u00e2ce \u00e0 la mac\u00e9ration de fleurs de Tiar\u00e9 dans l\u2019huile de noix de coco. Dot\u00e9e d\u2019un parfum doux et envo\u00fbtant, Aloha est appr\u00e9ci\u00e9e pour ses vertus hydratantes, adoucissantes et assouplissantes.<\/p>\n<p>Aloha facilite le bronzage en emp\u00eachant la peau de se dess\u00e9cher. Aloha illumine la peau et sublime le bronzage. Elle s\u2019utilise \u00e9galement en apr\u00e8s-soleil.<\/p>\n<p><strong>Conseils d\u2019utilisation :<\/strong><\/p>\n<p>Il est recommand\u00e9 d\u2019Appliquer Aloha sur le corps et les cheveux. Masser d\u00e9licatement pour faire p\u00e9n\u00e9trer le soin. Ne pas rincer. Agiter le flacon avant utilisation.<\/p>\n<p>A base d\u2019huile de coco, l\u2019huile au mono\u00ef se solidifie d\u00e8s que la temp\u00e9rature descend au-dessous de<\/p>\n<p>20\u00b0C. Cela n\u2019affecte pas ses propri\u00e9t\u00e9s, il suffit de la r\u00e9chauffer avant de l\u2019utiliser.<\/p>\n<p><strong>Composition :<\/strong><\/p>\n<p>Extrait de fleur de Tiar\u00e9 : Hydratante. Traite et pr\u00e9vient les cheveux fragilis\u00e9s et dess\u00e9ch\u00e9s, permet<\/p>\n<p>de r\u00e9aliser un parfait bronzage, et de traiter les coups de soleil.<\/p>\n<p>Noix de coco : Nourrissante et r\u00e9paratrice.<\/p>\n<p>&nbsp;<\/p>\n","protected":false},"excerpt":{"rendered":"<div class=\"product-short-description\">\n<p>Aloha est une huile au Mono\u00ef de Tahiti d\u2019origine Polyn\u00e9sienne, obtenue gr\u00e2ce \u00e0 la mac\u00e9ration de fleurs de Tiar\u00e9 dans l\u2019huile de noix de coco.<\/p>\n<\/div>\n<form class=\"cart\" action=\"https:\/\/www.maparatunisie.tn\/produit\/inoderma-aloha-huile-au-monoi-de-tahiti-pailletee-pink-150ml-spray\/\" enctype=\"multipart\/form-data\" method=\"post\">\n<div class=\"ux-quantity quantity buttons_added\"><\/div>\n<\/form>\n","protected":false},"featured_media":494,"comment_status":"open","ping_status":"closed","template":"","meta":{"ocean_post_layout":"","ocean_both_sidebars_style":"","ocean_both_sidebars_content_width":0,"ocean_both_sidebars_sidebars_width":0,"ocean_sidebar":"0","ocean_second_sidebar":"0","ocean_disable_margins":"enable","ocean_add_body_class":"","ocean_shortcode_before_top_bar":"","ocean_shortcode_after_top_bar":"","ocean_shortcode_before_header":"","ocean_shortcode_after_header":"","ocean_has_shortcode":"","ocean_shortcode_after_title":"","ocean_shortcode_before_footer_widgets":"","ocean_shortcode_after_footer_widgets":"","ocean_shortcode_before_footer_bottom":"","ocean_shortcode_after_footer_bottom":"","ocean_display_top_bar":"default","ocean_display_header":"default","ocean_header_style":"","ocean_center_header_left_menu":"0","ocean_custom_header_template":"0","ocean_custom_logo":0,"ocean_custom_retina_logo":0,"ocean_custom_logo_max_width":0,"ocean_custom_logo_tablet_max_width":0,"ocean_custom_logo_mobile_max_width":0,"ocean_custom_logo_max_height":0,"ocean_custom_logo_tablet_max_height":0,"ocean_custom_logo_mobile_max_height":0,"ocean_header_custom_menu":"0","ocean_menu_typo_font_family":"0","ocean_menu_typo_font_subset":"","ocean_menu_typo_font_size":0,"ocean_menu_typo_font_size_tablet":0,"ocean_menu_typo_font_size_mobile":0,"ocean_menu_typo_font_size_unit":"px","ocean_menu_typo_font_weight":"","ocean_menu_typo_font_weight_tablet":"","ocean_menu_typo_font_weight_mobile":"","ocean_menu_typo_transform":"","ocean_menu_typo_transform_tablet":"","ocean_menu_typo_transform_mobile":"","ocean_menu_typo_line_height":0,"ocean_menu_typo_line_height_tablet":0,"ocean_menu_typo_line_height_mobile":0,"ocean_menu_typo_line_height_unit":"","ocean_menu_typo_spacing":0,"ocean_menu_typo_spacing_tablet":0,"ocean_menu_typo_spacing_mobile":0,"ocean_menu_typo_spacing_unit":"","ocean_menu_link_color":"","ocean_menu_link_color_hover":"","ocean_menu_link_color_active":"","ocean_menu_link_background":"","ocean_menu_link_hover_background":"","ocean_menu_link_active_background":"","ocean_menu_social_links_bg":"","ocean_menu_social_hover_links_bg":"","ocean_menu_social_links_color":"","ocean_menu_social_hover_links_color":"","ocean_disable_title":"default","ocean_disable_heading":"default","ocean_post_title":"","ocean_post_subheading":"","ocean_post_title_style":"","ocean_post_title_background_color":"","ocean_post_title_background":0,"ocean_post_title_bg_image_position":"","ocean_post_title_bg_image_attachment":"","ocean_post_title_bg_image_repeat":"","ocean_post_title_bg_image_size":"","ocean_post_title_height":0,"ocean_post_title_bg_overlay":0.5,"ocean_post_title_bg_overlay_color":"","ocean_disable_breadcrumbs":"default","ocean_breadcrumbs_color":"","ocean_breadcrumbs_separator_color":"","ocean_breadcrumbs_links_color":"","ocean_breadcrumbs_links_hover_color":"","ocean_display_footer_widgets":"default","ocean_display_footer_bottom":"default","ocean_custom_footer_template":"0"},"product_brand":[],"product_cat":[26,74,22,20],"product_tag":[],"class_list":{"0":"post-493","1":"product","2":"type-product","3":"status-publish","4":"has-post-thumbnail","6":"product_cat-promo","7":"product_cat-bronzage-et-autobronzants","8":"product_cat-corps","9":"product_cat-solaire","11":"entry","12":"has-media","14":"first","15":"instock","16":"sale","17":"taxable","18":"shipping-taxable","19":"purchasable","20":"product-type-simple","21":"has-product-nav","22":"col","23":"span_1_of_3","24":"owp-content-center","25":"owp-thumbs-layout-horizontal","26":"owp-btn-normal","27":"owp-tabs-layout-horizontal","28":"has-no-thumbnails"},"_links":{"self":[{"href":"https:\/\/ellypara.com\/index.php\/wp-json\/wp\/v2\/product\/493","targetHints":{"allow":["GET"]}}],"collection":[{"href":"https:\/\/ellypara.com\/index.php\/wp-json\/wp\/v2\/product"}],"about":[{"href":"https:\/\/ellypara.com\/index.php\/wp-json\/wp\/v2\/types\/product"}],"replies":[{"embeddable":true,"href":"https:\/\/ellypara.com\/index.php\/wp-json\/wp\/v2\/comments?post=493"}],"wp:featuredmedia":[{"embeddable":true,"href":"https:\/\/ellypara.com\/index.php\/wp-json\/wp\/v2\/media\/494"}],"wp:attachment":[{"href":"https:\/\/ellypara.com\/index.php\/wp-json\/wp\/v2\/media?parent=493"}],"wp:term":[{"taxonomy":"product_brand","embeddable":true,"href":"https:\/\/ellypara.com\/index.php\/wp-json\/wp\/v2\/product_brand?post=493"},{"taxonomy":"product_cat","embeddable":true,"href":"https:\/\/ellypara.com\/index.php\/wp-json\/wp\/v2\/product_cat?post=493"},{"taxonomy":"product_tag","embeddable":true,"href":"https:\/\/ellypara.com\/index.php\/wp-json\/wp\/v2\/product_tag?post=493"}],"curies":[{"name":"wp","href":"https:\/\/api.w.org\/{rel}","templated":true}]}}