{"id":499,"date":"2025-01-20T21:45:51","date_gmt":"2025-01-20T20:45:51","guid":{"rendered":"https:\/\/ellypara.com\/?post_type=product&#038;p=499"},"modified":"2025-02-01T17:56:33","modified_gmt":"2025-02-01T16:56:33","slug":"pouxiderm-pack-anti-poux","status":"publish","type":"product","link":"https:\/\/ellypara.com\/index.php\/produit\/pouxiderm-pack-anti-poux\/","title":{"rendered":"Pouxiderm Pack Anti-Poux"},"content":{"rendered":"<p>&nbsp;<\/p>\n<p><strong>Le Pack contient :<\/strong><\/p>\n<p><strong>PouxiDerm Lotion Anti-Poux 100ml<\/strong><\/p>\n<p>Pouxiderm Lotion Anti-Poux 100% naturelle, sans insecticide, sans conservateur et sans parfum de synth\u00e8se. Gr\u00e2ce \u00e0 la combinaison de ses 4 Huiles Essentielles et ses 5 Huiles V\u00e9g\u00e9tales connues pour leur action Anti-poux, PouxiDerm Lotion \u00e9limine les poux, lentes et larves et aide \u00e0 calmer les d\u00e9mangeaisons. Sa formule douce laisse les cheveux lisses et brillants.<\/p>\n<p><strong>Pouxiderm Shampoing Anti Poux 125ml<\/strong><\/p>\n<p>PouxiDerm shampoing apaisant assainissant est un soin en compl\u00e9ment du traitement anti-poux. Ce shampoing s\u2019utilise au quotidien pour aider \u00e0 \u00e9liminer les lentes et les poux morts. Gr\u00e2ce \u00e0 sa formule sans insecticides chimique et riche en huiles essentielles, PouxiDerm shampoing assainit et apaise le cuir chevelu sans laisser de r\u00e9sidus gras.<\/p>\n<p><strong>PouxiDerm Spray Anti-Poux R\u00e9pulsif &amp; Pr\u00e9ventif 100ml<\/strong><\/p>\n<p>Pouxiderm Spray Anti-poux R\u00e9pulsif et Pr\u00e9ventif pour adultes et enfants. Sa formule 100% naturelle, sans insecticides et sans alcool, assure une protection contre les poux en cas d\u2019\u00e9pid\u00e9mie sans ab\u00eemer le cuir chevelu.<\/p>\n<p>&nbsp;<\/p>\n<p><strong>Composition :<\/strong><\/p>\n<p>Huile Essentielle de Lavande Vraie<\/p>\n<p>Huile Essentielle de Lavandin Grosso<\/p>\n<p>Huile Essentielle d\u2019Arbre \u00e0 Th\u00e9<\/p>\n<p>Huile Essentielle de Romarin \u00e0 Cin\u00e9ole<\/p>\n<p>Huile Essentielle de G\u00e9ranium Rosat<\/p>\n<p>Huile Essentielle de Clou de Girofle<\/p>\n<p>Eau florale de Lavande<\/p>\n<p>Vinaigre de Cidre<\/p>\n","protected":false},"excerpt":{"rendered":"<p>Le Pack contient :<\/p>\n<p>POUXIDERM LOTION ANTI-POUX &amp; LENTES 100ML<\/p>\n<p>POUXIDERM SPRAY REPULSIF &amp; PREVENTIF ANTI-POUX 100ML<\/p>\n<p>POUXIDERM SHAMPOOING APAISANT ET ASSAINISSANT 125ML<strong>\u00a0(OFFERT)<\/strong><\/p>\n","protected":false},"featured_media":500,"comment_status":"open","ping_status":"closed","template":"","meta":{"ocean_post_layout":"","ocean_both_sidebars_style":"","ocean_both_sidebars_content_width":0,"ocean_both_sidebars_sidebars_width":0,"ocean_sidebar":"0","ocean_second_sidebar":"0","ocean_disable_margins":"enable","ocean_add_body_class":"","ocean_shortcode_before_top_bar":"","ocean_shortcode_after_top_bar":"","ocean_shortcode_before_header":"","ocean_shortcode_after_header":"","ocean_has_shortcode":"","ocean_shortcode_after_title":"","ocean_shortcode_before_footer_widgets":"","ocean_shortcode_after_footer_widgets":"","ocean_shortcode_before_footer_bottom":"","ocean_shortcode_after_footer_bottom":"","ocean_display_top_bar":"default","ocean_display_header":"default","ocean_header_style":"","ocean_center_header_left_menu":"0","ocean_custom_header_template":"0","ocean_custom_logo":0,"ocean_custom_retina_logo":0,"ocean_custom_logo_max_width":0,"ocean_custom_logo_tablet_max_width":0,"ocean_custom_logo_mobile_max_width":0,"ocean_custom_logo_max_height":0,"ocean_custom_logo_tablet_max_height":0,"ocean_custom_logo_mobile_max_height":0,"ocean_header_custom_menu":"0","ocean_menu_typo_font_family":"0","ocean_menu_typo_font_subset":"","ocean_menu_typo_font_size":0,"ocean_menu_typo_font_size_tablet":0,"ocean_menu_typo_font_size_mobile":0,"ocean_menu_typo_font_size_unit":"px","ocean_menu_typo_font_weight":"","ocean_menu_typo_font_weight_tablet":"","ocean_menu_typo_font_weight_mobile":"","ocean_menu_typo_transform":"","ocean_menu_typo_transform_tablet":"","ocean_menu_typo_transform_mobile":"","ocean_menu_typo_line_height":0,"ocean_menu_typo_line_height_tablet":0,"ocean_menu_typo_line_height_mobile":0,"ocean_menu_typo_line_height_unit":"","ocean_menu_typo_spacing":0,"ocean_menu_typo_spacing_tablet":0,"ocean_menu_typo_spacing_mobile":0,"ocean_menu_typo_spacing_unit":"","ocean_menu_link_color":"","ocean_menu_link_color_hover":"","ocean_menu_link_color_active":"","ocean_menu_link_background":"","ocean_menu_link_hover_background":"","ocean_menu_link_active_background":"","ocean_menu_social_links_bg":"","ocean_menu_social_hover_links_bg":"","ocean_menu_social_links_color":"","ocean_menu_social_hover_links_color":"","ocean_disable_title":"default","ocean_disable_heading":"default","ocean_post_title":"","ocean_post_subheading":"","ocean_post_title_style":"","ocean_post_title_background_color":"","ocean_post_title_background":0,"ocean_post_title_bg_image_position":"","ocean_post_title_bg_image_attachment":"","ocean_post_title_bg_image_repeat":"","ocean_post_title_bg_image_size":"","ocean_post_title_height":0,"ocean_post_title_bg_overlay":0.5,"ocean_post_title_bg_overlay_color":"","ocean_disable_breadcrumbs":"default","ocean_breadcrumbs_color":"","ocean_breadcrumbs_separator_color":"","ocean_breadcrumbs_links_color":"","ocean_breadcrumbs_links_hover_color":"","ocean_display_footer_widgets":"default","ocean_display_footer_bottom":"default","ocean_custom_footer_template":"0"},"product_brand":[],"product_cat":[24,63],"product_tag":[],"class_list":{"0":"post-499","1":"product","2":"type-product","3":"status-publish","4":"has-post-thumbnail","6":"product_cat-bebe-et-maman","7":"product_cat-poux-et-lentes","9":"entry","10":"has-media","12":"first","13":"instock","14":"taxable","15":"shipping-taxable","16":"purchasable","17":"product-type-simple","18":"has-product-nav","19":"col","20":"span_1_of_3","21":"owp-content-center","22":"owp-thumbs-layout-horizontal","23":"owp-btn-normal","24":"owp-tabs-layout-horizontal","25":"has-no-thumbnails"},"_links":{"self":[{"href":"https:\/\/ellypara.com\/index.php\/wp-json\/wp\/v2\/product\/499","targetHints":{"allow":["GET"]}}],"collection":[{"href":"https:\/\/ellypara.com\/index.php\/wp-json\/wp\/v2\/product"}],"about":[{"href":"https:\/\/ellypara.com\/index.php\/wp-json\/wp\/v2\/types\/product"}],"replies":[{"embeddable":true,"href":"https:\/\/ellypara.com\/index.php\/wp-json\/wp\/v2\/comments?post=499"}],"wp:featuredmedia":[{"embeddable":true,"href":"https:\/\/ellypara.com\/index.php\/wp-json\/wp\/v2\/media\/500"}],"wp:attachment":[{"href":"https:\/\/ellypara.com\/index.php\/wp-json\/wp\/v2\/media?parent=499"}],"wp:term":[{"taxonomy":"product_brand","embeddable":true,"href":"https:\/\/ellypara.com\/index.php\/wp-json\/wp\/v2\/product_brand?post=499"},{"taxonomy":"product_cat","embeddable":true,"href":"https:\/\/ellypara.com\/index.php\/wp-json\/wp\/v2\/product_cat?post=499"},{"taxonomy":"product_tag","embeddable":true,"href":"https:\/\/ellypara.com\/index.php\/wp-json\/wp\/v2\/product_tag?post=499"}],"curies":[{"name":"wp","href":"https:\/\/api.w.org\/{rel}","templated":true}]}}