{"id":523,"date":"2025-01-20T22:32:42","date_gmt":"2025-01-20T21:32:42","guid":{"rendered":"https:\/\/ellypara.com\/?post_type=product&#038;p=523"},"modified":"2025-01-21T13:11:14","modified_gmt":"2025-01-21T12:11:14","slug":"topface-skin-editor-matte-finishing-powder-spf15-009","status":"publish","type":"product","link":"https:\/\/ellypara.com\/index.php\/produit\/topface-skin-editor-matte-finishing-powder-spf15-009\/","title":{"rendered":"Topface Skin Editor Matte Finishing Powder SPF15 009"},"content":{"rendered":"<p><strong>Topface Skin Editor Matte Finishing Powder SPF15 009<\/strong><\/p>\n<p>La poudre de finition mate Topface contient une formule sp\u00e9ciale qui donne un aspect soyeux et naturel \u00e0 votre peau en gardant votre maquillage impeccable et frais toute la journ\u00e9e.<\/p>\n<p>Il est s\u00fbr de vous donner une apparence saine, ainsi qu\u2019une protection contre les rayons du soleil.\u00a0Choisissez entre 16 nuances de peau.\u00a0La formule longue dur\u00e9e garde votre visage frais pendant des heures et l\u2019excellente couvrance minimise vos imperfections mineures.<\/p>\n<p>Embellit le grain de peau \u2013 Fini velout\u00e9 \u2013 SPF 15 \u2013 Miroir et houppette inclus<\/p>\n<p>Mieux qu\u2019un filtre Instagram, optez pour la Poudre Matifiante Perfectrice Skin Editor !<\/p>\n<p>Sa formule professionnelle convient \u00e0 tous les types de peaux et apporte une action compl\u00e8te au quotidien :<\/p>\n<p>\u2013 Matifiante, elle r\u00e9gule la production de s\u00e9bum et neutralise les brillances<\/p>\n<p>\u2013 Unifiante, elle floute les pores et lisse le grain de peau<\/p>\n<p>\u2013 Fixatrice, elle emp\u00eache le fond de teint et l\u2019anti-cerne de migrer<\/p>\n<p>\u2013 Protectrice, elle contient un filtre solaire SPF15 pour pr\u00e9server la peau des UV<\/p>\n<p>\u2013 Hydratante, ses extraits de Macadamia laissent la peau soyeuse et velout\u00e9e.<\/p>\n","protected":false},"excerpt":{"rendered":"<div class=\"product-short-description\">\n<p>Topface Skin Editor Matte Finishing Powder SPF15 009 Embellit le grain de peau \u2013 Fini velout\u00e9 \u2013 Miroir et houppette inclus<\/p>\n<\/div>\n","protected":false},"featured_media":525,"comment_status":"open","ping_status":"closed","template":"","meta":{"ocean_post_layout":"","ocean_both_sidebars_style":"","ocean_both_sidebars_content_width":0,"ocean_both_sidebars_sidebars_width":0,"ocean_sidebar":"0","ocean_second_sidebar":"0","ocean_disable_margins":"enable","ocean_add_body_class":"","ocean_shortcode_before_top_bar":"","ocean_shortcode_after_top_bar":"","ocean_shortcode_before_header":"","ocean_shortcode_after_header":"","ocean_has_shortcode":"","ocean_shortcode_after_title":"","ocean_shortcode_before_footer_widgets":"","ocean_shortcode_after_footer_widgets":"","ocean_shortcode_before_footer_bottom":"","ocean_shortcode_after_footer_bottom":"","ocean_display_top_bar":"default","ocean_display_header":"default","ocean_header_style":"","ocean_center_header_left_menu":"0","ocean_custom_header_template":"0","ocean_custom_logo":0,"ocean_custom_retina_logo":0,"ocean_custom_logo_max_width":0,"ocean_custom_logo_tablet_max_width":0,"ocean_custom_logo_mobile_max_width":0,"ocean_custom_logo_max_height":0,"ocean_custom_logo_tablet_max_height":0,"ocean_custom_logo_mobile_max_height":0,"ocean_header_custom_menu":"0","ocean_menu_typo_font_family":"0","ocean_menu_typo_font_subset":"","ocean_menu_typo_font_size":0,"ocean_menu_typo_font_size_tablet":0,"ocean_menu_typo_font_size_mobile":0,"ocean_menu_typo_font_size_unit":"px","ocean_menu_typo_font_weight":"","ocean_menu_typo_font_weight_tablet":"","ocean_menu_typo_font_weight_mobile":"","ocean_menu_typo_transform":"","ocean_menu_typo_transform_tablet":"","ocean_menu_typo_transform_mobile":"","ocean_menu_typo_line_height":0,"ocean_menu_typo_line_height_tablet":0,"ocean_menu_typo_line_height_mobile":0,"ocean_menu_typo_line_height_unit":"","ocean_menu_typo_spacing":0,"ocean_menu_typo_spacing_tablet":0,"ocean_menu_typo_spacing_mobile":0,"ocean_menu_typo_spacing_unit":"","ocean_menu_link_color":"","ocean_menu_link_color_hover":"","ocean_menu_link_color_active":"","ocean_menu_link_background":"","ocean_menu_link_hover_background":"","ocean_menu_link_active_background":"","ocean_menu_social_links_bg":"","ocean_menu_social_hover_links_bg":"","ocean_menu_social_links_color":"","ocean_menu_social_hover_links_color":"","ocean_disable_title":"default","ocean_disable_heading":"default","ocean_post_title":"","ocean_post_subheading":"","ocean_post_title_style":"","ocean_post_title_background_color":"","ocean_post_title_background":0,"ocean_post_title_bg_image_position":"","ocean_post_title_bg_image_attachment":"","ocean_post_title_bg_image_repeat":"","ocean_post_title_bg_image_size":"","ocean_post_title_height":0,"ocean_post_title_bg_overlay":0.5,"ocean_post_title_bg_overlay_color":"","ocean_disable_breadcrumbs":"default","ocean_breadcrumbs_color":"","ocean_breadcrumbs_separator_color":"","ocean_breadcrumbs_links_color":"","ocean_breadcrumbs_links_hover_color":"","ocean_display_footer_widgets":"default","ocean_display_footer_bottom":"default","ocean_custom_footer_template":"0"},"product_brand":[],"product_cat":[102,107,15,104],"product_tag":[],"class_list":{"0":"post-523","1":"product","2":"type-product","3":"status-publish","4":"has-post-thumbnail","6":"product_cat-anti-cerne-et-correcteur","7":"product_cat-fond-de-teint","8":"product_cat-maquillage","9":"product_cat-poudre","11":"entry","12":"has-media","14":"first","15":"outofstock","16":"taxable","17":"shipping-taxable","18":"purchasable","19":"product-type-simple","20":"has-product-nav","21":"col","22":"span_1_of_3","23":"owp-content-center","24":"owp-thumbs-layout-horizontal","25":"owp-btn-normal","26":"owp-tabs-layout-horizontal","27":"has-no-thumbnails"},"_links":{"self":[{"href":"https:\/\/ellypara.com\/index.php\/wp-json\/wp\/v2\/product\/523","targetHints":{"allow":["GET"]}}],"collection":[{"href":"https:\/\/ellypara.com\/index.php\/wp-json\/wp\/v2\/product"}],"about":[{"href":"https:\/\/ellypara.com\/index.php\/wp-json\/wp\/v2\/types\/product"}],"replies":[{"embeddable":true,"href":"https:\/\/ellypara.com\/index.php\/wp-json\/wp\/v2\/comments?post=523"}],"wp:featuredmedia":[{"embeddable":true,"href":"https:\/\/ellypara.com\/index.php\/wp-json\/wp\/v2\/media\/525"}],"wp:attachment":[{"href":"https:\/\/ellypara.com\/index.php\/wp-json\/wp\/v2\/media?parent=523"}],"wp:term":[{"taxonomy":"product_brand","embeddable":true,"href":"https:\/\/ellypara.com\/index.php\/wp-json\/wp\/v2\/product_brand?post=523"},{"taxonomy":"product_cat","embeddable":true,"href":"https:\/\/ellypara.com\/index.php\/wp-json\/wp\/v2\/product_cat?post=523"},{"taxonomy":"product_tag","embeddable":true,"href":"https:\/\/ellypara.com\/index.php\/wp-json\/wp\/v2\/product_tag?post=523"}],"curies":[{"name":"wp","href":"https:\/\/api.w.org\/{rel}","templated":true}]}}