{"id":564,"date":"2025-01-21T14:02:53","date_gmt":"2025-01-21T13:02:53","guid":{"rendered":"https:\/\/ellypara.com\/?post_type=product&#038;p=564"},"modified":"2025-01-21T14:02:54","modified_gmt":"2025-01-21T13:02:54","slug":"topface-blush-brush-f02","status":"publish","type":"product","link":"https:\/\/ellypara.com\/index.php\/produit\/topface-blush-brush-f02\/","title":{"rendered":"Topface Blush Brush F02"},"content":{"rendered":"<p><strong>Topface Blush Brush F02<\/strong><\/p>\n<p>Les pinceaux de maquillage sont des outils indispensables pour r\u00e9gler votre jeu de maquillage et accentuer parfaitement les traits de votre visage.<\/p>\n<p>Pour vous aider \u00e0 appliquer facilement et sans effort les produits de maquillage, TopFace pr\u00e9sente sa gamme de pinceaux de maquillage, qui int\u00e8gre une toute nouvelle gamme d\u2019applicateurs de maquillage qui peuvent vous aider \u00e0 obtenir le look d\u00e9sir\u00e9 en un rien de temps. Du pinceau fard \u00e0 joues \u00e0 l\u2019applicateur pour les yeux, en passant par les crayons \u00e0 l\u00e8vres, les pinceaux \u00e0 l\u00e8vres, les pinceaux surligneurs et bien plus encore, vous disposez de tous les types de pinceaux pour vous maquiller tr\u00e8s facilement. Les pinceaux de maquillage simples sont parfaits \u00e0 emporter partout o\u00f9 vous allez car ils sont compacts et tr\u00e8s pratiques. Tous les pinceaux sont faits de poils doux et peuvent \u00eatre utilis\u00e9s en toute s\u00e9curit\u00e9 sur la peau, les yeux et les l\u00e8vres. De plus, ils offrent une prise en main facile et sont \u00e9galement tr\u00e8s r\u00e9sistants.<\/p>\n<p>Pinceau \u00e0 poudre<br \/>\nFacile \u00e0 utiliser<br \/>\nPoils doux<br \/>\nPrise en main facile<br \/>\nSuper r\u00e9sistant<\/p>\n<p><strong>CONSEIL DE PRO<\/strong>\u00a0: lavez fr\u00e9quemment vos pinceaux avec\u00a0Topface Brush Cleanser Nettoyant Pinceaux\u00a0pour \u00e9viter toute sorte de bact\u00e9ries nocives ou de restes de maquillage qui ab\u00eemeront votre peau lors de leur utilisation ult\u00e9rieure.<\/p>\n","protected":false},"excerpt":{"rendered":"<div class=\"product-short-description\">\n<p>Les pinceaux de maquillage sont des outils indispensables pour r\u00e9gler votre jeu de maquillage et accentuer parfaitement les traits de votre visage.<\/p>\n<\/div>\n","protected":false},"featured_media":565,"comment_status":"open","ping_status":"closed","template":"","meta":{"ocean_post_layout":"","ocean_both_sidebars_style":"","ocean_both_sidebars_content_width":0,"ocean_both_sidebars_sidebars_width":0,"ocean_sidebar":"0","ocean_second_sidebar":"0","ocean_disable_margins":"enable","ocean_add_body_class":"","ocean_shortcode_before_top_bar":"","ocean_shortcode_after_top_bar":"","ocean_shortcode_before_header":"","ocean_shortcode_after_header":"","ocean_has_shortcode":"","ocean_shortcode_after_title":"","ocean_shortcode_before_footer_widgets":"","ocean_shortcode_after_footer_widgets":"","ocean_shortcode_before_footer_bottom":"","ocean_shortcode_after_footer_bottom":"","ocean_display_top_bar":"default","ocean_display_header":"default","ocean_header_style":"","ocean_center_header_left_menu":"0","ocean_custom_header_template":"0","ocean_custom_logo":0,"ocean_custom_retina_logo":0,"ocean_custom_logo_max_width":0,"ocean_custom_logo_tablet_max_width":0,"ocean_custom_logo_mobile_max_width":0,"ocean_custom_logo_max_height":0,"ocean_custom_logo_tablet_max_height":0,"ocean_custom_logo_mobile_max_height":0,"ocean_header_custom_menu":"0","ocean_menu_typo_font_family":"0","ocean_menu_typo_font_subset":"","ocean_menu_typo_font_size":0,"ocean_menu_typo_font_size_tablet":0,"ocean_menu_typo_font_size_mobile":0,"ocean_menu_typo_font_size_unit":"px","ocean_menu_typo_font_weight":"","ocean_menu_typo_font_weight_tablet":"","ocean_menu_typo_font_weight_mobile":"","ocean_menu_typo_transform":"","ocean_menu_typo_transform_tablet":"","ocean_menu_typo_transform_mobile":"","ocean_menu_typo_line_height":0,"ocean_menu_typo_line_height_tablet":0,"ocean_menu_typo_line_height_mobile":0,"ocean_menu_typo_line_height_unit":"","ocean_menu_typo_spacing":0,"ocean_menu_typo_spacing_tablet":0,"ocean_menu_typo_spacing_mobile":0,"ocean_menu_typo_spacing_unit":"","ocean_menu_link_color":"","ocean_menu_link_color_hover":"","ocean_menu_link_color_active":"","ocean_menu_link_background":"","ocean_menu_link_hover_background":"","ocean_menu_link_active_background":"","ocean_menu_social_links_bg":"","ocean_menu_social_hover_links_bg":"","ocean_menu_social_links_color":"","ocean_menu_social_hover_links_color":"","ocean_disable_title":"default","ocean_disable_heading":"default","ocean_post_title":"","ocean_post_subheading":"","ocean_post_title_style":"","ocean_post_title_background_color":"","ocean_post_title_background":0,"ocean_post_title_bg_image_position":"","ocean_post_title_bg_image_attachment":"","ocean_post_title_bg_image_repeat":"","ocean_post_title_bg_image_size":"","ocean_post_title_height":0,"ocean_post_title_bg_overlay":0.5,"ocean_post_title_bg_overlay_color":"","ocean_disable_breadcrumbs":"default","ocean_breadcrumbs_color":"","ocean_breadcrumbs_separator_color":"","ocean_breadcrumbs_links_color":"","ocean_breadcrumbs_links_hover_color":"","ocean_display_footer_widgets":"default","ocean_display_footer_bottom":"default","ocean_custom_footer_template":"0"},"product_brand":[],"product_cat":[15,106],"product_tag":[],"class_list":{"0":"post-564","1":"product","2":"type-product","3":"status-publish","4":"has-post-thumbnail","6":"product_cat-maquillage","7":"product_cat-pinceaux-accessoires-maquillage","9":"entry","10":"has-media","12":"first","13":"outofstock","14":"taxable","15":"shipping-taxable","16":"purchasable","17":"product-type-simple","18":"has-product-nav","19":"col","20":"span_1_of_3","21":"owp-content-center","22":"owp-thumbs-layout-horizontal","23":"owp-btn-normal","24":"owp-tabs-layout-horizontal","25":"has-no-thumbnails"},"_links":{"self":[{"href":"https:\/\/ellypara.com\/index.php\/wp-json\/wp\/v2\/product\/564","targetHints":{"allow":["GET"]}}],"collection":[{"href":"https:\/\/ellypara.com\/index.php\/wp-json\/wp\/v2\/product"}],"about":[{"href":"https:\/\/ellypara.com\/index.php\/wp-json\/wp\/v2\/types\/product"}],"replies":[{"embeddable":true,"href":"https:\/\/ellypara.com\/index.php\/wp-json\/wp\/v2\/comments?post=564"}],"wp:featuredmedia":[{"embeddable":true,"href":"https:\/\/ellypara.com\/index.php\/wp-json\/wp\/v2\/media\/565"}],"wp:attachment":[{"href":"https:\/\/ellypara.com\/index.php\/wp-json\/wp\/v2\/media?parent=564"}],"wp:term":[{"taxonomy":"product_brand","embeddable":true,"href":"https:\/\/ellypara.com\/index.php\/wp-json\/wp\/v2\/product_brand?post=564"},{"taxonomy":"product_cat","embeddable":true,"href":"https:\/\/ellypara.com\/index.php\/wp-json\/wp\/v2\/product_cat?post=564"},{"taxonomy":"product_tag","embeddable":true,"href":"https:\/\/ellypara.com\/index.php\/wp-json\/wp\/v2\/product_tag?post=564"}],"curies":[{"name":"wp","href":"https:\/\/api.w.org\/{rel}","templated":true}]}}