{"id":574,"date":"2025-01-21T14:33:08","date_gmt":"2025-01-21T13:33:08","guid":{"rendered":"https:\/\/ellypara.com\/?post_type=product&#038;p=574"},"modified":"2025-01-21T14:33:08","modified_gmt":"2025-01-21T13:33:08","slug":"therapia-appetitplus-60-gelules","status":"publish","type":"product","link":"https:\/\/ellypara.com\/index.php\/produit\/therapia-appetitplus-60-gelules\/","title":{"rendered":"Therapia Appetitplus 60 G\u00e9lules"},"content":{"rendered":"<p><strong>TH\u00c9RAPIE APP\u00c9TITS 60 G\u00c9LULES<\/strong><\/p>\n<p>Ce traitement est indiqu\u00e9 dans le cas de perte et manque d\u2019app\u00e9tit et dans le cas d\u2019anorexie chez l\u2019adulte et l\u2019enfant plus de 6\u2009ans.<br \/>\nIl est utile \u00e9galement dans le cas de manque de digestion et non assimilation des aliments.<\/p>\n<p><strong>PROPRI\u00c9T\u00c9S ET MODE D\u2019ACTION :<\/strong><\/p>\n<p>La gentiane permet de stimuler la s\u00e9cr\u00e9tion des sucs digestifs dans l\u2019estomac, ce qui redonne l\u2019app\u00e9tit et pr\u00e9pare une bonne digestion.<br \/>\nLe curcuma pr\u00e9sente des propri\u00e9t\u00e9s antioxydantes et anti-inflammatoires, tonifiantes du tube digestif qui stimulent la production et la qualit\u00e9 du mucus gastrique.<br \/>\nFenugrec qui est utilis\u00e9 pour stimuler l\u2019app\u00e9tit et la prise de poids chez les sujets anorexiques.<br \/>\nLa levure de bi\u00e8re qui contribue \u00e0 un apport de vitamines du groupe B.<br \/>\nLa spiruline qui apporte les acides amin\u00e9s essentiels \u00e0 l\u2019organisme.<\/p>\n<p><strong>COMPOSITION :<\/strong><\/p>\n<p>Curcuma, levure de bi\u00e8re, fenugrec, racine de gentiane, spiruline.<\/p>\n<p><strong>PR\u00c9CAUTIONS D\u2019EMPLOI :<\/strong><\/p>\n<p>Il n\u2019est pas destin\u00e9 pour les sujets \u00e0 ulc\u00e8re gastroduod\u00e9nal<\/p>\n","protected":false},"excerpt":{"rendered":"<p>Ce traitement est indiqu\u00e9 dans le cas de perte et manque d\u2019app\u00e9tit et dans le cas d\u2019anorexie chez l\u2019adulte et l\u2019enfant plus de 6\u2009ans.<br \/>\nIl est utile \u00e9galement dans le cas de manque de digestion et non assimilation des aliments.<\/p>\n","protected":false},"featured_media":575,"comment_status":"open","ping_status":"closed","template":"","meta":{"ocean_post_layout":"","ocean_both_sidebars_style":"","ocean_both_sidebars_content_width":0,"ocean_both_sidebars_sidebars_width":0,"ocean_sidebar":"0","ocean_second_sidebar":"0","ocean_disable_margins":"enable","ocean_add_body_class":"","ocean_shortcode_before_top_bar":"","ocean_shortcode_after_top_bar":"","ocean_shortcode_before_header":"","ocean_shortcode_after_header":"","ocean_has_shortcode":"","ocean_shortcode_after_title":"","ocean_shortcode_before_footer_widgets":"","ocean_shortcode_after_footer_widgets":"","ocean_shortcode_before_footer_bottom":"","ocean_shortcode_after_footer_bottom":"","ocean_display_top_bar":"default","ocean_display_header":"default","ocean_header_style":"","ocean_center_header_left_menu":"0","ocean_custom_header_template":"0","ocean_custom_logo":0,"ocean_custom_retina_logo":0,"ocean_custom_logo_max_width":0,"ocean_custom_logo_tablet_max_width":0,"ocean_custom_logo_mobile_max_width":0,"ocean_custom_logo_max_height":0,"ocean_custom_logo_tablet_max_height":0,"ocean_custom_logo_mobile_max_height":0,"ocean_header_custom_menu":"0","ocean_menu_typo_font_family":"0","ocean_menu_typo_font_subset":"","ocean_menu_typo_font_size":0,"ocean_menu_typo_font_size_tablet":0,"ocean_menu_typo_font_size_mobile":0,"ocean_menu_typo_font_size_unit":"px","ocean_menu_typo_font_weight":"","ocean_menu_typo_font_weight_tablet":"","ocean_menu_typo_font_weight_mobile":"","ocean_menu_typo_transform":"","ocean_menu_typo_transform_tablet":"","ocean_menu_typo_transform_mobile":"","ocean_menu_typo_line_height":0,"ocean_menu_typo_line_height_tablet":0,"ocean_menu_typo_line_height_mobile":0,"ocean_menu_typo_line_height_unit":"","ocean_menu_typo_spacing":0,"ocean_menu_typo_spacing_tablet":0,"ocean_menu_typo_spacing_mobile":0,"ocean_menu_typo_spacing_unit":"","ocean_menu_link_color":"","ocean_menu_link_color_hover":"","ocean_menu_link_color_active":"","ocean_menu_link_background":"","ocean_menu_link_hover_background":"","ocean_menu_link_active_background":"","ocean_menu_social_links_bg":"","ocean_menu_social_hover_links_bg":"","ocean_menu_social_links_color":"","ocean_menu_social_hover_links_color":"","ocean_disable_title":"default","ocean_disable_heading":"default","ocean_post_title":"","ocean_post_subheading":"","ocean_post_title_style":"","ocean_post_title_background_color":"","ocean_post_title_background":0,"ocean_post_title_bg_image_position":"","ocean_post_title_bg_image_attachment":"","ocean_post_title_bg_image_repeat":"","ocean_post_title_bg_image_size":"","ocean_post_title_height":0,"ocean_post_title_bg_overlay":0.5,"ocean_post_title_bg_overlay_color":"","ocean_disable_breadcrumbs":"default","ocean_breadcrumbs_color":"","ocean_breadcrumbs_separator_color":"","ocean_breadcrumbs_links_color":"","ocean_breadcrumbs_links_hover_color":"","ocean_display_footer_widgets":"default","ocean_display_footer_bottom":"default","ocean_custom_footer_template":"0"},"product_brand":[],"product_cat":[25,69],"product_tag":[],"class_list":{"0":"post-574","1":"product","2":"type-product","3":"status-publish","4":"has-post-thumbnail","6":"product_cat-complements-alimentaires","7":"product_cat-prise-de-poids","9":"entry","10":"has-media","12":"first","13":"instock","14":"taxable","15":"shipping-taxable","16":"purchasable","17":"product-type-simple","18":"has-product-nav","19":"col","20":"span_1_of_3","21":"owp-content-center","22":"owp-thumbs-layout-horizontal","23":"owp-btn-normal","24":"owp-tabs-layout-horizontal","25":"has-no-thumbnails"},"_links":{"self":[{"href":"https:\/\/ellypara.com\/index.php\/wp-json\/wp\/v2\/product\/574","targetHints":{"allow":["GET"]}}],"collection":[{"href":"https:\/\/ellypara.com\/index.php\/wp-json\/wp\/v2\/product"}],"about":[{"href":"https:\/\/ellypara.com\/index.php\/wp-json\/wp\/v2\/types\/product"}],"replies":[{"embeddable":true,"href":"https:\/\/ellypara.com\/index.php\/wp-json\/wp\/v2\/comments?post=574"}],"wp:featuredmedia":[{"embeddable":true,"href":"https:\/\/ellypara.com\/index.php\/wp-json\/wp\/v2\/media\/575"}],"wp:attachment":[{"href":"https:\/\/ellypara.com\/index.php\/wp-json\/wp\/v2\/media?parent=574"}],"wp:term":[{"taxonomy":"product_brand","embeddable":true,"href":"https:\/\/ellypara.com\/index.php\/wp-json\/wp\/v2\/product_brand?post=574"},{"taxonomy":"product_cat","embeddable":true,"href":"https:\/\/ellypara.com\/index.php\/wp-json\/wp\/v2\/product_cat?post=574"},{"taxonomy":"product_tag","embeddable":true,"href":"https:\/\/ellypara.com\/index.php\/wp-json\/wp\/v2\/product_tag?post=574"}],"curies":[{"name":"wp","href":"https:\/\/api.w.org\/{rel}","templated":true}]}}