{"id":577,"date":"2025-01-24T10:13:13","date_gmt":"2025-01-24T09:13:13","guid":{"rendered":"http:\/\/ellypara.com\/?post_type=product&#038;p=577"},"modified":"2025-02-01T17:59:19","modified_gmt":"2025-02-01T16:59:19","slug":"gluta-light-14-sticks","status":"publish","type":"product","link":"https:\/\/ellypara.com\/index.php\/produit\/gluta-light-14-sticks\/","title":{"rendered":"GLUTA Light 14 Sticks"},"content":{"rendered":"<p><strong>GLUTA Light<\/strong><\/p>\n<p>Le GLUTATHION est un puissant blanchisseur et\u00a0anti-tache\u00a0brunes, Roi des antioxydants, Am\u00e9liore la dur\u00e9e<\/p>\n<p>de vie et l\u2019efficacit\u00e9 des vitamines C et E, stimule la production de collag\u00e8ne et joue un r\u00f4le majeur dans l\u2019\u00e9limination des toxines.<\/p>\n<p>&nbsp;<\/p>\n<p>Convient \u00e0 tous les types de peau Action Eclaircissante (Glutathion, Vitamine C, Vitamine E, Vitamine B3)<\/p>\n<p>Action \u00c9claircissante (Glutathion, Vitamine C, Vitamine E, Vitamine B3)<\/p>\n<p>Action Anti-Age (Glutathion, Collag\u00e8ne, Vitamine C, Vitamine E)<\/p>\n<p>Action Cicatrisante (Collag\u00e8ne,\u00a0Zinc, Cuivre, Vitamine C)<\/p>\n<p>Action Hydratante (Glutathion,\u00a0Collag\u00e8ne, Vitamine B3)<\/p>\n<p>Action Anti-inflammatoire (Glutathion, L\u2019extrait de feuilles de th\u00e9, Zinc, Vitamine B3)<\/p>\n<p>Action S\u00e9bo-r\u00e9gulatrice (L\u2019Extrait de feuilles de th\u00e9, Zinc, Vitamine B3) Action Purifiante (Glutathion, l\u2019Extrait de feuilles de th\u00e9).<\/p>\n<p>Assure la sant\u00e9 et repousse des cheveux et angles (Collag\u00e8ne, Vitamine B8, Vitamine B2)<\/p>\n<p><strong>Conseil d\u2019utilisation:<\/strong><\/p>\n<p>10 ml \/ 1 stick par jour. \u2013 Adopter une hygi\u00e8ne de vie saine, alimentation vari\u00e9e et \u00e9quilibr\u00e9e.<\/p>\n<p>\u00c0 prendre au moins durant 3 mois.<\/p>\n<p>Glutathion Le plus puissant blanchisseur et anti-tache brunes Am\u00e9liore la dur\u00e9e de vie et l\u2019efficacit\u00e9 des vitamines C et E.<\/p>\n<p><strong>C\u2019est quoi Gluta Light ?<\/strong><\/p>\n<p><strong>GLUTA LIGHT<\/strong>\u00a0est une forte combinaison de\u00a0collag\u00e8ne, d\u2019extraits naturels, de vitamines et de min\u00e9raux aux effets b\u00e9n\u00e9fiques pour une peau saine et l\u00e9g\u00e8re. C\u2019est un compl\u00e9ment alimentaire antioxydants utilis\u00e9 pour \u00e9claircir la peau et \u00e9liminer les t\u00e2ches brunes.<\/p>\n","protected":false},"excerpt":{"rendered":"<div class=\"product-short-description\">\n<p>GLUTA LIGHT 14 STICKS est une combinaison de collag\u00e8ne, d\u2019extraits naturels, de vitamines et de min\u00e9raux aux effets b\u00e9n\u00e9fiques pour une peau saine et l\u00e9g\u00e8re.<\/p>\n<\/div>\n<form class=\"cart\" action=\"https:\/\/www.maparatunisie.tn\/produit\/gluta-light-14-sticks\/\" enctype=\"multipart\/form-data\" method=\"post\">\n<div class=\"ux-quantity quantity buttons_added\"><\/div>\n<\/form>\n","protected":false},"featured_media":578,"comment_status":"open","ping_status":"closed","template":"","meta":{"ocean_post_layout":"","ocean_both_sidebars_style":"","ocean_both_sidebars_content_width":0,"ocean_both_sidebars_sidebars_width":0,"ocean_sidebar":"0","ocean_second_sidebar":"0","ocean_disable_margins":"enable","ocean_add_body_class":"","ocean_shortcode_before_top_bar":"","ocean_shortcode_after_top_bar":"","ocean_shortcode_before_header":"","ocean_shortcode_after_header":"","ocean_has_shortcode":"","ocean_shortcode_after_title":"","ocean_shortcode_before_footer_widgets":"","ocean_shortcode_after_footer_widgets":"","ocean_shortcode_before_footer_bottom":"","ocean_shortcode_after_footer_bottom":"","ocean_display_top_bar":"default","ocean_display_header":"default","ocean_header_style":"","ocean_center_header_left_menu":"0","ocean_custom_header_template":"0","ocean_custom_logo":0,"ocean_custom_retina_logo":0,"ocean_custom_logo_max_width":0,"ocean_custom_logo_tablet_max_width":0,"ocean_custom_logo_mobile_max_width":0,"ocean_custom_logo_max_height":0,"ocean_custom_logo_tablet_max_height":0,"ocean_custom_logo_mobile_max_height":0,"ocean_header_custom_menu":"0","ocean_menu_typo_font_family":"0","ocean_menu_typo_font_subset":"","ocean_menu_typo_font_size":0,"ocean_menu_typo_font_size_tablet":0,"ocean_menu_typo_font_size_mobile":0,"ocean_menu_typo_font_size_unit":"px","ocean_menu_typo_font_weight":"","ocean_menu_typo_font_weight_tablet":"","ocean_menu_typo_font_weight_mobile":"","ocean_menu_typo_transform":"","ocean_menu_typo_transform_tablet":"","ocean_menu_typo_transform_mobile":"","ocean_menu_typo_line_height":0,"ocean_menu_typo_line_height_tablet":0,"ocean_menu_typo_line_height_mobile":0,"ocean_menu_typo_line_height_unit":"","ocean_menu_typo_spacing":0,"ocean_menu_typo_spacing_tablet":0,"ocean_menu_typo_spacing_mobile":0,"ocean_menu_typo_spacing_unit":"","ocean_menu_link_color":"","ocean_menu_link_color_hover":"","ocean_menu_link_color_active":"","ocean_menu_link_background":"","ocean_menu_link_hover_background":"","ocean_menu_link_active_background":"","ocean_menu_social_links_bg":"","ocean_menu_social_hover_links_bg":"","ocean_menu_social_links_color":"","ocean_menu_social_hover_links_color":"","ocean_disable_title":"default","ocean_disable_heading":"default","ocean_post_title":"","ocean_post_subheading":"","ocean_post_title_style":"","ocean_post_title_background_color":"","ocean_post_title_background":0,"ocean_post_title_bg_image_position":"","ocean_post_title_bg_image_attachment":"","ocean_post_title_bg_image_repeat":"","ocean_post_title_bg_image_size":"","ocean_post_title_height":0,"ocean_post_title_bg_overlay":0.5,"ocean_post_title_bg_overlay_color":"","ocean_disable_breadcrumbs":"default","ocean_breadcrumbs_color":"","ocean_breadcrumbs_separator_color":"","ocean_breadcrumbs_links_color":"","ocean_breadcrumbs_links_hover_color":"","ocean_display_footer_widgets":"default","ocean_display_footer_bottom":"default","ocean_custom_footer_template":"0"},"product_brand":[],"product_cat":[26,23,25,66,56],"product_tag":[],"class_list":{"0":"post-577","1":"product","2":"type-product","3":"status-publish","4":"has-post-thumbnail","6":"product_cat-promo","7":"product_cat-cheuveux","8":"product_cat-complements-alimentaires","9":"product_cat-sante","10":"product_cat-traitements-specifiques","12":"entry","13":"has-media","15":"first","16":"instock","17":"sale","18":"taxable","19":"shipping-taxable","20":"purchasable","21":"product-type-simple","22":"has-product-nav","23":"col","24":"span_1_of_3","25":"owp-content-center","26":"owp-thumbs-layout-horizontal","27":"owp-btn-normal","28":"owp-tabs-layout-horizontal","29":"has-no-thumbnails"},"_links":{"self":[{"href":"https:\/\/ellypara.com\/index.php\/wp-json\/wp\/v2\/product\/577","targetHints":{"allow":["GET"]}}],"collection":[{"href":"https:\/\/ellypara.com\/index.php\/wp-json\/wp\/v2\/product"}],"about":[{"href":"https:\/\/ellypara.com\/index.php\/wp-json\/wp\/v2\/types\/product"}],"replies":[{"embeddable":true,"href":"https:\/\/ellypara.com\/index.php\/wp-json\/wp\/v2\/comments?post=577"}],"wp:featuredmedia":[{"embeddable":true,"href":"https:\/\/ellypara.com\/index.php\/wp-json\/wp\/v2\/media\/578"}],"wp:attachment":[{"href":"https:\/\/ellypara.com\/index.php\/wp-json\/wp\/v2\/media?parent=577"}],"wp:term":[{"taxonomy":"product_brand","embeddable":true,"href":"https:\/\/ellypara.com\/index.php\/wp-json\/wp\/v2\/product_brand?post=577"},{"taxonomy":"product_cat","embeddable":true,"href":"https:\/\/ellypara.com\/index.php\/wp-json\/wp\/v2\/product_cat?post=577"},{"taxonomy":"product_tag","embeddable":true,"href":"https:\/\/ellypara.com\/index.php\/wp-json\/wp\/v2\/product_tag?post=577"}],"curies":[{"name":"wp","href":"https:\/\/api.w.org\/{rel}","templated":true}]}}