{"id":583,"date":"2025-01-24T10:24:42","date_gmt":"2025-01-24T09:24:42","guid":{"rendered":"http:\/\/ellypara.com\/?post_type=product&#038;p=583"},"modified":"2025-01-24T10:24:43","modified_gmt":"2025-01-24T09:24:43","slug":"phyteal-ultraliss-serum-traitant-a-la-keratine-40ml","status":"publish","type":"product","link":"https:\/\/ellypara.com\/index.php\/produit\/phyteal-ultraliss-serum-traitant-a-la-keratine-40ml\/","title":{"rendered":"PHYTEAL Ultraliss S\u00e9rum Traitant \u00e0 la K\u00e9ratine 40ml"},"content":{"rendered":"<p>La k\u00e9ratine est une prot\u00e9ine naturelle qui compose 97% de la mati\u00e8re premi\u00e8re des cheveux. Cette prot\u00e9ine prot\u00e8ge la fibre capillaire des agressions ext\u00e9rieures. En effet, les agressions \u00e0 r\u00e9p\u00e9tition (l\u2019abus du s\u00e8che-cheveux, la pollution, les teintures et l\u2019utilisation de produits cosm\u00e9tiques agressifs) amenuisent les ressources naturelles en k\u00e9ratine.<\/p>\n<p>Les cheveux symbolisent la f\u00e9minit\u00e9, si bien qu\u2019il est important de les soigner en utilisant des produits cosm\u00e9tiques avec des actifs de qualit\u00e9 pour en prendre soin.<\/p>\n<p>&nbsp;<\/p>\n<p>La gamme ultraliss est un protocole complet de soin incluant des produits enrichis en k\u00e9ratine pour r\u00e9parer les cheveux cr\u00e9pus, secs, cassants, abim\u00e9s et fragilis\u00e9s, et ayant des vertus \u00e9mollientes et assouplissantes tr\u00e8s b\u00e9n\u00e9fiques.<\/p>\n<p>Ultraliss s\u00e9rum traitant cheveux \u00e0 la k\u00e9ratine est un s\u00e9rum glossy \u00e0 10% de k\u00e9ratine v\u00e9g\u00e9tale id\u00e9al pour prot\u00e9ger, lisser et assouplir tout type de cheveux.<\/p>\n<p>&nbsp;<\/p>\n<p>Grace \u00e0 sa formule enrichie en k\u00e9ratine, en vitamine (B5, B3, E) et en extrait de fruit, il hydrate, traite, \u00e9limine l\u2019effet cr\u00e9pu et rend le cheveu soyeux, l\u00e9ger et brillant. Tout cela sans laisser les cheveux gras ou lourds.<\/p>\n<p>Conseils d\u2019utilisation : Avant de passer au s\u00e9chage de votre chevelure, veillez \u00e0 la pr\u00e9server des m\u00e9faits de la chaleur (dess\u00e8chement, perte d\u2019\u00e9lasticit\u00e9, manque de brillance), froissez vos longueurs avec notre s\u00e9rum sans rin\u00e7age pour ajouter de la brillance et r\u00e9duire les pointes fourchues.<\/p>\n<p>&nbsp;<\/p>\n<p><strong>Conseils d\u2019utilisation :<\/strong><\/p>\n<p>Appliquer une petite dose de phyteal ultraliss sur cheveux humides, laisser s\u00e9cher ou proc\u00e9der \u00e0 un brushing pour un lissage intense.<br \/>\nUniquement pour usage externe.<br \/>\nULTRALISS S\u00c9RUM ne pr\u00e9sente aucune contre-indication.<\/p>\n<p>&nbsp;<\/p>\n<p><strong>Composition :<\/strong><\/p>\n<p>K\u00e9ratine (4g)<\/p>\n<p>Vitamine B5 (5g)<\/p>\n","protected":false},"excerpt":{"rendered":"<div class=\"product-short-description\">\n<p>Gr\u00e2ce aux propri\u00e9t\u00e9s lissantes de la k\u00e9ratine organique, ce shampooing apporte souplesse et douceur aux cheveux cassants.<\/p>\n<\/div>\n<form class=\"cart\" action=\"https:\/\/www.maparatunisie.tn\/produit\/phyteal-ultraliss-shampooing-lissant-a-la-keratine-250ml\/\" enctype=\"multipart\/form-data\" method=\"post\">\n<div class=\"ux-quantity quantity buttons_added\"><\/div>\n<\/form>\n","protected":false},"featured_media":584,"comment_status":"open","ping_status":"closed","template":"","meta":{"ocean_post_layout":"","ocean_both_sidebars_style":"","ocean_both_sidebars_content_width":0,"ocean_both_sidebars_sidebars_width":0,"ocean_sidebar":"0","ocean_second_sidebar":"0","ocean_disable_margins":"enable","ocean_add_body_class":"","ocean_shortcode_before_top_bar":"","ocean_shortcode_after_top_bar":"","ocean_shortcode_before_header":"","ocean_shortcode_after_header":"","ocean_has_shortcode":"","ocean_shortcode_after_title":"","ocean_shortcode_before_footer_widgets":"","ocean_shortcode_after_footer_widgets":"","ocean_shortcode_before_footer_bottom":"","ocean_shortcode_after_footer_bottom":"","ocean_display_top_bar":"default","ocean_display_header":"default","ocean_header_style":"","ocean_center_header_left_menu":"0","ocean_custom_header_template":"0","ocean_custom_logo":0,"ocean_custom_retina_logo":0,"ocean_custom_logo_max_width":0,"ocean_custom_logo_tablet_max_width":0,"ocean_custom_logo_mobile_max_width":0,"ocean_custom_logo_max_height":0,"ocean_custom_logo_tablet_max_height":0,"ocean_custom_logo_mobile_max_height":0,"ocean_header_custom_menu":"0","ocean_menu_typo_font_family":"0","ocean_menu_typo_font_subset":"","ocean_menu_typo_font_size":0,"ocean_menu_typo_font_size_tablet":0,"ocean_menu_typo_font_size_mobile":0,"ocean_menu_typo_font_size_unit":"px","ocean_menu_typo_font_weight":"","ocean_menu_typo_font_weight_tablet":"","ocean_menu_typo_font_weight_mobile":"","ocean_menu_typo_transform":"","ocean_menu_typo_transform_tablet":"","ocean_menu_typo_transform_mobile":"","ocean_menu_typo_line_height":0,"ocean_menu_typo_line_height_tablet":0,"ocean_menu_typo_line_height_mobile":0,"ocean_menu_typo_line_height_unit":"","ocean_menu_typo_spacing":0,"ocean_menu_typo_spacing_tablet":0,"ocean_menu_typo_spacing_mobile":0,"ocean_menu_typo_spacing_unit":"","ocean_menu_link_color":"","ocean_menu_link_color_hover":"","ocean_menu_link_color_active":"","ocean_menu_link_background":"","ocean_menu_link_hover_background":"","ocean_menu_link_active_background":"","ocean_menu_social_links_bg":"","ocean_menu_social_hover_links_bg":"","ocean_menu_social_links_color":"","ocean_menu_social_hover_links_color":"","ocean_disable_title":"default","ocean_disable_heading":"default","ocean_post_title":"","ocean_post_subheading":"","ocean_post_title_style":"","ocean_post_title_background_color":"","ocean_post_title_background":0,"ocean_post_title_bg_image_position":"","ocean_post_title_bg_image_attachment":"","ocean_post_title_bg_image_repeat":"","ocean_post_title_bg_image_size":"","ocean_post_title_height":0,"ocean_post_title_bg_overlay":0.5,"ocean_post_title_bg_overlay_color":"","ocean_disable_breadcrumbs":"default","ocean_breadcrumbs_color":"","ocean_breadcrumbs_separator_color":"","ocean_breadcrumbs_links_color":"","ocean_breadcrumbs_links_hover_color":"","ocean_display_footer_widgets":"default","ocean_display_footer_bottom":"default","ocean_custom_footer_template":"0"},"product_brand":[],"product_cat":[23,54],"product_tag":[],"class_list":{"0":"post-583","1":"product","2":"type-product","3":"status-publish","4":"has-post-thumbnail","6":"product_cat-cheuveux","7":"product_cat-soins-capillaires","9":"entry","10":"has-media","12":"first","13":"instock","14":"taxable","15":"shipping-taxable","16":"purchasable","17":"product-type-simple","18":"has-product-nav","19":"col","20":"span_1_of_3","21":"owp-content-center","22":"owp-thumbs-layout-horizontal","23":"owp-btn-normal","24":"owp-tabs-layout-horizontal","25":"has-no-thumbnails"},"_links":{"self":[{"href":"https:\/\/ellypara.com\/index.php\/wp-json\/wp\/v2\/product\/583","targetHints":{"allow":["GET"]}}],"collection":[{"href":"https:\/\/ellypara.com\/index.php\/wp-json\/wp\/v2\/product"}],"about":[{"href":"https:\/\/ellypara.com\/index.php\/wp-json\/wp\/v2\/types\/product"}],"replies":[{"embeddable":true,"href":"https:\/\/ellypara.com\/index.php\/wp-json\/wp\/v2\/comments?post=583"}],"wp:featuredmedia":[{"embeddable":true,"href":"https:\/\/ellypara.com\/index.php\/wp-json\/wp\/v2\/media\/584"}],"wp:attachment":[{"href":"https:\/\/ellypara.com\/index.php\/wp-json\/wp\/v2\/media?parent=583"}],"wp:term":[{"taxonomy":"product_brand","embeddable":true,"href":"https:\/\/ellypara.com\/index.php\/wp-json\/wp\/v2\/product_brand?post=583"},{"taxonomy":"product_cat","embeddable":true,"href":"https:\/\/ellypara.com\/index.php\/wp-json\/wp\/v2\/product_cat?post=583"},{"taxonomy":"product_tag","embeddable":true,"href":"https:\/\/ellypara.com\/index.php\/wp-json\/wp\/v2\/product_tag?post=583"}],"curies":[{"name":"wp","href":"https:\/\/api.w.org\/{rel}","templated":true}]}}