{"id":585,"date":"2025-01-24T10:28:02","date_gmt":"2025-01-24T09:28:02","guid":{"rendered":"http:\/\/ellypara.com\/?post_type=product&#038;p=585"},"modified":"2025-01-24T10:28:02","modified_gmt":"2025-01-24T09:28:02","slug":"phyteal-ultraliss-masque-lissant-a-la-keratine-100ml","status":"publish","type":"product","link":"https:\/\/ellypara.com\/index.php\/produit\/phyteal-ultraliss-masque-lissant-a-la-keratine-100ml\/","title":{"rendered":"Phyteal Ultraliss Masque Lissant \u00e0 la K\u00e9ratine 100ml"},"content":{"rendered":"<p>ULTRALISS masque lissant<b><strong>\u00a0<\/strong><\/b>est un soin r\u00e9parant pour les cheveux cassants et abim\u00e9s.<br \/>\nCompos\u00e9 de k\u00e9ratine organique, ULTRALISS masque lissant apporte brillance et tonicit\u00e9 \u00e0 votre chevelure.<br \/>\nGr\u00e2ce aux vertus de la k\u00e9ratine, ULTRALISS masque lissant<b><strong>\u00a0<\/strong><\/b>restaure et prot\u00e8ge les chevelures endommag\u00e9es.<br \/>\nVos cheveux seront faciles \u00e0 peigner et pr\u00eats pour un coiffage lissant sans aucune r\u00e9sistance. Il redonnera vigueur et force.<\/p>\n<p><strong>Conseils d\u2019utilisation<\/strong><\/p>\n<p>Apr\u00e8s le shampooing, r\u00e9partir le masque sur cheveux humides et peigner. Laisser agir 2 \u00e0 3 minutes puis rincer. Eviter le contact avec les yeux. Usage externe uniquement.<\/p>\n<p>ULTRALISS MASQUE LISSANT \u00c0 LA K\u00c9RATINE ne pr\u00e9sente aucune contre-indication.<\/p>\n<p>Formule hypoallerg\u00e9nique, non com\u00e9dog\u00e8ne, non test\u00e9e sur les animaux, sans colorants et sans acides de fruits.<\/p>\n<p><strong>Composition<\/strong><\/p>\n<p>K\u00e9ratine (15g) Agents hydratants (10g) Agents d\u00e9m\u00ealants (10g) Excipients \u00e9mulsionnants (5g) Eau distill\u00e9e (QSP 100 ml)<\/p>\n","protected":false},"excerpt":{"rendered":"<div class=\"product-short-description\">\n<p>Gr\u00e2ce aux propri\u00e9t\u00e9s lissantes de la k\u00e9ratine organique, ce masque apporte souplesse et douceur aux cheveux cassants.<\/p>\n<\/div>\n<form class=\"cart\" action=\"https:\/\/www.maparatunisie.tn\/produit\/phyteal-ultraliss-masque-lissant-a-la-keratine-100ml\/\" enctype=\"multipart\/form-data\" method=\"post\">\n<div class=\"ux-quantity quantity buttons_added\"><\/div>\n<\/form>\n","protected":false},"featured_media":586,"comment_status":"open","ping_status":"closed","template":"","meta":{"ocean_post_layout":"","ocean_both_sidebars_style":"","ocean_both_sidebars_content_width":0,"ocean_both_sidebars_sidebars_width":0,"ocean_sidebar":"0","ocean_second_sidebar":"0","ocean_disable_margins":"enable","ocean_add_body_class":"","ocean_shortcode_before_top_bar":"","ocean_shortcode_after_top_bar":"","ocean_shortcode_before_header":"","ocean_shortcode_after_header":"","ocean_has_shortcode":"","ocean_shortcode_after_title":"","ocean_shortcode_before_footer_widgets":"","ocean_shortcode_after_footer_widgets":"","ocean_shortcode_before_footer_bottom":"","ocean_shortcode_after_footer_bottom":"","ocean_display_top_bar":"default","ocean_display_header":"default","ocean_header_style":"","ocean_center_header_left_menu":"0","ocean_custom_header_template":"0","ocean_custom_logo":0,"ocean_custom_retina_logo":0,"ocean_custom_logo_max_width":0,"ocean_custom_logo_tablet_max_width":0,"ocean_custom_logo_mobile_max_width":0,"ocean_custom_logo_max_height":0,"ocean_custom_logo_tablet_max_height":0,"ocean_custom_logo_mobile_max_height":0,"ocean_header_custom_menu":"0","ocean_menu_typo_font_family":"0","ocean_menu_typo_font_subset":"","ocean_menu_typo_font_size":0,"ocean_menu_typo_font_size_tablet":0,"ocean_menu_typo_font_size_mobile":0,"ocean_menu_typo_font_size_unit":"px","ocean_menu_typo_font_weight":"","ocean_menu_typo_font_weight_tablet":"","ocean_menu_typo_font_weight_mobile":"","ocean_menu_typo_transform":"","ocean_menu_typo_transform_tablet":"","ocean_menu_typo_transform_mobile":"","ocean_menu_typo_line_height":0,"ocean_menu_typo_line_height_tablet":0,"ocean_menu_typo_line_height_mobile":0,"ocean_menu_typo_line_height_unit":"","ocean_menu_typo_spacing":0,"ocean_menu_typo_spacing_tablet":0,"ocean_menu_typo_spacing_mobile":0,"ocean_menu_typo_spacing_unit":"","ocean_menu_link_color":"","ocean_menu_link_color_hover":"","ocean_menu_link_color_active":"","ocean_menu_link_background":"","ocean_menu_link_hover_background":"","ocean_menu_link_active_background":"","ocean_menu_social_links_bg":"","ocean_menu_social_hover_links_bg":"","ocean_menu_social_links_color":"","ocean_menu_social_hover_links_color":"","ocean_disable_title":"default","ocean_disable_heading":"default","ocean_post_title":"","ocean_post_subheading":"","ocean_post_title_style":"","ocean_post_title_background_color":"","ocean_post_title_background":0,"ocean_post_title_bg_image_position":"","ocean_post_title_bg_image_attachment":"","ocean_post_title_bg_image_repeat":"","ocean_post_title_bg_image_size":"","ocean_post_title_height":0,"ocean_post_title_bg_overlay":0.5,"ocean_post_title_bg_overlay_color":"","ocean_disable_breadcrumbs":"default","ocean_breadcrumbs_color":"","ocean_breadcrumbs_separator_color":"","ocean_breadcrumbs_links_color":"","ocean_breadcrumbs_links_hover_color":"","ocean_display_footer_widgets":"default","ocean_display_footer_bottom":"default","ocean_custom_footer_template":"0"},"product_brand":[],"product_cat":[23,54,56],"product_tag":[],"class_list":{"0":"post-585","1":"product","2":"type-product","3":"status-publish","4":"has-post-thumbnail","6":"product_cat-cheuveux","7":"product_cat-soins-capillaires","8":"product_cat-traitements-specifiques","10":"entry","11":"has-media","13":"first","14":"instock","15":"taxable","16":"shipping-taxable","17":"purchasable","18":"product-type-simple","19":"has-product-nav","20":"col","21":"span_1_of_3","22":"owp-content-center","23":"owp-thumbs-layout-horizontal","24":"owp-btn-normal","25":"owp-tabs-layout-horizontal","26":"has-no-thumbnails"},"_links":{"self":[{"href":"https:\/\/ellypara.com\/index.php\/wp-json\/wp\/v2\/product\/585","targetHints":{"allow":["GET"]}}],"collection":[{"href":"https:\/\/ellypara.com\/index.php\/wp-json\/wp\/v2\/product"}],"about":[{"href":"https:\/\/ellypara.com\/index.php\/wp-json\/wp\/v2\/types\/product"}],"replies":[{"embeddable":true,"href":"https:\/\/ellypara.com\/index.php\/wp-json\/wp\/v2\/comments?post=585"}],"wp:featuredmedia":[{"embeddable":true,"href":"https:\/\/ellypara.com\/index.php\/wp-json\/wp\/v2\/media\/586"}],"wp:attachment":[{"href":"https:\/\/ellypara.com\/index.php\/wp-json\/wp\/v2\/media?parent=585"}],"wp:term":[{"taxonomy":"product_brand","embeddable":true,"href":"https:\/\/ellypara.com\/index.php\/wp-json\/wp\/v2\/product_brand?post=585"},{"taxonomy":"product_cat","embeddable":true,"href":"https:\/\/ellypara.com\/index.php\/wp-json\/wp\/v2\/product_cat?post=585"},{"taxonomy":"product_tag","embeddable":true,"href":"https:\/\/ellypara.com\/index.php\/wp-json\/wp\/v2\/product_tag?post=585"}],"curies":[{"name":"wp","href":"https:\/\/api.w.org\/{rel}","templated":true}]}}