{"id":587,"date":"2025-01-24T10:33:10","date_gmt":"2025-01-24T09:33:10","guid":{"rendered":"http:\/\/ellypara.com\/?post_type=product&#038;p=587"},"modified":"2025-02-01T18:00:42","modified_gmt":"2025-02-01T17:00:42","slug":"k-reine-ecran-protecteur-pour-cheveux-spf50-200ml","status":"publish","type":"product","link":"https:\/\/ellypara.com\/index.php\/produit\/k-reine-ecran-protecteur-pour-cheveux-spf50-200ml\/","title":{"rendered":"K-REINE Ecran Protecteur Pour Cheveux SPF50 200ml"},"content":{"rendered":"<p><strong>K-REINE Ecran Protecteur Pour Cheveux SPF50 200ml<\/strong><\/p>\n<p>UV solaire, sel de mer et chlore de piscine ab\u00eement la fibre capillaire. Les cheveux se dess\u00e8chent et deviennent faibles et cassants et la couleur perd son \u00e9clat. Cet \u00e9cran solaire permet de prot\u00e9ger les cheveux contre les d\u00e9g\u00e2ts de ce trio infernal.<\/p>\n<p>Il gaine et hydrate la fibre capillaire et lui conserve contre le dess\u00e8chement. Il maintient les r\u00e9sultats de lissage \u00e0 la k\u00e9ratine ou prot\u00e9ine. Il pr\u00e9serve l\u2019intensit\u00e9 et l\u2019\u00e9clat de la couleur.<\/p>\n<ul>\n<li>WATERPROOF<\/li>\n<li>Sans sulfate\/ sulfate free<\/li>\n<li>SPF 50<\/li>\n<li>SUN &amp; SEA HAIR PROTECT<\/li>\n<li>Pour cheveux liss\u00e9s \u00e0 la k\u00e9ratine, \u00e0 la prot\u00e9ine, naturels et color\u00e9s<\/li>\n<li>Protection contre : Chlore de piscine-Sel de mer- UV solaire<\/li>\n<li>Aux prot\u00e9ines, k\u00e9ratine, vitamine (E et A) et filtres solaires<\/li>\n<\/ul>\n<p>&nbsp;<\/p>\n<p>Pour une protection optimale, vous pouvez l\u2019associer \u00e0\u00a0K-REINE Huile Protectrice Pour Cheveux 200ml<\/p>\n<p>&nbsp;<\/p>\n","protected":false},"excerpt":{"rendered":"<p>\u00c9cran Protecteur Pour Cheveux SPF50, Waterproof, pour\u00a0cheveux liss\u00e9s \u00e0 la k\u00e9ratine prot\u00e9ine\u00a0naturels et color\u00e9s<\/p>\n<p>Pour cheveux liss\u00e9s a la k\u00e9ratine,\u00a0\u00a0prot\u00e9ine, naturels et color\u00e9s.<\/p>\n","protected":false},"featured_media":588,"comment_status":"open","ping_status":"closed","template":"","meta":{"ocean_post_layout":"","ocean_both_sidebars_style":"","ocean_both_sidebars_content_width":0,"ocean_both_sidebars_sidebars_width":0,"ocean_sidebar":"0","ocean_second_sidebar":"0","ocean_disable_margins":"enable","ocean_add_body_class":"","ocean_shortcode_before_top_bar":"","ocean_shortcode_after_top_bar":"","ocean_shortcode_before_header":"","ocean_shortcode_after_header":"","ocean_has_shortcode":"","ocean_shortcode_after_title":"","ocean_shortcode_before_footer_widgets":"","ocean_shortcode_after_footer_widgets":"","ocean_shortcode_before_footer_bottom":"","ocean_shortcode_after_footer_bottom":"","ocean_display_top_bar":"default","ocean_display_header":"default","ocean_header_style":"","ocean_center_header_left_menu":"0","ocean_custom_header_template":"0","ocean_custom_logo":0,"ocean_custom_retina_logo":0,"ocean_custom_logo_max_width":0,"ocean_custom_logo_tablet_max_width":0,"ocean_custom_logo_mobile_max_width":0,"ocean_custom_logo_max_height":0,"ocean_custom_logo_tablet_max_height":0,"ocean_custom_logo_mobile_max_height":0,"ocean_header_custom_menu":"0","ocean_menu_typo_font_family":"0","ocean_menu_typo_font_subset":"","ocean_menu_typo_font_size":0,"ocean_menu_typo_font_size_tablet":0,"ocean_menu_typo_font_size_mobile":0,"ocean_menu_typo_font_size_unit":"px","ocean_menu_typo_font_weight":"","ocean_menu_typo_font_weight_tablet":"","ocean_menu_typo_font_weight_mobile":"","ocean_menu_typo_transform":"","ocean_menu_typo_transform_tablet":"","ocean_menu_typo_transform_mobile":"","ocean_menu_typo_line_height":0,"ocean_menu_typo_line_height_tablet":0,"ocean_menu_typo_line_height_mobile":0,"ocean_menu_typo_line_height_unit":"","ocean_menu_typo_spacing":0,"ocean_menu_typo_spacing_tablet":0,"ocean_menu_typo_spacing_mobile":0,"ocean_menu_typo_spacing_unit":"","ocean_menu_link_color":"","ocean_menu_link_color_hover":"","ocean_menu_link_color_active":"","ocean_menu_link_background":"","ocean_menu_link_hover_background":"","ocean_menu_link_active_background":"","ocean_menu_social_links_bg":"","ocean_menu_social_hover_links_bg":"","ocean_menu_social_links_color":"","ocean_menu_social_hover_links_color":"","ocean_disable_title":"default","ocean_disable_heading":"default","ocean_post_title":"","ocean_post_subheading":"","ocean_post_title_style":"","ocean_post_title_background_color":"","ocean_post_title_background":0,"ocean_post_title_bg_image_position":"","ocean_post_title_bg_image_attachment":"","ocean_post_title_bg_image_repeat":"","ocean_post_title_bg_image_size":"","ocean_post_title_height":0,"ocean_post_title_bg_overlay":0.5,"ocean_post_title_bg_overlay_color":"","ocean_disable_breadcrumbs":"default","ocean_breadcrumbs_color":"","ocean_breadcrumbs_separator_color":"","ocean_breadcrumbs_links_color":"","ocean_breadcrumbs_links_hover_color":"","ocean_display_footer_widgets":"default","ocean_display_footer_bottom":"default","ocean_custom_footer_template":"0"},"product_brand":[],"product_cat":[23,56],"product_tag":[],"class_list":{"0":"post-587","1":"product","2":"type-product","3":"status-publish","4":"has-post-thumbnail","6":"product_cat-cheuveux","7":"product_cat-traitements-specifiques","9":"entry","10":"has-media","12":"first","13":"instock","14":"taxable","15":"shipping-taxable","16":"purchasable","17":"product-type-simple","18":"has-product-nav","19":"col","20":"span_1_of_3","21":"owp-content-center","22":"owp-thumbs-layout-horizontal","23":"owp-btn-normal","24":"owp-tabs-layout-horizontal","25":"has-no-thumbnails"},"_links":{"self":[{"href":"https:\/\/ellypara.com\/index.php\/wp-json\/wp\/v2\/product\/587","targetHints":{"allow":["GET"]}}],"collection":[{"href":"https:\/\/ellypara.com\/index.php\/wp-json\/wp\/v2\/product"}],"about":[{"href":"https:\/\/ellypara.com\/index.php\/wp-json\/wp\/v2\/types\/product"}],"replies":[{"embeddable":true,"href":"https:\/\/ellypara.com\/index.php\/wp-json\/wp\/v2\/comments?post=587"}],"wp:featuredmedia":[{"embeddable":true,"href":"https:\/\/ellypara.com\/index.php\/wp-json\/wp\/v2\/media\/588"}],"wp:attachment":[{"href":"https:\/\/ellypara.com\/index.php\/wp-json\/wp\/v2\/media?parent=587"}],"wp:term":[{"taxonomy":"product_brand","embeddable":true,"href":"https:\/\/ellypara.com\/index.php\/wp-json\/wp\/v2\/product_brand?post=587"},{"taxonomy":"product_cat","embeddable":true,"href":"https:\/\/ellypara.com\/index.php\/wp-json\/wp\/v2\/product_cat?post=587"},{"taxonomy":"product_tag","embeddable":true,"href":"https:\/\/ellypara.com\/index.php\/wp-json\/wp\/v2\/product_tag?post=587"}],"curies":[{"name":"wp","href":"https:\/\/api.w.org\/{rel}","templated":true}]}}