{"id":595,"date":"2025-01-24T11:03:42","date_gmt":"2025-01-24T10:03:42","guid":{"rendered":"http:\/\/ellypara.com\/?post_type=product&#038;p=595"},"modified":"2025-01-24T11:03:43","modified_gmt":"2025-01-24T10:03:43","slug":"phyto-phytocolor-7-blond","status":"publish","type":"product","link":"https:\/\/ellypara.com\/index.php\/produit\/phyto-phytocolor-7-blond\/","title":{"rendered":"PHYTO Phytocolor 7 Blond"},"content":{"rendered":"<p>Une formule enrichie en\u00a0<strong>pigments v\u00e9g\u00e9taux s\u00e9lectionn\u00e9s et fabriqu\u00e9s en France<\/strong>, issus de cinq plantes tinctoriales pour apporter des reflets naturels et lumineux.<br \/>\nAvec un minimum de 7 pigments par nuance, la coloration\u00a0<strong>PHYTO<\/strong>\u00a0colore naturellement la fibre pour\u00a0<strong>assurer un r\u00e9sultat couleur intense, naturels et nuanc\u00e9 de reflets lumineux.<\/strong><\/p>\n<p><strong>Des huiles de Jojoba et Mono\u00ef, un duo d\u2019huiles pr\u00e9cieuses qui magnifient la couleur.<\/strong><br \/>\n<strong>Deux huiles 100% d\u2019origine v\u00e9g\u00e9tale<\/strong>\u00a0qui agissent comme de v\u00e9ritable boosters de brillance.<\/p>\n<p><strong>Un extrait d\u2019\u00e9corce de Jujubier et de d\u2019\u00c9palineTM<\/strong>\u00a0(ou Huile de ma\u00efs oxyd\u00e9e) apportent respect et confort au cuir chevelu.<\/p>\n<p>Test\u00e9 sous contr\u00f4le dermatologique.<br \/>\nUne formule facile \u00e0 appliquer gr\u00e2ce \u00e0 sa texture gel.<br \/>\nLa cr\u00e8me colorante ne contient ni ammoniaque, ni silicones.<br \/>\nLe PPD (p-ph\u00e9nyl\u00e8nediamine) est remplac\u00e9 par des d\u00e9riv\u00e9s.<\/p>\n<p><img decoding=\"async\" class=\"alignleft lazy-load-active\" title=\"Phyto phytocolor 7. 43 blond cuivr\u00e9 dor\u00e9\" src=\"https:\/\/strapi-ph-prod.s3.eu-central-1.amazonaws.com\/pdp_phytocolor_ingredient_pigments_a9b50e896b.jpg\" alt=\"Pdp phytocolor ingredient pigments a9b50e896b\" width=\"122\" height=\"122\" data-src=\"https:\/\/strapi-ph-prod.s3.eu-central-1.amazonaws.com\/pdp_phytocolor_ingredient_pigments_a9b50e896b.jpg\" data-=\"\" \/><\/p>\n<p>PIGMENTS V\u00c9G\u00c9TAUX**<br \/>\n<strong>COULEUR NATURELLE<\/strong><\/p>\n<p><img decoding=\"async\" class=\"alignleft lazy-load-active\" title=\"Phyto phytocolor 7. 43 blond cuivr\u00e9 dor\u00e9\" src=\"https:\/\/strapi-ph-prod.s3.eu-central-1.amazonaws.com\/pdp_phytocolor_ingredient_huiles_1f2b3a5dec.jpg\" alt=\"Pdp phytocolor ingredient huiles 1f2b3a5dec\" width=\"97\" height=\"97\" data-src=\"https:\/\/strapi-ph-prod.s3.eu-central-1.amazonaws.com\/pdp_phytocolor_ingredient_huiles_1f2b3a5dec.jpg\" data-=\"\" \/><\/p>\n<p>&nbsp;<\/p>\n<p>HUILES PR\u00c9CIEUSES<br \/>\n<strong>BEAUT\u00c9 DE LA FIBRE<\/strong><\/p>\n<p><img decoding=\"async\" class=\"alignleft lazy-load-active\" title=\"Phyto phytocolor 7. 43 blond cuivr\u00e9 dor\u00e9\" src=\"https:\/\/strapi-ph-prod.s3.eu-central-1.amazonaws.com\/pdp_phytocolor_ingredient_ecorce_34479aabfe.jpg\" alt=\"Pdp phytocolor ingredient ecorce 34479aabfe\" width=\"113\" height=\"113\" data-src=\"https:\/\/strapi-ph-prod.s3.eu-central-1.amazonaws.com\/pdp_phytocolor_ingredient_ecorce_34479aabfe.jpg\" data-=\"\" \/><\/p>\n<p>ACTIFS APAISANTS<br \/>\n<strong>COLORATION DOUCE<\/strong><\/p>\n<p>&nbsp;<\/p>\n<h2><\/h2>\n<h2>L\u2019Utilisation<\/h2>\n<p>Cet \u00e9tui contient : 1 flacon lait r\u00e9v\u00e9lateur 50ml \u2013 1 tube cr\u00e8me colorante 50ml \u2013 1 masque protecteur de couleur 12ml \u2013 1 notice \u2013 1 paire de gants.<\/p>\n<p><strong>\/!\\<\/strong>\u00a0LES COLORANTS CAPILLAIRES PEUVENT PROVOQUER DES R\u00c9ACTIONS ALLERGIQUES S\u00c9V\u00c8RES. LIRE ET SUIVRE LES INSTRUCTIONS. FAIRE UN TEST D\u2019ALERTE D\u2019ALLERGIE 48H AVANT VOTRE COLORATION. VOIR NOTICE INTERNE.<\/p>\n<p>Utiliser uniquement pour la coloration des cheveux.<br \/>\nCr\u00e8me colorante \u00e0 m\u00e9langer au contenu du flacon du lait r\u00e9v\u00e9lateur. Rapport de m\u00e9lange 1:1.<br \/>\nKit \u00e0 usage unique.<\/p>\n<p><strong>APPLICATION FACILE :<\/strong>\u00a0sur cheveux secs, non lav\u00e9s<br \/>\nPorter des gants appropri\u00e9s mono-usage.<br \/>\n<strong>\u2013 cas n\u00b01 : cheveux qui n\u2019ont jamais \u00e9t\u00e9 color\u00e9s :<\/strong>\u00a0appliquez le m\u00e9lange \u00e0 la racine puis r\u00e9partissez ensuite le restant du produit sur l\u2019ensemble de la chevelure. Laissez agir 30 minutes.<br \/>\nLaissez agir 40 minutes si vous avez plus de 50% de cheveux blancs. Rincez abondamment \u00e0 l\u2019eau ti\u00e8de jusqu\u2019\u00e0 ce que l\u2019eau soit claire.<br \/>\n<strong>\u2013 cas n\u00b02 : cheveux d\u00e9j\u00e0 color\u00e9s, en retouche racines :<\/strong>\u00a0appliquez le m\u00e9lange \u00e0 la racine uniquement et laissez agir 20 minutes.<br \/>\nLaissez agir 30 minutes si vous avez plus de 50% de cheveux blancs. R\u00e9partissez ensuite le restant du produit sur les longueurs et pointes et laissez agir 10 minutes. Rincez abondamment \u00e0 l\u2019eau ti\u00e8de jusqu\u2019\u00e0 ce que l\u2019eau soit claire.<\/p>\n<h2>B\u00e9n\u00e9fices &amp; R\u00e9sultats<\/h2>\n<p><strong>Couvre 100% des cheveux blancs d\u00e8s la 1\u00e8re application et ne s\u2019estompe pas.<\/strong><br \/>\nUne couleur intense aux reflets naturels et lumineux. Des cheveux brillants, prot\u00e9g\u00e9s et nourris.<\/p>\n<p><strong>1 LAIT R\u00c9V\u00c9LATEUR \/ MILK DEVELOPER :<\/strong><\/p>\n<p>INGREDIENTS :\u00a0<strong>AQUA \/ WATER \/ EAU.<\/strong>\u00a0<strong>CETEARYL ALCOHOL.<\/strong>\u00a0HYDROGEN PEROXIDE. CETEARETH-33. PHOSPHORIC ACID. OXYQUINOLINE SULFATE. 51000SA.<\/p>\n<p><strong>2 CR\u00c8ME COLORANTE \/ COLORING CREAM 9 :<\/strong><\/p>\n<p>INGREDIENTS :\u00a0<strong>AQUA \/ WATER \/ EAU. CETEARYL ALCOHOL. ETHANOLAMINE. PROPYLENE GLYCOL. CETEARETH-25. CETETH-2. PEG-2 RAPESEEDAMINE. PEG-4 RAPESEEDAMIDE. OXIDIZED CORN OIL. SIMMONDSIA CHINENSIS (JOJOBA) SEED OIL. SODIUM SULFITE. COCOS NUCIFERA (COCONUT) OIL. PROPANEDIOL. FRANGULA ALNUS BARK EXTRACT. PARFUM \/ FRAGRANCE. MALTODEXTRIN. RUBIA TINCTORUM ROOT EXTRACT. POLYQUATERNIUM-22. ASCORBIC ACID. SODIUM HYDROSULFITE. TOLUENE-2,5-DIAMINE SULFATE. TETRASODIUM EDTA. HAEMATOXYLUM CAMPECHIANUM WOOD EXTRACT. 4-CHLORORESORCINOL. GENISTA TINCTORIA FLOWER\/LEAF\/STEM EXTRACT. COREOPSIS TINCTORIA FLOWER\/LEAF\/STEM EXTRACT. 2-METHYLRESORCINOL. ZIZIPHUS JOAZEIRO BARK EXTRACT. P-AMINOPHENOL. GARDENIA TAITENSIS FLOWER. 4-AMINO-2-HYDROXYTOLUENE. OCTADECYL DI-T-BUTYL-4-HYDROXYHYDROCINNAMATE. PHENYL METHYL PYRAZOLONE. TOCOPHEROL. M-AMINOPHENOL. PH10015SA.<\/strong><\/p>\n<p><strong>3 MASQUE PROTECTEUR DE COULEUR \/ COLOR PROTECTING MASK :<\/strong><\/p>\n<p>INGREDIENTS :\u00a0<strong>AQUA \/ WATER \/ EAU. CETYL ALCOHOL. CETEARYL ALCOHOL. BEHENTRIMONIUM CHLORIDE. PHENOXYETHANOL. PARFUM \/ FRAGRANCE. PONGAMIA GLABRA SEED OIL. ETHYL MACADAMIATE. CETRIMONIUM CHLORIDE. HYDROXYETHYLCELLULOSE. CHLORPHENESIN. PROPYLENE GLYCOL. HYDROLYZED PEA PROTEIN. POLYQUATERNIUM-53. HIBISCUS SABDARIFFA FLOWER EXTRACT. TETRASODIUM EDTA. GLYCERIN. CAESALPINIA SPINOSA FRUIT EXTRACT. CITRIC ACID. DISODIUM PHOSPHATE. POTASSIUM SORBATE. SODIUM PHOSPHATE. POLYSORBATE 60. HELIANTHUS ANNUUS (SUNFLOWER) SPROUT EXTRACT. SODIUM BENZOATE. TOCOPHEROL. MALIC ACID. LIMONENE. LINALOOL. HEXYL CINNAMAL. 1411B.<\/strong><\/p>\n","protected":false},"excerpt":{"rendered":"<p>La 1<sup>\u00e8re*<\/sup>\u00a0coloration permanente aux pigments v\u00e9g\u00e9taux** sans ammoniaque alliant 3 actions :<br \/>\n\u2013\u00a0<strong>PERFORMANCE<\/strong>\u00a0couleur<br \/>\n\u2013\u00a0<strong>RESPECT<\/strong>\u00a0du cuir chevelu<br \/>\n\u2013\u00a0<strong>SOIN<\/strong>\u00a0du cheveu<\/p>\n<p><em><strong>Sans ammoniaque, sans silicone<\/strong><\/em><\/p>\n","protected":false},"featured_media":596,"comment_status":"open","ping_status":"closed","template":"","meta":{"ocean_post_layout":"","ocean_both_sidebars_style":"","ocean_both_sidebars_content_width":0,"ocean_both_sidebars_sidebars_width":0,"ocean_sidebar":"0","ocean_second_sidebar":"0","ocean_disable_margins":"enable","ocean_add_body_class":"","ocean_shortcode_before_top_bar":"","ocean_shortcode_after_top_bar":"","ocean_shortcode_before_header":"","ocean_shortcode_after_header":"","ocean_has_shortcode":"","ocean_shortcode_after_title":"","ocean_shortcode_before_footer_widgets":"","ocean_shortcode_after_footer_widgets":"","ocean_shortcode_before_footer_bottom":"","ocean_shortcode_after_footer_bottom":"","ocean_display_top_bar":"default","ocean_display_header":"default","ocean_header_style":"","ocean_center_header_left_menu":"0","ocean_custom_header_template":"0","ocean_custom_logo":0,"ocean_custom_retina_logo":0,"ocean_custom_logo_max_width":0,"ocean_custom_logo_tablet_max_width":0,"ocean_custom_logo_mobile_max_width":0,"ocean_custom_logo_max_height":0,"ocean_custom_logo_tablet_max_height":0,"ocean_custom_logo_mobile_max_height":0,"ocean_header_custom_menu":"0","ocean_menu_typo_font_family":"0","ocean_menu_typo_font_subset":"","ocean_menu_typo_font_size":0,"ocean_menu_typo_font_size_tablet":0,"ocean_menu_typo_font_size_mobile":0,"ocean_menu_typo_font_size_unit":"px","ocean_menu_typo_font_weight":"","ocean_menu_typo_font_weight_tablet":"","ocean_menu_typo_font_weight_mobile":"","ocean_menu_typo_transform":"","ocean_menu_typo_transform_tablet":"","ocean_menu_typo_transform_mobile":"","ocean_menu_typo_line_height":0,"ocean_menu_typo_line_height_tablet":0,"ocean_menu_typo_line_height_mobile":0,"ocean_menu_typo_line_height_unit":"","ocean_menu_typo_spacing":0,"ocean_menu_typo_spacing_tablet":0,"ocean_menu_typo_spacing_mobile":0,"ocean_menu_typo_spacing_unit":"","ocean_menu_link_color":"","ocean_menu_link_color_hover":"","ocean_menu_link_color_active":"","ocean_menu_link_background":"","ocean_menu_link_hover_background":"","ocean_menu_link_active_background":"","ocean_menu_social_links_bg":"","ocean_menu_social_hover_links_bg":"","ocean_menu_social_links_color":"","ocean_menu_social_hover_links_color":"","ocean_disable_title":"default","ocean_disable_heading":"default","ocean_post_title":"","ocean_post_subheading":"","ocean_post_title_style":"","ocean_post_title_background_color":"","ocean_post_title_background":0,"ocean_post_title_bg_image_position":"","ocean_post_title_bg_image_attachment":"","ocean_post_title_bg_image_repeat":"","ocean_post_title_bg_image_size":"","ocean_post_title_height":0,"ocean_post_title_bg_overlay":0.5,"ocean_post_title_bg_overlay_color":"","ocean_disable_breadcrumbs":"default","ocean_breadcrumbs_color":"","ocean_breadcrumbs_separator_color":"","ocean_breadcrumbs_links_color":"","ocean_breadcrumbs_links_hover_color":"","ocean_display_footer_widgets":"default","ocean_display_footer_bottom":"default","ocean_custom_footer_template":"0"},"product_brand":[],"product_cat":[23,55],"product_tag":[],"class_list":{"0":"post-595","1":"product","2":"type-product","3":"status-publish","4":"has-post-thumbnail","6":"product_cat-cheuveux","7":"product_cat-coloration","9":"entry","10":"has-media","12":"first","13":"instock","14":"taxable","15":"shipping-taxable","16":"purchasable","17":"product-type-simple","18":"has-product-nav","19":"col","20":"span_1_of_3","21":"owp-content-center","22":"owp-thumbs-layout-horizontal","23":"owp-btn-normal","24":"owp-tabs-layout-horizontal"},"_links":{"self":[{"href":"https:\/\/ellypara.com\/index.php\/wp-json\/wp\/v2\/product\/595","targetHints":{"allow":["GET"]}}],"collection":[{"href":"https:\/\/ellypara.com\/index.php\/wp-json\/wp\/v2\/product"}],"about":[{"href":"https:\/\/ellypara.com\/index.php\/wp-json\/wp\/v2\/types\/product"}],"replies":[{"embeddable":true,"href":"https:\/\/ellypara.com\/index.php\/wp-json\/wp\/v2\/comments?post=595"}],"wp:featuredmedia":[{"embeddable":true,"href":"https:\/\/ellypara.com\/index.php\/wp-json\/wp\/v2\/media\/596"}],"wp:attachment":[{"href":"https:\/\/ellypara.com\/index.php\/wp-json\/wp\/v2\/media?parent=595"}],"wp:term":[{"taxonomy":"product_brand","embeddable":true,"href":"https:\/\/ellypara.com\/index.php\/wp-json\/wp\/v2\/product_brand?post=595"},{"taxonomy":"product_cat","embeddable":true,"href":"https:\/\/ellypara.com\/index.php\/wp-json\/wp\/v2\/product_cat?post=595"},{"taxonomy":"product_tag","embeddable":true,"href":"https:\/\/ellypara.com\/index.php\/wp-json\/wp\/v2\/product_tag?post=595"}],"curies":[{"name":"wp","href":"https:\/\/api.w.org\/{rel}","templated":true}]}}