{"id":609,"date":"2025-01-27T12:48:21","date_gmt":"2025-01-27T11:48:21","guid":{"rendered":"https:\/\/ellypara.com\/?post_type=product&#038;p=609"},"modified":"2025-01-27T12:59:39","modified_gmt":"2025-01-27T11:59:39","slug":"uriage-ds-hair-shampooing-keratoreducteur-150ml","status":"publish","type":"product","link":"https:\/\/ellypara.com\/index.php\/produit\/uriage-ds-hair-shampooing-keratoreducteur-150ml\/","title":{"rendered":"URIAGE DS HAIR Shampooing Keratoreducteur 150ml"},"content":{"rendered":"<p><strong>Uriage DS Hair Shampooing<\/strong>\u00a0<strong>traitant k\u00e9rator\u00e9ducteur<\/strong>\u00a0est destin\u00e9 aux personnes souffrant de pellicules s\u00e9v\u00e8res, avec\u00a0un cuir chevelu rouge et qui suscite des d\u00e9mangeaisons.<\/p>\n<p>Cet \u00e9tat d\u00e9sagr\u00e9able est \u00e0 l\u2019origine\u00a0d\u2019un impact non n\u00e9gligeable sur la qualit\u00e9 de vie. En effet, les\u00a0<strong>pellicules<\/strong>\u00a0sont\u00a0<strong>visibles<\/strong>\u00a0et pr\u00e9sentes sur les v\u00eatements et les cheveux. A chaque passage de main dans les cheveux, elles tombent \u00ab\u00a0en neige\u00a0\u00bb. Et elles s\u2019accompagnent de\u00a0<strong>d\u00e9mangeaisons<\/strong>\u00a0qui incitent \u00e0 se gratter vivement le cuir chevelu pour tenter de les soulager. Elles peuvent m\u00eame nuire \u00e0 l\u2019endormissement. Ce qui explique ce ph\u00e9nom\u00e8ne, c\u2019est la prolif\u00e9ration\u00a0d\u2019un champignon<strong>\u00a0<\/strong>pr\u00e9sent \u00e0 l\u2019\u00e9tat naturel sur le cuir chevelu. Il entra\u00eene un renouvellement trop rapide des cellules qui le composent, engendrant des squames. Ces amas de cellules mortes sont \u00e0 l\u2019origine des pellicules. En se nourrissant, le champignon lib\u00e8re des acides qui provoquent les d\u00e9mangeaisons.<\/p>\n<p><strong>Uriage DS Hair<\/strong>\u00a0a formul\u00e9 son\u00a0<strong>shampooing traitant k\u00e9rator\u00e9ducteur<\/strong>\u00a0avec de l\u2019acide salicylique qui va avoir une action exfoliante et\u00a0<strong>\u00e9liminer les squames<\/strong>. Il contient de la piroctone olamine et du lactate de zinc, des actifs qui vont lutter contre la prolif\u00e9ration du champignon. Enfin, il apporte de l\u2019eau thermale d\u2019Uriage ainsi que de l\u2019extrait d\u2019Edelweiss et un complexe TLR2-Regul, qui vont\u00a0<strong>soulager le cuir chevelu<\/strong>\u00a0irrit\u00e9.<br \/>\nLe r\u00e9sultat, c\u2019est une\u00a0<strong>disparition des pellicules<\/strong>, un apaisement bienvenu et des cheveux purs, souples et brillants.<\/p>\n<p><strong>Conditionnement :<\/strong>\u00a0tube de 150 ml.<\/p>\n","protected":false},"excerpt":{"rendered":"<div class=\"product-short-description\">\n<p>Uriage DS Hair Shampooing Traitant K\u00e9rator\u00e9ducteur 150 ml est un shampooing traitant k\u00e9rator\u00e9ducteur qui \u00e9limine les pellicules, s\u00e8ches ou grasses et exfolie les squames.<\/p>\n<\/div>\n","protected":false},"featured_media":610,"comment_status":"open","ping_status":"closed","template":"","meta":{"ocean_post_layout":"","ocean_both_sidebars_style":"","ocean_both_sidebars_content_width":0,"ocean_both_sidebars_sidebars_width":0,"ocean_sidebar":"0","ocean_second_sidebar":"0","ocean_disable_margins":"enable","ocean_add_body_class":"","ocean_shortcode_before_top_bar":"","ocean_shortcode_after_top_bar":"","ocean_shortcode_before_header":"","ocean_shortcode_after_header":"","ocean_has_shortcode":"","ocean_shortcode_after_title":"","ocean_shortcode_before_footer_widgets":"","ocean_shortcode_after_footer_widgets":"","ocean_shortcode_before_footer_bottom":"","ocean_shortcode_after_footer_bottom":"","ocean_display_top_bar":"default","ocean_display_header":"default","ocean_header_style":"","ocean_center_header_left_menu":"0","ocean_custom_header_template":"0","ocean_custom_logo":0,"ocean_custom_retina_logo":0,"ocean_custom_logo_max_width":0,"ocean_custom_logo_tablet_max_width":0,"ocean_custom_logo_mobile_max_width":0,"ocean_custom_logo_max_height":0,"ocean_custom_logo_tablet_max_height":0,"ocean_custom_logo_mobile_max_height":0,"ocean_header_custom_menu":"0","ocean_menu_typo_font_family":"0","ocean_menu_typo_font_subset":"","ocean_menu_typo_font_size":0,"ocean_menu_typo_font_size_tablet":0,"ocean_menu_typo_font_size_mobile":0,"ocean_menu_typo_font_size_unit":"px","ocean_menu_typo_font_weight":"","ocean_menu_typo_font_weight_tablet":"","ocean_menu_typo_font_weight_mobile":"","ocean_menu_typo_transform":"","ocean_menu_typo_transform_tablet":"","ocean_menu_typo_transform_mobile":"","ocean_menu_typo_line_height":0,"ocean_menu_typo_line_height_tablet":0,"ocean_menu_typo_line_height_mobile":0,"ocean_menu_typo_line_height_unit":"","ocean_menu_typo_spacing":0,"ocean_menu_typo_spacing_tablet":0,"ocean_menu_typo_spacing_mobile":0,"ocean_menu_typo_spacing_unit":"","ocean_menu_link_color":"","ocean_menu_link_color_hover":"","ocean_menu_link_color_active":"","ocean_menu_link_background":"","ocean_menu_link_hover_background":"","ocean_menu_link_active_background":"","ocean_menu_social_links_bg":"","ocean_menu_social_hover_links_bg":"","ocean_menu_social_links_color":"","ocean_menu_social_hover_links_color":"","ocean_disable_title":"default","ocean_disable_heading":"default","ocean_post_title":"","ocean_post_subheading":"","ocean_post_title_style":"","ocean_post_title_background_color":"","ocean_post_title_background":0,"ocean_post_title_bg_image_position":"","ocean_post_title_bg_image_attachment":"","ocean_post_title_bg_image_repeat":"","ocean_post_title_bg_image_size":"","ocean_post_title_height":0,"ocean_post_title_bg_overlay":0.5,"ocean_post_title_bg_overlay_color":"","ocean_disable_breadcrumbs":"default","ocean_breadcrumbs_color":"","ocean_breadcrumbs_separator_color":"","ocean_breadcrumbs_links_color":"","ocean_breadcrumbs_links_hover_color":"","ocean_display_footer_widgets":"default","ocean_display_footer_bottom":"default","ocean_custom_footer_template":"0"},"product_brand":[],"product_cat":[23,53],"product_tag":[],"class_list":{"0":"post-609","1":"product","2":"type-product","3":"status-publish","4":"has-post-thumbnail","6":"product_cat-cheuveux","7":"product_cat-shampoing","9":"entry","10":"has-media","12":"first","13":"instock","14":"taxable","15":"shipping-taxable","16":"purchasable","17":"product-type-simple","18":"has-product-nav","19":"col","20":"span_1_of_3","21":"owp-content-center","22":"owp-thumbs-layout-horizontal","23":"owp-btn-normal","24":"owp-tabs-layout-horizontal","25":"has-no-thumbnails"},"_links":{"self":[{"href":"https:\/\/ellypara.com\/index.php\/wp-json\/wp\/v2\/product\/609","targetHints":{"allow":["GET"]}}],"collection":[{"href":"https:\/\/ellypara.com\/index.php\/wp-json\/wp\/v2\/product"}],"about":[{"href":"https:\/\/ellypara.com\/index.php\/wp-json\/wp\/v2\/types\/product"}],"replies":[{"embeddable":true,"href":"https:\/\/ellypara.com\/index.php\/wp-json\/wp\/v2\/comments?post=609"}],"wp:featuredmedia":[{"embeddable":true,"href":"https:\/\/ellypara.com\/index.php\/wp-json\/wp\/v2\/media\/610"}],"wp:attachment":[{"href":"https:\/\/ellypara.com\/index.php\/wp-json\/wp\/v2\/media?parent=609"}],"wp:term":[{"taxonomy":"product_brand","embeddable":true,"href":"https:\/\/ellypara.com\/index.php\/wp-json\/wp\/v2\/product_brand?post=609"},{"taxonomy":"product_cat","embeddable":true,"href":"https:\/\/ellypara.com\/index.php\/wp-json\/wp\/v2\/product_cat?post=609"},{"taxonomy":"product_tag","embeddable":true,"href":"https:\/\/ellypara.com\/index.php\/wp-json\/wp\/v2\/product_tag?post=609"}],"curies":[{"name":"wp","href":"https:\/\/api.w.org\/{rel}","templated":true}]}}