{"id":617,"date":"2025-01-30T12:28:40","date_gmt":"2025-01-30T11:28:40","guid":{"rendered":"https:\/\/ellypara.com\/?post_type=product&#038;p=617"},"modified":"2025-02-01T18:09:09","modified_gmt":"2025-02-01T17:09:09","slug":"etiaxil-deodorant-roll-on-anti-transpirant-48h-50ml","status":"publish","type":"product","link":"https:\/\/ellypara.com\/index.php\/produit\/etiaxil-deodorant-roll-on-anti-transpirant-48h-50ml\/","title":{"rendered":"Etiaxil D\u00e9odorant Roll-On Anti-Transpirant 48h 50ml"},"content":{"rendered":"<p>Si vous souffrez d\u2019un d\u00e9bit de transpiration mod\u00e9r\u00e9 associ\u00e9 \u00e0 des mauvaises odeurs, ne manquez pas le d\u00e9odorant anti-transpirant Protection 48h Etiaxil !<\/p>\n<p>Sp\u00e9cialement con\u00e7u pour la protection des peaux les plus sensibles, le d\u00e9odorant anti-transpirant Protection 48h Etiaxil permet de\u00a0<strong>stopper la transpiration jusqu\u2019\u00e0 48 heures<\/strong>. Son\u00a0<strong>efficacit\u00e9 anti-odeurs<\/strong>\u00a0et contre l\u2019humidit\u00e9 a \u00e9t\u00e9 prouv\u00e9e cliniquement.<\/p>\n<p>Le\u00a0<strong>d\u00e9odorant anti-transpirant Protection 48h Etiaxil<\/strong>\u00a0a \u00e9t\u00e9 sp\u00e9cialement formul\u00e9 pour les peaux sensibles : il est sans alcool ni paraben, et a \u00e9t\u00e9 test\u00e9 sous contr\u00f4l\u00e9 dermatologique.<\/p>\n<p><strong>POURQUOI PR\u00c9F\u00c9RER LE D\u00c9ODORANT ANTI-TRANSPIRANT PROTECTION 48H ETIAXIL ?<\/strong><\/p>\n<p>L\u2019efficacit\u00e9 du d\u00e9odorant anti-transpirant Protection 48h Etiaxilfait que vos aisselles sont fra\u00eeches et s\u00e8ches sans odeur de transpiration pendant 48 heures. Il est \u00e9galement anti-traces jeunes et blanches, et sa formule riche en agents apaisants a \u00e9t\u00e9 mise au point afin de maximiser le confort des personnes dont la peau sensible les fait souffrir.<\/p>\n<p>Le d\u00e9odorant anti-transpirant Protection 48h Etiaxil peaux sensibles est adapt\u00e9 \u00e0 un usage au quotidien, et convient \u00e0 tous les types de peau, y compris les plus r\u00e9actives. Il apporte une agr\u00e9able sensation de fra\u00eecheur tout au long de votre journ\u00e9e. Le format d\u00e9odorant \u00e0 bille permet une application ais\u00e9e et homog\u00e8ne.<\/p>\n<p><strong>AVIS DU PHARMACIEN SUR ETIAXIL D\u00c9ODORANT ANTI-TRANSPIRANT PROTECTION 48H ROLL-ON<\/strong><\/p>\n<p>Appliquez le d\u00e9odorant anti-transpirant Protection 48h Etiaxil tous les jours sur une peau propre. Ne pas l\u2019utiliser sur une peau irrit\u00e9e.<\/p>\n<p><strong>Composition Etiaxil D\u00e9odorant Anti-Transpirant Protection 48h Roll-on<\/strong><\/p>\n<p>Aqua, Aluminium Sesquichlorohydrate, Glycerin, PPG-15 Stearyl Ether, Steareth-2, Steareth-21, Triethyl Citrate, Parfum, 2-Methyl-5-Cyclohexylpentanol, Diatomaceous Earth, Magnesium Trisilicate.<\/p>\n<p>&nbsp;<\/p>\n","protected":false},"excerpt":{"rendered":"<div class=\"product-short-description\">\n<p>Si vous souffrez d\u2019un d\u00e9bit de transpiration mod\u00e9r\u00e9 associ\u00e9 \u00e0 des mauvaises odeurs, ne manquez pas le d\u00e9odorant anti-transpirant Protection 48h Etiaxil !<\/p>\n<\/div>\n","protected":false},"featured_media":618,"comment_status":"open","ping_status":"closed","template":"","meta":{"ocean_post_layout":"","ocean_both_sidebars_style":"","ocean_both_sidebars_content_width":0,"ocean_both_sidebars_sidebars_width":0,"ocean_sidebar":"0","ocean_second_sidebar":"0","ocean_disable_margins":"enable","ocean_add_body_class":"","ocean_shortcode_before_top_bar":"","ocean_shortcode_after_top_bar":"","ocean_shortcode_before_header":"","ocean_shortcode_after_header":"","ocean_has_shortcode":"","ocean_shortcode_after_title":"","ocean_shortcode_before_footer_widgets":"","ocean_shortcode_after_footer_widgets":"","ocean_shortcode_before_footer_bottom":"","ocean_shortcode_after_footer_bottom":"","ocean_display_top_bar":"default","ocean_display_header":"default","ocean_header_style":"","ocean_center_header_left_menu":"0","ocean_custom_header_template":"0","ocean_custom_logo":0,"ocean_custom_retina_logo":0,"ocean_custom_logo_max_width":0,"ocean_custom_logo_tablet_max_width":0,"ocean_custom_logo_mobile_max_width":0,"ocean_custom_logo_max_height":0,"ocean_custom_logo_tablet_max_height":0,"ocean_custom_logo_mobile_max_height":0,"ocean_header_custom_menu":"0","ocean_menu_typo_font_family":"0","ocean_menu_typo_font_subset":"","ocean_menu_typo_font_size":0,"ocean_menu_typo_font_size_tablet":0,"ocean_menu_typo_font_size_mobile":0,"ocean_menu_typo_font_size_unit":"px","ocean_menu_typo_font_weight":"","ocean_menu_typo_font_weight_tablet":"","ocean_menu_typo_font_weight_mobile":"","ocean_menu_typo_transform":"","ocean_menu_typo_transform_tablet":"","ocean_menu_typo_transform_mobile":"","ocean_menu_typo_line_height":0,"ocean_menu_typo_line_height_tablet":0,"ocean_menu_typo_line_height_mobile":0,"ocean_menu_typo_line_height_unit":"","ocean_menu_typo_spacing":0,"ocean_menu_typo_spacing_tablet":0,"ocean_menu_typo_spacing_mobile":0,"ocean_menu_typo_spacing_unit":"","ocean_menu_link_color":"","ocean_menu_link_color_hover":"","ocean_menu_link_color_active":"","ocean_menu_link_background":"","ocean_menu_link_hover_background":"","ocean_menu_link_active_background":"","ocean_menu_social_links_bg":"","ocean_menu_social_hover_links_bg":"","ocean_menu_social_links_color":"","ocean_menu_social_hover_links_color":"","ocean_disable_title":"default","ocean_disable_heading":"default","ocean_post_title":"","ocean_post_subheading":"","ocean_post_title_style":"","ocean_post_title_background_color":"","ocean_post_title_background":0,"ocean_post_title_bg_image_position":"","ocean_post_title_bg_image_attachment":"","ocean_post_title_bg_image_repeat":"","ocean_post_title_bg_image_size":"","ocean_post_title_height":0,"ocean_post_title_bg_overlay":0.5,"ocean_post_title_bg_overlay_color":"","ocean_disable_breadcrumbs":"default","ocean_breadcrumbs_color":"","ocean_breadcrumbs_separator_color":"","ocean_breadcrumbs_links_color":"","ocean_breadcrumbs_links_hover_color":"","ocean_display_footer_widgets":"default","ocean_display_footer_bottom":"default","ocean_custom_footer_template":"0"},"product_brand":[],"product_cat":[86,44],"product_tag":[],"class_list":{"0":"post-617","1":"product","2":"type-product","3":"status-publish","4":"has-post-thumbnail","6":"product_cat-deodorants-et-anti-transpirants","7":"product_cat-hygiene","9":"entry","10":"has-media","12":"first","13":"instock","14":"taxable","15":"shipping-taxable","16":"purchasable","17":"product-type-simple","18":"has-product-nav","19":"col","20":"span_1_of_3","21":"owp-content-center","22":"owp-thumbs-layout-horizontal","23":"owp-btn-normal","24":"owp-tabs-layout-horizontal","25":"has-no-thumbnails"},"_links":{"self":[{"href":"https:\/\/ellypara.com\/index.php\/wp-json\/wp\/v2\/product\/617","targetHints":{"allow":["GET"]}}],"collection":[{"href":"https:\/\/ellypara.com\/index.php\/wp-json\/wp\/v2\/product"}],"about":[{"href":"https:\/\/ellypara.com\/index.php\/wp-json\/wp\/v2\/types\/product"}],"replies":[{"embeddable":true,"href":"https:\/\/ellypara.com\/index.php\/wp-json\/wp\/v2\/comments?post=617"}],"wp:featuredmedia":[{"embeddable":true,"href":"https:\/\/ellypara.com\/index.php\/wp-json\/wp\/v2\/media\/618"}],"wp:attachment":[{"href":"https:\/\/ellypara.com\/index.php\/wp-json\/wp\/v2\/media?parent=617"}],"wp:term":[{"taxonomy":"product_brand","embeddable":true,"href":"https:\/\/ellypara.com\/index.php\/wp-json\/wp\/v2\/product_brand?post=617"},{"taxonomy":"product_cat","embeddable":true,"href":"https:\/\/ellypara.com\/index.php\/wp-json\/wp\/v2\/product_cat?post=617"},{"taxonomy":"product_tag","embeddable":true,"href":"https:\/\/ellypara.com\/index.php\/wp-json\/wp\/v2\/product_tag?post=617"}],"curies":[{"name":"wp","href":"https:\/\/api.w.org\/{rel}","templated":true}]}}