{"id":619,"date":"2025-01-30T12:37:57","date_gmt":"2025-01-30T11:37:57","guid":{"rendered":"https:\/\/ellypara.com\/?post_type=product&#038;p=619"},"modified":"2025-01-30T12:37:57","modified_gmt":"2025-01-30T11:37:57","slug":"saforelle-soin-lavant-doux-format-voyage-250ml","status":"publish","type":"product","link":"https:\/\/ellypara.com\/index.php\/produit\/saforelle-soin-lavant-doux-format-voyage-250ml\/","title":{"rendered":"SAFORELLE Soin Lavant Doux Format Voyage 250ml"},"content":{"rendered":"<p>SAFORELLE<br \/>\nSoin lavant doux<br \/>\nToilette intime et corporelle<br \/>\nUsage quotidien<br \/>\nA la bardane<br \/>\nProt\u00e8ge et apaise<br \/>\nPeaux sensibles ou irrit\u00e9es<br \/>\nSans savon<br \/>\nTest\u00e9 sous contr\u00f4le m\u00e9dical<br \/>\n250ml<\/p>\n<p>D\u00e9mangeaisons et irritations des muqueuses et peaux sensibles.<br \/>\nSaforelle solution lavante douce est une solution nettoyante, sans savon \u00e0 la Bardane, aux propri\u00e9t\u00e9s adoucissantes et calmantes.<\/p>\n<p>Son pH alcalin doux nettoie sans d\u00e9terger et calme les irritations.<br \/>\nSes composants tr\u00e8s doux permettent une utilisation quotidienne.<\/p>\n<p>SAFORELLE a pens\u00e9 son soin lavant doux pour offrir aux femmes un produit mieux appropri\u00e9 aux toilettes intimes qu\u2019un savon standard. Ne contenant ni paraben ni ph\u00e9noxy\u00e9thanol, il \u00a0respecte aussi bien la sensibilit\u00e9 des muqueuses que l\u2019\u00e9quilibre naturel de la peau. Les femmes peuvent l\u2019utiliser quotidiennement et sans crainte \u00e9tant donn\u00e9 qu\u2019il est riche en agents adoucissants et en extraits de bardane. Gr\u00e2ce \u00e0 son pH alcalin doux, ce produit n\u2019agresse nullement la zone et la flore vulvaires mais au contraire, les prot\u00e8ge contre les irritations et d\u00e9mangeaisons \u00e9ventuelles. Il a \u00e9t\u00e9 test\u00e9 sous la surveillance de m\u00e9decins sp\u00e9cialistes en gyn\u00e9cologie et aussi en dermatologie. Le soin lavant doux de SAFORELLE convient \u00e9galement pour la toilette du corps.<\/p>\n<p><strong>Conseils d\u2019utilisation<\/strong><\/p>\n<p>Ce soin lavant doux de 100 ml s\u2019utilise quotidiennement une \u00e0 deux fois. On l\u2019applique sur les parties intimes ou toute partie du corps qui est irrit\u00e9e. Une fois que ce produit mousse, il reste \u00e0 bien rincer la peau et les muqueuses \u00e0 l\u2019eau claire. Eviter d\u2019utiliser ce produit pour une douche vaginale \u00e0 l\u2019exception d\u2019une prescription m\u00e9dicale.<\/p>\n<p><strong>Composition<\/strong><\/p>\n<p>Formule sans savon, sans parabens, sans colorants, sans ph\u00e9noxy\u00e9thanol.<br \/>\nTest\u00e9 sous contr\u00f4le m\u00e9dical par des gyn\u00e9cologues et des dermatologues.<\/p>\n<p>Aqua, Cocamidopropyl Betaine, Stearamine Oxide, Tetrasodium EDTA, Sodium Hydroxide, PEG-6 Caprilic, Capric Glycerides, Cocamide DEA, Parfum (Fragrance), Arctium Lappa.<\/p>\n","protected":false},"excerpt":{"rendered":"<div class=\"product-short-description\">\n<p>Le soin lavant doux de\u00a0<strong>S<\/strong><strong>AFORELLE<\/strong>\u00a0a \u00e9t\u00e9 con\u00e7u essentiellement pour l\u2019hygi\u00e8ne des r\u00e9gions intimes. Ce produit est parfaitement adapt\u00e9 aux personnes qui ont une peau sensible, voire irrit\u00e9e. Lors des toilettes intimes, il nettoie en douceur tout en apaisant les sensations d\u2019inconfort comme les d\u00e9mangeaisons.<\/p>\n<\/div>\n<form class=\"cart\" action=\"https:\/\/www.maparatunisie.tn\/produit\/saforelle-soin-lavant-doux-format-voyage-250ml\/\" enctype=\"multipart\/form-data\" method=\"post\">\n<div class=\"ux-quantity quantity buttons_added\"><\/div>\n<\/form>\n","protected":false},"featured_media":620,"comment_status":"open","ping_status":"closed","template":"","meta":{"ocean_post_layout":"","ocean_both_sidebars_style":"","ocean_both_sidebars_content_width":0,"ocean_both_sidebars_sidebars_width":0,"ocean_sidebar":"0","ocean_second_sidebar":"0","ocean_disable_margins":"enable","ocean_add_body_class":"","ocean_shortcode_before_top_bar":"","ocean_shortcode_after_top_bar":"","ocean_shortcode_before_header":"","ocean_shortcode_after_header":"","ocean_has_shortcode":"","ocean_shortcode_after_title":"","ocean_shortcode_before_footer_widgets":"","ocean_shortcode_after_footer_widgets":"","ocean_shortcode_before_footer_bottom":"","ocean_shortcode_after_footer_bottom":"","ocean_display_top_bar":"default","ocean_display_header":"default","ocean_header_style":"","ocean_center_header_left_menu":"0","ocean_custom_header_template":"0","ocean_custom_logo":0,"ocean_custom_retina_logo":0,"ocean_custom_logo_max_width":0,"ocean_custom_logo_tablet_max_width":0,"ocean_custom_logo_mobile_max_width":0,"ocean_custom_logo_max_height":0,"ocean_custom_logo_tablet_max_height":0,"ocean_custom_logo_mobile_max_height":0,"ocean_header_custom_menu":"0","ocean_menu_typo_font_family":"0","ocean_menu_typo_font_subset":"","ocean_menu_typo_font_size":0,"ocean_menu_typo_font_size_tablet":0,"ocean_menu_typo_font_size_mobile":0,"ocean_menu_typo_font_size_unit":"px","ocean_menu_typo_font_weight":"","ocean_menu_typo_font_weight_tablet":"","ocean_menu_typo_font_weight_mobile":"","ocean_menu_typo_transform":"","ocean_menu_typo_transform_tablet":"","ocean_menu_typo_transform_mobile":"","ocean_menu_typo_line_height":0,"ocean_menu_typo_line_height_tablet":0,"ocean_menu_typo_line_height_mobile":0,"ocean_menu_typo_line_height_unit":"","ocean_menu_typo_spacing":0,"ocean_menu_typo_spacing_tablet":0,"ocean_menu_typo_spacing_mobile":0,"ocean_menu_typo_spacing_unit":"","ocean_menu_link_color":"","ocean_menu_link_color_hover":"","ocean_menu_link_color_active":"","ocean_menu_link_background":"","ocean_menu_link_hover_background":"","ocean_menu_link_active_background":"","ocean_menu_social_links_bg":"","ocean_menu_social_hover_links_bg":"","ocean_menu_social_links_color":"","ocean_menu_social_hover_links_color":"","ocean_disable_title":"default","ocean_disable_heading":"default","ocean_post_title":"","ocean_post_subheading":"","ocean_post_title_style":"","ocean_post_title_background_color":"","ocean_post_title_background":0,"ocean_post_title_bg_image_position":"","ocean_post_title_bg_image_attachment":"","ocean_post_title_bg_image_repeat":"","ocean_post_title_bg_image_size":"","ocean_post_title_height":0,"ocean_post_title_bg_overlay":0.5,"ocean_post_title_bg_overlay_color":"","ocean_disable_breadcrumbs":"default","ocean_breadcrumbs_color":"","ocean_breadcrumbs_separator_color":"","ocean_breadcrumbs_links_color":"","ocean_breadcrumbs_links_hover_color":"","ocean_display_footer_widgets":"default","ocean_display_footer_bottom":"default","ocean_custom_footer_template":"0"},"product_brand":[],"product_cat":[26,44,87,96],"product_tag":[],"class_list":{"0":"post-619","1":"product","2":"type-product","3":"status-publish","4":"has-post-thumbnail","6":"product_cat-promo","7":"product_cat-hygiene","8":"product_cat-hygiene-intime","9":"product_cat-toilette-intime","11":"entry","12":"has-media","14":"first","15":"instock","16":"sale","17":"taxable","18":"shipping-taxable","19":"purchasable","20":"product-type-simple","21":"has-product-nav","22":"col","23":"span_1_of_3","24":"owp-content-center","25":"owp-thumbs-layout-horizontal","26":"owp-btn-normal","27":"owp-tabs-layout-horizontal","28":"has-no-thumbnails"},"_links":{"self":[{"href":"https:\/\/ellypara.com\/index.php\/wp-json\/wp\/v2\/product\/619","targetHints":{"allow":["GET"]}}],"collection":[{"href":"https:\/\/ellypara.com\/index.php\/wp-json\/wp\/v2\/product"}],"about":[{"href":"https:\/\/ellypara.com\/index.php\/wp-json\/wp\/v2\/types\/product"}],"replies":[{"embeddable":true,"href":"https:\/\/ellypara.com\/index.php\/wp-json\/wp\/v2\/comments?post=619"}],"wp:featuredmedia":[{"embeddable":true,"href":"https:\/\/ellypara.com\/index.php\/wp-json\/wp\/v2\/media\/620"}],"wp:attachment":[{"href":"https:\/\/ellypara.com\/index.php\/wp-json\/wp\/v2\/media?parent=619"}],"wp:term":[{"taxonomy":"product_brand","embeddable":true,"href":"https:\/\/ellypara.com\/index.php\/wp-json\/wp\/v2\/product_brand?post=619"},{"taxonomy":"product_cat","embeddable":true,"href":"https:\/\/ellypara.com\/index.php\/wp-json\/wp\/v2\/product_cat?post=619"},{"taxonomy":"product_tag","embeddable":true,"href":"https:\/\/ellypara.com\/index.php\/wp-json\/wp\/v2\/product_tag?post=619"}],"curies":[{"name":"wp","href":"https:\/\/api.w.org\/{rel}","templated":true}]}}