{"id":627,"date":"2025-01-30T13:00:34","date_gmt":"2025-01-30T12:00:34","guid":{"rendered":"https:\/\/ellypara.com\/?post_type=product&#038;p=627"},"modified":"2025-01-30T13:00:35","modified_gmt":"2025-01-30T12:00:35","slug":"beesline-gel-eclaircissant-zone-intime-200ml","status":"publish","type":"product","link":"https:\/\/ellypara.com\/index.php\/produit\/beesline-gel-eclaircissant-zone-intime-200ml\/","title":{"rendered":"BEESLINE Gel Eclaircissant Zone Intime 200ml"},"content":{"rendered":"<p>Ce nettoyant quotidien nettoie en douceur tout en favorisant un teint plus uniforme et en att\u00e9nuant les taches brunes dans les zones intimes. Notre formule au pH \u00e9quilibr\u00e9 et respectueuse du microbiome \u00e9limine les odeurs et garde la peau hydrat\u00e9e et souple.<\/p>\n<p><strong>Pourquoi est-ce sp\u00e9cial ?<\/strong><\/p>\n<p>Formule hautement naturelle riche en vitamine C, flocons d\u2019avoine et romarin<br \/>\nNettoie en douceur sans perturber les niveaux de pH et le microbiome<br \/>\nAide \u00e0 uniformiser le teint et \u00e0 att\u00e9nuer les taches brunes<br \/>\n\u00c9limine les odeurs et maintient la peau intime hydrat\u00e9e<\/p>\n<p><strong>Comment utiliser<\/strong><\/p>\n<p>Utiliser quotidiennement.<br \/>\nFaire mousser 1 pompe avec de l\u2019eau ti\u00e8de.<br \/>\nMassez doucement sur la peau intime.<br \/>\nBien rincer.<\/p>\n<p><strong>Ingr\u00e9dients actifs<\/strong><\/p>\n<p>La vitamine C \ud83e\uddea<br \/>\n(phosphate d\u2019ascorbyle de magn\u00e9sium) est un puissant antioxydant qui \u00e9claircit et unifie le teint en inhibant la production de m\u00e9lanine.<\/p>\n<p>La farine d\u2019avoine \ud83c\udf31<br \/>\n(Avena Sativa) contient des compos\u00e9s qui apaisent et calment la peau, tout en am\u00e9liorant la texture et le tonus de la peau. Ses propri\u00e9t\u00e9s anti-inflammatoires r\u00e9duisent les rougeurs et les irritations.<\/p>\n<p>Le romarin\ud83c\udf31<br \/>\n(extrait de feuille de Rosmarinus Officinalis) est une plante riche en antioxydants. Il poss\u00e8de \u00e9galement des propri\u00e9t\u00e9s anti-inflammatoires qui r\u00e9duisent les rougeurs et les irritations.<\/p>\n<p>Le thym\ud83c\udf31<br \/>\n(extrait de feuille de Thymus Vulgaris) contient des compos\u00e9s naturels qui ont des propri\u00e9t\u00e9s antimicrobiennes et peuvent apaiser la peau irrit\u00e9e. Il poss\u00e8de \u00e9galement des propri\u00e9t\u00e9s antioxydantes qui prot\u00e8gent la peau des dommages.<\/p>\n<p>La Propolis \ud83d\udc1d<br \/>\nest une substance r\u00e9sineuse produite par les abeilles qui poss\u00e8de des propri\u00e9t\u00e9s antibact\u00e9riennes et anti-inflammatoires. Il prot\u00e8ge et apaise la peau.<\/p>\n<p>Les Esters d\u2019Huile d\u2019Olive \ud83e\uddea<br \/>\n(Sodium PEG-7 Olive Oil Carboxylate) sont d\u00e9riv\u00e9s de l\u2019huile d\u2019olive et sont tr\u00e8s hydratants, ils gardent la peau intime douce et souple.<\/p>\n<p>La niacinamide \ud83e\uddea<br \/>\nest une forme de vitamine B3 qui am\u00e9liore la texture de la peau et r\u00e9duit l\u2019apparence des taches brunes tout en renfor\u00e7ant la fonction barri\u00e8re de la peau.<\/p>\n<p>Les lactates \ud83c\udf31<br \/>\n(acide lactique, lactate de sodium) sont des compos\u00e9s naturels qui exfolient et hydratent la peau, tout en r\u00e9gulant les niveaux de pH et en r\u00e9duisant les odeurs.<\/p>\n<p>L\u2019extrait de citron\ud83c\udf31<br \/>\n(extrait de citron vert) est une source naturelle de vitamine C aux propri\u00e9t\u00e9s \u00e9claircissantes qui peuvent att\u00e9nuer les taches brunes. Il poss\u00e8de \u00e9galement des propri\u00e9t\u00e9s astringentes pour raffermir et tonifier la peau.<\/p>\n<p><strong>Ingr\u00e9dients complets<\/strong><\/p>\n<p>Aqua (Eau). D\u00e9cyl Glycoside. Cocamidopropyl B\u00e9ta\u00efne. Carboxylate d\u2019huile d\u2019olive PEG-7 de sodium. Glyc\u00e9rine. Lactate de sodium. Phosphate d\u2019ascorbyle de magn\u00e9sium (vitamine C). Extrait de feuille d\u2019Olea Europaea (Olive). Extrait de Rosmarinus Officanlis (romarin). Huile de ricin hydrog\u00e9n\u00e9e PEG-40. Extrait de Carum Petroselinum (persil). Extrait de jus de fruit Citrus Medica (citron). Niacinamide (Vitamine B3). Extrait de graines d\u2019Avena Sativa (avoine). Extrait de Thymus Vulgaris (Thym). Acide lactique. C\u00e9ramique de Propolis. Benzoate de sodium. Sorbate de potassium. EDTA.<\/p>\n<p><strong>S\u00e9curit\u00e9 des formulations<\/strong><\/p>\n<p>Sans : alcool, parab\u00e8nes, sulfates, phtalates, acide kojique, silicones, hydroquinone et produits p\u00e9trochimiques<br \/>\n4 % de mati\u00e8res synth\u00e9tiques s\u00fbres<br \/>\nSans cruaut\u00e9<\/p>\n","protected":false},"excerpt":{"rendered":"<p>La lotion et le d\u00e9tergent blanchissants aident \u00e0 \u00e9liminer les microbes et les odeurs d\u00e9sagr\u00e9able.<br \/>\nPurifie la peau et am\u00e9liore l\u2019hydratation vaginale.<br \/>\nContient de la vitamine C et r\u00e9duit l\u2019apparence des imperfections.<\/p>\n","protected":false},"featured_media":628,"comment_status":"open","ping_status":"closed","template":"","meta":{"ocean_post_layout":"","ocean_both_sidebars_style":"","ocean_both_sidebars_content_width":0,"ocean_both_sidebars_sidebars_width":0,"ocean_sidebar":"0","ocean_second_sidebar":"0","ocean_disable_margins":"enable","ocean_add_body_class":"","ocean_shortcode_before_top_bar":"","ocean_shortcode_after_top_bar":"","ocean_shortcode_before_header":"","ocean_shortcode_after_header":"","ocean_has_shortcode":"","ocean_shortcode_after_title":"","ocean_shortcode_before_footer_widgets":"","ocean_shortcode_after_footer_widgets":"","ocean_shortcode_before_footer_bottom":"","ocean_shortcode_after_footer_bottom":"","ocean_display_top_bar":"default","ocean_display_header":"default","ocean_header_style":"","ocean_center_header_left_menu":"0","ocean_custom_header_template":"0","ocean_custom_logo":0,"ocean_custom_retina_logo":0,"ocean_custom_logo_max_width":0,"ocean_custom_logo_tablet_max_width":0,"ocean_custom_logo_mobile_max_width":0,"ocean_custom_logo_max_height":0,"ocean_custom_logo_tablet_max_height":0,"ocean_custom_logo_mobile_max_height":0,"ocean_header_custom_menu":"0","ocean_menu_typo_font_family":"0","ocean_menu_typo_font_subset":"","ocean_menu_typo_font_size":0,"ocean_menu_typo_font_size_tablet":0,"ocean_menu_typo_font_size_mobile":0,"ocean_menu_typo_font_size_unit":"px","ocean_menu_typo_font_weight":"","ocean_menu_typo_font_weight_tablet":"","ocean_menu_typo_font_weight_mobile":"","ocean_menu_typo_transform":"","ocean_menu_typo_transform_tablet":"","ocean_menu_typo_transform_mobile":"","ocean_menu_typo_line_height":0,"ocean_menu_typo_line_height_tablet":0,"ocean_menu_typo_line_height_mobile":0,"ocean_menu_typo_line_height_unit":"","ocean_menu_typo_spacing":0,"ocean_menu_typo_spacing_tablet":0,"ocean_menu_typo_spacing_mobile":0,"ocean_menu_typo_spacing_unit":"","ocean_menu_link_color":"","ocean_menu_link_color_hover":"","ocean_menu_link_color_active":"","ocean_menu_link_background":"","ocean_menu_link_hover_background":"","ocean_menu_link_active_background":"","ocean_menu_social_links_bg":"","ocean_menu_social_hover_links_bg":"","ocean_menu_social_links_color":"","ocean_menu_social_hover_links_color":"","ocean_disable_title":"default","ocean_disable_heading":"default","ocean_post_title":"","ocean_post_subheading":"","ocean_post_title_style":"","ocean_post_title_background_color":"","ocean_post_title_background":0,"ocean_post_title_bg_image_position":"","ocean_post_title_bg_image_attachment":"","ocean_post_title_bg_image_repeat":"","ocean_post_title_bg_image_size":"","ocean_post_title_height":0,"ocean_post_title_bg_overlay":0.5,"ocean_post_title_bg_overlay_color":"","ocean_disable_breadcrumbs":"default","ocean_breadcrumbs_color":"","ocean_breadcrumbs_separator_color":"","ocean_breadcrumbs_links_color":"","ocean_breadcrumbs_links_hover_color":"","ocean_display_footer_widgets":"default","ocean_display_footer_bottom":"default","ocean_custom_footer_template":"0"},"product_brand":[],"product_cat":[26,22,44,87,47,96],"product_tag":[],"class_list":{"0":"post-627","1":"product","2":"type-product","3":"status-publish","4":"has-post-thumbnail","6":"product_cat-promo","7":"product_cat-corps","8":"product_cat-hygiene","9":"product_cat-hygiene-intime","10":"product_cat-soins-corps","11":"product_cat-toilette-intime","13":"entry","14":"has-media","16":"first","17":"instock","18":"sale","19":"taxable","20":"shipping-taxable","21":"purchasable","22":"product-type-simple","23":"has-product-nav","24":"col","25":"span_1_of_3","26":"owp-content-center","27":"owp-thumbs-layout-horizontal","28":"owp-btn-normal","29":"owp-tabs-layout-horizontal","30":"has-no-thumbnails"},"_links":{"self":[{"href":"https:\/\/ellypara.com\/index.php\/wp-json\/wp\/v2\/product\/627","targetHints":{"allow":["GET"]}}],"collection":[{"href":"https:\/\/ellypara.com\/index.php\/wp-json\/wp\/v2\/product"}],"about":[{"href":"https:\/\/ellypara.com\/index.php\/wp-json\/wp\/v2\/types\/product"}],"replies":[{"embeddable":true,"href":"https:\/\/ellypara.com\/index.php\/wp-json\/wp\/v2\/comments?post=627"}],"wp:featuredmedia":[{"embeddable":true,"href":"https:\/\/ellypara.com\/index.php\/wp-json\/wp\/v2\/media\/628"}],"wp:attachment":[{"href":"https:\/\/ellypara.com\/index.php\/wp-json\/wp\/v2\/media?parent=627"}],"wp:term":[{"taxonomy":"product_brand","embeddable":true,"href":"https:\/\/ellypara.com\/index.php\/wp-json\/wp\/v2\/product_brand?post=627"},{"taxonomy":"product_cat","embeddable":true,"href":"https:\/\/ellypara.com\/index.php\/wp-json\/wp\/v2\/product_cat?post=627"},{"taxonomy":"product_tag","embeddable":true,"href":"https:\/\/ellypara.com\/index.php\/wp-json\/wp\/v2\/product_tag?post=627"}],"curies":[{"name":"wp","href":"https:\/\/api.w.org\/{rel}","templated":true}]}}