{"id":635,"date":"2025-01-30T13:23:03","date_gmt":"2025-01-30T12:23:03","guid":{"rendered":"https:\/\/ellypara.com\/?post_type=product&#038;p=635"},"modified":"2025-01-30T13:23:03","modified_gmt":"2025-01-30T12:23:03","slug":"durex-pleasure-me-3-preservatifs","status":"publish","type":"product","link":"https:\/\/ellypara.com\/index.php\/produit\/durex-pleasure-me-3-preservatifs\/","title":{"rendered":"DUREX Pleasure Me 3 Pr\u00e9servatifs"},"content":{"rendered":"<ul>\n<li>LE CONFORT EASY-ON \u2013 Gr\u00e2ce \u00e0 sa forme Easy-on et son r\u00e9servoir, les pr\u00e9servatifs Pleasure Me sont faciles \u00e0 utiliser et assure un meilleur confort et un meilleur ajustement<\/li>\n<li>DOUCEUR ET CONFORT \u2013 Les pr\u00e9servatifs hommes Pleasure me sont transparents et lubrifi\u00e9s pour une exp\u00e9rience sexuelle plus douce et confortable<\/li>\n<li>SENSATION \u2013 Les pr\u00e9servatifs Pleasure Me, d\u2019un diam\u00e8tre moyen de 56 mm, permettent de nombreuses sensations; Vous pouvez variez les plaisirs avec ces pr\u00e9servatifs pour des rapports vaginals, orals et anals<\/li>\n<li>MATIERE ET CARACTERISTIQUES \u2013 Les pr\u00e9servatifs ultra fins et extra lubrifi\u00e9s sont \u00e0 base de latex en caoutchouc naturel transparent; Le pr\u00e9servatif textur\u00e9 recouvert de micro-perles et de nervures pour procurer plus de sensations lors de la p\u00e9n\u00e9tration et stimuler un maximum de zones \u00e9rog\u00e8nes<\/li>\n<li>QUALITE ET SECURITE \u2013 100% de nos pr\u00e9servatifs sont test\u00e9s \u00e9lectroniquement pour v\u00e9rifier l\u2019absence de trous et imperfections; Les pr\u00e9servatifs sont \u00e0 usage unique, le r\u00e9utiliser augmente le risque de rupture ou d\u2019infection; Aucune m\u00e9thode de contraception ne peut garantir une protection efficace \u00e0 100% contre une grossesse ind\u00e9sirable, le virus VIH (SIDA) ou les autres infections sexuellement transmissibles (IST et MST); Durex poss\u00e8de plus de 80 ann\u00e9es d\u2019exp\u00e9rience dans la fabrication de pr\u00e9servatifs; Aujourd\u2019hui, Durex est la marque n\u00b01 des pr\u00e9servatifs dans le monde.<\/li>\n<\/ul>\n","protected":false},"excerpt":{"rendered":"<div class=\"product-short-description\">\n<p>Durex Pleasure Me sont des pr\u00e9servatifs qui ont une texture \u00e0 la fois nervur\u00e9e et perl\u00e9e tout \u00e0 fait unique pour une plus grande stimulation<\/p>\n<\/div>\n<form class=\"cart\" action=\"https:\/\/www.maparatunisie.tn\/produit\/durex-pleasure-me-3-preservatifs\/\" enctype=\"multipart\/form-data\" method=\"post\">\n<div class=\"ux-quantity quantity buttons_added\"><\/div>\n<\/form>\n","protected":false},"featured_media":636,"comment_status":"open","ping_status":"closed","template":"","meta":{"ocean_post_layout":"","ocean_both_sidebars_style":"","ocean_both_sidebars_content_width":0,"ocean_both_sidebars_sidebars_width":0,"ocean_sidebar":"0","ocean_second_sidebar":"0","ocean_disable_margins":"enable","ocean_add_body_class":"","ocean_shortcode_before_top_bar":"","ocean_shortcode_after_top_bar":"","ocean_shortcode_before_header":"","ocean_shortcode_after_header":"","ocean_has_shortcode":"","ocean_shortcode_after_title":"","ocean_shortcode_before_footer_widgets":"","ocean_shortcode_after_footer_widgets":"","ocean_shortcode_before_footer_bottom":"","ocean_shortcode_after_footer_bottom":"","ocean_display_top_bar":"default","ocean_display_header":"default","ocean_header_style":"","ocean_center_header_left_menu":"0","ocean_custom_header_template":"0","ocean_custom_logo":0,"ocean_custom_retina_logo":0,"ocean_custom_logo_max_width":0,"ocean_custom_logo_tablet_max_width":0,"ocean_custom_logo_mobile_max_width":0,"ocean_custom_logo_max_height":0,"ocean_custom_logo_tablet_max_height":0,"ocean_custom_logo_mobile_max_height":0,"ocean_header_custom_menu":"0","ocean_menu_typo_font_family":"0","ocean_menu_typo_font_subset":"","ocean_menu_typo_font_size":0,"ocean_menu_typo_font_size_tablet":0,"ocean_menu_typo_font_size_mobile":0,"ocean_menu_typo_font_size_unit":"px","ocean_menu_typo_font_weight":"","ocean_menu_typo_font_weight_tablet":"","ocean_menu_typo_font_weight_mobile":"","ocean_menu_typo_transform":"","ocean_menu_typo_transform_tablet":"","ocean_menu_typo_transform_mobile":"","ocean_menu_typo_line_height":0,"ocean_menu_typo_line_height_tablet":0,"ocean_menu_typo_line_height_mobile":0,"ocean_menu_typo_line_height_unit":"","ocean_menu_typo_spacing":0,"ocean_menu_typo_spacing_tablet":0,"ocean_menu_typo_spacing_mobile":0,"ocean_menu_typo_spacing_unit":"","ocean_menu_link_color":"","ocean_menu_link_color_hover":"","ocean_menu_link_color_active":"","ocean_menu_link_background":"","ocean_menu_link_hover_background":"","ocean_menu_link_active_background":"","ocean_menu_social_links_bg":"","ocean_menu_social_hover_links_bg":"","ocean_menu_social_links_color":"","ocean_menu_social_hover_links_color":"","ocean_disable_title":"default","ocean_disable_heading":"default","ocean_post_title":"","ocean_post_subheading":"","ocean_post_title_style":"","ocean_post_title_background_color":"","ocean_post_title_background":0,"ocean_post_title_bg_image_position":"","ocean_post_title_bg_image_attachment":"","ocean_post_title_bg_image_repeat":"","ocean_post_title_bg_image_size":"","ocean_post_title_height":0,"ocean_post_title_bg_overlay":0.5,"ocean_post_title_bg_overlay_color":"","ocean_disable_breadcrumbs":"default","ocean_breadcrumbs_color":"","ocean_breadcrumbs_separator_color":"","ocean_breadcrumbs_links_color":"","ocean_breadcrumbs_links_hover_color":"","ocean_display_footer_widgets":"default","ocean_display_footer_bottom":"default","ocean_custom_footer_template":"0"},"product_brand":[],"product_cat":[44,84,82],"product_tag":[],"class_list":{"0":"post-635","1":"product","2":"type-product","3":"status-publish","4":"has-post-thumbnail","6":"product_cat-hygiene","7":"product_cat-preservatif","8":"product_cat-sexualite","10":"entry","11":"has-media","13":"first","14":"instock","15":"taxable","16":"shipping-taxable","17":"purchasable","18":"product-type-simple","19":"has-product-nav","20":"col","21":"span_1_of_3","22":"owp-content-center","23":"owp-thumbs-layout-horizontal","24":"owp-btn-normal","25":"owp-tabs-layout-horizontal","26":"has-no-thumbnails"},"_links":{"self":[{"href":"https:\/\/ellypara.com\/index.php\/wp-json\/wp\/v2\/product\/635","targetHints":{"allow":["GET"]}}],"collection":[{"href":"https:\/\/ellypara.com\/index.php\/wp-json\/wp\/v2\/product"}],"about":[{"href":"https:\/\/ellypara.com\/index.php\/wp-json\/wp\/v2\/types\/product"}],"replies":[{"embeddable":true,"href":"https:\/\/ellypara.com\/index.php\/wp-json\/wp\/v2\/comments?post=635"}],"wp:featuredmedia":[{"embeddable":true,"href":"https:\/\/ellypara.com\/index.php\/wp-json\/wp\/v2\/media\/636"}],"wp:attachment":[{"href":"https:\/\/ellypara.com\/index.php\/wp-json\/wp\/v2\/media?parent=635"}],"wp:term":[{"taxonomy":"product_brand","embeddable":true,"href":"https:\/\/ellypara.com\/index.php\/wp-json\/wp\/v2\/product_brand?post=635"},{"taxonomy":"product_cat","embeddable":true,"href":"https:\/\/ellypara.com\/index.php\/wp-json\/wp\/v2\/product_cat?post=635"},{"taxonomy":"product_tag","embeddable":true,"href":"https:\/\/ellypara.com\/index.php\/wp-json\/wp\/v2\/product_tag?post=635"}],"curies":[{"name":"wp","href":"https:\/\/api.w.org\/{rel}","templated":true}]}}