{"id":639,"date":"2025-01-30T13:33:49","date_gmt":"2025-01-30T12:33:49","guid":{"rendered":"https:\/\/ellypara.com\/?post_type=product&#038;p=639"},"modified":"2025-01-30T13:33:50","modified_gmt":"2025-01-30T12:33:50","slug":"durex-pleasure-me-preservatifs-12-pieces","status":"publish","type":"product","link":"https:\/\/ellypara.com\/index.php\/produit\/durex-pleasure-me-preservatifs-12-pieces\/","title":{"rendered":"Durex Pleasure Me Preservatifs 12 Pi\u00e8ces"},"content":{"rendered":"<p>DUREX<br \/>\nPleasure Me<br \/>\nPerl\u00e9s et nervur\u00e9s pour plus de plaisir<br \/>\nPr\u00e9servatifs x12<\/p>\n<p><strong>Instructions de conservation<br \/>\n<\/strong>Pour une s\u00e9curit\u00e9 optimale, conservez le produit au frais et au sec, \u00e0 l\u2019abri de la lumi\u00e8re solaire directe.<\/p>\n<p><strong>Mode d\u2019emploi<\/strong><br \/>\nUn pr\u00e9servatif ne s\u2019utilise qu\u2019une seule fois<br \/>\n1. Manipuler le pr\u00e9servatif avec pr\u00e9caution car il peut \u00eatre endommag\u00e9 par les ongles et des objets coupants.<br \/>\n2. S\u2019assurer que la partie \u00e0 d\u00e9rouler est \u00e0 l\u2019ext\u00e9rieur. Saisir soigneusement entre les doigts le haut du pr\u00e9servatif (r\u00e9servoir) et placer le pr\u00e9servatif sur le bout du p\u00e9nis en \u00e9rection.<br \/>\n3. D\u00e9rouler compl\u00e8tement le pr\u00e9servatif le long du p\u00e9nis. Avant de continuer, v\u00e9rifier que le pr\u00e9servatif ne glisse pas ni ne s\u2019\u00e9tire de mani\u00e8re excessive car il pourrait se d\u00e9chirer. Juste apr\u00e8s l\u2019\u00e9jaculation, le pr\u00e9servatif doit \u00eatre enlev\u00e9 tout en retenant fermement le pr\u00e9servatif \u00e0 la base du sexe.<br \/>\n4. Jeter le pr\u00e9servatif \u00e0 la poubelle. Ne pas jeter dans les toilettes.<\/p>\n<p>&nbsp;<\/p>\n<p><strong>Pr\u00e9cautions d\u2019emploi<\/strong><br \/>\nAucune m\u00e9thode de contraception ne peut garantir une protection efficace \u00e0 100% contre la grossesse, le virus VIH (SIDA) ou les autres infections sexuellement transmissibles.<\/p>\n","protected":false},"excerpt":{"rendered":"<p>Les pr\u00e9servatifs Durex Pleasure Me sont sp\u00e9cialement con\u00e7us pour procurer un maximum de plaisir aux deux partenaires. En effet, les pr\u00e9servatifs Durex Pleasure Me sont \u00e0 la fois micro-perl\u00e9s et nervur\u00e9s. Ils vous permettront de d\u00e9couvrir diff\u00e9rentes sensations et de varier les plaisirs.<\/p>\n","protected":false},"featured_media":640,"comment_status":"open","ping_status":"closed","template":"","meta":{"ocean_post_layout":"","ocean_both_sidebars_style":"","ocean_both_sidebars_content_width":0,"ocean_both_sidebars_sidebars_width":0,"ocean_sidebar":"0","ocean_second_sidebar":"0","ocean_disable_margins":"enable","ocean_add_body_class":"","ocean_shortcode_before_top_bar":"","ocean_shortcode_after_top_bar":"","ocean_shortcode_before_header":"","ocean_shortcode_after_header":"","ocean_has_shortcode":"","ocean_shortcode_after_title":"","ocean_shortcode_before_footer_widgets":"","ocean_shortcode_after_footer_widgets":"","ocean_shortcode_before_footer_bottom":"","ocean_shortcode_after_footer_bottom":"","ocean_display_top_bar":"default","ocean_display_header":"default","ocean_header_style":"","ocean_center_header_left_menu":"0","ocean_custom_header_template":"0","ocean_custom_logo":0,"ocean_custom_retina_logo":0,"ocean_custom_logo_max_width":0,"ocean_custom_logo_tablet_max_width":0,"ocean_custom_logo_mobile_max_width":0,"ocean_custom_logo_max_height":0,"ocean_custom_logo_tablet_max_height":0,"ocean_custom_logo_mobile_max_height":0,"ocean_header_custom_menu":"0","ocean_menu_typo_font_family":"0","ocean_menu_typo_font_subset":"","ocean_menu_typo_font_size":0,"ocean_menu_typo_font_size_tablet":0,"ocean_menu_typo_font_size_mobile":0,"ocean_menu_typo_font_size_unit":"px","ocean_menu_typo_font_weight":"","ocean_menu_typo_font_weight_tablet":"","ocean_menu_typo_font_weight_mobile":"","ocean_menu_typo_transform":"","ocean_menu_typo_transform_tablet":"","ocean_menu_typo_transform_mobile":"","ocean_menu_typo_line_height":0,"ocean_menu_typo_line_height_tablet":0,"ocean_menu_typo_line_height_mobile":0,"ocean_menu_typo_line_height_unit":"","ocean_menu_typo_spacing":0,"ocean_menu_typo_spacing_tablet":0,"ocean_menu_typo_spacing_mobile":0,"ocean_menu_typo_spacing_unit":"","ocean_menu_link_color":"","ocean_menu_link_color_hover":"","ocean_menu_link_color_active":"","ocean_menu_link_background":"","ocean_menu_link_hover_background":"","ocean_menu_link_active_background":"","ocean_menu_social_links_bg":"","ocean_menu_social_hover_links_bg":"","ocean_menu_social_links_color":"","ocean_menu_social_hover_links_color":"","ocean_disable_title":"default","ocean_disable_heading":"default","ocean_post_title":"","ocean_post_subheading":"","ocean_post_title_style":"","ocean_post_title_background_color":"","ocean_post_title_background":0,"ocean_post_title_bg_image_position":"","ocean_post_title_bg_image_attachment":"","ocean_post_title_bg_image_repeat":"","ocean_post_title_bg_image_size":"","ocean_post_title_height":0,"ocean_post_title_bg_overlay":0.5,"ocean_post_title_bg_overlay_color":"","ocean_disable_breadcrumbs":"default","ocean_breadcrumbs_color":"","ocean_breadcrumbs_separator_color":"","ocean_breadcrumbs_links_color":"","ocean_breadcrumbs_links_hover_color":"","ocean_display_footer_widgets":"default","ocean_display_footer_bottom":"default","ocean_custom_footer_template":"0"},"product_brand":[],"product_cat":[44,87,84,82],"product_tag":[],"class_list":{"0":"post-639","1":"product","2":"type-product","3":"status-publish","4":"has-post-thumbnail","6":"product_cat-hygiene","7":"product_cat-hygiene-intime","8":"product_cat-preservatif","9":"product_cat-sexualite","11":"entry","12":"has-media","14":"first","15":"instock","16":"taxable","17":"shipping-taxable","18":"purchasable","19":"product-type-simple","20":"has-product-nav","21":"col","22":"span_1_of_3","23":"owp-content-center","24":"owp-thumbs-layout-horizontal","25":"owp-btn-normal","26":"owp-tabs-layout-horizontal","27":"has-no-thumbnails"},"_links":{"self":[{"href":"https:\/\/ellypara.com\/index.php\/wp-json\/wp\/v2\/product\/639","targetHints":{"allow":["GET"]}}],"collection":[{"href":"https:\/\/ellypara.com\/index.php\/wp-json\/wp\/v2\/product"}],"about":[{"href":"https:\/\/ellypara.com\/index.php\/wp-json\/wp\/v2\/types\/product"}],"replies":[{"embeddable":true,"href":"https:\/\/ellypara.com\/index.php\/wp-json\/wp\/v2\/comments?post=639"}],"wp:featuredmedia":[{"embeddable":true,"href":"https:\/\/ellypara.com\/index.php\/wp-json\/wp\/v2\/media\/640"}],"wp:attachment":[{"href":"https:\/\/ellypara.com\/index.php\/wp-json\/wp\/v2\/media?parent=639"}],"wp:term":[{"taxonomy":"product_brand","embeddable":true,"href":"https:\/\/ellypara.com\/index.php\/wp-json\/wp\/v2\/product_brand?post=639"},{"taxonomy":"product_cat","embeddable":true,"href":"https:\/\/ellypara.com\/index.php\/wp-json\/wp\/v2\/product_cat?post=639"},{"taxonomy":"product_tag","embeddable":true,"href":"https:\/\/ellypara.com\/index.php\/wp-json\/wp\/v2\/product_tag?post=639"}],"curies":[{"name":"wp","href":"https:\/\/api.w.org\/{rel}","templated":true}]}}