{"id":641,"date":"2025-01-30T13:39:58","date_gmt":"2025-01-30T12:39:58","guid":{"rendered":"https:\/\/ellypara.com\/?post_type=product&#038;p=641"},"modified":"2025-01-30T13:39:58","modified_gmt":"2025-01-30T12:39:58","slug":"durex-extra-safe-12-preservatifs","status":"publish","type":"product","link":"https:\/\/ellypara.com\/index.php\/produit\/durex-extra-safe-12-preservatifs\/","title":{"rendered":"DUREX extra safe 12 preservatifs"},"content":{"rendered":"<h2>Durex Extra Safe Pr\u00e9servatifs Extra Lubrifi\u00e9s Extra Protection 12 Pr\u00e9servatifs<\/h2>\n<p>Les pr\u00e9servatifs Durex Extra Safe sont l\u00e9g\u00e8rement plus \u00e9pais pour ceux qui veulent allier protection sans pour autant sacrifier le confort. Associ\u00e9 la paix de l\u2019esprit avec une garantie suppl\u00e9mentaire avec les pr\u00e9servatifs Extra Safe dot\u00e9s d\u00b4un suppl\u00e9ment de lubrifiant pour un meilleur confort. Le meilleur pr\u00e9servatif dans la gamme Durex pour le sexe anal.<\/p>\n<p><strong>Propri\u00e9t\u00e9s :<\/strong><br \/>\nContraceptifs pour relation sexuelle<br \/>\nPr\u00e9servatifs contenant du latex de caoutchouc naturel.<br \/>\nLes pr\u00e9servatifs masculins (\u00e9galement appel\u00e9 capote, condom) permettent de se prot\u00e9ger des infections sexuellement transmissibles (IST) et contre l\u2019infection du VIH.<\/p>\n<p>Les pr\u00e9servatifs Durex Extra Safe extra lubrifi\u00e9s vous procurent une protection optimale pour un plaisir en toute confiance.<br \/>\n\u2013 Pr\u00e9servatifs transparents et r\u00e9sistants en latex de caoutchouc naturel<br \/>\n\u2013 Forme profil\u00e9e Pleasure-Fit avec r\u00e9servoir pour plus de confort<br \/>\n\u2013 Diam\u00e8tre moyen : 56 mm<br \/>\n\u2013 Extra lubrifi\u00e9s<\/p>\n<p><strong>Indications :<\/strong><br \/>\nUsage externe<br \/>\nPour la contraception<br \/>\nPour la relation sexuelle<\/p>\n<p><strong>Conseils d\u2019utilisation :<\/strong><br \/>\nUtiliser un gel lubrifiant Durex Play avec un pr\u00e9servatif (condom) peut rendre les relations sexuelles plus agr\u00e9ables.<\/p>\n<p><strong>Pr\u00e9cautions d\u2019emploi :<\/strong><br \/>\nLire attentivement le mode d\u2019emploi \u00e0 l\u2019int\u00e9rieur de l\u2019\u00e9tui avant utilisation, tout particuli\u00e8rement si vous utilisez un pr\u00e9servatif pour un rapport anal ou oral.<br \/>\nUn pr\u00e9servatif ne s\u2019utilise qu\u2019une seule fois, le r\u00e9utiliser augmente le risque de rupture ou d\u2019infection.<br \/>\nAucune m\u00e9thode de contraception ne peut garantir une protection efficace \u00e0 100% contre une grossesse, le virus VIH (SIDA) ou les autres infections sexuellement transmissibles.<br \/>\nTous les pr\u00e9servatifs en latex sont conformes \u00e0 la norme internationale ISO 4074, relative aux pr\u00e9servatifs masculins en latex de caoutchouc naturel.<\/p>\n<p>Pr\u00e9sentation :<br \/>\n12 pr\u00e9servatifs<\/p>\n<table style=\"height: 444px;\" width=\"653\">\n<tbody>\n<tr>\n<th>Conditionnement<\/th>\n<td>12 Pieces<\/td>\n<\/tr>\n<tr>\n<th>Marque<\/th>\n<td>Durex<\/td>\n<\/tr>\n<tr>\n<th>Caract\u00e9ristiques<\/th>\n<td>Extra-lubrifi\u00e9, Renforc\u00e9<\/td>\n<\/tr>\n<tr>\n<th>Parfum<\/th>\n<td>Aucun<\/td>\n<\/tr>\n<tr>\n<th>Couleur<\/th>\n<td>Transparent<\/td>\n<\/tr>\n<tr>\n<th>Taille<\/th>\n<td>Large<\/td>\n<\/tr>\n<tr>\n<th>Circonf\u00e9rence<\/th>\n<td>112 mm<\/td>\n<\/tr>\n<tr>\n<th>Largeur extr\u00e9mit\u00e9 sup.<\/th>\n<td>63 mm<\/td>\n<\/tr>\n<tr>\n<th>Longueur<\/th>\n<td>205 mm<\/td>\n<\/tr>\n<tr>\n<th>Largeur base inf\u00e9rieure<\/th>\n<td>56 mm<\/td>\n<\/tr>\n<tr>\n<th>Largeur base sup\u00e9rieure<\/th>\n<td>52 mm<\/td>\n<\/tr>\n<tr>\n<th>\u00c9paisseur<\/th>\n<td>0.08 mm<\/td>\n<\/tr>\n<tr>\n<th>Extr\u00e9mit\u00e9<\/th>\n<td>Avec r\u00e9servoir<\/td>\n<\/tr>\n<tr>\n<th>Mati\u00e8re<\/th>\n<td>Latex<\/td>\n<\/tr>\n<tr>\n<th>Lubrifiant<\/th>\n<td>Non spermicide<\/td>\n<\/tr>\n<\/tbody>\n<\/table>\n","protected":false},"excerpt":{"rendered":"<p>L\u00e9g\u00e8rement plus \u00e9pais et extra lubrifi\u00e9.<br \/>\nPour une protection maximale.<\/p>\n","protected":false},"featured_media":642,"comment_status":"open","ping_status":"closed","template":"","meta":{"ocean_post_layout":"","ocean_both_sidebars_style":"","ocean_both_sidebars_content_width":0,"ocean_both_sidebars_sidebars_width":0,"ocean_sidebar":"0","ocean_second_sidebar":"0","ocean_disable_margins":"enable","ocean_add_body_class":"","ocean_shortcode_before_top_bar":"","ocean_shortcode_after_top_bar":"","ocean_shortcode_before_header":"","ocean_shortcode_after_header":"","ocean_has_shortcode":"","ocean_shortcode_after_title":"","ocean_shortcode_before_footer_widgets":"","ocean_shortcode_after_footer_widgets":"","ocean_shortcode_before_footer_bottom":"","ocean_shortcode_after_footer_bottom":"","ocean_display_top_bar":"default","ocean_display_header":"default","ocean_header_style":"","ocean_center_header_left_menu":"0","ocean_custom_header_template":"0","ocean_custom_logo":0,"ocean_custom_retina_logo":0,"ocean_custom_logo_max_width":0,"ocean_custom_logo_tablet_max_width":0,"ocean_custom_logo_mobile_max_width":0,"ocean_custom_logo_max_height":0,"ocean_custom_logo_tablet_max_height":0,"ocean_custom_logo_mobile_max_height":0,"ocean_header_custom_menu":"0","ocean_menu_typo_font_family":"0","ocean_menu_typo_font_subset":"","ocean_menu_typo_font_size":0,"ocean_menu_typo_font_size_tablet":0,"ocean_menu_typo_font_size_mobile":0,"ocean_menu_typo_font_size_unit":"px","ocean_menu_typo_font_weight":"","ocean_menu_typo_font_weight_tablet":"","ocean_menu_typo_font_weight_mobile":"","ocean_menu_typo_transform":"","ocean_menu_typo_transform_tablet":"","ocean_menu_typo_transform_mobile":"","ocean_menu_typo_line_height":0,"ocean_menu_typo_line_height_tablet":0,"ocean_menu_typo_line_height_mobile":0,"ocean_menu_typo_line_height_unit":"","ocean_menu_typo_spacing":0,"ocean_menu_typo_spacing_tablet":0,"ocean_menu_typo_spacing_mobile":0,"ocean_menu_typo_spacing_unit":"","ocean_menu_link_color":"","ocean_menu_link_color_hover":"","ocean_menu_link_color_active":"","ocean_menu_link_background":"","ocean_menu_link_hover_background":"","ocean_menu_link_active_background":"","ocean_menu_social_links_bg":"","ocean_menu_social_hover_links_bg":"","ocean_menu_social_links_color":"","ocean_menu_social_hover_links_color":"","ocean_disable_title":"default","ocean_disable_heading":"default","ocean_post_title":"","ocean_post_subheading":"","ocean_post_title_style":"","ocean_post_title_background_color":"","ocean_post_title_background":0,"ocean_post_title_bg_image_position":"","ocean_post_title_bg_image_attachment":"","ocean_post_title_bg_image_repeat":"","ocean_post_title_bg_image_size":"","ocean_post_title_height":0,"ocean_post_title_bg_overlay":0.5,"ocean_post_title_bg_overlay_color":"","ocean_disable_breadcrumbs":"default","ocean_breadcrumbs_color":"","ocean_breadcrumbs_separator_color":"","ocean_breadcrumbs_links_color":"","ocean_breadcrumbs_links_hover_color":"","ocean_display_footer_widgets":"default","ocean_display_footer_bottom":"default","ocean_custom_footer_template":"0"},"product_brand":[],"product_cat":[44,87,84,82],"product_tag":[],"class_list":{"0":"post-641","1":"product","2":"type-product","3":"status-publish","4":"has-post-thumbnail","6":"product_cat-hygiene","7":"product_cat-hygiene-intime","8":"product_cat-preservatif","9":"product_cat-sexualite","11":"entry","12":"has-media","14":"first","15":"instock","16":"taxable","17":"shipping-taxable","18":"purchasable","19":"product-type-simple","20":"has-product-nav","21":"col","22":"span_1_of_3","23":"owp-content-center","24":"owp-thumbs-layout-horizontal","25":"owp-btn-normal","26":"owp-tabs-layout-horizontal","27":"has-no-thumbnails"},"_links":{"self":[{"href":"https:\/\/ellypara.com\/index.php\/wp-json\/wp\/v2\/product\/641","targetHints":{"allow":["GET"]}}],"collection":[{"href":"https:\/\/ellypara.com\/index.php\/wp-json\/wp\/v2\/product"}],"about":[{"href":"https:\/\/ellypara.com\/index.php\/wp-json\/wp\/v2\/types\/product"}],"replies":[{"embeddable":true,"href":"https:\/\/ellypara.com\/index.php\/wp-json\/wp\/v2\/comments?post=641"}],"wp:featuredmedia":[{"embeddable":true,"href":"https:\/\/ellypara.com\/index.php\/wp-json\/wp\/v2\/media\/642"}],"wp:attachment":[{"href":"https:\/\/ellypara.com\/index.php\/wp-json\/wp\/v2\/media?parent=641"}],"wp:term":[{"taxonomy":"product_brand","embeddable":true,"href":"https:\/\/ellypara.com\/index.php\/wp-json\/wp\/v2\/product_brand?post=641"},{"taxonomy":"product_cat","embeddable":true,"href":"https:\/\/ellypara.com\/index.php\/wp-json\/wp\/v2\/product_cat?post=641"},{"taxonomy":"product_tag","embeddable":true,"href":"https:\/\/ellypara.com\/index.php\/wp-json\/wp\/v2\/product_tag?post=641"}],"curies":[{"name":"wp","href":"https:\/\/api.w.org\/{rel}","templated":true}]}}