{"id":650,"date":"2025-01-30T22:03:23","date_gmt":"2025-01-30T21:03:23","guid":{"rendered":"https:\/\/ellypara.com\/?post_type=product&#038;p=650"},"modified":"2025-02-01T16:18:07","modified_gmt":"2025-02-01T15:18:07","slug":"eucerin-anti-pigment-soin-contour-des-yeux-illuminateur-correcteur-de-cernes","status":"publish","type":"product","link":"https:\/\/ellypara.com\/index.php\/produit\/eucerin-anti-pigment-soin-contour-des-yeux-illuminateur-correcteur-de-cernes\/","title":{"rendered":"EUCERIN Anti-Pigment Soin Contour des Yeux Illuminateur Correcteur de Cernes"},"content":{"rendered":"<h4><strong>EUCERIN Anti-Pigment Soin Contour des Yeux Illuminateur Correcteur de Cernes.<\/strong><\/h4>\n<p>92% le constatent : les cernes sont r\u00e9duits d\u00e8s 2 semaines ! Formul\u00e9 avec du Thiamidol brevet\u00e9 pour corriger et r\u00e9duire tous types de cernes gr\u00e2ce \u00e0 un usage r\u00e9gulier. Les pigments r\u00e9fl\u00e9chissant la lumi\u00e8re illuminent le contour de l\u2019\u0153il. Avec sa texture fra\u00eeche et l\u00e9g\u00e8re, la formule \u00e0 l\u2019Acide Hyaluronique r\u00e9duit les poches et lisse les ridules. Les Oligopeptides stimulent le r\u00e9seau de collag\u00e8ne, pour une peau \u00e0 la structure plus ferme. L\u2019applicateur m\u00e9tallique est rafra\u00eechissant pour des performances optimales. R\u00e9sultats : Le regard para\u00eet imm\u00e9diatement frais et \u00e9veill\u00e9 et les cernes sont corrig\u00e9s sur le long terme avec des premiers r\u00e9sultats visibles d\u00e8s 2 semaines. Thiamidol brevet\u00e9 (EP 2758 381 B1) FR, BE, NL **\u00c9valuation clinique, 33 femmes,12 semaines.<\/p>\n<p>Test consommateurs, 4 semaines,120 femmes, % de satisfaction.<\/p>\n<ul>\n<li class=\"key-benefit\">Corrige et r\u00e9duit tous types de cernes gr\u00e2ce \u00e0 un usage r\u00e9gulier.<\/li>\n<li class=\"key-benefit\">\u00a0Les pigments r\u00e9fl\u00e9chissant la lumi\u00e8re illuminent le contour de l\u2019oeil.<\/li>\n<li class=\"key-benefit\">\u00a0Avec sa texture fra\u00eeche et l\u00e9g\u00e8re, la formule \u00e0 l\u2019Acide Hyaluronique r\u00e9duit les poches et lisse les ridules.<\/li>\n<li class=\"key-benefit\">\u00a0L\u2019applicateur m\u00e9tallique est rafra\u00eechissant pour des performances optimales.<\/li>\n<\/ul>\n<h4 class=\"uk-accordion-title \"><strong>Mode d\u2019emploi :\u00a0<\/strong><\/h4>\n<ul>\n<li>D\u00e9posez une petite quantit\u00e9 sur l\u2019applicateur m\u00e9tallique et utiliser l\u2019applicateur pour appliquer le produit au-dessus et en dessous de l\u2019\u0153il.<\/li>\n<li>Massez de l\u2019int\u00e9rieur du contour de l\u2019\u0153il vers l\u2019ext\u00e9rieur.<\/li>\n<li>Utilisez vos doigts pour tapoter le contour de l\u2019\u0153il jusqu\u2019\u00e0 ce que la formule soit enti\u00e8rement absorb\u00e9e.<\/li>\n<li>Maximum 4 applications par jour de tous les produits pour le visage contenant du Thiamidol.<\/li>\n<\/ul>\n<p class=\"hdl-3\"><strong>Tous les ingr\u00e9dients :\u00a0<\/strong><\/p>\n<p>Aqua,\u00a0glycerine,\u00a0CaprylicCapric Triglyceride,\u00a0Alcohol Denat,\u00a0Cocoglycerides,\u00a0Cetearyl Alcohol,\u00a0Cetyl Palmitate,\u00a0Isopropyl Palmitate,\u00a0Glyceryl Stearate,\u00a0Diisopropyl Adipate,\u00a0Butyrospermum Parkii Butter,\u00a0Lauroyl Lysine,\u00a0Sodium Hyaluronate,\u00a0Glycyrrhiza Inflata Root Extract,\u00a0Pimpinella Anisum Fruit Extract,\u00a0Xanthan Gum,\u00a0Sodium Stearoyl Glutamate,\u00a0Sodium Chloride,\u00a0Citric Acid,\u00a0Sodium Hydroxide,\u00a0Phenoxyethanol,\u00a0Ethylhexylglycerin,\u00a0Synthetic Fluorphlogopite,\u00a0Trisodium EDTA,\u00a0Tin Oxide,\u00a0CI 77891,\u00a0CI 77492,\u00a0CI 77491,\u00a0CI 77499<\/p>\n","protected":false},"excerpt":{"rendered":"<ul>\n<li class=\"key-benefit\">Corrige et r\u00e9duit tous types de cernes gr\u00e2ce \u00e0 un usage r\u00e9gulier.<\/li>\n<li class=\"key-benefit\">\u00a0Les pigments r\u00e9fl\u00e9chissant la lumi\u00e8re illuminent le contour de l\u2019oeil.<\/li>\n<li class=\"key-benefit\">\u00a0Avec sa texture fra\u00eeche et l\u00e9g\u00e8re, la formule \u00e0 l\u2019Acide Hyaluronique r\u00e9duit les poches et lisse les ridules.<\/li>\n<li class=\"key-benefit\">\u00a0L\u2019applicateur m\u00e9tallique est rafra\u00eechissant pour des performances optimales.<\/li>\n<\/ul>\n","protected":false},"featured_media":652,"comment_status":"open","ping_status":"closed","template":"","meta":{"ocean_post_layout":"","ocean_both_sidebars_style":"","ocean_both_sidebars_content_width":0,"ocean_both_sidebars_sidebars_width":0,"ocean_sidebar":"0","ocean_second_sidebar":"0","ocean_disable_margins":"enable","ocean_add_body_class":"","ocean_shortcode_before_top_bar":"","ocean_shortcode_after_top_bar":"","ocean_shortcode_before_header":"","ocean_shortcode_after_header":"","ocean_has_shortcode":"","ocean_shortcode_after_title":"","ocean_shortcode_before_footer_widgets":"","ocean_shortcode_after_footer_widgets":"","ocean_shortcode_before_footer_bottom":"","ocean_shortcode_after_footer_bottom":"","ocean_display_top_bar":"default","ocean_display_header":"default","ocean_header_style":"","ocean_center_header_left_menu":"0","ocean_custom_header_template":"0","ocean_custom_logo":0,"ocean_custom_retina_logo":0,"ocean_custom_logo_max_width":0,"ocean_custom_logo_tablet_max_width":0,"ocean_custom_logo_mobile_max_width":0,"ocean_custom_logo_max_height":0,"ocean_custom_logo_tablet_max_height":0,"ocean_custom_logo_mobile_max_height":0,"ocean_header_custom_menu":"0","ocean_menu_typo_font_family":"0","ocean_menu_typo_font_subset":"","ocean_menu_typo_font_size":0,"ocean_menu_typo_font_size_tablet":0,"ocean_menu_typo_font_size_mobile":0,"ocean_menu_typo_font_size_unit":"px","ocean_menu_typo_font_weight":"","ocean_menu_typo_font_weight_tablet":"","ocean_menu_typo_font_weight_mobile":"","ocean_menu_typo_transform":"","ocean_menu_typo_transform_tablet":"","ocean_menu_typo_transform_mobile":"","ocean_menu_typo_line_height":0,"ocean_menu_typo_line_height_tablet":0,"ocean_menu_typo_line_height_mobile":0,"ocean_menu_typo_line_height_unit":"","ocean_menu_typo_spacing":0,"ocean_menu_typo_spacing_tablet":0,"ocean_menu_typo_spacing_mobile":0,"ocean_menu_typo_spacing_unit":"","ocean_menu_link_color":"","ocean_menu_link_color_hover":"","ocean_menu_link_color_active":"","ocean_menu_link_background":"","ocean_menu_link_hover_background":"","ocean_menu_link_active_background":"","ocean_menu_social_links_bg":"","ocean_menu_social_hover_links_bg":"","ocean_menu_social_links_color":"","ocean_menu_social_hover_links_color":"","ocean_disable_title":"default","ocean_disable_heading":"default","ocean_post_title":"","ocean_post_subheading":"","ocean_post_title_style":"","ocean_post_title_background_color":"","ocean_post_title_background":0,"ocean_post_title_bg_image_position":"","ocean_post_title_bg_image_attachment":"","ocean_post_title_bg_image_repeat":"","ocean_post_title_bg_image_size":"","ocean_post_title_height":0,"ocean_post_title_bg_overlay":0.5,"ocean_post_title_bg_overlay_color":"","ocean_disable_breadcrumbs":"default","ocean_breadcrumbs_color":"","ocean_breadcrumbs_separator_color":"","ocean_breadcrumbs_links_color":"","ocean_breadcrumbs_links_hover_color":"","ocean_display_footer_widgets":"default","ocean_display_footer_bottom":"default","ocean_custom_footer_template":"0"},"product_brand":[],"product_cat":[26,37,42,36,110,43,39,35,21],"product_tag":[],"class_list":{"0":"post-650","1":"product","2":"type-product","3":"status-publish","4":"has-post-thumbnail","6":"product_cat-promo","7":"product_cat-soins-peau-grasse","8":"product_cat-peaux-seches","9":"product_cat-soins-anti-age-et-anti-rides","10":"product_cat-soins-anti-poches-et-cernes","11":"product_cat-soins-anti-rougeurs-et-peau-sensible","12":"product_cat-soins-anti-taches-et-depigmentants","13":"product_cat-soins-hydratants-et-nourrissants","14":"product_cat-visage","16":"entry","17":"has-media","19":"first","20":"instock","21":"sale","22":"taxable","23":"shipping-taxable","24":"purchasable","25":"product-type-simple","26":"has-product-nav","27":"col","28":"span_1_of_3","29":"owp-content-center","30":"owp-thumbs-layout-horizontal","31":"owp-btn-normal","32":"owp-tabs-layout-horizontal"},"_links":{"self":[{"href":"https:\/\/ellypara.com\/index.php\/wp-json\/wp\/v2\/product\/650","targetHints":{"allow":["GET"]}}],"collection":[{"href":"https:\/\/ellypara.com\/index.php\/wp-json\/wp\/v2\/product"}],"about":[{"href":"https:\/\/ellypara.com\/index.php\/wp-json\/wp\/v2\/types\/product"}],"replies":[{"embeddable":true,"href":"https:\/\/ellypara.com\/index.php\/wp-json\/wp\/v2\/comments?post=650"}],"wp:featuredmedia":[{"embeddable":true,"href":"https:\/\/ellypara.com\/index.php\/wp-json\/wp\/v2\/media\/652"}],"wp:attachment":[{"href":"https:\/\/ellypara.com\/index.php\/wp-json\/wp\/v2\/media?parent=650"}],"wp:term":[{"taxonomy":"product_brand","embeddable":true,"href":"https:\/\/ellypara.com\/index.php\/wp-json\/wp\/v2\/product_brand?post=650"},{"taxonomy":"product_cat","embeddable":true,"href":"https:\/\/ellypara.com\/index.php\/wp-json\/wp\/v2\/product_cat?post=650"},{"taxonomy":"product_tag","embeddable":true,"href":"https:\/\/ellypara.com\/index.php\/wp-json\/wp\/v2\/product_tag?post=650"}],"curies":[{"name":"wp","href":"https:\/\/api.w.org\/{rel}","templated":true}]}}