{"id":658,"date":"2025-01-30T22:19:13","date_gmt":"2025-01-30T21:19:13","guid":{"rendered":"https:\/\/ellypara.com\/?post_type=product&#038;p=658"},"modified":"2025-01-30T22:19:14","modified_gmt":"2025-01-30T21:19:14","slug":"durex-gel-lubrifiant-play-heat-50ml","status":"publish","type":"product","link":"https:\/\/ellypara.com\/index.php\/produit\/durex-gel-lubrifiant-play-heat-50ml\/","title":{"rendered":"DUREX Gel Lubrifiant Play Heat 50ml"},"content":{"rendered":"<h2><strong>Durex Gel lubrifiant<\/strong>\u00a0<strong>Play Heat<\/strong><\/h2>\n<p><strong>Le gel lubrifiant Play Heat<\/strong>\u00a0contient un ingr\u00e9dient sp\u00e9cial qui r\u00e9chauffe la peau au contact \u2026 de sorte que vous ressentiez non seulement de fabuleuses sensations glissantes, mais \u00e9galement une douce chaleur. Les lubrifiants de jeu peuvent att\u00e9nuer la s\u00e9cheresse vaginale et l\u2019inconfort intime tout en cr\u00e9ant une exp\u00e9rience sensuelle pour vous deux. 50ml<\/p>\n<p><strong>La marque Durex<\/strong><\/p>\n<p>Durex est synonyme de durabilit\u00e9, de fiabilit\u00e9 et d\u2019excellence et est l\u2019une des marques les plus connues au monde dans le domaine de la contraception et des sex toys. Depuis sa fondation en 1929, Durex n\u2019a cess\u00e9 d\u2019introduire de nouvelles variantes de pr\u00e9servatifs sur le march\u00e9. Qu\u2019il soit mince ou tr\u00e8s \u00e9pais, nervur\u00e9 ou non, avec ou sans go\u00fbt, Durex offre une grande vari\u00e9t\u00e9 pour des rapports sexuels plus s\u00fbrs. Depuis 2003, la marque vend \u00e9galement des lubrifiants polyvalents et des gels d\u2019exp\u00e9rience ainsi que des sex toys, qui permettent de passer des heures \u00e9rotiques \u00e0 deux.<\/p>\n<p><strong>Sp\u00e9cifications<\/strong><\/p>\n<p><strong>G\u00e9n\u00e9ral:<\/strong>\u00a0Type de produit \u00c0 base d\u2019eau<br \/>\n<strong>Contenu:<\/strong>\u00a050 ml<\/p>\n","protected":false},"excerpt":{"rendered":"<ul>\n<li>Gel Lubrifiant Heat<\/li>\n<li>DLC: 12 mois apr\u00e8s ouverture<\/li>\n<li>Le gel lubrifiant procure de d\u00e9licieuses sensations de douceur et de chaleur<\/li>\n<li>Pour des sensations intenses et un maximum de sensualit\u00e9<\/li>\n<li>A base d\u2019eau, lavable, incolore, non gras<\/li>\n<li>Contenu : 50 ml<\/li>\n<\/ul>\n","protected":false},"featured_media":659,"comment_status":"open","ping_status":"closed","template":"","meta":{"ocean_post_layout":"","ocean_both_sidebars_style":"","ocean_both_sidebars_content_width":0,"ocean_both_sidebars_sidebars_width":0,"ocean_sidebar":"0","ocean_second_sidebar":"0","ocean_disable_margins":"enable","ocean_add_body_class":"","ocean_shortcode_before_top_bar":"","ocean_shortcode_after_top_bar":"","ocean_shortcode_before_header":"","ocean_shortcode_after_header":"","ocean_has_shortcode":"","ocean_shortcode_after_title":"","ocean_shortcode_before_footer_widgets":"","ocean_shortcode_after_footer_widgets":"","ocean_shortcode_before_footer_bottom":"","ocean_shortcode_after_footer_bottom":"","ocean_display_top_bar":"default","ocean_display_header":"default","ocean_header_style":"","ocean_center_header_left_menu":"0","ocean_custom_header_template":"0","ocean_custom_logo":0,"ocean_custom_retina_logo":0,"ocean_custom_logo_max_width":0,"ocean_custom_logo_tablet_max_width":0,"ocean_custom_logo_mobile_max_width":0,"ocean_custom_logo_max_height":0,"ocean_custom_logo_tablet_max_height":0,"ocean_custom_logo_mobile_max_height":0,"ocean_header_custom_menu":"0","ocean_menu_typo_font_family":"0","ocean_menu_typo_font_subset":"","ocean_menu_typo_font_size":0,"ocean_menu_typo_font_size_tablet":0,"ocean_menu_typo_font_size_mobile":0,"ocean_menu_typo_font_size_unit":"px","ocean_menu_typo_font_weight":"","ocean_menu_typo_font_weight_tablet":"","ocean_menu_typo_font_weight_mobile":"","ocean_menu_typo_transform":"","ocean_menu_typo_transform_tablet":"","ocean_menu_typo_transform_mobile":"","ocean_menu_typo_line_height":0,"ocean_menu_typo_line_height_tablet":0,"ocean_menu_typo_line_height_mobile":0,"ocean_menu_typo_line_height_unit":"","ocean_menu_typo_spacing":0,"ocean_menu_typo_spacing_tablet":0,"ocean_menu_typo_spacing_mobile":0,"ocean_menu_typo_spacing_unit":"","ocean_menu_link_color":"","ocean_menu_link_color_hover":"","ocean_menu_link_color_active":"","ocean_menu_link_background":"","ocean_menu_link_hover_background":"","ocean_menu_link_active_background":"","ocean_menu_social_links_bg":"","ocean_menu_social_hover_links_bg":"","ocean_menu_social_links_color":"","ocean_menu_social_hover_links_color":"","ocean_disable_title":"default","ocean_disable_heading":"default","ocean_post_title":"","ocean_post_subheading":"","ocean_post_title_style":"","ocean_post_title_background_color":"","ocean_post_title_background":0,"ocean_post_title_bg_image_position":"","ocean_post_title_bg_image_attachment":"","ocean_post_title_bg_image_repeat":"","ocean_post_title_bg_image_size":"","ocean_post_title_height":0,"ocean_post_title_bg_overlay":0.5,"ocean_post_title_bg_overlay_color":"","ocean_disable_breadcrumbs":"default","ocean_breadcrumbs_color":"","ocean_breadcrumbs_separator_color":"","ocean_breadcrumbs_links_color":"","ocean_breadcrumbs_links_hover_color":"","ocean_display_footer_widgets":"default","ocean_display_footer_bottom":"default","ocean_custom_footer_template":"0"},"product_brand":[],"product_cat":[44,83,82],"product_tag":[],"class_list":{"0":"post-658","1":"product","2":"type-product","3":"status-publish","4":"has-post-thumbnail","6":"product_cat-hygiene","7":"product_cat-lubrifiant","8":"product_cat-sexualite","10":"entry","11":"has-media","13":"first","14":"instock","15":"taxable","16":"shipping-taxable","17":"purchasable","18":"product-type-simple","19":"has-product-nav","20":"col","21":"span_1_of_3","22":"owp-content-center","23":"owp-thumbs-layout-horizontal","24":"owp-btn-normal","25":"owp-tabs-layout-horizontal","26":"has-no-thumbnails"},"_links":{"self":[{"href":"https:\/\/ellypara.com\/index.php\/wp-json\/wp\/v2\/product\/658","targetHints":{"allow":["GET"]}}],"collection":[{"href":"https:\/\/ellypara.com\/index.php\/wp-json\/wp\/v2\/product"}],"about":[{"href":"https:\/\/ellypara.com\/index.php\/wp-json\/wp\/v2\/types\/product"}],"replies":[{"embeddable":true,"href":"https:\/\/ellypara.com\/index.php\/wp-json\/wp\/v2\/comments?post=658"}],"wp:featuredmedia":[{"embeddable":true,"href":"https:\/\/ellypara.com\/index.php\/wp-json\/wp\/v2\/media\/659"}],"wp:attachment":[{"href":"https:\/\/ellypara.com\/index.php\/wp-json\/wp\/v2\/media?parent=658"}],"wp:term":[{"taxonomy":"product_brand","embeddable":true,"href":"https:\/\/ellypara.com\/index.php\/wp-json\/wp\/v2\/product_brand?post=658"},{"taxonomy":"product_cat","embeddable":true,"href":"https:\/\/ellypara.com\/index.php\/wp-json\/wp\/v2\/product_cat?post=658"},{"taxonomy":"product_tag","embeddable":true,"href":"https:\/\/ellypara.com\/index.php\/wp-json\/wp\/v2\/product_tag?post=658"}],"curies":[{"name":"wp","href":"https:\/\/api.w.org\/{rel}","templated":true}]}}