{"id":666,"date":"2025-01-30T22:52:55","date_gmt":"2025-01-30T21:52:55","guid":{"rendered":"https:\/\/ellypara.com\/?post_type=product&#038;p=666"},"modified":"2025-01-30T22:52:55","modified_gmt":"2025-01-30T21:52:55","slug":"gum-fil-dentaire-easy-flossers-cire-menthe-fraiche-30-unites","status":"publish","type":"product","link":"https:\/\/ellypara.com\/index.php\/produit\/gum-fil-dentaire-easy-flossers-cire-menthe-fraiche-30-unites\/","title":{"rendered":"Gum Fil Dentaire Easy Flossers Cir\u00e9 Menthe Fra\u00eeche 30 unit\u00e9s"},"content":{"rendered":"<p>GUM Easy Flossers Porte-Fil 30 Unit\u00e9s est un porte-fil dentaire ultra-r\u00e9sistant. Le fil dentaire est cir\u00e9 et recouvert de fluor et de vitamine E. Il poss\u00e8de un go\u00fbt de menthe pour une sensation de fra\u00eecheur.<br \/>\nIl \u00e9limine d\u00e9licatement et efficacement la plaque et les r\u00e9sidus alimentaires. Facile \u00e0 utiliser, sa prise en main est agr\u00e9able et permet un bon contr\u00f4le.<\/p>\n<p>Un \u00e9tui de transport est inclus.<\/p>\n<p>Le fil dentaire, cir\u00e9 et menthol\u00e9, a pour r\u00f4le de glisser entre les dents tout en laissant une sensation de fra\u00eecheur agr\u00e9able au sein de votre cavit\u00e9 buccale. Le fil est agr\u00e9ment\u00e9 de fluor ainsi que de vitamine E, ce qui permet de renforcer les dents ainsi que les cellules qui les composent. Ces deux ingr\u00e9dients permettent \u00e9galement de lutter plus efficacement contre les caries dentaires.<\/p>\n<p>Recommand\u00e9s par les professionnels de la sant\u00e9 bucco-dentaire, ces porte-fils sont id\u00e9aux, en compl\u00e9ment du brossage de dents traditionnel, pour garantir une excellente hygi\u00e8ne en se d\u00e9barrassant des ind\u00e9sirables qui se logent entre les dents, l\u00e0 o\u00f9 une brosse \u00e0 dents ne peut acc\u00e9der.<\/p>\n<p><strong>CONSEIL D\u2019UTILISATION<\/strong><\/p>\n<p>Tendre le fil en le pin\u00e7ant entre les pouces et les index.<br \/>\nGlisser doucement le fil tendu entre les dents, jusqu\u2019\u00e0 la gencive.<br \/>\nPuis, en tenant le fil contre la dent, effectuer un mouvement vertical, de la gencive vers la dent.<\/p>\n<p><strong>Indication :<\/strong>\u00a0Hygi\u00e8ne dentaire, plaque dentaire, espaces interdentaires.<\/p>\n","protected":false},"excerpt":{"rendered":"<div class=\"product-short-description\">\n<p>Les porte-fils dentaires cir\u00e9s \u00e0 la menthe Easy Flossers con\u00e7us par Gum sont des solutions pr\u00eates \u00e0 l\u2019emploi permettant de d\u00e9loger les particules alimentaires des espaces interdentaires et de retirer en douceur la plaque dentaire.<\/p>\n<\/div>\n","protected":false},"featured_media":668,"comment_status":"open","ping_status":"closed","template":"","meta":{"ocean_post_layout":"","ocean_both_sidebars_style":"","ocean_both_sidebars_content_width":0,"ocean_both_sidebars_sidebars_width":0,"ocean_sidebar":"0","ocean_second_sidebar":"0","ocean_disable_margins":"enable","ocean_add_body_class":"","ocean_shortcode_before_top_bar":"","ocean_shortcode_after_top_bar":"","ocean_shortcode_before_header":"","ocean_shortcode_after_header":"","ocean_has_shortcode":"","ocean_shortcode_after_title":"","ocean_shortcode_before_footer_widgets":"","ocean_shortcode_after_footer_widgets":"","ocean_shortcode_before_footer_bottom":"","ocean_shortcode_after_footer_bottom":"","ocean_display_top_bar":"default","ocean_display_header":"default","ocean_header_style":"","ocean_center_header_left_menu":"0","ocean_custom_header_template":"0","ocean_custom_logo":0,"ocean_custom_retina_logo":0,"ocean_custom_logo_max_width":0,"ocean_custom_logo_tablet_max_width":0,"ocean_custom_logo_mobile_max_width":0,"ocean_custom_logo_max_height":0,"ocean_custom_logo_tablet_max_height":0,"ocean_custom_logo_mobile_max_height":0,"ocean_header_custom_menu":"0","ocean_menu_typo_font_family":"0","ocean_menu_typo_font_subset":"","ocean_menu_typo_font_size":0,"ocean_menu_typo_font_size_tablet":0,"ocean_menu_typo_font_size_mobile":0,"ocean_menu_typo_font_size_unit":"px","ocean_menu_typo_font_weight":"","ocean_menu_typo_font_weight_tablet":"","ocean_menu_typo_font_weight_mobile":"","ocean_menu_typo_transform":"","ocean_menu_typo_transform_tablet":"","ocean_menu_typo_transform_mobile":"","ocean_menu_typo_line_height":0,"ocean_menu_typo_line_height_tablet":0,"ocean_menu_typo_line_height_mobile":0,"ocean_menu_typo_line_height_unit":"","ocean_menu_typo_spacing":0,"ocean_menu_typo_spacing_tablet":0,"ocean_menu_typo_spacing_mobile":0,"ocean_menu_typo_spacing_unit":"","ocean_menu_link_color":"","ocean_menu_link_color_hover":"","ocean_menu_link_color_active":"","ocean_menu_link_background":"","ocean_menu_link_hover_background":"","ocean_menu_link_active_background":"","ocean_menu_social_links_bg":"","ocean_menu_social_hover_links_bg":"","ocean_menu_social_links_color":"","ocean_menu_social_hover_links_color":"","ocean_disable_title":"default","ocean_disable_heading":"default","ocean_post_title":"","ocean_post_subheading":"","ocean_post_title_style":"","ocean_post_title_background_color":"","ocean_post_title_background":0,"ocean_post_title_bg_image_position":"","ocean_post_title_bg_image_attachment":"","ocean_post_title_bg_image_repeat":"","ocean_post_title_bg_image_size":"","ocean_post_title_height":0,"ocean_post_title_bg_overlay":0.5,"ocean_post_title_bg_overlay_color":"","ocean_disable_breadcrumbs":"default","ocean_breadcrumbs_color":"","ocean_breadcrumbs_separator_color":"","ocean_breadcrumbs_links_color":"","ocean_breadcrumbs_links_hover_color":"","ocean_display_footer_widgets":"default","ocean_display_footer_bottom":"default","ocean_custom_footer_template":"0"},"product_brand":[],"product_cat":[95,44,88],"product_tag":[],"class_list":{"0":"post-666","1":"product","2":"type-product","3":"status-publish","4":"has-post-thumbnail","6":"product_cat-fil-dentaire-brossette-accessoires","7":"product_cat-hygiene","8":"product_cat-soins-buccodentaires","10":"entry","11":"has-media","13":"first","14":"instock","15":"taxable","16":"shipping-taxable","17":"purchasable","18":"product-type-simple","19":"has-product-nav","20":"col","21":"span_1_of_3","22":"owp-content-center","23":"owp-thumbs-layout-horizontal","24":"owp-btn-normal","25":"owp-tabs-layout-horizontal"},"_links":{"self":[{"href":"https:\/\/ellypara.com\/index.php\/wp-json\/wp\/v2\/product\/666","targetHints":{"allow":["GET"]}}],"collection":[{"href":"https:\/\/ellypara.com\/index.php\/wp-json\/wp\/v2\/product"}],"about":[{"href":"https:\/\/ellypara.com\/index.php\/wp-json\/wp\/v2\/types\/product"}],"replies":[{"embeddable":true,"href":"https:\/\/ellypara.com\/index.php\/wp-json\/wp\/v2\/comments?post=666"}],"wp:featuredmedia":[{"embeddable":true,"href":"https:\/\/ellypara.com\/index.php\/wp-json\/wp\/v2\/media\/668"}],"wp:attachment":[{"href":"https:\/\/ellypara.com\/index.php\/wp-json\/wp\/v2\/media?parent=666"}],"wp:term":[{"taxonomy":"product_brand","embeddable":true,"href":"https:\/\/ellypara.com\/index.php\/wp-json\/wp\/v2\/product_brand?post=666"},{"taxonomy":"product_cat","embeddable":true,"href":"https:\/\/ellypara.com\/index.php\/wp-json\/wp\/v2\/product_cat?post=666"},{"taxonomy":"product_tag","embeddable":true,"href":"https:\/\/ellypara.com\/index.php\/wp-json\/wp\/v2\/product_tag?post=666"}],"curies":[{"name":"wp","href":"https:\/\/api.w.org\/{rel}","templated":true}]}}