{"id":673,"date":"2025-01-30T23:12:57","date_gmt":"2025-01-30T22:12:57","guid":{"rendered":"https:\/\/ellypara.com\/?post_type=product&#038;p=673"},"modified":"2025-01-30T23:12:58","modified_gmt":"2025-01-30T22:12:58","slug":"listerine-total-care-6-en-1-bain-de-bouche-250-ml","status":"publish","type":"product","link":"https:\/\/ellypara.com\/index.php\/produit\/listerine-total-care-6-en-1-bain-de-bouche-250-ml\/","title":{"rendered":"Listerine Total Care 6 en 1 Bain de Bouche 250 ml"},"content":{"rendered":"<p><strong>Bain de bouche\u00a0\u00e0 l\u2019action 6 en 1 pour une\u00a0hygi\u00e8ne bucco-dentaire\u00a0optimale<\/strong><\/p>\n<p><strong>Listerine Total Care 6 en 1<\/strong>\u00a0est un\u00a0<strong>bain de bouche<\/strong>\u00a0qui contribue \u00e0 une hygi\u00e8ne bucco-dentaire optimale gr\u00e2ce \u00e0 son\u00a0<strong>action 6 en 1<\/strong>.<\/p>\n<p><strong>Propri\u00e9t\u00e9s :<\/strong><\/p>\n<ul>\n<li>Assure une haleine fra\u00eeche.<\/li>\n<li>\u00c9limine la plaque dentaire.<\/li>\n<li>Garde les gencives saines.<\/li>\n<li>Renforce l\u2019\u00e9mail.<\/li>\n<li>Pr\u00e9vient la formation du tartre.<\/li>\n<li>Laisse les dents naturellement blanches.<\/li>\n<\/ul>\n<p><strong>Pour un sourire \u00e9clatant !<\/strong><\/p>\n<p><strong>Mode d\u2019emploi<\/strong><\/p>\n<p><strong>Comment utiliser Listerine Total Care 6 en 1 ?<\/strong><\/p>\n<p>Utiliser 2 fois par jour, apr\u00e8s le brossage. Rincez-vous la bouche avec 20 ml de produit pur pendant 30 secondes. Ne pas avaler.<\/p>\n<p><strong>Composition<\/strong><\/p>\n<p>AQUA, SORBITOL, PROPYLENE GLYCOL, POLOXAMER 407, SODIUM LAURYL SULFATE, AROMA, EUCALYPTOL, ZINC CHLORIDE, BENZOIC ACID, SODIUM BENZOATE, METHYL SALICYLATE, THYMOL, SODIUM SACCHARIN, SODIUM FLUORIDE, MENTHOL, SUCRALOSE, CI 16035, CI 42090, CONTAINS SODIUM FLUORIDE (220 PPM F).<\/p>\n<p><strong>Conseil Pharmaceutique<\/strong><\/p>\n<p>Utilisez le collutoire apr\u00e8s un brossage des dents en profondeur. Consultez votre dentiste plusieurs fois par an, afin de contr\u00f4ler l\u2019apparition de caries ainsi que l\u2019\u00e9rosion de l\u2019email et de la dentine.<\/p>\n","protected":false},"excerpt":{"rendered":"<p>Le Bain de Bouche Antibact\u00e9rien Listerine Total Care entretient une hygi\u00e8ne bucco-dentaire id\u00e9ale, gr\u00e2ce \u00e0 6 actions: anti-plaque, anti-tartre, gencives saines, \u00e9mail renforc\u00e9, antibact\u00e9rien et haleine fraiche. Pour l\u2019 adulte et l\u2019enfant de plus de 12 ans.<\/p>\n","protected":false},"featured_media":674,"comment_status":"open","ping_status":"closed","template":"","meta":{"ocean_post_layout":"","ocean_both_sidebars_style":"","ocean_both_sidebars_content_width":0,"ocean_both_sidebars_sidebars_width":0,"ocean_sidebar":"0","ocean_second_sidebar":"0","ocean_disable_margins":"enable","ocean_add_body_class":"","ocean_shortcode_before_top_bar":"","ocean_shortcode_after_top_bar":"","ocean_shortcode_before_header":"","ocean_shortcode_after_header":"","ocean_has_shortcode":"","ocean_shortcode_after_title":"","ocean_shortcode_before_footer_widgets":"","ocean_shortcode_after_footer_widgets":"","ocean_shortcode_before_footer_bottom":"","ocean_shortcode_after_footer_bottom":"","ocean_display_top_bar":"default","ocean_display_header":"default","ocean_header_style":"","ocean_center_header_left_menu":"0","ocean_custom_header_template":"0","ocean_custom_logo":0,"ocean_custom_retina_logo":0,"ocean_custom_logo_max_width":0,"ocean_custom_logo_tablet_max_width":0,"ocean_custom_logo_mobile_max_width":0,"ocean_custom_logo_max_height":0,"ocean_custom_logo_tablet_max_height":0,"ocean_custom_logo_mobile_max_height":0,"ocean_header_custom_menu":"0","ocean_menu_typo_font_family":"0","ocean_menu_typo_font_subset":"","ocean_menu_typo_font_size":0,"ocean_menu_typo_font_size_tablet":0,"ocean_menu_typo_font_size_mobile":0,"ocean_menu_typo_font_size_unit":"px","ocean_menu_typo_font_weight":"","ocean_menu_typo_font_weight_tablet":"","ocean_menu_typo_font_weight_mobile":"","ocean_menu_typo_transform":"","ocean_menu_typo_transform_tablet":"","ocean_menu_typo_transform_mobile":"","ocean_menu_typo_line_height":0,"ocean_menu_typo_line_height_tablet":0,"ocean_menu_typo_line_height_mobile":0,"ocean_menu_typo_line_height_unit":"","ocean_menu_typo_spacing":0,"ocean_menu_typo_spacing_tablet":0,"ocean_menu_typo_spacing_mobile":0,"ocean_menu_typo_spacing_unit":"","ocean_menu_link_color":"","ocean_menu_link_color_hover":"","ocean_menu_link_color_active":"","ocean_menu_link_background":"","ocean_menu_link_hover_background":"","ocean_menu_link_active_background":"","ocean_menu_social_links_bg":"","ocean_menu_social_hover_links_bg":"","ocean_menu_social_links_color":"","ocean_menu_social_hover_links_color":"","ocean_disable_title":"default","ocean_disable_heading":"default","ocean_post_title":"","ocean_post_subheading":"","ocean_post_title_style":"","ocean_post_title_background_color":"","ocean_post_title_background":0,"ocean_post_title_bg_image_position":"","ocean_post_title_bg_image_attachment":"","ocean_post_title_bg_image_repeat":"","ocean_post_title_bg_image_size":"","ocean_post_title_height":0,"ocean_post_title_bg_overlay":0.5,"ocean_post_title_bg_overlay_color":"","ocean_disable_breadcrumbs":"default","ocean_breadcrumbs_color":"","ocean_breadcrumbs_separator_color":"","ocean_breadcrumbs_links_color":"","ocean_breadcrumbs_links_hover_color":"","ocean_display_footer_widgets":"default","ocean_display_footer_bottom":"default","ocean_custom_footer_template":"0"},"product_brand":[],"product_cat":[94,44,88],"product_tag":[],"class_list":{"0":"post-673","1":"product","2":"type-product","3":"status-publish","4":"has-post-thumbnail","6":"product_cat-bain-de-bouche-et-solution-gingivale","7":"product_cat-hygiene","8":"product_cat-soins-buccodentaires","10":"entry","11":"has-media","13":"first","14":"instock","15":"taxable","16":"shipping-taxable","17":"purchasable","18":"product-type-simple","19":"has-product-nav","20":"col","21":"span_1_of_3","22":"owp-content-center","23":"owp-thumbs-layout-horizontal","24":"owp-btn-normal","25":"owp-tabs-layout-horizontal","26":"has-no-thumbnails"},"_links":{"self":[{"href":"https:\/\/ellypara.com\/index.php\/wp-json\/wp\/v2\/product\/673","targetHints":{"allow":["GET"]}}],"collection":[{"href":"https:\/\/ellypara.com\/index.php\/wp-json\/wp\/v2\/product"}],"about":[{"href":"https:\/\/ellypara.com\/index.php\/wp-json\/wp\/v2\/types\/product"}],"replies":[{"embeddable":true,"href":"https:\/\/ellypara.com\/index.php\/wp-json\/wp\/v2\/comments?post=673"}],"wp:featuredmedia":[{"embeddable":true,"href":"https:\/\/ellypara.com\/index.php\/wp-json\/wp\/v2\/media\/674"}],"wp:attachment":[{"href":"https:\/\/ellypara.com\/index.php\/wp-json\/wp\/v2\/media?parent=673"}],"wp:term":[{"taxonomy":"product_brand","embeddable":true,"href":"https:\/\/ellypara.com\/index.php\/wp-json\/wp\/v2\/product_brand?post=673"},{"taxonomy":"product_cat","embeddable":true,"href":"https:\/\/ellypara.com\/index.php\/wp-json\/wp\/v2\/product_cat?post=673"},{"taxonomy":"product_tag","embeddable":true,"href":"https:\/\/ellypara.com\/index.php\/wp-json\/wp\/v2\/product_tag?post=673"}],"curies":[{"name":"wp","href":"https:\/\/api.w.org\/{rel}","templated":true}]}}